{"id":9952,"date":"2025-03-06T15:58:39","date_gmt":"2025-03-06T12:58:39","guid":{"rendered":"https:\/\/kosmeetika24.eu\/?post_type=product&#038;p=9952"},"modified":"2025-12-22T15:18:17","modified_gmt":"2025-12-22T12:18:17","slug":"dalton-oyster-mattifying-mask-15ml-mini","status":"publish","type":"product","link":"https:\/\/kosmeetika24.eu\/ru\/product\/dalton-oyster-mattifying-mask-15ml-mini\/","title":{"rendered":"Dalton &#8211; Oyster &#8211; Mattifying Mask 15ml Mini"},"content":{"rendered":"<p><strong>\u0418\u0441\u043f\u043e\u043b\u044c\u0437\u043e\u0432\u0430\u043d\u0438\u0435:<\/strong><br \/>\nKasuta maski 1\u20132 korda n\u00e4dalas p\u00e4rast n\u00e4o puhastamist. Kanna peale n\u00e4ole, kaelale ja dekolteele ning lase kuivada. V\u00e4ltige silma\u00fcmbruspiirkonda. Eemalda niiske kompressiga v\u00f5i pese maha leige veega p\u00e4rast 15 minutit.<\/p>\n<p><strong>P\u00f5letikuvastane n\u00e4omask<\/strong> rasusele nahale, seganahale ja suurtele poorele puhastab nahka s\u00fcvitsi, aidates v\u00e4ltida vistrike ja mustpeade teket. Mask matistab rasuse naha, ilma et see v\u00f5taks nahalt niiskust, ja annab kuivadele nahapiirkondadele intensiivset niisutust. Kaoliin pakub t\u00e4iendavaid detoksifitseerivaid ja selgitavaid omadusi. Pooride puhastav mask aitab t\u00f5mmata v\u00e4lja mustust ja j\u00e4tab naha elastseks ja v\u00e4rskeks, samal ajal n\u00e4htavalt v\u00e4hendades liigset rasu, et saavutada tasakaalustatud ja mati jume. Parimate tulemuste saavutamiseks soovitame enne maski pealekandmist nahka koorida.<\/p>\n<p><strong>\u0421\u043e\u0441\u0442\u0430\u0432:<br \/>\n<\/strong>Aqua\/Water, Kaolin, Cetearyl Alcohol, Ceteareth-20, Octyldodecanol, Propylene Glycol, Stearic Acid, Magnesium Aluminum Silicate, Sorbitol, Palmitic Acid, Glycerin, Maris Aqua\/Sea Water, Maris Limus Extract\/Sea Silt Extract, Ostrea Shell Extract\/Oyster Shell Extract, Pistacia Lentiscus (Mastic) Gum, Spirulina Platensis Extract, Menthol, Biotin, Lecithin, Camphor, Sodium Lactate, Potassium Sorbate, Sodium Hydroxide, Ethylhexylglycerin, Glyceryl Caprylate, Phenoxyethanol, Citral, Hydroxycitronellal, Alpha-Isomethyl Ionone, Limonene, Citronellol, Linalool, Alcohol, Parfum\/Fragrance, Iron Oxides (CI 77499)<strong><br \/>\n<\/strong><\/p>","protected":false},"excerpt":{"rendered":"<p>P\u00f5letikuvastane n\u00e4omask aknele kalduvale ja seganahale<\/p>\n<p>Matistab naha, ilma et see \u00fcle kuivataks<br \/>\nP\u00f5letikuvastased ja puhastavad omadused<br \/>\nAitab puhastada ummistunud poore, vistrikke ja mustpeade<br \/>\nSisaldab austeri ekstrakti, pistacia lentiscus kummit ja kaoliini<br \/>\nAkne s\u00fcmptomid paranevad 51% p\u00e4rast 4 n\u00e4dalat*<br \/>\nMustpead v\u00e4henevad 41% p\u00e4rast 4 n\u00e4dalat*<\/p>","protected":false},"featured_media":10709,"template":"","meta":{"om_disable_all_campaigns":false,"_monsterinsights_skip_tracking":false,"_monsterinsights_sitenote_active":false,"_monsterinsights_sitenote_note":"","_monsterinsights_sitenote_category":0,"_uf_show_specific_survey":0,"_uf_disable_surveys":false,"site-sidebar-layout":"default","site-content-layout":"","ast-site-content-layout":"default","site-content-style":"default","site-sidebar-style":"default","ast-global-header-display":"","ast-banner-title-visibility":"","ast-main-header-display":"","ast-hfb-above-header-display":"","ast-hfb-below-header-display":"","ast-hfb-mobile-header-display":"","site-post-title":"","ast-breadcrumbs-content":"","ast-featured-img":"","footer-sml-layout":"","theme-transparent-header-meta":"default","adv-header-id-meta":"","stick-header-meta":"","header-above-stick-meta":"","header-main-stick-meta":"","header-below-stick-meta":"","astra-migrate-meta-layouts":"set","ast-page-background-enabled":"default","ast-page-background-meta":{"desktop":{"background-color":"var(--ast-global-color-4)","background-image":"","background-repeat":"repeat","background-position":"center center","background-size":"auto","background-attachment":"scroll","background-type":"","background-media":"","overlay-type":"","overlay-color":"","overlay-opacity":"","overlay-gradient":""},"tablet":{"background-color":"","background-image":"","background-repeat":"repeat","background-position":"center center","background-size":"auto","background-attachment":"scroll","background-type":"","background-media":"","overlay-type":"","overlay-color":"","overlay-opacity":"","overlay-gradient":""},"mobile":{"background-color":"","background-image":"","background-repeat":"repeat","background-position":"center center","background-size":"auto","background-attachment":"scroll","background-type":"","background-media":"","overlay-type":"","overlay-color":"","overlay-opacity":"","overlay-gradient":""}},"ast-content-background-meta":{"desktop":{"background-color":"var(--ast-global-color-5)","background-image":"","background-repeat":"repeat","background-position":"center center","background-size":"auto","background-attachment":"scroll","background-type":"","background-media":"","overlay-type":"","overlay-color":"","overlay-opacity":"","overlay-gradient":""},"tablet":{"background-color":"var(--ast-global-color-5)","background-image":"","background-repeat":"repeat","background-position":"center center","background-size":"auto","background-attachment":"scroll","background-type":"","background-media":"","overlay-type":"","overlay-color":"","overlay-opacity":"","overlay-gradient":""},"mobile":{"background-color":"var(--ast-global-color-5)","background-image":"","background-repeat":"repeat","background-position":"center center","background-size":"auto","background-attachment":"scroll","background-type":"","background-media":"","overlay-type":"","overlay-color":"","overlay-opacity":"","overlay-gradient":""}}},"product_brand":[],"product_cat":[424],"product_tag":[425],"class_list":{"0":"post-9952","1":"product","2":"type-product","3":"status-publish","4":"has-post-thumbnail","6":"product_cat-mini","7":"product_tag-mini","8":"desktop-align-center","9":"tablet-align-left","10":"mobile-align-left","12":"first","13":"instock","14":"taxable","15":"shipping-taxable","16":"purchasable","17":"product-type-simple","18":"add-to-wishlist-before_image"},"aioseo_notices":[],"_links":{"self":[{"href":"https:\/\/kosmeetika24.eu\/ru\/wp-json\/wp\/v2\/product\/9952","targetHints":{"allow":["GET"]}}],"collection":[{"href":"https:\/\/kosmeetika24.eu\/ru\/wp-json\/wp\/v2\/product"}],"about":[{"href":"https:\/\/kosmeetika24.eu\/ru\/wp-json\/wp\/v2\/types\/product"}],"version-history":[{"count":1,"href":"https:\/\/kosmeetika24.eu\/ru\/wp-json\/wp\/v2\/product\/9952\/revisions"}],"predecessor-version":[{"id":9953,"href":"https:\/\/kosmeetika24.eu\/ru\/wp-json\/wp\/v2\/product\/9952\/revisions\/9953"}],"wp:featuredmedia":[{"embeddable":true,"href":"https:\/\/kosmeetika24.eu\/ru\/wp-json\/wp\/v2\/media\/10709"}],"wp:attachment":[{"href":"https:\/\/kosmeetika24.eu\/ru\/wp-json\/wp\/v2\/media?parent=9952"}],"wp:term":[{"taxonomy":"product_brand","embeddable":true,"href":"https:\/\/kosmeetika24.eu\/ru\/wp-json\/wp\/v2\/product_brand?post=9952"},{"taxonomy":"product_cat","embeddable":true,"href":"https:\/\/kosmeetika24.eu\/ru\/wp-json\/wp\/v2\/product_cat?post=9952"},{"taxonomy":"product_tag","embeddable":true,"href":"https:\/\/kosmeetika24.eu\/ru\/wp-json\/wp\/v2\/product_tag?post=9952"}],"curies":[{"name":"wp","href":"https:\/\/api.w.org\/{rel}","templated":true}]}}