{"id":9715,"date":"2025-03-06T14:31:33","date_gmt":"2025-03-06T11:31:33","guid":{"rendered":"https:\/\/kosmeetika24.eu\/?post_type=product&#038;p=9715"},"modified":"2026-01-30T12:26:58","modified_gmt":"2026-01-30T09:26:58","slug":"dalton-mineral-care-dead-sea-salt-shower-gel-shampoo","status":"publish","type":"product","link":"https:\/\/kosmeetika24.eu\/ru\/product\/dalton-mineral-care-dead-sea-salt-shower-gel-shampoo\/","title":{"rendered":"Dalton &#8211; Mineral Care &#8211; Dead Sea Salt Shower Gel &#038; Shampoo"},"content":{"rendered":"<p><strong>\u0418\u0441\u043f\u043e\u043b\u044c\u0437\u043e\u0432\u0430\u043d\u0438\u0435:<\/strong><\/p>\n<p><span style=\"font-weight: 400;\">Kanna Dead Sea Salt \u0161ampooni ja du\u0161igeeli niiskele peanahale, juustele ja kehale. Loputa du\u0161\u0161i l\u00f5petamisel . Soovi korral kasuta p\u00e4rast seda Dead Sea Body Lotioni.<\/span><\/p>\n<p><strong><span style=\"font-weight: 400\"><strong>\u041e\u043f\u0438\u0441\u0430\u043d\u0438\u0435 \u043f\u0440\u043e\u0434\u0443\u043a\u0442\u0430:<\/strong><\/span><\/strong><\/p>\n<p><span style=\"font-weight: 400;\">\u0428\u0430\u043c\u043f\u0443\u043d\u044c \u0438 \u0433\u0435\u043b\u044c \u0434\u043b\u044f \u0434\u0443\u0448\u0430 Dead Sea Salt \u043f\u0440\u0435\u0434\u043d\u0430\u0437\u043d\u0430\u0447\u0435\u043d\u044b \u0434\u043b\u044f \u0441\u0443\u0445\u0438\u0445 \u0438 \u0437\u0443\u0434\u044f\u0449\u0438\u0445 \u0443\u0447\u0430\u0441\u0442\u043a\u043e\u0432 \u043a\u043e\u0436\u0438, \u043e\u0431\u0435\u0441\u043f\u0435\u0447\u0438\u0432\u0430\u044f \u043c\u044f\u0433\u043a\u043e\u0435 \u0438 \u044d\u0444\u0444\u0435\u043a\u0442\u0438\u0432\u043d\u043e\u0435 \u043e\u0447\u0438\u0449\u0435\u043d\u0438\u0435. \u041f\u0440\u043e\u0434\u0443\u043a\u0442 \u0431\u043e\u0433\u0430\u0442 \u043c\u0430\u0433\u043d\u0438\u0439\u0445\u043b\u043e\u0440\u0438\u0434\u043e\u043c \u0438 \u043a\u0430\u043b\u044c\u0446\u0438\u0435\u043c \u0438\u0437 \u0441\u043e\u043b\u0438 \u041c\u0451\u0440\u0442\u0432\u043e\u0433\u043e \u043c\u043e\u0440\u044f, \u043a\u043e\u0442\u043e\u0440\u044b\u0435 \u0443\u043a\u0440\u0435\u043f\u043b\u044f\u044e\u0442 \u0437\u0430\u0449\u0438\u0442\u043d\u044b\u0439 \u0431\u0430\u0440\u044c\u0435\u0440 \u043a\u043e\u0436\u0438 \u0438 \u0441\u043d\u0438\u043c\u0430\u044e\u0442 \u0437\u0443\u0434. \u042d\u0442\u043e \u0438\u0434\u0435\u0430\u043b\u044c\u043d\u044b\u0439 \u043f\u0440\u043e\u0434\u0443\u043a\u0442 2-\u0432-1 \u0434\u043b\u044f \u0441\u0443\u0445\u043e\u0439 \u043a\u043e\u0436\u0438, \u0441\u043a\u043b\u043e\u043d\u043d\u043e\u0439 \u043a \u044d\u043a\u0437\u0435\u043c\u0435 \u0438 \u043f\u0441\u043e\u0440\u0438\u0430\u0437\u0443, \u043f\u0440\u0435\u0434\u043e\u0441\u0442\u0430\u0432\u043b\u044f\u044e\u0449\u0438\u0439 \u043c\u044f\u0433\u043a\u043e\u0435 \u043e\u0447\u0438\u0449\u0435\u043d\u0438\u0435 \u0431\u0435\u0437 \u0432\u044b\u0441\u0443\u0448\u0438\u0432\u0430\u043d\u0438\u044f \u043a\u043e\u0436\u0438. \u041f\u0440\u043e\u0434\u0443\u043a\u0442 \u0441\u043e\u0434\u0435\u0440\u0436\u0438\u0442 \u0440\u0430\u0441\u0442\u0438\u0442\u0435\u043b\u044c\u043d\u044b\u0435 \u041f\u0410\u0412, \u043a\u043e\u0442\u043e\u0440\u044b\u0435 \u043d\u0435\u0436\u043d\u043e \u043e\u0447\u0438\u0449\u0430\u044e\u0442, \u0433\u043b\u0438\u0446\u0435\u0440\u0438\u043d \u0443\u0432\u043b\u0430\u0436\u043d\u044f\u0435\u0442 \u043a\u043e\u0436\u0443, \u043e\u0441\u0442\u0430\u0432\u043b\u044f\u044f \u0441\u0443\u0445\u0438\u0435 \u0443\u0447\u0430\u0441\u0442\u043a\u0438 \u043c\u044f\u0433\u043a\u0438\u043c\u0438 \u0438 \u044d\u043b\u0430\u0441\u0442\u0438\u0447\u043d\u044b\u043c\u0438. \u0412\u0438\u0442\u0430\u043c\u0438\u043d \u0415 \u043d\u0435\u0439\u0442\u0440\u0430\u043b\u0438\u0437\u0443\u0435\u0442 \u0432\u043b\u0438\u044f\u043d\u0438\u0435 \u0441\u0432\u043e\u0431\u043e\u0434\u043d\u044b\u0445 \u0440\u0430\u0434\u0438\u043a\u0430\u043b\u043e\u0432 \u0438 \u0437\u0430\u0449\u0438\u0449\u0430\u0435\u0442 \u043a\u043e\u0436\u0443 \u043e\u0442 \u043e\u043a\u0438\u0441\u043b\u0438\u0442\u0435\u043b\u044c\u043d\u043e\u0433\u043e \u0441\u0442\u0440\u0435\u0441\u0441\u0430, \u0430 \u043b\u0435\u0446\u0438\u0442\u0438\u043d \u0434\u0435\u043b\u0430\u0435\u0442 \u0432\u043e\u043b\u043e\u0441\u044b \u043c\u044f\u0433\u043a\u0438\u043c\u0438 \u0438 \u0433\u043b\u0430\u0434\u043a\u0438\u043c\u0438.<\/span><\/p>\n<p><strong>\u0421\u041e\u0421\u0422\u0410\u0412:<br \/>\n<\/strong><span style=\"font-weight: 400;\">Aqua\/Water, Coco-Glucoside, Sodium Coco-Sulfate, Lauryl Glucoside, Glycerin, Citric Acid, Maris Sal\/Sea Salt, Maris Aqua\/Sea Water, Glyceryl Oleate, Lecithin, Tocopherol, Sodium Cocoyl Glutamate, Disodium Cocoyl Glutamate, Ascorbyl Palmitate, Hydrogenated Palm Glycerides Citrate, Sodium Sulfate, Phenoxyethanol, Sodium Hydroxide, Sodium Benzoate, Potassium Sorbate<\/span><\/p>\n<p>64.50\u20ac\/l<\/p>","protected":false},"excerpt":{"rendered":"<p><span style=\"font-weight: 400;\">L\u00f5hnavaba 2-\u00fches toode sobib ideaalselt, kui teil on kuiv ja s\u00fcgelev peanahk v\u00f5i nahk, mis on kalduv ekseemile ja psoriaasile. 200ml<\/span><\/p>\n<p><span style=\"font-weight: 400;\">\u00d5rn \u0161ampoon ja du\u0161igeel, sisaldab Surnumere soola<br \/>\n<\/span><span style=\"font-weight: 400;\">V\u00e4ldib ketendavat peanahka<br \/>\n<\/span><span style=\"font-weight: 400;\">Taimep\u00f5hised pindaktiivsed ained pakuvad \u00f5rna puhastust \u2013 ilma silikoonide ja mikroplastikuteta<br \/>\n<\/span><span style=\"font-weight: 400;\">Toidab juukseid, ilma neid raskeks muutmata<br \/>\n<\/span><span style=\"font-weight: 400;\">Dermatoloogiliselt testitud, hindega \u201cSuurep\u00e4rane\u201d<br \/>\n<\/span><span style=\"font-weight: 400;\">99% looduslikke koostisosi<br \/>\n<\/span><span style=\"font-weight: 400;\">Ilma kortisooni, mikroplastiku, PEGi, mineraal\u00f5li, parabeenide, v\u00e4rvainete ja l\u00f5hnaaineteta<\/span><\/p>","protected":false},"featured_media":9716,"template":"","meta":{"om_disable_all_campaigns":false,"_monsterinsights_skip_tracking":false,"_monsterinsights_sitenote_active":false,"_monsterinsights_sitenote_note":"","_monsterinsights_sitenote_category":0,"_uf_show_specific_survey":0,"_uf_disable_surveys":false,"site-sidebar-layout":"default","site-content-layout":"","ast-site-content-layout":"default","site-content-style":"default","site-sidebar-style":"default","ast-global-header-display":"","ast-banner-title-visibility":"","ast-main-header-display":"","ast-hfb-above-header-display":"","ast-hfb-below-header-display":"","ast-hfb-mobile-header-display":"","site-post-title":"","ast-breadcrumbs-content":"","ast-featured-img":"","footer-sml-layout":"","theme-transparent-header-meta":"default","adv-header-id-meta":"","stick-header-meta":"","header-above-stick-meta":"","header-main-stick-meta":"","header-below-stick-meta":"","astra-migrate-meta-layouts":"set","ast-page-background-enabled":"default","ast-page-background-meta":{"desktop":{"background-color":"var(--ast-global-color-4)","background-image":"","background-repeat":"repeat","background-position":"center center","background-size":"auto","background-attachment":"scroll","background-type":"","background-media":"","overlay-type":"","overlay-color":"","overlay-opacity":"","overlay-gradient":""},"tablet":{"background-color":"","background-image":"","background-repeat":"repeat","background-position":"center center","background-size":"auto","background-attachment":"scroll","background-type":"","background-media":"","overlay-type":"","overlay-color":"","overlay-opacity":"","overlay-gradient":""},"mobile":{"background-color":"","background-image":"","background-repeat":"repeat","background-position":"center center","background-size":"auto","background-attachment":"scroll","background-type":"","background-media":"","overlay-type":"","overlay-color":"","overlay-opacity":"","overlay-gradient":""}},"ast-content-background-meta":{"desktop":{"background-color":"var(--ast-global-color-5)","background-image":"","background-repeat":"repeat","background-position":"center center","background-size":"auto","background-attachment":"scroll","background-type":"","background-media":"","overlay-type":"","overlay-color":"","overlay-opacity":"","overlay-gradient":""},"tablet":{"background-color":"var(--ast-global-color-5)","background-image":"","background-repeat":"repeat","background-position":"center center","background-size":"auto","background-attachment":"scroll","background-type":"","background-media":"","overlay-type":"","overlay-color":"","overlay-opacity":"","overlay-gradient":""},"mobile":{"background-color":"var(--ast-global-color-5)","background-image":"","background-repeat":"repeat","background-position":"center center","background-size":"auto","background-attachment":"scroll","background-type":"","background-media":"","overlay-type":"","overlay-color":"","overlay-opacity":"","overlay-gradient":""}}},"product_brand":[],"product_cat":[414,46,426,347],"product_tag":[],"class_list":{"0":"post-9715","1":"product","2":"type-product","3":"status-publish","4":"has-post-thumbnail","6":"product_cat-juuksed","7":"product_cat-kehale","8":"product_cat-uued-tooted","9":"product_cat-vannile","10":"desktop-align-center","11":"tablet-align-left","12":"mobile-align-left","14":"first","15":"instock","16":"taxable","17":"shipping-taxable","18":"purchasable","19":"product-type-simple","20":"add-to-wishlist-before_image"},"aioseo_notices":[],"_links":{"self":[{"href":"https:\/\/kosmeetika24.eu\/ru\/wp-json\/wp\/v2\/product\/9715","targetHints":{"allow":["GET"]}}],"collection":[{"href":"https:\/\/kosmeetika24.eu\/ru\/wp-json\/wp\/v2\/product"}],"about":[{"href":"https:\/\/kosmeetika24.eu\/ru\/wp-json\/wp\/v2\/types\/product"}],"version-history":[{"count":5,"href":"https:\/\/kosmeetika24.eu\/ru\/wp-json\/wp\/v2\/product\/9715\/revisions"}],"predecessor-version":[{"id":10493,"href":"https:\/\/kosmeetika24.eu\/ru\/wp-json\/wp\/v2\/product\/9715\/revisions\/10493"}],"wp:featuredmedia":[{"embeddable":true,"href":"https:\/\/kosmeetika24.eu\/ru\/wp-json\/wp\/v2\/media\/9716"}],"wp:attachment":[{"href":"https:\/\/kosmeetika24.eu\/ru\/wp-json\/wp\/v2\/media?parent=9715"}],"wp:term":[{"taxonomy":"product_brand","embeddable":true,"href":"https:\/\/kosmeetika24.eu\/ru\/wp-json\/wp\/v2\/product_brand?post=9715"},{"taxonomy":"product_cat","embeddable":true,"href":"https:\/\/kosmeetika24.eu\/ru\/wp-json\/wp\/v2\/product_cat?post=9715"},{"taxonomy":"product_tag","embeddable":true,"href":"https:\/\/kosmeetika24.eu\/ru\/wp-json\/wp\/v2\/product_tag?post=9715"}],"curies":[{"name":"wp","href":"https:\/\/api.w.org\/{rel}","templated":true}]}}