{"id":9677,"date":"2025-02-20T19:38:12","date_gmt":"2025-02-20T16:38:12","guid":{"rendered":"https:\/\/kosmeetika24.eu\/?post_type=product&#038;p=9677"},"modified":"2026-02-04T16:34:38","modified_gmt":"2026-02-04T13:34:38","slug":"dalton-marine-selection-enimmuudud-komplekt","status":"publish","type":"product","link":"https:\/\/kosmeetika24.eu\/ru\/product\/dalton-marine-selection-enimmuudud-komplekt\/","title":{"rendered":"Dalton Marine Selection Enimm\u00fc\u00fcdud komplekt"},"content":{"rendered":"<p><strong><span style=\"font-weight: 400\"><strong>\u041e\u043f\u0438\u0441\u0430\u043d\u0438\u0435 \u043f\u0440\u043e\u0434\u0443\u043a\u0442\u0430:<\/strong><\/span><\/strong><\/p>\n<p class=\"translation-block\"><span style=\"font-weight: 400\">\u041a\u043e\u043c\u043f\u043b\u0435\u043a\u0442 Marine Selection \u0432\u043a\u043b\u044e\u0447\u0430\u0435\u0442 \u0441\u0430\u043c\u044b\u0435 \u043f\u0440\u043e\u0434\u0430\u0432\u0430\u0435\u043c\u044b\u0435 \u0430\u043d\u0442\u0438\u0432\u043e\u0437\u0440\u0430\u0441\u0442\u043d\u044b\u0435 \u043f\u0440\u043e\u0434\u0443\u043a\u0442\u044b DALTON!<\/span><span style=\"font-weight: 400\"><br>\n<\/span><span style=\"font-weight: 400\">HYALURONIC UREA Anti-Aging Hydrating Cream \u2013 \u0433\u043b\u0443\u0431\u043e\u043a\u043e \u0443\u0432\u043b\u0430\u0436\u043d\u044f\u044e\u0449\u0438\u0439 \u043a\u0440\u0435\u043c \u0441 \u0433\u0438\u0430\u043b\u0443\u0440\u043e\u043d\u043e\u0432\u043e\u0439 \u043a\u0438\u0441\u043b\u043e\u0442\u043e\u0439 \u0438 \u043c\u043e\u0447\u0435\u0432\u0438\u043d\u043e\u0439.<br>\n<\/span><span style=\"font-weight: 400\">EXTREME LIFT Anti-Wrinkle Serum \u2013 \u043c\u0433\u043d\u043e\u0432\u0435\u043d\u043d\u043e \u0440\u0430\u0437\u0433\u043b\u0430\u0436\u0438\u0432\u0430\u0435\u0442 \u043a\u0430\u043a \u043c\u0435\u043b\u043a\u0438\u0435 \u043b\u0438\u043d\u0438\u0438, \u0442\u0430\u043a \u0438 \u0431\u043e\u043b\u0435\u0435 \u0433\u043b\u0443\u0431\u043e\u043a\u0438\u0435 \u043c\u043e\u0440\u0449\u0438\u043d\u044b.<br>\n<\/span><span style=\"font-weight: 400\">CAVIAR DELUXE Ampoule \u2013 \u043e\u0431\u043e\u0433\u0430\u0449\u0435\u043d \u044d\u043a\u0441\u0442\u0440\u0430\u043a\u0442\u043e\u043c \u0438\u043a\u0440\u044b, \u0447\u0442\u043e\u0431\u044b \u043f\u0440\u0435\u0434\u043b\u043e\u0436\u0438\u0442\u044c \u043a\u043e\u0436\u0435 \u0440\u043e\u0441\u043a\u043e\u0448\u043d\u044b\u0439 \u0443\u0445\u043e\u0434 \u0438 \u0440\u043e\u0432\u043d\u044b\u0439 \u0442\u043e\u043d.<br>\n<\/span><span style=\"font-weight: 400\">#nofilterneeded Ampoule \u2013 \u0441\u043e\u0437\u0434\u0430\u0435\u0442 \u044d\u0444\u0444\u0435\u043a\u0442 \u0441\u043c\u044f\u0433\u0447\u0430\u044e\u0449\u0435\u0433\u043e \u0444\u043e\u043a\u0443\u0441\u0430 \u0438 \u0443\u0432\u043b\u0430\u0436\u043d\u044f\u0435\u0442 \u0441 \u043f\u043e\u043c\u043e\u0449\u044c\u044e \u0433\u0438\u0430\u043b\u0443\u0440\u043e\u043d\u043e\u0432\u043e\u0439 \u043a\u0438\u0441\u043b\u043e\u0442\u044b.<br>\n<\/span><span style=\"font-weight: 400\">Triple Hyaluronic Booster \u2013 \u0441\u043e\u0434\u0435\u0440\u0436\u0438\u0442 \u0442\u0440\u0438 \u0444\u043e\u0440\u043c\u044b \u0433\u0438\u0430\u043b\u0443\u0440\u043e\u043d\u043e\u0432\u043e\u0439 \u043a\u0438\u0441\u043b\u043e\u0442\u044b \u0434\u043b\u044f \u0433\u043b\u0443\u0431\u043e\u043a\u043e\u0433\u043e \u0443\u0432\u043b\u0430\u0436\u043d\u0435\u043d\u0438\u044f.<br>\n<\/span><span style=\"font-weight: 400\">10% Niacinamide Serum \u2013 \u0432\u044b\u0440\u0430\u0432\u043d\u0438\u0432\u0430\u0435\u0442 \u0442\u043e\u043d \u043a\u043e\u0436\u0438 \u0438 \u0443\u043c\u0435\u043d\u044c\u0448\u0430\u0435\u0442 \u043d\u0435\u0441\u043e\u0432\u0435\u0440\u0448\u0435\u043d\u0441\u0442\u0432\u0430.<br>\n<\/span><span style=\"font-weight: 400\">Smoothing Eye Gel &amp; Hydrogel Lifting Eye Patches \u2013 \u043e\u0441\u0432\u0435\u0436\u0430\u044e\u0442 \u0438 \u0440\u0430\u0437\u0433\u043b\u0430\u0436\u0438\u0432\u0430\u044e\u0442 \u043e\u0431\u043b\u0430\u0441\u0442\u044c \u0432\u043e\u043a\u0440\u0443\u0433 \u0433\u043b\u0430\u0437.<br>\n<\/span><span style=\"font-weight: 400\">Hydro Lift Express Mask \u2013 \u043f\u043e\u0434\u0442\u044f\u0433\u0438\u0432\u0430\u0435\u0442 \u043a\u043e\u0436\u0443 \u0438 \u0443\u043c\u0435\u043d\u044c\u0448\u0430\u0435\u0442 \u043c\u043e\u0440\u0449\u0438\u043d\u044b \u0434\u043e 16% \u0443\u0436\u0435 \u043f\u043e\u0441\u043b\u0435 \u043e\u0434\u043d\u043e\u0433\u043e \u043f\u0440\u0438\u043c\u0435\u043d\u0435\u043d\u0438\u044f!<br>\n<\/span><span style=\"font-weight: 400\">Enzyme Peel Powder \u2013 \u043c\u044f\u0433\u043a\u043e \u0443\u0434\u0430\u043b\u044f\u0435\u0442 \u043c\u0435\u0440\u0442\u0432\u044b\u0435 \u043a\u043b\u0435\u0442\u043a\u0438 \u043a\u043e\u0436\u0438 \u0438 \u0443\u043b\u0443\u0447\u0448\u0430\u0435\u0442 \u0443\u0441\u0432\u043e\u0435\u043d\u0438\u0435 \u043f\u0440\u043e\u0434\u0443\u043a\u0442\u043e\u0432. \u041f\u043e\u0434\u0445\u043e\u0434\u0438\u0442 \u0434\u043b\u044f \u0447\u0443\u0432\u0441\u0442\u0432\u0438\u0442\u0435\u043b\u044c\u043d\u043e\u0439 \u043a\u043e\u0436\u0438.<\/span><\/p>\n<p class=\"translation-block\"><span style=\"font-weight: 400\">\u0423\u0442\u0440\u043e\u043c \u0438 \u0432\u0435\u0447\u0435\u0440\u043e\u043c \u0441\u043d\u0430\u0447\u0430\u043b\u0430 \u043d\u0430\u043d\u0435\u0441\u0438\u0442\u0435 \u0433\u0435\u043b\u044c \u0434\u043b\u044f \u0433\u043b\u0430\u0437, \u0437\u0430\u0442\u0435\u043c \u0430\u043d\u0442\u0438\u0432\u043e\u0437\u0440\u0430\u0441\u0442\u043d\u0443\u044e \u0441\u044b\u0432\u043e\u0440\u043e\u0442\u043a\u0443 \u0438\u043b\u0438 \u0432 \u0437\u0430\u0432\u0438\u0441\u0438\u043c\u043e\u0441\u0442\u0438 \u043e\u0442 \u043f\u043e\u0442\u0440\u0435\u0431\u043d\u043e\u0441\u0442\u0435\u0439 \u043a\u043e\u0436\u0438 Triple Hyaluronic Booster \u0438\u043b\u0438 10% \u0441\u044b\u0432\u043e\u0440\u043e\u0442\u043a\u0443 \u0441 \u043d\u0438\u0430\u0446\u0438\u043d\u0430\u043c\u0438\u0434\u043e\u043c.<br>\n<\/span><span style=\"font-weight: 400\">\u0417\u0430\u0432\u0435\u0440\u0448\u0438\u0442\u0435 \u0443\u0445\u043e\u0434 \u0443\u0432\u043b\u0430\u0436\u043d\u044f\u044e\u0449\u0438\u043c \u043a\u0440\u0435\u043c\u043e\u043c \u0434\u043b\u044f \u043b\u0438\u0446\u0430.<br>\n<\/span><span style=\"font-weight: 400\">\u0415\u0441\u043b\u0438 \u043a\u043e\u0436\u0435 \u043d\u0443\u0436\u043d\u043e \u0434\u043e\u043f\u043e\u043b\u043d\u0438\u0442\u0435\u043b\u044c\u043d\u043e\u0435 \u0443\u0432\u043b\u0430\u0436\u043d\u0435\u043d\u0438\u0435, \u043e\u0442\u043a\u0440\u043e\u0439\u0442\u0435 \u0430\u043c\u043f\u0443\u043b\u0443 \u0438 \u043d\u0430\u043d\u0435\u0441\u0438\u0442\u0435 \u0435\u0435 \u043d\u0430 \u043b\u0438\u0446\u043e, \u0448\u0435\u044e \u0438 \u0434\u0435\u043a\u043e\u043b\u044c\u0442\u0435.<br>\n<\/span><span style=\"font-weight: 400\">Enzyme Peel Powder \u0438\u0441\u043f\u043e\u043b\u044c\u0437\u0443\u0439\u0442\u0435 1-2 \u0440\u0430\u0437\u0430 \u0432 \u043d\u0435\u0434\u0435\u043b\u044e: \u043d\u0430\u0441\u044b\u043f\u044c\u0442\u0435 \u043f\u043e\u0440\u043e\u0448\u043e\u043a \u0432 \u043b\u0430\u0434\u043e\u043d\u044c, \u0432\u0441\u043f\u0435\u043d\u044c\u0442\u0435 \u0441 \u0432\u043e\u0434\u043e\u0439 \u0438 \u043d\u0430\u043d\u0435\u0441\u0438\u0442\u0435 \u043d\u0430 \u043a\u043e\u0436\u0443. \u0427\u0435\u0440\u0435\u0437 4 \u043c\u0438\u043d\u0443\u0442\u044b \u0441\u043c\u043e\u0439\u0442\u0435.<br>\n<\/span><span style=\"font-weight: 400\">\u041f\u0430\u0442\u0447\u0438 \u0434\u043b\u044f \u0433\u043b\u0430\u0437 \u043f\u043e\u043b\u043e\u0436\u0438\u0442\u0435 \u043d\u0430 \u0447\u0438\u0441\u0442\u0443\u044e \u043a\u043e\u0436\u0443 \u043f\u043e\u0434 \u0433\u043b\u0430\u0437\u0430 \u043d\u0430 15 \u043c\u0438\u043d\u0443\u0442.<br>\n<\/span><span style=\"font-weight: 400\">\u041c\u0430\u0441\u043a\u0443 \u0438\u0437 \u0442\u043a\u0430\u043d\u0438 \u0438\u0441\u043f\u043e\u043b\u044c\u0437\u0443\u0439\u0442\u0435, \u0435\u0441\u043b\u0438 \u043d\u0443\u0436\u043d\u043e \u0434\u043e\u043f\u043e\u043b\u043d\u0438\u0442\u0435\u043b\u044c\u043d\u043e\u0435 \u0443\u0432\u043b\u0430\u0436\u043d\u0435\u043d\u0438\u0435. \u0414\u0435\u0440\u0436\u0438\u0442\u0435 \u043d\u0430 \u043a\u043e\u0436\u0435 15-20 \u043c\u0438\u043d\u0443\u0442, \u0437\u0430\u0442\u0435\u043c \u043f\u043e\u0445\u043b\u043e\u043f\u0430\u0439\u0442\u0435 \u043e\u0441\u0442\u0430\u0432\u0448\u0438\u0439\u0441\u044f \u0441\u044b\u0432\u043e\u0440\u043e\u0442\u043a\u0438 \u0432 \u043a\u043e\u0436\u0443.<\/span><\/p>\n<p><strong>\u0418\u0441\u043f\u043e\u043b\u044c\u0437\u043e\u0432\u0430\u043d\u0438\u0435<\/strong><\/p>\n<p><span style=\"font-weight: 400;\">Hommikul ja \u00f5htul kanna esmalt silmageel, seej\u00e4rel vananemisvastane seerum v\u00f5i vastavalt naha vajadusele Triple Hyaluronic Booster v\u00f5i 10% Niatsiinamiid Seerum.<br \/>\n<\/span><span style=\"font-weight: 400;\">L\u00f5peta hooldus niisutava n\u00e4okreemiga.<br \/>\n<\/span><span style=\"font-weight: 400;\">Kui nahk vajab lisaniisutust, ava ampull ja kanna see n\u00e4ole, kaelale ja dekolteele.<br \/>\n<\/span><span style=\"font-weight: 400;\">Enzyme Peel Powder kasuta 1-2 korda n\u00e4dalas: puista pulber peopessa, vahusta veega ja kanna nahale. 4 minuti p\u00e4rast loputa.<br \/>\n<\/span><span style=\"font-weight: 400;\">Silmapadjad aseta puhtale nahale silmade alla 15 minutiks.<br \/>\n<\/span><span style=\"font-weight: 400;\">Kangasmaski kasuta, kui vajad lisaniisutust. Hoia nahal 15-20 minutit, seej\u00e4rel patsuta j\u00e4relej\u00e4\u00e4nud seerum naha sisse.<\/span><\/p>\n<p><strong>\u041a\u043e\u043c\u043f\u043b\u0435\u043a\u0442 \u0432\u043a\u043b\u044e\u0447\u0430\u0435\u0442:<\/strong><\/p>\n<p class=\"translation-block\"><span style=\"font-weight: 400\">\u041a\u043e\u043c\u043b\u0435\u043a\u0442 \u0432\u043a\u043b\u044e\u0447\u0430\u0435\u0442:<\/span><br>\n<span style=\"font-weight: 400\">HYALURONIC UREA Anti-Aging Hydrating Cream, 50 \u043c\u043b<\/span><br>\n<span style=\"font-weight: 400\">Caviar Anti-Aging Ampoule, 2 \u043c\u043b<\/span><br>\n<span style=\"font-weight: 400\">EXTREME LIFT Anti-Wrinkle Serum, 10 \u043c\u043b<\/span><br>\n<span style=\"font-weight: 400\">FACE CARE Hydro Lift Express Mask, 20 \u043c\u043b<\/span><br>\n<span style=\"font-weight: 400\">FACE CARE Smoothing Eye Gel, 15 \u043c\u043b<\/span><br>\n<span style=\"font-weight: 400\">COMFORT CLEAN Enzyme Peel, 2 \u0448\u0442 \u043f\u043e 1 \u0433<\/span><br>\n<span style=\"font-weight: 400\">FACE CARE Hydrogel Lifting Eye Patches<\/span><br>\n<span style=\"font-weight: 400\">ALGAE SKINFOOD #nofilterneeded Ampoule, 2 \u043c\u043b<\/span><br>\n<span style=\"font-weight: 400\">HYALURONIC UREA Anti-Aging Hydrating Ampoule, 2 \u043c\u043b<\/span><br>\n<span style=\"font-weight: 400\">HIGH CONCENTRATES Niacinamide Serum 10%, 10 \u043c\u043b<\/span><br>\n<span style=\"font-weight: 400\">HIGH CONCENTRATES Triple Hyaluronic Booster, 10 \u043c\u043b<\/span><\/p>","protected":false},"excerpt":{"rendered":"<p><span style=\"font-weight: 400;\"><span style=\"font-weight: 400\">\u0410\u043d\u0442\u0438\u0432\u043e\u0437\u0440\u0430\u0441\u0442\u043d\u043e\u0439 \u0443\u0445\u043e\u0434 \u0437\u0430 \u043a\u043e\u0436\u0435\u0439, \u043f\u043e\u0434\u0445\u043e\u0434\u044f\u0449\u0438\u0439 \u0434\u043b\u044f \u0432\u0441\u0435\u0445 \u0442\u0438\u043f\u043e\u0432 \u043a\u043e\u0436\u0438<\/span><\/span><\/p>\n<p class=\"translation-block\"><span style=\"font-weight: 400\">\u0421\u0430\u043c\u044b\u0435 \u043f\u043e\u043f\u0443\u043b\u044f\u0440\u043d\u044b\u0435 \u0430\u043d\u0442\u0438\u0432\u043e\u0437\u0440\u0430\u0441\u0442\u043d\u044b\u0435 \u043f\u0440\u043e\u0434\u0443\u043a\u0442\u044b DALTON<br>\n<\/span><span style=\"font-weight: 400\">\u041f\u043e\u0434\u0445\u043e\u0434\u0438\u0442 \u0434\u043b\u044f \u043b\u044e\u0431\u043e\u0433\u043e \u0442\u0438\u043f\u0430 \u043a\u043e\u0436\u0438<br>\n<\/span><span style=\"font-weight: 400\">\u0412 \u043a\u043e\u043c\u043f\u043b\u0435\u043a\u0442\u0435 \u044d\u043a\u043e\u043d\u043e\u043c\u0438\u044f 31%<br>\n<\/span><span style=\"font-weight: 400\">\u0412\u043a\u043b\u044e\u0447\u0430\u0435\u0442 \u043a\u0430\u0447\u0435\u0441\u0442\u0432\u0435\u043d\u043d\u0443\u044e \u0441\u0443\u043c\u043a\u0443 \u0434\u043b\u044f \u043f\u0443\u0442\u0435\u0448\u0435\u0441\u0442\u0432\u0438\u0439<\/span><\/p>","protected":false},"featured_media":9678,"template":"","meta":{"om_disable_all_campaigns":false,"_monsterinsights_skip_tracking":false,"_monsterinsights_sitenote_active":false,"_monsterinsights_sitenote_note":"","_monsterinsights_sitenote_category":0,"_uf_show_specific_survey":0,"_uf_disable_surveys":false,"site-sidebar-layout":"default","site-content-layout":"","ast-site-content-layout":"default","site-content-style":"default","site-sidebar-style":"default","ast-global-header-display":"","ast-banner-title-visibility":"","ast-main-header-display":"","ast-hfb-above-header-display":"","ast-hfb-below-header-display":"","ast-hfb-mobile-header-display":"","site-post-title":"","ast-breadcrumbs-content":"","ast-featured-img":"","footer-sml-layout":"","theme-transparent-header-meta":"default","adv-header-id-meta":"","stick-header-meta":"","header-above-stick-meta":"","header-main-stick-meta":"","header-below-stick-meta":"","astra-migrate-meta-layouts":"set","ast-page-background-enabled":"default","ast-page-background-meta":{"desktop":{"background-color":"var(--ast-global-color-4)","background-image":"","background-repeat":"repeat","background-position":"center center","background-size":"auto","background-attachment":"scroll","background-type":"","background-media":"","overlay-type":"","overlay-color":"","overlay-opacity":"","overlay-gradient":""},"tablet":{"background-color":"","background-image":"","background-repeat":"repeat","background-position":"center center","background-size":"auto","background-attachment":"scroll","background-type":"","background-media":"","overlay-type":"","overlay-color":"","overlay-opacity":"","overlay-gradient":""},"mobile":{"background-color":"","background-image":"","background-repeat":"repeat","background-position":"center center","background-size":"auto","background-attachment":"scroll","background-type":"","background-media":"","overlay-type":"","overlay-color":"","overlay-opacity":"","overlay-gradient":""}},"ast-content-background-meta":{"desktop":{"background-color":"var(--ast-global-color-5)","background-image":"","background-repeat":"repeat","background-position":"center center","background-size":"auto","background-attachment":"scroll","background-type":"","background-media":"","overlay-type":"","overlay-color":"","overlay-opacity":"","overlay-gradient":""},"tablet":{"background-color":"var(--ast-global-color-5)","background-image":"","background-repeat":"repeat","background-position":"center center","background-size":"auto","background-attachment":"scroll","background-type":"","background-media":"","overlay-type":"","overlay-color":"","overlay-opacity":"","overlay-gradient":""},"mobile":{"background-color":"var(--ast-global-color-5)","background-image":"","background-repeat":"repeat","background-position":"center center","background-size":"auto","background-attachment":"scroll","background-type":"","background-media":"","overlay-type":"","overlay-color":"","overlay-opacity":"","overlay-gradient":""}}},"product_brand":[],"product_cat":[48,15,426],"product_tag":[188],"class_list":{"0":"post-9677","1":"product","2":"type-product","3":"status-publish","4":"has-post-thumbnail","6":"product_cat-komplektid","7":"product_cat-naole","8":"product_cat-uued-tooted","9":"product_tag-komplekt","10":"desktop-align-center","11":"tablet-align-left","12":"mobile-align-left","14":"first","15":"instock","16":"taxable","17":"shipping-taxable","18":"purchasable","19":"product-type-simple","20":"add-to-wishlist-before_image"},"aioseo_notices":[],"_links":{"self":[{"href":"https:\/\/kosmeetika24.eu\/ru\/wp-json\/wp\/v2\/product\/9677","targetHints":{"allow":["GET"]}}],"collection":[{"href":"https:\/\/kosmeetika24.eu\/ru\/wp-json\/wp\/v2\/product"}],"about":[{"href":"https:\/\/kosmeetika24.eu\/ru\/wp-json\/wp\/v2\/types\/product"}],"version-history":[{"count":2,"href":"https:\/\/kosmeetika24.eu\/ru\/wp-json\/wp\/v2\/product\/9677\/revisions"}],"predecessor-version":[{"id":9869,"href":"https:\/\/kosmeetika24.eu\/ru\/wp-json\/wp\/v2\/product\/9677\/revisions\/9869"}],"wp:featuredmedia":[{"embeddable":true,"href":"https:\/\/kosmeetika24.eu\/ru\/wp-json\/wp\/v2\/media\/9678"}],"wp:attachment":[{"href":"https:\/\/kosmeetika24.eu\/ru\/wp-json\/wp\/v2\/media?parent=9677"}],"wp:term":[{"taxonomy":"product_brand","embeddable":true,"href":"https:\/\/kosmeetika24.eu\/ru\/wp-json\/wp\/v2\/product_brand?post=9677"},{"taxonomy":"product_cat","embeddable":true,"href":"https:\/\/kosmeetika24.eu\/ru\/wp-json\/wp\/v2\/product_cat?post=9677"},{"taxonomy":"product_tag","embeddable":true,"href":"https:\/\/kosmeetika24.eu\/ru\/wp-json\/wp\/v2\/product_tag?post=9677"}],"curies":[{"name":"wp","href":"https:\/\/api.w.org\/{rel}","templated":true}]}}