{"id":9646,"date":"2025-02-20T19:41:39","date_gmt":"2025-02-20T16:41:39","guid":{"rendered":"https:\/\/kosmeetika24.eu\/?post_type=product&#038;p=9646"},"modified":"2026-02-04T16:33:38","modified_gmt":"2026-02-04T13:33:38","slug":"dalton-oyster-starter-kit-kombineeritud-nahale","status":"publish","type":"product","link":"https:\/\/kosmeetika24.eu\/ru\/product\/dalton-oyster-starter-kit-kombineeritud-nahale\/","title":{"rendered":"<span style=\"font-weight: 400\">Dalton \u2013 Oyster \u0434\u043b\u044f \u043a\u043e\u043c\u0431\u0438\u043d\u0438\u0440\u043e\u0432\u0430\u043d\u043d\u043e\u0439 \u043a\u043e\u0436\u0438<\/span>"},"content":{"rendered":"<p><strong>\u0418\u0441\u043f\u043e\u043b\u044c\u0437\u043e\u0432\u0430\u043d\u0438\u0435<\/strong><\/p>\n<p><span style=\"font-weight: 400;\">P\u00e4rast n\u00e4o puhastamist kasuta hommikul <\/span><i><span style=\"font-weight: 400;\">Pore-Refining Concentrate<\/span><\/i><span style=\"font-weight: 400;\"> ja \u00f5htul <\/span><i><span style=\"font-weight: 400;\">Retinol Serum\u00b4<\/span><\/i><span style=\"font-weight: 400;\">i.<\/span><span style=\"font-weight: 400;\"><br \/>\n<\/span><span style=\"font-weight: 400;\">Seej\u00e4rel kanna nahale <\/span><i><span style=\"font-weight: 400;\">Combination Skin Moisturizer<\/span><\/i><span style=\"font-weight: 400;\">.<\/span><span style=\"font-weight: 400;\"><br \/>\n<\/span><span style=\"font-weight: 400;\">Maski kasuta 1-2 korda n\u00e4dalas: kanna see n\u00e4ole, kaelale ja dekolteele ning lase kuivada. Loputa 15 minuti p\u00e4rast leige veega.<\/span><span style=\"font-weight: 400;\"><br \/>\n<\/span><span style=\"font-weight: 400;\">AHA koorijat kasuta kord n\u00e4dalas. \u00c4ra kasuta Retinol Seerumit ja AHA koorijat raseduse v\u00f5i imetamise ajal.<\/span><span style=\"font-weight: 400;\"><br \/>\n<\/span><span style=\"font-weight: 400;\">Kaitse oma nahka p\u00e4evasel ajal v\u00e4hemalt SPF 30 p\u00e4ikesekaitsekreemiga.<\/span><\/p>\n<p><strong><span style=\"font-weight: 400\"><strong>\u041e\u043f\u0438\u0441\u0430\u043d\u0438\u0435 \u043f\u0440\u043e\u0434\u0443\u043a\u0442\u0430:<\/strong><\/span><\/strong><\/p>\n<p class=\"translation-block\"><span style=\"font-weight: 400\">\u041e\u0447\u0438\u0449\u0430\u044e\u0449\u0438\u0439, \u043c\u0430\u0442\u0438\u0440\u0443\u044e\u0449\u0438\u0439, \u0441\u0443\u0436\u0430\u044e\u0449\u0438\u0439 \u043f\u043e\u0440\u044b \u2013 <\/span><i><span style=\"font-weight: 400\">OYSTER Starter Kit<\/span><\/i><span style=\"font-weight: 400\"> \u0432\u043a\u043b\u044e\u0447\u0430\u0435\u0442 \u0432 \u0441\u0435\u0431\u044f \u043a\u0430\u0447\u0435\u0441\u0442\u0432\u0435\u043d\u043d\u044b\u0439 \u043d\u0430\u0431\u043e\u0440 \u0430\u043d\u0442\u0438\u0432\u043e\u0437\u0440\u0430\u0441\u0442\u043d\u044b\u0445 \u043f\u0440\u043e\u0434\u0443\u043a\u0442\u043e\u0432, \u0441\u043f\u0435\u0446\u0438\u0430\u043b\u044c\u043d\u043e \u0440\u0430\u0437\u0440\u0430\u0431\u043e\u0442\u0430\u043d\u043d\u044b\u0445 \u0434\u043b\u044f \u043f\u043e\u0442\u0440\u0435\u0431\u043d\u043e\u0441\u0442\u0435\u0439 \u043a\u043e\u043c\u0431\u0438\u043d\u0438\u0440\u043e\u0432\u0430\u043d\u043d\u043e\u0439 \u043a\u043e\u0436\u0438.<\/span><\/p>\n<p><span style=\"font-weight: 400;\">OYSTER kollektsiooni kolm toodet v\u00e4hendavad T-tsooni rasueritust, ahendavad poore ja niisutavad kuivi piirkondi p\u00f5skedel ja silmade \u00fcmbruses.<\/span><span style=\"font-weight: 400;\"><br \/>\n<\/span><span style=\"font-weight: 400;\">OYSTER Matistav Mask omab p\u00f5letikuvastast toimet ning aitab ennetada ebapuhtusi, ummistunud poore ja mustp\u00e4id.<\/span><span style=\"font-weight: 400;\"><br \/>\n<\/span><span style=\"font-weight: 400;\">Retinol Serum v\u00e4hendab kortse ja aknearme ning kiirendab naha uuenemist.<\/span><span style=\"font-weight: 400;\"><br \/>\n<\/span><span style=\"font-weight: 400;\">20% AHA koorija gl\u00fckoolhappega eemaldab surnud naharakud ja loob veatu, klaarim ning noorusliku jume.<\/span><\/p>\n<p><i><span style=\"font-weight: 400;\"><span style=\"font-weight: 400\">\u0422\u0435\u0441\u0442\u043e\u0432\u044b\u0439 \u043c\u0435\u0442\u043e\u0434: 44 \u0436\u0435\u043d\u0449\u0438\u043d\u044b \u0432 \u0432\u043e\u0437\u0440\u0430\u0441\u0442\u0435 \u043e\u0442 30 \u0434\u043e 52 \u043b\u0435\u0442. \u041f\u0440\u043e\u0434\u0443\u043a\u0442\u044b \u0438\u0441\u043f\u043e\u043b\u044c\u0437\u043e\u0432\u0430\u043b\u0438\u0441\u044c \u0443\u0442\u0440\u043e\u043c \u0438 \u0432\u0435\u0447\u0435\u0440\u043e\u043c \u0432 \u0442\u0435\u0447\u0435\u043d\u0438\u0435 28 \u0434\u043d\u0435\u0439, \u0440\u0435\u0437\u0443\u043b\u044c\u0442\u0430\u0442\u044b \u0431\u044b\u043b\u0438 \u0441\u0440\u0430\u0432\u043d\u0435\u043d\u044b \u0441 \u043d\u0435\u043e\u0431\u0440\u0430\u0431\u043e\u0442\u0430\u043d\u043d\u043e\u0439 \u043a\u043e\u043d\u0442\u0440\u043e\u043b\u044c\u043d\u043e\u0439 \u0433\u0440\u0443\u043f\u043f\u043e\u0439.<\/span><\/span><\/i><\/p>\n<p><strong>\u041a\u043e\u043c\u043f\u043b\u0435\u043a\u0442 \u0432\u043a\u043b\u044e\u0447\u0430\u0435\u0442:<\/strong><\/p>\n<p><span style=\"font-weight: 400;\">OYSTER Kombineeritud Naha Kreem, 50ml<\/span><span style=\"font-weight: 400;\"><br \/>\n<\/span><span style=\"font-weight: 400;\">OYSTER Matistav Mask, 10ml<\/span><span style=\"font-weight: 400;\"><br \/>\n<\/span><span style=\"font-weight: 400;\">OYSTER Poore Ahendav Kontsentraat, 30ml<\/span><span style=\"font-weight: 400;\"><br \/>\n<\/span><span style=\"font-weight: 400;\">CHEMICAL PEEL 20% AHA Koorija, 50ml<\/span><span style=\"font-weight: 400;\"><br \/>\n<\/span><span style=\"font-weight: 400;\">HIGH CONCENTRATES Retinoolseerum, 10ml<\/span><\/p>","protected":false},"excerpt":{"rendered":"<p><span style=\"font-weight: 400;\"><span style=\"font-weight: 400\">\u0421\u0431\u0430\u043b\u0430\u043d\u0441\u0438\u0440\u043e\u0432\u0430\u043d\u043d\u044b\u0439 \u0430\u043d\u0442\u0438\u0432\u043e\u0437\u0440\u0430\u0441\u0442\u043d\u043e\u0439 \u043a\u043e\u043c\u043f\u043b\u0435\u043a\u0441 \u043f\u043e \u0443\u0445\u043e\u0434\u0443 \u0437\u0430 \u043a\u043e\u0436\u0435\u0439<\/span><\/span><\/p>\n<p class=\"translation-block\"><span style=\"font-weight: 400\">95% \u0443\u0447\u0430\u0441\u0442\u043d\u0438\u043a\u043e\u0432 \u0442\u0435\u0441\u0442\u0430 \u043f\u043e\u0434\u0442\u0432\u0435\u0440\u0434\u0438\u043b\u0438, \u0447\u0442\u043e \u043a\u043e\u0436\u0430 \u0441\u0442\u0430\u043b\u0430 \u043c\u0435\u043d\u0435\u0435 \u0436\u0438\u0440\u043d\u043e\u0439 \u0438 \u0431\u043b\u0435\u0441\u0442\u044f\u0449\u0435\u0439*<\/span><span style=\"font-weight: 400\"><br><\/span>\n<span style=\"font-weight: 400\">\u0421\u043f\u0435\u0446\u0438\u0430\u043b\u044c\u043d\u043e \u0440\u0430\u0437\u0440\u0430\u0431\u043e\u0442\u0430\u043d \u0434\u043b\u044f \u043a\u043e\u043c\u0431\u0438\u043d\u0438\u0440\u043e\u0432\u0430\u043d\u043d\u043e\u0439 \u043a\u043e\u0436\u0438<\/span><span style=\"font-weight: 400\"><br><\/span>\n<span style=\"font-weight: 400\">\u041c\u0430\u0442\u0438\u0440\u0443\u0435\u0442, \u0431\u0430\u043b\u0430\u043d\u0441\u0438\u0440\u0443\u0435\u0442 \u0438 \u0441\u0443\u0436\u0430\u0435\u0442 \u043f\u043e\u0440\u044b<\/span><span style=\"font-weight: 400\"><br><\/span>\n<span style=\"font-weight: 400\">\u0410\u043d\u0442\u0438\u0432\u043e\u0437\u0440\u0430\u0441\u0442\u043d\u043e\u0439 \u044d\u0444\u0444\u0435\u043a\u0442<\/span><span style=\"font-weight: 400\"><br><\/span>\n<span style=\"font-weight: 400\">\u0412 \u043a\u043e\u043c\u043f\u043b\u0435\u043a\u0442 \u0432\u0445\u043e\u0434\u0438\u0442 \u043a\u0430\u0447\u0435\u0441\u0442\u0432\u0435\u043d\u043d\u0430\u044f \u0434\u043e\u0440\u043e\u0436\u043d\u0430\u044f \u0441\u0443\u043c\u043a\u0430<\/span><span style=\"font-weight: 400\"><br><\/span>\n<span style=\"font-weight: 400\">\u0421 \u043a\u043e\u043c\u043f\u043b\u0435\u043a\u0442\u043e\u043c \u044d\u043a\u043e\u043d\u043e\u043c\u0438\u0442\u0435 28%<\/span><\/p>","protected":false},"featured_media":10727,"template":"","meta":{"om_disable_all_campaigns":false,"_monsterinsights_skip_tracking":false,"_monsterinsights_sitenote_active":false,"_monsterinsights_sitenote_note":"","_monsterinsights_sitenote_category":0,"_uf_show_specific_survey":0,"_uf_disable_surveys":false,"site-sidebar-layout":"default","site-content-layout":"","ast-site-content-layout":"default","site-content-style":"default","site-sidebar-style":"default","ast-global-header-display":"","ast-banner-title-visibility":"","ast-main-header-display":"","ast-hfb-above-header-display":"","ast-hfb-below-header-display":"","ast-hfb-mobile-header-display":"","site-post-title":"","ast-breadcrumbs-content":"","ast-featured-img":"","footer-sml-layout":"","theme-transparent-header-meta":"default","adv-header-id-meta":"","stick-header-meta":"","header-above-stick-meta":"","header-main-stick-meta":"","header-below-stick-meta":"","astra-migrate-meta-layouts":"set","ast-page-background-enabled":"default","ast-page-background-meta":{"desktop":{"background-color":"var(--ast-global-color-4)","background-image":"","background-repeat":"repeat","background-position":"center center","background-size":"auto","background-attachment":"scroll","background-type":"","background-media":"","overlay-type":"","overlay-color":"","overlay-opacity":"","overlay-gradient":""},"tablet":{"background-color":"","background-image":"","background-repeat":"repeat","background-position":"center center","background-size":"auto","background-attachment":"scroll","background-type":"","background-media":"","overlay-type":"","overlay-color":"","overlay-opacity":"","overlay-gradient":""},"mobile":{"background-color":"","background-image":"","background-repeat":"repeat","background-position":"center center","background-size":"auto","background-attachment":"scroll","background-type":"","background-media":"","overlay-type":"","overlay-color":"","overlay-opacity":"","overlay-gradient":""}},"ast-content-background-meta":{"desktop":{"background-color":"var(--ast-global-color-5)","background-image":"","background-repeat":"repeat","background-position":"center center","background-size":"auto","background-attachment":"scroll","background-type":"","background-media":"","overlay-type":"","overlay-color":"","overlay-opacity":"","overlay-gradient":""},"tablet":{"background-color":"var(--ast-global-color-5)","background-image":"","background-repeat":"repeat","background-position":"center center","background-size":"auto","background-attachment":"scroll","background-type":"","background-media":"","overlay-type":"","overlay-color":"","overlay-opacity":"","overlay-gradient":""},"mobile":{"background-color":"var(--ast-global-color-5)","background-image":"","background-repeat":"repeat","background-position":"center center","background-size":"auto","background-attachment":"scroll","background-type":"","background-media":"","overlay-type":"","overlay-color":"","overlay-opacity":"","overlay-gradient":""}}},"product_brand":[],"product_cat":[48,15,426],"product_tag":[188],"class_list":{"0":"post-9646","1":"product","2":"type-product","3":"status-publish","4":"has-post-thumbnail","6":"product_cat-komplektid","7":"product_cat-naole","8":"product_cat-uued-tooted","9":"product_tag-komplekt","10":"desktop-align-center","11":"tablet-align-left","12":"mobile-align-left","14":"first","15":"instock","16":"taxable","17":"shipping-taxable","18":"purchasable","19":"product-type-simple","20":"add-to-wishlist-before_image"},"aioseo_notices":[],"_links":{"self":[{"href":"https:\/\/kosmeetika24.eu\/ru\/wp-json\/wp\/v2\/product\/9646","targetHints":{"allow":["GET"]}}],"collection":[{"href":"https:\/\/kosmeetika24.eu\/ru\/wp-json\/wp\/v2\/product"}],"about":[{"href":"https:\/\/kosmeetika24.eu\/ru\/wp-json\/wp\/v2\/types\/product"}],"version-history":[{"count":8,"href":"https:\/\/kosmeetika24.eu\/ru\/wp-json\/wp\/v2\/product\/9646\/revisions"}],"predecessor-version":[{"id":10726,"href":"https:\/\/kosmeetika24.eu\/ru\/wp-json\/wp\/v2\/product\/9646\/revisions\/10726"}],"wp:featuredmedia":[{"embeddable":true,"href":"https:\/\/kosmeetika24.eu\/ru\/wp-json\/wp\/v2\/media\/10727"}],"wp:attachment":[{"href":"https:\/\/kosmeetika24.eu\/ru\/wp-json\/wp\/v2\/media?parent=9646"}],"wp:term":[{"taxonomy":"product_brand","embeddable":true,"href":"https:\/\/kosmeetika24.eu\/ru\/wp-json\/wp\/v2\/product_brand?post=9646"},{"taxonomy":"product_cat","embeddable":true,"href":"https:\/\/kosmeetika24.eu\/ru\/wp-json\/wp\/v2\/product_cat?post=9646"},{"taxonomy":"product_tag","embeddable":true,"href":"https:\/\/kosmeetika24.eu\/ru\/wp-json\/wp\/v2\/product_tag?post=9646"}],"curies":[{"name":"wp","href":"https:\/\/api.w.org\/{rel}","templated":true}]}}