{"id":9612,"date":"2025-04-01T13:28:53","date_gmt":"2025-04-01T10:28:53","guid":{"rendered":"https:\/\/kosmeetika24.eu\/?post_type=product&#038;p=9612"},"modified":"2025-09-30T15:23:39","modified_gmt":"2025-09-30T12:23:39","slug":"dalton-s-e-a-marine-stem-cell-cream","status":"publish","type":"product","link":"https:\/\/kosmeetika24.eu\/ru\/product\/dalton-s-e-a-marine-stem-cell-cream\/","title":{"rendered":"Dalton &#8211; S.E.A. &#8211; Marine Stem Cell Cream"},"content":{"rendered":"<p><strong>\u0418\u0441\u043f\u043e\u043b\u044c\u0437\u043e\u0432\u0430\u043d\u0438\u0435:<\/strong><span style=\"font-weight: 400;\"><br \/>\n<\/span><span style=\"font-weight: 400;\">Kandke kreem hommikul ja \u00f5htul p\u00e4rast naha puhastamist n\u00e4ole, kaelale ja dekolteepiirkonnale. Kui kasutate ka seerumit, kandke esmalt seerum ja seej\u00e4rel kreem.<\/span><\/p>\n<p><strong>N\u00e4pun\u00e4ide:<\/strong><span style=\"font-weight: 400;\"><br \/>\n<\/span><span style=\"font-weight: 400;\">Sobib suurep\u00e4raselt kasutamiseks enne ja p\u00e4rast kosmeetilisi protseduure.<\/span><\/p>\n<p><span style=\"font-weight: 400;\">Mereliste t\u00fcvirakkudega n\u00e4okreem \u00fchendab luksusliku hoolduse ja k\u00f5rge efektiivsusega nahahooldusomadused. Selle koostises on unikaalne <em>Celumeri mereekstrakt<\/em>, miljonid merelised t\u00fcvirakud ja <em>Crambe maritima ekstrakt<\/em>, mis tugevdavad naha loomulikke kaitsemehhanisme, toetavad rakkude uuenemist ja epidermise taastumist, s\u00fcgavniisutavad nahka ning suurendavad kollageeni tootmist kuni 43%*. Mandli\u00f5li ja sheav\u00f5i toidavad ja siluvad nahka, j\u00e4ttes selle pehmeks ja elastseks. Tulemuseks on nooruslikum, pringim ja tugevam nahk ning selgelt defineeritud n\u00e4okontuurid. Kreemi \u00f5rn aroom ja siidine tekstuur sulanduvad nahaga, muutes selle sametiselt siledaks.<\/span><\/p>\n<p><i><span style=\"font-weight: 400;\">\u041a\u043b\u0438\u043d\u0438\u0447\u0435\u0441\u043a\u043e\u0435 \u0438\u0441\u0441\u043b\u0435\u0434\u043e\u0432\u0430\u043d\u0438\u0435: \u0443\u0447\u0430\u0441\u0442\u043d\u0438\u043a\u0438 \u0432 \u0432\u043e\u0437\u0440\u0430\u0441\u0442\u0435 47\u201362 \u043b\u0435\u0442 \u0438\u0441\u043f\u043e\u043b\u044c\u0437\u043e\u0432\u0430\u043b\u0438 \u044d\u043a\u0441\u0442\u0440\u0430\u043a\u0442 Celumer \u0434\u0432\u0430\u0436\u0434\u044b \u0432 \u0434\u0435\u043d\u044c \u0432 \u0442\u0435\u0447\u0435\u043d\u0438\u0435 \u0447\u0435\u0442\u044b\u0440\u0435\u0445 \u043d\u0435\u0434\u0435\u043b\u044c. \u0420\u0435\u0437\u0443\u043b\u044c\u0442\u0430\u0442\u044b \u0431\u044b\u043b\u0438 \u0441\u043e\u043f\u043e\u0441\u0442\u0430\u0432\u043b\u0435\u043d\u044b \u0441 \u043d\u0435\u043e\u0431\u0440\u0430\u0431\u043e\u0442\u0430\u043d\u043d\u044b\u043c \u043a\u043e\u043d\u0442\u0440\u043e\u043b\u044c\u043d\u044b\u043c \u0443\u0447\u0430\u0441\u0442\u043a\u043e\u043c. \u0418\u0441\u0441\u043b\u0435\u0434\u043e\u0432\u0430\u043d\u0438\u0435 \u043f\u0440\u043e\u0432\u043e\u0434\u0438\u043b\u043e\u0441\u044c in vivo.<\/span><\/i><\/p>\n<p><span style=\"font-weight: 400;\"><strong>\u0421\u041e\u0421\u0422\u0410\u0412:<\/strong><br \/>\n<\/span><span style=\"font-weight: 400;\">Aqua\/Water, Cetearyl Alcohol, Ethylhexyl Stearate, Glycerin, Prunus Amygdalus Dulcis (Sweet Almond) Oil, Sodium Stearoyl Glutamate, Caprylic\/Capric Triglyceride, Butyrospermum Parkii (Shea) Butter, Dimethicone, Squalane, PPG-3 Benzyl Ether Myristate, Maris Aqua\/Sea Water, Crithmum Maritimum Extract, Crambe Maritima Leaf Extract, Caviar Extract, Spirulina Maxima Extract, Ostrea Shell Extract\/Oyster Shell Extract, Maris Limus Extract\/Sea Silt Extract, Saccharide Isomerate, Algae Extract\/Alaria Esculenta Extract, Panthenol, Sodium Hyaluronate, Propylene Glycol, Ethylhexylglycerin, Xanthan Gum, Pentaerythrityl Tetra-di-t-butyl Hydroxyhdrocinnamate, Potassium Sorbate, Parfum\/Fragrance, Limonene, Benzyl Salicylate, Hexyl Cinnamal, Benzyl Benzoate, Linalool, Coumarin, Alpha-Isomethyl Ionone, Phenoxyethanol, Citric Acid<\/span><\/p>\n<p><span style=\"font-size: xx-small;\">2198.-\u20ac\/l<\/span><\/p>","protected":false},"excerpt":{"rendered":"<p><span style=\"font-weight: 400;\">Vananemisvastane kreem t\u00fcvirakkude kaitseks<\/span><\/p>\n<p><span style=\"font-weight: 400;\">\u0421\u043e\u0434\u0435\u0439\u0441\u0442\u0432\u0443\u0435\u0442 \u043e\u0431\u043d\u043e\u0432\u043b\u0435\u043d\u0438\u044e \u043a\u043b\u0435\u0442\u043e\u043a<br \/>\n<\/span><span style=\"font-weight: 400;\">1 \u043c\u0438\u043b\u043b\u0438\u043e\u043d \u043c\u043e\u0440\u0441\u043a\u0438\u0445 \u0441\u0442\u0432\u043e\u043b\u043e\u0432\u044b\u0445 \u043a\u043b\u0435\u0442\u043e\u043a \u043d\u0430 1 \u0433\u0440\u0430\u043c\u043c \u043a\u0440\u0435\u043c\u0430<br \/>\n<\/span><span style=\"font-weight: 400;\">Siidiselt pehme tekstuur<br \/>\n<\/span><span style=\"font-weight: 400;\">Crambe maritima (\u044d\u043a\u0441\u0442\u0440\u0430\u043a\u0442 \u043c\u043e\u0440\u0441\u043a\u043e\u0433\u043e \u043a\u0430\u043f\u0443\u0441\u0442\u043d\u0438\u043a\u0430) \u043f\u043e\u0434\u0434\u0435\u0440\u0436\u0438\u0432\u0430\u0435\u0442 \u0432\u043e\u0441\u0441\u0442\u0430\u043d\u043e\u0432\u043b\u0435\u043d\u0438\u0435 \u044d\u043f\u0438\u0434\u0435\u0440\u043c\u0438\u0441\u0430<br \/>\n<\/span><span style=\"font-weight: 400;\">Mandli\u00f5li ja sheav\u00f5i toidavad nahka<br \/>\n<\/span><span style=\"font-weight: 400;\">\u0423\u0432\u0435\u043b\u0438\u0447\u0438\u0432\u0430\u0435\u0442 \u0432\u044b\u0440\u0430\u0431\u043e\u0442\u043a\u0443 \u043a\u043e\u043b\u043b\u0430\u0433\u0435\u043d\u0430 \u0434\u043e 43%*<\/span><\/p>\n<p>50 \u043c\u043b<\/p>","protected":false},"featured_media":9613,"template":"","meta":{"om_disable_all_campaigns":false,"_monsterinsights_skip_tracking":false,"_monsterinsights_sitenote_active":false,"_monsterinsights_sitenote_note":"","_monsterinsights_sitenote_category":0,"_uf_show_specific_survey":0,"_uf_disable_surveys":false,"site-sidebar-layout":"default","site-content-layout":"","ast-site-content-layout":"default","site-content-style":"default","site-sidebar-style":"default","ast-global-header-display":"","ast-banner-title-visibility":"","ast-main-header-display":"","ast-hfb-above-header-display":"","ast-hfb-below-header-display":"","ast-hfb-mobile-header-display":"","site-post-title":"","ast-breadcrumbs-content":"","ast-featured-img":"","footer-sml-layout":"","theme-transparent-header-meta":"default","adv-header-id-meta":"","stick-header-meta":"","header-above-stick-meta":"","header-main-stick-meta":"","header-below-stick-meta":"","astra-migrate-meta-layouts":"set","ast-page-background-enabled":"default","ast-page-background-meta":{"desktop":{"background-color":"var(--ast-global-color-4)","background-image":"","background-repeat":"repeat","background-position":"center center","background-size":"auto","background-attachment":"scroll","background-type":"","background-media":"","overlay-type":"","overlay-color":"","overlay-opacity":"","overlay-gradient":""},"tablet":{"background-color":"","background-image":"","background-repeat":"repeat","background-position":"center center","background-size":"auto","background-attachment":"scroll","background-type":"","background-media":"","overlay-type":"","overlay-color":"","overlay-opacity":"","overlay-gradient":""},"mobile":{"background-color":"","background-image":"","background-repeat":"repeat","background-position":"center center","background-size":"auto","background-attachment":"scroll","background-type":"","background-media":"","overlay-type":"","overlay-color":"","overlay-opacity":"","overlay-gradient":""}},"ast-content-background-meta":{"desktop":{"background-color":"var(--ast-global-color-5)","background-image":"","background-repeat":"repeat","background-position":"center center","background-size":"auto","background-attachment":"scroll","background-type":"","background-media":"","overlay-type":"","overlay-color":"","overlay-opacity":"","overlay-gradient":""},"tablet":{"background-color":"var(--ast-global-color-5)","background-image":"","background-repeat":"repeat","background-position":"center center","background-size":"auto","background-attachment":"scroll","background-type":"","background-media":"","overlay-type":"","overlay-color":"","overlay-opacity":"","overlay-gradient":""},"mobile":{"background-color":"var(--ast-global-color-5)","background-image":"","background-repeat":"repeat","background-position":"center center","background-size":"auto","background-attachment":"scroll","background-type":"","background-media":"","overlay-type":"","overlay-color":"","overlay-opacity":"","overlay-gradient":""}}},"product_brand":[],"product_cat":[75,15,426,85],"product_tag":[],"class_list":{"0":"post-9612","1":"product","2":"type-product","3":"status-publish","4":"has-post-thumbnail","6":"product_cat-kreemid-naole","7":"product_cat-naole","8":"product_cat-uued-tooted","9":"product_cat-vananemisilmingutega-nahale","10":"desktop-align-center","11":"tablet-align-left","12":"mobile-align-left","14":"first","15":"instock","16":"taxable","17":"shipping-taxable","18":"purchasable","19":"product-type-simple","20":"add-to-wishlist-before_image"},"aioseo_notices":[],"_links":{"self":[{"href":"https:\/\/kosmeetika24.eu\/ru\/wp-json\/wp\/v2\/product\/9612","targetHints":{"allow":["GET"]}}],"collection":[{"href":"https:\/\/kosmeetika24.eu\/ru\/wp-json\/wp\/v2\/product"}],"about":[{"href":"https:\/\/kosmeetika24.eu\/ru\/wp-json\/wp\/v2\/types\/product"}],"version-history":[{"count":5,"href":"https:\/\/kosmeetika24.eu\/ru\/wp-json\/wp\/v2\/product\/9612\/revisions"}],"predecessor-version":[{"id":10503,"href":"https:\/\/kosmeetika24.eu\/ru\/wp-json\/wp\/v2\/product\/9612\/revisions\/10503"}],"wp:featuredmedia":[{"embeddable":true,"href":"https:\/\/kosmeetika24.eu\/ru\/wp-json\/wp\/v2\/media\/9613"}],"wp:attachment":[{"href":"https:\/\/kosmeetika24.eu\/ru\/wp-json\/wp\/v2\/media?parent=9612"}],"wp:term":[{"taxonomy":"product_brand","embeddable":true,"href":"https:\/\/kosmeetika24.eu\/ru\/wp-json\/wp\/v2\/product_brand?post=9612"},{"taxonomy":"product_cat","embeddable":true,"href":"https:\/\/kosmeetika24.eu\/ru\/wp-json\/wp\/v2\/product_cat?post=9612"},{"taxonomy":"product_tag","embeddable":true,"href":"https:\/\/kosmeetika24.eu\/ru\/wp-json\/wp\/v2\/product_tag?post=9612"}],"curies":[{"name":"wp","href":"https:\/\/api.w.org\/{rel}","templated":true}]}}