{"id":9591,"date":"2025-03-06T15:59:47","date_gmt":"2025-03-06T12:59:47","guid":{"rendered":"https:\/\/kosmeetika24.eu\/?post_type=product&#038;p=9591"},"modified":"2025-09-30T15:49:05","modified_gmt":"2025-09-30T12:49:05","slug":"dalton-oyster-combination-skin-moisturizer","status":"publish","type":"product","link":"https:\/\/kosmeetika24.eu\/ru\/product\/dalton-oyster-combination-skin-moisturizer\/","title":{"rendered":"Dalton &#8211; Oyster &#8211; Combination Skin Moisturizer"},"content":{"rendered":"<p><strong>\u0418\u0441\u043f\u043e\u043b\u044c\u0437\u043e\u0432\u0430\u043d\u0438\u0435:<\/strong><span style=\"font-weight: 400;\"><br \/>\n<\/span><span style=\"font-weight: 400;\">Kandke kreem hommikul ja \u00f5htul puhtale n\u00e4ole, kaelale ja dekolteepiirkonnale ning masseerige \u00f5rnalt nahka. Kui kasutate ka <\/span><b>OYSTER Pore-Refining kontsentraati<\/b><span style=\"font-weight: 400;\">, kandke see esmalt nahale ning seej\u00e4rel kreem.<\/span><span style=\"font-weight: 400;\"><br \/>\n<\/span><span style=\"font-weight: 400;\"><br \/>\n<\/span><span style=\"font-weight: 400;\">Matistav kreem on loodud <\/span><b>austriekstrakti ja mastiksi vaigu ekstraktiga<\/b><span style=\"font-weight: 400;\">, et kontrollida rasueritust T-tsoonis ja <\/span><span style=\"font-weight: 400;\">v\u00e4hendada naha l\u00e4iget<\/span><span style=\"font-weight: 400;\">, samal ajal niisutades ja toites kuivemaid piirkondi. Vananemisvastane kreem sobib suurep\u00e4raselt nii kombineeritud kui ka probleemsele nahale, kuna see aitab puhastada ummistunud poore, v\u00e4hendada komedoone ja hoida nahk kauem matina. Lisaks on kreem rikastatud <\/span><b>Celumeri mereekstraktiga<\/b><span style=\"font-weight: 400;\">, mis v\u00f5itleb esimeste vananemism\u00e4rkidega ja silub nahka, j\u00e4ttes selle nooruslikumaks. Regulaarne kasutamine aitab taastada kombineeritud naha tasakaalu, muutes selle matiks ja \u00fchtlaseks.<\/span><span style=\"font-weight: 400;\"><br \/>\n<\/span><span style=\"font-weight: 400;\"><br \/>\n<\/span><i><span style=\"font-weight: 400;\">Testi tulemused: 44 naist vanuses 30\u201352 aastat kasutasid toodet hommikul ja \u00f5htul 28 p\u00e4eva jooksul ning tulemusi v\u00f5rreldi t\u00f6\u00f6tlemata kontrollpiirkonnaga.<\/span><\/i><span style=\"font-weight: 400;\"><br \/>\n<\/span><span style=\"font-weight: 400;\"><br \/>\n<\/span><span style=\"font-weight: 400;\"><strong>\u0421\u041e\u0421\u0422\u0410\u0412:<\/strong><br \/>\nAqua\/Water, Caprylic\/Capric Triglyceride, Dicaprylyl Carbonate, Glyceryl Stearate, PEG-100 Stearate, Propylene Glycol, Cetearyl Alcohol, Dimethicone, Glycerin, Prunus Amygdalus Dulcis (Sweet Almond) Oil, Pistacia Lentiscus (Mastic) Gum, Maris Aqua\/Sea Water, Spirulina Maxima Extract, Algae Extract\/Alaria Esculenta Extract, Saccharide Isomerate, Caviar Extract, Ostrea Shell Extract\/Oyster Shell Extract, Maris Limus Extract\/Sea Silt Extract, Biotin, Tocopherol, Lecithin, Carbomer, Ethylhexylglycerin, Sodium Hydroxide, Potassium Sorbate, Hydrogenated Palm Glycerides Citrate, Tetrasodium Glutamate Diacetate, Phenoxyethanol, Cinnamyl Alcohol, Eugenol, Benzyl Salicylate, Hexyl Cinnamal, Limonene, Linalool, Alcohol, Parfum\/Fragrance.<\/span><span style=\"font-weight: 400;\"><br \/>\n<\/span><\/p>\n<p><span style=\"font-size: xx-small;\">898.-\u20ac\/l<\/span><\/p>","protected":false},"excerpt":{"rendered":"<p>Tasakaalustav ja poore ahendav vananemisvastane n\u00e4okreem. 50ml<\/p>\n<p class=\"translation-block\">\u0420\u0435\u0433\u0443\u043b\u0438\u0440\u0443\u0435\u0442 \u0432\u044b\u0440\u0430\u0431\u043e\u0442\u043a\u0443 \u0441\u0435\u0431\u0443\u043c\u0430 \u0432 \u0422-\u0437\u043e\u043d\u0435<br>\n\u0421\u0443\u0436\u0430\u0435\u0442 \u043f\u043e\u0440\u044b, \u043c\u0430\u0442\u0438\u0440\u0443\u0435\u0442 \u0438 \u0443\u0432\u043b\u0430\u0436\u043d\u044f\u0435\u0442<br>\n\u041f\u043e\u043c\u043e\u0433\u0430\u0435\u0442 \u043e\u0447\u0438\u0441\u0442\u0438\u0442\u044c \u0437\u0430\u0431\u043b\u043e\u043a\u0438\u0440\u043e\u0432\u0430\u043d\u043d\u044b\u0435 \u043f\u043e\u0440\u044b \u0438 \u0443\u043c\u0435\u043d\u044c\u0448\u0438\u0442\u044c \u0432\u043e\u0441\u043f\u0430\u043b\u0435\u043d\u0438\u044f<br>\n\u0421\u043e\u0434\u0435\u0440\u0436\u0438\u0442 \u044d\u043a\u0441\u0442\u0440\u0430\u043a\u0442 \u0443\u0441\u0442\u0440\u0438\u0446 \u0438 \u044d\u043a\u0441\u0442\u0440\u0430\u043a\u0442 \u043c\u0430\u0441\u0442\u0438\u043a\u0441\u0430 (\u0441\u043c\u043e\u043b\u0430 Pistacia lentiscus)<br>\n95% \u0443\u0447\u0430\u0441\u0442\u043d\u0438\u043a\u043e\u0432 \u0442\u0435\u0441\u0442\u0430 \u043f\u043e\u0434\u0442\u0432\u0435\u0440\u0434\u0438\u043b\u0438, \u0447\u0442\u043e \u0432\u044b\u0440\u0430\u0431\u043e\u0442\u043a\u0430 \u0441\u0435\u0431\u0443\u043c\u0430 \u0441\u043d\u0438\u0437\u0438\u043b\u0430\u0441\u044c*<br>\n\u0421 \u0430\u043d\u0442\u0438\u0432\u043e\u0437\u0440\u0430\u0441\u0442\u043d\u044b\u043c \u044d\u0444\u0444\u0435\u043a\u0442\u043e\u043c<\/p>","protected":false},"featured_media":9592,"template":"","meta":{"om_disable_all_campaigns":false,"_monsterinsights_skip_tracking":false,"_monsterinsights_sitenote_active":false,"_monsterinsights_sitenote_note":"","_monsterinsights_sitenote_category":0,"_uf_show_specific_survey":0,"_uf_disable_surveys":false,"site-sidebar-layout":"default","site-content-layout":"","ast-site-content-layout":"default","site-content-style":"default","site-sidebar-style":"default","ast-global-header-display":"","ast-banner-title-visibility":"","ast-main-header-display":"","ast-hfb-above-header-display":"","ast-hfb-below-header-display":"","ast-hfb-mobile-header-display":"","site-post-title":"","ast-breadcrumbs-content":"","ast-featured-img":"","footer-sml-layout":"","theme-transparent-header-meta":"default","adv-header-id-meta":"","stick-header-meta":"","header-above-stick-meta":"","header-main-stick-meta":"","header-below-stick-meta":"","astra-migrate-meta-layouts":"set","ast-page-background-enabled":"default","ast-page-background-meta":{"desktop":{"background-color":"var(--ast-global-color-4)","background-image":"","background-repeat":"repeat","background-position":"center center","background-size":"auto","background-attachment":"scroll","background-type":"","background-media":"","overlay-type":"","overlay-color":"","overlay-opacity":"","overlay-gradient":""},"tablet":{"background-color":"","background-image":"","background-repeat":"repeat","background-position":"center center","background-size":"auto","background-attachment":"scroll","background-type":"","background-media":"","overlay-type":"","overlay-color":"","overlay-opacity":"","overlay-gradient":""},"mobile":{"background-color":"","background-image":"","background-repeat":"repeat","background-position":"center center","background-size":"auto","background-attachment":"scroll","background-type":"","background-media":"","overlay-type":"","overlay-color":"","overlay-opacity":"","overlay-gradient":""}},"ast-content-background-meta":{"desktop":{"background-color":"var(--ast-global-color-5)","background-image":"","background-repeat":"repeat","background-position":"center center","background-size":"auto","background-attachment":"scroll","background-type":"","background-media":"","overlay-type":"","overlay-color":"","overlay-opacity":"","overlay-gradient":""},"tablet":{"background-color":"var(--ast-global-color-5)","background-image":"","background-repeat":"repeat","background-position":"center center","background-size":"auto","background-attachment":"scroll","background-type":"","background-media":"","overlay-type":"","overlay-color":"","overlay-opacity":"","overlay-gradient":""},"mobile":{"background-color":"var(--ast-global-color-5)","background-image":"","background-repeat":"repeat","background-position":"center center","background-size":"auto","background-attachment":"scroll","background-type":"","background-media":"","overlay-type":"","overlay-color":"","overlay-opacity":"","overlay-gradient":""}}},"product_brand":[],"product_cat":[87,75,115,426],"product_tag":[],"class_list":{"0":"post-9591","1":"product","2":"type-product","3":"status-publish","4":"has-post-thumbnail","6":"product_cat-kombineeritud-nahale","7":"product_cat-kreemid-naole","8":"product_cat-kreemid-profitooted","9":"product_cat-uued-tooted","10":"desktop-align-center","11":"tablet-align-left","12":"mobile-align-left","14":"first","15":"instock","16":"taxable","17":"shipping-taxable","18":"purchasable","19":"product-type-simple","20":"add-to-wishlist-before_image"},"aioseo_notices":[],"_links":{"self":[{"href":"https:\/\/kosmeetika24.eu\/ru\/wp-json\/wp\/v2\/product\/9591","targetHints":{"allow":["GET"]}}],"collection":[{"href":"https:\/\/kosmeetika24.eu\/ru\/wp-json\/wp\/v2\/product"}],"about":[{"href":"https:\/\/kosmeetika24.eu\/ru\/wp-json\/wp\/v2\/types\/product"}],"version-history":[{"count":4,"href":"https:\/\/kosmeetika24.eu\/ru\/wp-json\/wp\/v2\/product\/9591\/revisions"}],"predecessor-version":[{"id":10509,"href":"https:\/\/kosmeetika24.eu\/ru\/wp-json\/wp\/v2\/product\/9591\/revisions\/10509"}],"wp:featuredmedia":[{"embeddable":true,"href":"https:\/\/kosmeetika24.eu\/ru\/wp-json\/wp\/v2\/media\/9592"}],"wp:attachment":[{"href":"https:\/\/kosmeetika24.eu\/ru\/wp-json\/wp\/v2\/media?parent=9591"}],"wp:term":[{"taxonomy":"product_brand","embeddable":true,"href":"https:\/\/kosmeetika24.eu\/ru\/wp-json\/wp\/v2\/product_brand?post=9591"},{"taxonomy":"product_cat","embeddable":true,"href":"https:\/\/kosmeetika24.eu\/ru\/wp-json\/wp\/v2\/product_cat?post=9591"},{"taxonomy":"product_tag","embeddable":true,"href":"https:\/\/kosmeetika24.eu\/ru\/wp-json\/wp\/v2\/product_tag?post=9591"}],"curies":[{"name":"wp","href":"https:\/\/api.w.org\/{rel}","templated":true}]}}