{"id":9562,"date":"2025-02-20T19:36:13","date_gmt":"2025-02-20T16:36:13","guid":{"rendered":"https:\/\/kosmeetika24.eu\/?post_type=product&#038;p=9562"},"modified":"2026-03-27T14:39:40","modified_gmt":"2026-03-27T11:39:40","slug":"dalton-face-care-kangasmask-kaaviari-ja-kullaga","status":"publish","type":"product","link":"https:\/\/kosmeetika24.eu\/ru\/product\/dalton-face-care-kangasmask-kaaviari-ja-kullaga\/","title":{"rendered":"Dalton FACE CARE &#8211; Collagen Pro &#8211; Caviar &#038; Gold Mask"},"content":{"rendered":"<p><span style=\"font-weight: 400;\">Kangasmask kaaviari ja kullaga on immutatud 20 ml luksusliku seerumiga, mis sisaldab unikaalset koostisosade segu: <\/span><b>kaaviar, kuld ja merekollageen<\/b><span style=\"font-weight: 400;\"> toetavad naha loomulikku uuenemist ja parandavad elastsust. Lisaks on see rikastatud <\/span><b>vananemisvastase Celumeri mereekstraktiga<\/b><span style=\"font-weight: 400;\">, mis soodustab kollageeni tootmist ja tugevdab naha sidekude. Peened kuldosakesed annavad nahale kauni s\u00e4ra, samas kui <\/span><b>looduslik nisuekstrakt<\/b><span style=\"font-weight: 400;\"> pinguldab ja toniseerib nahka. Mask niisutab t\u00f5husalt kuiva nahka, v\u00e4hendab peeneid jooni ja kortse ning j\u00e4tab naha siledaks ja nooruslikuks.<\/span><\/p>\n<p><b>\u0418\u0421\u041f\u041e\u041b\u042c\u0417\u041e\u0412\u0410\u041d\u0418\u0415<\/b><\/p>\n<ol>\n<li style=\"font-weight: 400;\" aria-level=\"1\"><span style=\"font-weight: 400;\">\u041f\u043e\u0447\u0438\u0441\u0442\u0438\u0442\u0435 \u0438 \u0432\u044b\u0441\u0443\u0448\u0438\u0442\u0435 \u043b\u0438\u0446\u043e.<\/span><\/li>\n<li style=\"font-weight: 400;\" aria-level=\"1\"><span style=\"font-weight: 400;\">\u041e\u0442\u043a\u0440\u043e\u0439\u0442\u0435 \u0443\u043f\u0430\u043a\u043e\u0432\u043a\u0443, \u0438\u0437\u0432\u043b\u0435\u043a\u0438\u0442\u0435 \u043c\u0430\u0441\u043a\u0443 \u0438 \u043f\u0440\u0438\u043b\u043e\u0436\u0438\u0442\u0435 \u0435\u0451 \u043a \u043b\u0438\u0446\u0443.<\/span><\/li>\n<li style=\"font-weight: 400;\" aria-level=\"1\"><span style=\"font-weight: 400;\">\u041e\u0441\u0442\u0430\u0432\u044c\u0442\u0435 \u043c\u0430\u0441\u043a\u0443 \u043d\u0430 15-20 \u043c\u0438\u043d\u0443\u0442, \u0437\u0430\u0442\u0435\u043c \u0441\u043d\u0438\u043c\u0438\u0442\u0435 \u043c\u0430\u0441\u043a\u0443. \u0418\u0437\u043b\u0438\u0448\u043a\u0438 \u0441\u044b\u0432\u043e\u0440\u043e\u0442\u043a\u0438 \u0443\u0434\u0430\u043b\u0438\u0442\u0435 \u0441\u0430\u043b\u0444\u0435\u0442\u043a\u043e\u0439 \u0438\u043b\u0438 \u043f\u043e\u0445\u043b\u043e\u043f\u0430\u0439\u0442\u0435 \u0435\u0451 \u0432 \u043a\u043e\u0436\u0443.<\/span><\/li>\n<li style=\"font-weight: 400;\" aria-level=\"1\"><span style=\"font-weight: 400;\">\u041f\u0440\u043e\u0434\u043e\u043b\u0436\u0438\u0442\u0435 \u0441\u0432\u043e\u044e \u043e\u0431\u044b\u0447\u043d\u0443\u044e \u043f\u0440\u043e\u0446\u0435\u0434\u0443\u0440\u0443 \u0443\u0445\u043e\u0434\u0430 \u0437\u0430 \u043a\u043e\u0436\u0435\u0439, \u0438\u0441\u043f\u043e\u043b\u044c\u0437\u0443\u044f \u043f\u0440\u043e\u0434\u0443\u043a\u0442\u044b, \u0441\u043e\u043e\u0442\u0432\u0435\u0442\u0441\u0442\u0432\u0443\u044e\u0449\u0438\u0435 \u0432\u0430\u0448\u0435\u043c\u0443 \u0442\u0438\u043f\u0443 \u043a\u043e\u0436\u0438.<\/span><\/li>\n<\/ol>\n<p><span style=\"font-weight: 400;\"><strong>\u0421\u041e\u0421\u0422\u0410\u0412<\/strong><br \/>\nAqua\/Water, Glycerin, Pentylene Glycol, PPG-26-Buteth-26, PEG-40 Hydrogenated Castor Oil, Cichorium Intybus (Chicory) Root Extract, Caviar Extract, Maris Aqua\/Sea Water, Spirulina Maxima Extract, Algae Extract\/Alaria Esculenta Extract, Saccharide Isomerate, Ostrea Shell Extract\/Oyster Shell Extract, Maris Limus Extract\/Sea Silt Extract, Hydrolyzed Collagen, Gold (CI 77480), Gluconolactone, Hydrolyzed Wheat Protein, Caprylic\/Capric Triglyceride, Xanthan Gum, Propylene Glycol, Sodium Hydroxide, Sclerotium Gum, Hydrolyzed F-Fucoidan, Tetrasodium Glutamate Diacetate, Sodium Benzoate, Caesalpinia Spinosa Gum, Phenoxyethanol, Lactic Acid, Citric Acid, Calcium Gluconate, Potassium Sorbate, Synthetic Fluorphlogopite, Silver (CI 77820), Bronze Powder\/ Copper Powder (CI 77400), Iron Oxides (CI 77491), Titanium Dioxide (CI 77891)<\/span><\/p>","protected":false},"excerpt":{"rendered":"<p>Silendav kangasmask\u00a0 kaaviari ja kullaga koos merekollageeniga<\/p>\n<p class=\"translation-block\"><span style=\"font-weight: 400\">\u0421\u0442\u0438\u043c\u0443\u043b\u0438\u0440\u0443\u0435\u0442 \u0432\u044b\u0440\u0430\u0431\u043e\u0442\u043a\u0443 \u043a\u043e\u043b\u043b\u0430\u0433\u0435\u043d\u0430<\/span><br>\n<span style=\"font-weight: 400\">\u0411\u0435\u0437 \u0437\u0430\u043f\u0430\u0445\u0430 \u0430\u043d\u0442\u0438\u0432\u043e\u0437\u0440\u0430\u0441\u0442\u043d\u0430\u044f \u0442\u043a\u0430\u043d\u0435\u0432\u0430\u044f \u043c\u0430\u0441\u043a\u0430 \u0441 \u043d\u0430\u0441\u0442\u043e\u044f\u0449\u0438\u043c \u0437\u043e\u043b\u043e\u0442\u043e\u043c<\/span><br>\n<span style=\"font-weight: 400\">\u0421\u043e\u0434\u0435\u0440\u0436\u0438\u0442 \u043c\u043e\u0440\u0441\u043a\u043e\u0439 \u043a\u043e\u043b\u043b\u0430\u0433\u0435\u043d \u0438 \u0438\u043a\u0440\u0443<\/span><br>\n<span style=\"font-weight: 400\">\u0423\u043b\u0443\u0447\u0448\u0430\u0435\u0442 \u0443\u043f\u0440\u0443\u0433\u043e\u0441\u0442\u044c \u043a\u043e\u0436\u0438<\/span><br>\n<span style=\"font-weight: 400\">\u041f\u0440\u0438\u0434\u0430\u0435\u0442 \u043a\u043e\u0436\u0435 \u0441\u0438\u044f\u043d\u0438\u0435<\/span><br>\n<span style=\"font-weight: 400\">89% \u043d\u0430\u0442\u0443\u0440\u0430\u043b\u044c\u043d\u044b\u0445 \u0438\u043d\u0433\u0440\u0435\u0434\u0438\u0435\u043d\u0442\u043e\u0432<\/span><br>\n<span style=\"font-weight: 400\">\u041f\u0440\u043e\u043f\u0438\u0442\u0430\u043d\u0430 20 \u043c\u043b \u0441\u044b\u0432\u043e\u0440\u043e\u0442\u043a\u0438<\/span><\/p>","protected":false},"featured_media":9584,"template":"","meta":{"om_disable_all_campaigns":false,"_monsterinsights_skip_tracking":false,"_monsterinsights_sitenote_active":false,"_monsterinsights_sitenote_note":"","_monsterinsights_sitenote_category":0,"_uf_show_specific_survey":0,"_uf_disable_surveys":false,"site-sidebar-layout":"default","site-content-layout":"","ast-site-content-layout":"default","site-content-style":"default","site-sidebar-style":"default","ast-global-header-display":"","ast-banner-title-visibility":"","ast-main-header-display":"","ast-hfb-above-header-display":"","ast-hfb-below-header-display":"","ast-hfb-mobile-header-display":"","site-post-title":"","ast-breadcrumbs-content":"","ast-featured-img":"","footer-sml-layout":"","theme-transparent-header-meta":"default","adv-header-id-meta":"","stick-header-meta":"","header-above-stick-meta":"","header-main-stick-meta":"","header-below-stick-meta":"","astra-migrate-meta-layouts":"set","ast-page-background-enabled":"default","ast-page-background-meta":{"desktop":{"background-color":"var(--ast-global-color-4)","background-image":"","background-repeat":"repeat","background-position":"center center","background-size":"auto","background-attachment":"scroll","background-type":"","background-media":"","overlay-type":"","overlay-color":"","overlay-opacity":"","overlay-gradient":""},"tablet":{"background-color":"","background-image":"","background-repeat":"repeat","background-position":"center center","background-size":"auto","background-attachment":"scroll","background-type":"","background-media":"","overlay-type":"","overlay-color":"","overlay-opacity":"","overlay-gradient":""},"mobile":{"background-color":"","background-image":"","background-repeat":"repeat","background-position":"center center","background-size":"auto","background-attachment":"scroll","background-type":"","background-media":"","overlay-type":"","overlay-color":"","overlay-opacity":"","overlay-gradient":""}},"ast-content-background-meta":{"desktop":{"background-color":"var(--ast-global-color-5)","background-image":"","background-repeat":"repeat","background-position":"center center","background-size":"auto","background-attachment":"scroll","background-type":"","background-media":"","overlay-type":"","overlay-color":"","overlay-opacity":"","overlay-gradient":""},"tablet":{"background-color":"var(--ast-global-color-5)","background-image":"","background-repeat":"repeat","background-position":"center center","background-size":"auto","background-attachment":"scroll","background-type":"","background-media":"","overlay-type":"","overlay-color":"","overlay-opacity":"","overlay-gradient":""},"mobile":{"background-color":"var(--ast-global-color-5)","background-image":"","background-repeat":"repeat","background-position":"center center","background-size":"auto","background-attachment":"scroll","background-type":"","background-media":"","overlay-type":"","overlay-color":"","overlay-opacity":"","overlay-gradient":""}}},"product_brand":[],"product_cat":[116,114,432,426],"product_tag":[],"class_list":{"0":"post-9562","1":"product","2":"type-product","3":"status-publish","4":"has-post-thumbnail","6":"product_cat-maskid-profitooted","7":"product_cat-puhastustooted-profitooted","8":"product_cat-top-tooted","9":"product_cat-uued-tooted","10":"desktop-align-center","11":"tablet-align-left","12":"mobile-align-left","14":"first","15":"instock","16":"taxable","17":"shipping-taxable","18":"purchasable","19":"product-type-simple","20":"add-to-wishlist-before_image"},"aioseo_notices":[],"_links":{"self":[{"href":"https:\/\/kosmeetika24.eu\/ru\/wp-json\/wp\/v2\/product\/9562","targetHints":{"allow":["GET"]}}],"collection":[{"href":"https:\/\/kosmeetika24.eu\/ru\/wp-json\/wp\/v2\/product"}],"about":[{"href":"https:\/\/kosmeetika24.eu\/ru\/wp-json\/wp\/v2\/types\/product"}],"version-history":[{"count":8,"href":"https:\/\/kosmeetika24.eu\/ru\/wp-json\/wp\/v2\/product\/9562\/revisions"}],"predecessor-version":[{"id":10301,"href":"https:\/\/kosmeetika24.eu\/ru\/wp-json\/wp\/v2\/product\/9562\/revisions\/10301"}],"wp:featuredmedia":[{"embeddable":true,"href":"https:\/\/kosmeetika24.eu\/ru\/wp-json\/wp\/v2\/media\/9584"}],"wp:attachment":[{"href":"https:\/\/kosmeetika24.eu\/ru\/wp-json\/wp\/v2\/media?parent=9562"}],"wp:term":[{"taxonomy":"product_brand","embeddable":true,"href":"https:\/\/kosmeetika24.eu\/ru\/wp-json\/wp\/v2\/product_brand?post=9562"},{"taxonomy":"product_cat","embeddable":true,"href":"https:\/\/kosmeetika24.eu\/ru\/wp-json\/wp\/v2\/product_cat?post=9562"},{"taxonomy":"product_tag","embeddable":true,"href":"https:\/\/kosmeetika24.eu\/ru\/wp-json\/wp\/v2\/product_tag?post=9562"}],"curies":[{"name":"wp","href":"https:\/\/api.w.org\/{rel}","templated":true}]}}