{"id":9174,"date":"2024-11-05T10:23:04","date_gmt":"2024-11-05T07:23:04","guid":{"rendered":"https:\/\/kosmeetika24.eu\/?post_type=product&#038;p=9174"},"modified":"2025-04-07T14:59:47","modified_gmt":"2025-04-07T11:59:47","slug":"mesotech-global-meso-peptiididega-mesokokteil","status":"publish","type":"product","link":"https:\/\/kosmeetika24.eu\/ru\/product\/mesotech-global-meso-peptiididega-mesokokteil\/","title":{"rendered":"Mesotech Global Meso peptiididega mesokokteil"},"content":{"rendered":"<h6><strong>AKTIIVSED KOOSTISOSAD<\/strong><\/h6>\n<ul>\n<li><strong>SYN\u00ae-AKE<\/strong> on v\u00e4ike s\u00fcnteetiline peptiid, mis p\u00f5hineb patenteeritud tehnoloogial. <strong>SYN\u00ae-AKE<\/strong> ohutust ja aktiivsust on p\u00f5hjalikult testitud. Toimib lihasrelaksandina &#8211; l\u00f5dvestab lihaseid ja v\u00e4hendab n\u00e4okortsude s\u00fcgavust, hoides \u00e4ra uute tekke. N\u00e4rviimpulsside \u00fclekandumine lihastesse on p\u00e4rsitud, seel\u00e4bi n\u00e4olihased l\u00f5dvestuvad. Toime on kumulatiivne ja sarnane botuliintoksiiniga. Kuid kui botoksit tuleb manustada s\u00fcstimise teel, siis selle mesekokteili kasutamisel on sarnane tulemus.\u00a0 Esimeste tulemuste n\u00e4gemiseks peab toodet kasutama aga v\u00e4hemalt 14 p\u00e4eva.<\/li>\n<li><strong>E- ja C-vitamiin<\/strong> : kaitsevad nad nahka v\u00e4listegurite (saaste, UV-A UV-B) eest, mis on nahale ohtlikud ja v\u00f5ivad p\u00f5hjustada naha enneaegset vananemist.<\/li>\n<li><strong>\u0412\u0438\u0442\u0430\u043c\u0438\u043d \u0410.<\/strong> : aitab parandada l\u00f5henenud, punetava ja \u00e4rritunud nahka. Sellel on ka rasueritust reguleeriv toime, mis tasakaalustab naha rasu tootmist.<\/li>\n<\/ul>\n<p>Soovitav kasutada alates vanusest 30+.<\/p>\n<h6><strong>\u041f\u043e\u043a\u0430\u0437\u0430\u043d\u0438\u044f<\/strong><\/h6>\n<ul>\n<li>K\u00f5rvaldab vananemise m\u00f5ju, eriti t\u00f5hus miimiliste korral.<\/li>\n<li>N\u00e4htav kortsude silumine juba kuu aja p\u00e4rast.<\/li>\n<li>Aitab teie n\u00e4ol l\u00f5\u00f5gastuda ilma v\u00e4ljendusv\u00f5imet kaotamata.<\/li>\n<li>Vananemisvastane, naha vananemise varajased m\u00e4rgid.<\/li>\n<li>Kortsude v\u00e4hendamine \u00fcldiselt ja eriti miimikajoonte v\u00e4hendamine.<\/li>\n<li>Parandab naha ja sidekoe struktuuri.<\/li>\n<li>Tugev radikaalivastane toime.<\/li>\n<\/ul>\n<p><strong>\u0418\u0421\u041f\u041e\u041b\u042c\u0417\u041e\u0412\u0410\u041d\u0418\u0415<\/strong><\/p>\n<p>Kandke hommikul ja \u00f5htul puhtale ja kuivale n\u00e4ole, kaelale ja dekolteele.<\/p>\n<ol>\n<li>Kui seerum on imendunud nahka, siis sooviatakse parema tulemuse saamiseks hommikul kasutada niisuatavat kreemi ja \u00f5htul C-vitamiiniga kreemi.<\/li>\n<li>Kui on soov, et kortsude vaheline ala t\u00e4ituks kollageeniga, siis v\u00f5iks retinooli sisaldavaid tooteid (nt mask) 1x n\u00e4dalas \u00f5htusel ajal.<\/li>\n<\/ol>\n<ul>\n<li>NB! Kui te kasutate retinooliga tooteid ja teil on tundlik nahk, siis konsulteerige kindlasti spetsialistiga.<\/li>\n<\/ul>\n<p>&nbsp;<\/p>\n<p>&nbsp;<\/p>","protected":false},"excerpt":{"rendered":"<p dir=\"ltr\" data-placeholder=\"T\u00f5lge\">1 karp 10 ampulli * 5\u00a0 ml<\/p>\n<p dir=\"ltr\" data-placeholder=\"T\u00f5lge\">Mesotech Global Meso botoksilaadne peptiididega mesokokteil on revolutsiooniline seerum.<\/p>\n<p dir=\"ltr\" data-placeholder=\"T\u00f5lge\">Loodud v\u00f5itlemiseks varajaste vananemisilmingutega, \u00fchtlustab naha tooni ning muutes naha siledamaks ja elastsemaks.<\/p>\n<p dir=\"ltr\" data-placeholder=\"T\u00f5lge\">Seerumi komponendid avaldavad v\u00f5imsat m\u00f5ju, parandades naha seissundit ning andes sellele s\u00e4ra ja pingulolekut.<\/p>","protected":false},"featured_media":9183,"template":"","meta":{"om_disable_all_campaigns":false,"_monsterinsights_skip_tracking":false,"_monsterinsights_sitenote_active":false,"_monsterinsights_sitenote_note":"","_monsterinsights_sitenote_category":0,"_uf_show_specific_survey":0,"_uf_disable_surveys":false,"site-sidebar-layout":"default","site-content-layout":"","ast-site-content-layout":"default","site-content-style":"default","site-sidebar-style":"default","ast-global-header-display":"","ast-banner-title-visibility":"","ast-main-header-display":"","ast-hfb-above-header-display":"","ast-hfb-below-header-display":"","ast-hfb-mobile-header-display":"","site-post-title":"","ast-breadcrumbs-content":"","ast-featured-img":"","footer-sml-layout":"","theme-transparent-header-meta":"default","adv-header-id-meta":"","stick-header-meta":"","header-above-stick-meta":"","header-main-stick-meta":"","header-below-stick-meta":"","astra-migrate-meta-layouts":"set","ast-page-background-enabled":"default","ast-page-background-meta":{"desktop":{"background-color":"var(--ast-global-color-4)","background-image":"","background-repeat":"repeat","background-position":"center center","background-size":"auto","background-attachment":"scroll","background-type":"","background-media":"","overlay-type":"","overlay-color":"","overlay-opacity":"","overlay-gradient":""},"tablet":{"background-color":"","background-image":"","background-repeat":"repeat","background-position":"center center","background-size":"auto","background-attachment":"scroll","background-type":"","background-media":"","overlay-type":"","overlay-color":"","overlay-opacity":"","overlay-gradient":""},"mobile":{"background-color":"","background-image":"","background-repeat":"repeat","background-position":"center center","background-size":"auto","background-attachment":"scroll","background-type":"","background-media":"","overlay-type":"","overlay-color":"","overlay-opacity":"","overlay-gradient":""}},"ast-content-background-meta":{"desktop":{"background-color":"var(--ast-global-color-5)","background-image":"","background-repeat":"repeat","background-position":"center center","background-size":"auto","background-attachment":"scroll","background-type":"","background-media":"","overlay-type":"","overlay-color":"","overlay-opacity":"","overlay-gradient":""},"tablet":{"background-color":"var(--ast-global-color-5)","background-image":"","background-repeat":"repeat","background-position":"center center","background-size":"auto","background-attachment":"scroll","background-type":"","background-media":"","overlay-type":"","overlay-color":"","overlay-opacity":"","overlay-gradient":""},"mobile":{"background-color":"var(--ast-global-color-5)","background-image":"","background-repeat":"repeat","background-position":"center center","background-size":"auto","background-attachment":"scroll","background-type":"","background-media":"","overlay-type":"","overlay-color":"","overlay-opacity":"","overlay-gradient":""}}},"product_brand":[],"product_cat":[15,77],"product_tag":[],"class_list":{"0":"post-9174","1":"product","2":"type-product","3":"status-publish","4":"has-post-thumbnail","6":"product_cat-naole","7":"product_cat-seerumid","8":"desktop-align-center","9":"tablet-align-left","10":"mobile-align-left","12":"first","13":"instock","14":"taxable","15":"shipping-taxable","16":"purchasable","17":"product-type-simple","18":"add-to-wishlist-before_image"},"aioseo_notices":[],"_links":{"self":[{"href":"https:\/\/kosmeetika24.eu\/ru\/wp-json\/wp\/v2\/product\/9174","targetHints":{"allow":["GET"]}}],"collection":[{"href":"https:\/\/kosmeetika24.eu\/ru\/wp-json\/wp\/v2\/product"}],"about":[{"href":"https:\/\/kosmeetika24.eu\/ru\/wp-json\/wp\/v2\/types\/product"}],"version-history":[{"count":19,"href":"https:\/\/kosmeetika24.eu\/ru\/wp-json\/wp\/v2\/product\/9174\/revisions"}],"predecessor-version":[{"id":9522,"href":"https:\/\/kosmeetika24.eu\/ru\/wp-json\/wp\/v2\/product\/9174\/revisions\/9522"}],"wp:featuredmedia":[{"embeddable":true,"href":"https:\/\/kosmeetika24.eu\/ru\/wp-json\/wp\/v2\/media\/9183"}],"wp:attachment":[{"href":"https:\/\/kosmeetika24.eu\/ru\/wp-json\/wp\/v2\/media?parent=9174"}],"wp:term":[{"taxonomy":"product_brand","embeddable":true,"href":"https:\/\/kosmeetika24.eu\/ru\/wp-json\/wp\/v2\/product_brand?post=9174"},{"taxonomy":"product_cat","embeddable":true,"href":"https:\/\/kosmeetika24.eu\/ru\/wp-json\/wp\/v2\/product_cat?post=9174"},{"taxonomy":"product_tag","embeddable":true,"href":"https:\/\/kosmeetika24.eu\/ru\/wp-json\/wp\/v2\/product_tag?post=9174"}],"curies":[{"name":"wp","href":"https:\/\/api.w.org\/{rel}","templated":true}]}}