{"id":9131,"date":"2024-11-04T11:16:04","date_gmt":"2024-11-04T08:16:04","guid":{"rendered":"https:\/\/kosmeetika24.eu\/?post_type=product&#038;p=9131"},"modified":"2026-01-09T15:33:20","modified_gmt":"2026-01-09T12:33:20","slug":"koru-pharma-mesoheal-mesoteraapia-ravijargne-mask","status":"publish","type":"product","link":"https:\/\/kosmeetika24.eu\/ru\/product\/koru-pharma-mesoheal-mesoteraapia-ravijargne-mask\/","title":{"rendered":"Mesoheal Mesoteraapia ravij\u00e4rgne mask"},"content":{"rendered":"<div class=\"wpb_raw_code wpb_content_element wpb_raw_html\">\n<div class=\"wpb_wrapper\">T\u00e4nap\u00e4eval on mesoteraapia v\u00e4ga populaarne. See on \u00fcks t\u00f5husamaid viise naha noorendamiseks ja vananemise ennetamiseks. Kuid selle protseduuri m\u00f5ju s\u00f5ltub k\u00f5ige otsesemalt ja otsesemalt nahahoolduse kvaliteedist ja korrektsusest j\u00e4rgmistel etappidel. Ja hooldus taastumisperioodil m\u00e4ngib v\u00f5tmerolli.<\/div>\n<\/div>\n<div class=\"wpb_raw_code wpb_content_element wpb_raw_html\">\n<div class=\"wpb_wrapper\">\n<div><\/div>\n<div class=\"benefits\"><strong style=\"font-size: 16px;\">Mesoheal Mesotherapy Post-Treatment Care Mask<\/strong><span style=\"font-size: 16px;\">\u00a0on spetsiaalselt loodud selleks, et kiirendada naha taastumist p\u00e4rast mesoteraapiat, samuti kaitsta v\u00f5imalike p\u00f5letike eest. Maski aluseks on bambuskiust valmistatud \u00fcli\u00f5huke riidest salvr\u00e4tik. Sellel materjalil on rahvusvaheline ohutussertifikaat Oeko-TexStandart 100 ja see ei p\u00f5hjusta allergiat. Kangas on nii \u00f5rn, et seda saab kanda isegi \u00e4rritunud nahale. Kangas aitab toimeainetel t\u00e4ielikult nahka imenduda ning samas ei lase geelil laiali minna ega sattuda silma, ninas\u00f5\u00f5rmetesse ega suhu.<\/span><\/div>\n<\/div>\n<\/div>\n<div class=\"wpb_raw_code wpb_content_element wpb_raw_html\">\n<div class=\"wpb_wrapper\">\n<div class=\"nectar_image_with_hotspots hidden-mobile\" data-stlye=\"color_pulse\" data-hotspot-icon=\"plus_sign\" data-size=\"medium\" data-color=\"accent-color\" data-tooltip-func=\"hover\" data-tooltip_shadow=\"none\" data-animation=\"\">\n<div id=\"nectar1\" class=\"nectar_hotspot_wrap\">\n<div class=\"nectar_hotspot\">\n<p>Maski alus on k\u00fcllastunud ainulaadse koostisega ainetega, sealhulgas gilauroonhape ja \u03b2-GL\u00dcKAAN. Koostise kontsentratsioon ja proportsioonid on korraldatud nii, et oleks tagatud nahahoolduse maksimaalne efektiivsus esimestel p\u00e4evadel p\u00e4rast mesoteraapiat.<\/p>\n<p>Mesoteraapia on ette n\u00e4htud neile naistele, kellel on juba nahaprobleemid, nii et kohe p\u00e4rast protseduuri muutub n\u00e4gu \u00e4\u00e4rmiselt haavatavaks. Regulaarne maski kasutamine aitab v\u00e4ltida paljusid probleeme.<\/p>\n<p><strong>Selle k\u00f5ige olulisemad eelised on:<\/strong><\/p>\n<ul>\n<li>Nahk on kaitstud kuivamise eest ja saab optimaalse niisutuse.<\/li>\n<li>\u00c4rrituse eemaldamine.<\/li>\n<li>Kaitse koorimise eest.<\/li>\n<li>Turse ja verevalumite ennetamine.<\/li>\n<li>Parandab naha reljeefi, annab sellele sileduse.<\/li>\n<li>Kaitse nakkuse eest.<\/li>\n<li>Naha rasvasisalduse s\u00e4ilitamine normaalsel tasemel.<\/li>\n<li>Kaitse h\u00fcperpigmenteerunud kohtade tekke eest.<\/li>\n<\/ul>\n<p>Pol\u00fcsahhariid \u03b2-GLUCAN suurendab immuunsust ja suurendab oluliselt naha vastupanuv\u00f5imet nii infektsioonidele kui ka stressile. Seejuures on see aine t\u00e4iesti ohutu ega p\u00f5hjusta allergiat.<\/p>\n<p>Mask h\u00f5lbustab oluliselt taastumisperioodi kulgu ja l\u00fchendab selle kestust. Seda saab kasutada ka juhtudel, kui mesoteraapia protseduur p\u00f5hjustas tugevat punetust, turset v\u00f5i verevalumeid.<\/p>\n<p>Sellegipoolest ei p\u00e4\u00e4sta mask patsienti \u00f5igest toitumisest, suitsetamise, kofeiini, alkoholi, energiajookide ja otsese p\u00e4ikesevalguse v\u00e4ltimisest kuni naha t\u00e4ieliku taastumiseni.<\/p>\n<p><img decoding=\"async\" class=\"alignnone size-medium wp-image-6194\" src=\"https:\/\/kosmeetika24.com\/wp-content\/uploads\/2024\/07\/content_kakaotalk_20180319_145517388-1-300x101.png\" alt=\"\" width=\"300\" height=\"101\" \/><\/p>\n<\/div>\n<\/div>\n<\/div>\n<\/div>\n<\/div>","protected":false},"excerpt":{"rendered":"<p><strong>Uuenduslik \u00fcli\u00f5huke taastav mask<\/strong><\/p>\n<p>Pakub \u00fcli\u00f5hukest biogeelmaski \u03b2-GLUKAANI ja h\u00fcaluroonhappe baasil. Mask on spetsiaalselt loodud selleks, et parandada ja v\u00e4hendada taastumisperioodi p\u00e4rast erinevat t\u00fc\u00fcpi mesoteraapiat, eriti p\u00e4rast Dermarolleri ja mikron\u00f5ela pens\u00fcsteli Dermapen kasutamist. H\u00fcpoallergeenne uuenduslik toode, mask ei sisalda parabeene, ftalaate ega sulfaate.<\/p>\n<p>1 pk 23g<\/p>","protected":false},"featured_media":9132,"template":"","meta":{"om_disable_all_campaigns":false,"_monsterinsights_skip_tracking":false,"_monsterinsights_sitenote_active":false,"_monsterinsights_sitenote_note":"","_monsterinsights_sitenote_category":0,"_uf_show_specific_survey":0,"_uf_disable_surveys":false,"site-sidebar-layout":"default","site-content-layout":"","ast-site-content-layout":"default","site-content-style":"default","site-sidebar-style":"default","ast-global-header-display":"","ast-banner-title-visibility":"","ast-main-header-display":"","ast-hfb-above-header-display":"","ast-hfb-below-header-display":"","ast-hfb-mobile-header-display":"","site-post-title":"","ast-breadcrumbs-content":"","ast-featured-img":"","footer-sml-layout":"","theme-transparent-header-meta":"default","adv-header-id-meta":"","stick-header-meta":"","header-above-stick-meta":"","header-main-stick-meta":"","header-below-stick-meta":"","astra-migrate-meta-layouts":"set","ast-page-background-enabled":"default","ast-page-background-meta":{"desktop":{"background-color":"var(--ast-global-color-4)","background-image":"","background-repeat":"repeat","background-position":"center center","background-size":"auto","background-attachment":"scroll","background-type":"","background-media":"","overlay-type":"","overlay-color":"","overlay-opacity":"","overlay-gradient":""},"tablet":{"background-color":"","background-image":"","background-repeat":"repeat","background-position":"center center","background-size":"auto","background-attachment":"scroll","background-type":"","background-media":"","overlay-type":"","overlay-color":"","overlay-opacity":"","overlay-gradient":""},"mobile":{"background-color":"","background-image":"","background-repeat":"repeat","background-position":"center center","background-size":"auto","background-attachment":"scroll","background-type":"","background-media":"","overlay-type":"","overlay-color":"","overlay-opacity":"","overlay-gradient":""}},"ast-content-background-meta":{"desktop":{"background-color":"var(--ast-global-color-5)","background-image":"","background-repeat":"repeat","background-position":"center center","background-size":"auto","background-attachment":"scroll","background-type":"","background-media":"","overlay-type":"","overlay-color":"","overlay-opacity":"","overlay-gradient":""},"tablet":{"background-color":"var(--ast-global-color-5)","background-image":"","background-repeat":"repeat","background-position":"center center","background-size":"auto","background-attachment":"scroll","background-type":"","background-media":"","overlay-type":"","overlay-color":"","overlay-opacity":"","overlay-gradient":""},"mobile":{"background-color":"var(--ast-global-color-5)","background-image":"","background-repeat":"repeat","background-position":"center center","background-size":"auto","background-attachment":"scroll","background-type":"","background-media":"","overlay-type":"","overlay-color":"","overlay-opacity":"","overlay-gradient":""}}},"product_brand":[],"product_cat":[338,15],"product_tag":[],"class_list":{"0":"post-9131","1":"product","2":"type-product","3":"status-publish","4":"has-post-thumbnail","6":"product_cat-maskid-parchid","7":"product_cat-naole","8":"desktop-align-center","9":"tablet-align-left","10":"mobile-align-left","12":"first","13":"instock","14":"taxable","15":"shipping-taxable","16":"purchasable","17":"product-type-simple","18":"add-to-wishlist-before_image"},"aioseo_notices":[],"_links":{"self":[{"href":"https:\/\/kosmeetika24.eu\/ru\/wp-json\/wp\/v2\/product\/9131","targetHints":{"allow":["GET"]}}],"collection":[{"href":"https:\/\/kosmeetika24.eu\/ru\/wp-json\/wp\/v2\/product"}],"about":[{"href":"https:\/\/kosmeetika24.eu\/ru\/wp-json\/wp\/v2\/types\/product"}],"version-history":[{"count":3,"href":"https:\/\/kosmeetika24.eu\/ru\/wp-json\/wp\/v2\/product\/9131\/revisions"}],"predecessor-version":[{"id":9173,"href":"https:\/\/kosmeetika24.eu\/ru\/wp-json\/wp\/v2\/product\/9131\/revisions\/9173"}],"wp:featuredmedia":[{"embeddable":true,"href":"https:\/\/kosmeetika24.eu\/ru\/wp-json\/wp\/v2\/media\/9132"}],"wp:attachment":[{"href":"https:\/\/kosmeetika24.eu\/ru\/wp-json\/wp\/v2\/media?parent=9131"}],"wp:term":[{"taxonomy":"product_brand","embeddable":true,"href":"https:\/\/kosmeetika24.eu\/ru\/wp-json\/wp\/v2\/product_brand?post=9131"},{"taxonomy":"product_cat","embeddable":true,"href":"https:\/\/kosmeetika24.eu\/ru\/wp-json\/wp\/v2\/product_cat?post=9131"},{"taxonomy":"product_tag","embeddable":true,"href":"https:\/\/kosmeetika24.eu\/ru\/wp-json\/wp\/v2\/product_tag?post=9131"}],"curies":[{"name":"wp","href":"https:\/\/api.w.org\/{rel}","templated":true}]}}