{"id":6829,"date":"2024-01-25T10:46:19","date_gmt":"2024-01-25T10:46:19","guid":{"rendered":"https:\/\/kosmeetika24.eu\/?post_type=product&#038;p=6829"},"modified":"2024-10-10T16:32:09","modified_gmt":"2024-10-10T13:32:09","slug":"wishpro-plus-seadme-roheline-tehnoloogiline-pea","status":"publish","type":"product","link":"https:\/\/kosmeetika24.eu\/ru\/product\/wishpro-plus-seadme-roheline-tehnoloogiline-pea\/","title":{"rendered":"WISHPRO Plus+ \u0443\u0441\u0442\u0440\u043e\u0439\u0441\u0442\u0432\u043e \u0441 \u0437\u0435\u043b\u0435\u043d\u043e\u0439 \u043d\u0430\u0441\u0430\u0434\u043a\u043e\u0439"},"content":{"rendered":"<p><strong>WishPro Plus+<\/strong>\u00a0seadme roheline pea loob magnetv\u00e4lja, mis l\u00f5dvendab hemoglobiini ja hapniku vahelisi sidemeid ning vabastab nahale hapniku, suurendades seel\u00e4bi hapnikuga varustamist ja mikrotsirkulatsiooni.<\/p>\n<p><strong>o <\/strong>See v\u00f5rdub <strong>toidetud ja tervema jumega.<\/strong><\/p>\n<p><strong>o<\/strong> <strong>Stimuleerib<\/strong> nahka rahustavate mehaaniliste impulssidega. Sellega saavutatakse kaks asja: <strong>suurenenud<\/strong> <strong>vereringe<\/strong> ja tugevam naha koorumine. <strong>Surnud naharakud eemaldatakse<\/strong> lihtsalt ja kiiresti.<\/p>\n<p><strong>o<\/strong> Nii \u00f5rn kui n\u00e4omassaa\u017e, seda konkreetset pead on korduvalt kiidetud selle loomup\u00e4raste <strong>stressimaandavate<\/strong> <strong>omaduste<\/strong> \u0430 \u0442\u0430\u043a\u0436\u0435<strong> rahustava tunde<\/strong> eest.<\/p>","protected":false},"excerpt":{"rendered":"<p>Magnetimpulss<\/p>\n<p>Stimuleerib\u00a0 nahka \u00f5rnalt rahustavate mehaaniliste impulsside kaudu.<\/p>\n<p>Nahk tundub h\u00e4mmastavalt pehme ja siidine.<\/p>","protected":false},"featured_media":6844,"template":"","meta":{"om_disable_all_campaigns":false,"_monsterinsights_skip_tracking":false,"_monsterinsights_sitenote_active":false,"_monsterinsights_sitenote_note":"","_monsterinsights_sitenote_category":0,"_uf_show_specific_survey":0,"_uf_disable_surveys":false,"site-sidebar-layout":"default","site-content-layout":"","ast-site-content-layout":"default","site-content-style":"default","site-sidebar-style":"default","ast-global-header-display":"","ast-banner-title-visibility":"","ast-main-header-display":"","ast-hfb-above-header-display":"","ast-hfb-below-header-display":"","ast-hfb-mobile-header-display":"","site-post-title":"","ast-breadcrumbs-content":"","ast-featured-img":"","footer-sml-layout":"","theme-transparent-header-meta":"default","adv-header-id-meta":"","stick-header-meta":"","header-above-stick-meta":"","header-main-stick-meta":"","header-below-stick-meta":"","astra-migrate-meta-layouts":"set","ast-page-background-enabled":"default","ast-page-background-meta":{"desktop":{"background-color":"var(--ast-global-color-4)","background-image":"","background-repeat":"repeat","background-position":"center center","background-size":"auto","background-attachment":"scroll","background-type":"","background-media":"","overlay-type":"","overlay-color":"","overlay-opacity":"","overlay-gradient":""},"tablet":{"background-color":"","background-image":"","background-repeat":"repeat","background-position":"center center","background-size":"auto","background-attachment":"scroll","background-type":"","background-media":"","overlay-type":"","overlay-color":"","overlay-opacity":"","overlay-gradient":""},"mobile":{"background-color":"","background-image":"","background-repeat":"repeat","background-position":"center center","background-size":"auto","background-attachment":"scroll","background-type":"","background-media":"","overlay-type":"","overlay-color":"","overlay-opacity":"","overlay-gradient":""}},"ast-content-background-meta":{"desktop":{"background-color":"var(--ast-global-color-5)","background-image":"","background-repeat":"repeat","background-position":"center center","background-size":"auto","background-attachment":"scroll","background-type":"","background-media":"","overlay-type":"","overlay-color":"","overlay-opacity":"","overlay-gradient":""},"tablet":{"background-color":"var(--ast-global-color-5)","background-image":"","background-repeat":"repeat","background-position":"center center","background-size":"auto","background-attachment":"scroll","background-type":"","background-media":"","overlay-type":"","overlay-color":"","overlay-opacity":"","overlay-gradient":""},"mobile":{"background-color":"var(--ast-global-color-5)","background-image":"","background-repeat":"repeat","background-position":"center center","background-size":"auto","background-attachment":"scroll","background-type":"","background-media":"","overlay-type":"","overlay-color":"","overlay-opacity":"","overlay-gradient":""}}},"product_brand":[],"product_cat":[15,108,358],"product_tag":[],"class_list":{"0":"post-6829","1":"product","2":"type-product","3":"status-publish","4":"has-post-thumbnail","6":"product_cat-naole","7":"product_cat-profitooted","8":"product_cat-wishpro","9":"desktop-align-center","10":"tablet-align-left","11":"mobile-align-left","13":"first","14":"instock","15":"taxable","16":"shipping-taxable","17":"product-type-simple","18":"add-to-wishlist-before_image"},"aioseo_notices":[],"_links":{"self":[{"href":"https:\/\/kosmeetika24.eu\/ru\/wp-json\/wp\/v2\/product\/6829","targetHints":{"allow":["GET"]}}],"collection":[{"href":"https:\/\/kosmeetika24.eu\/ru\/wp-json\/wp\/v2\/product"}],"about":[{"href":"https:\/\/kosmeetika24.eu\/ru\/wp-json\/wp\/v2\/types\/product"}],"version-history":[{"count":4,"href":"https:\/\/kosmeetika24.eu\/ru\/wp-json\/wp\/v2\/product\/6829\/revisions"}],"predecessor-version":[{"id":7140,"href":"https:\/\/kosmeetika24.eu\/ru\/wp-json\/wp\/v2\/product\/6829\/revisions\/7140"}],"wp:featuredmedia":[{"embeddable":true,"href":"https:\/\/kosmeetika24.eu\/ru\/wp-json\/wp\/v2\/media\/6844"}],"wp:attachment":[{"href":"https:\/\/kosmeetika24.eu\/ru\/wp-json\/wp\/v2\/media?parent=6829"}],"wp:term":[{"taxonomy":"product_brand","embeddable":true,"href":"https:\/\/kosmeetika24.eu\/ru\/wp-json\/wp\/v2\/product_brand?post=6829"},{"taxonomy":"product_cat","embeddable":true,"href":"https:\/\/kosmeetika24.eu\/ru\/wp-json\/wp\/v2\/product_cat?post=6829"},{"taxonomy":"product_tag","embeddable":true,"href":"https:\/\/kosmeetika24.eu\/ru\/wp-json\/wp\/v2\/product_tag?post=6829"}],"curies":[{"name":"wp","href":"https:\/\/api.w.org\/{rel}","templated":true}]}}