{"id":6815,"date":"2024-01-24T15:45:51","date_gmt":"2024-01-24T15:45:51","guid":{"rendered":"https:\/\/kosmeetika24.eu\/?post_type=product&#038;p=6815"},"modified":"2024-10-10T16:29:49","modified_gmt":"2024-10-10T13:29:49","slug":"wishpro-wish-care","status":"publish","type":"product","link":"https:\/\/kosmeetika24.eu\/ru\/product\/wishpro-wish-care\/","title":{"rendered":"WISHPRO Wish Care \u2013 \u0443\u0441\u043f\u043e\u043a\u0430\u0438\u0432\u0430\u044e\u0449\u0438\u0439 \u0438 \u043e\u043c\u043e\u043b\u0430\u0436\u0438\u0432\u0430\u044e\u0449\u0438\u0439"},"content":{"rendered":"<p style=\"text-align: center;\"><span style=\"color: #ff6600;\"><strong>Wish Care<\/strong><\/span> kapsel p\u00f5hineb kahel koostisosal: <strong>neurofiliin\u2122 ja\u00a0<\/strong><strong>Abbisyne\u00ae657-eksopol\u00fcsahhariid<\/strong>, mis on saadud<\/p>\n<p style=\"text-align: center;\"><strong>ekstremofiililt, kes elab s\u00fcvamere h\u00fcdrotermilistes ventilatsiooniavades.<\/strong><\/p>\n<p style=\"text-align: center;\">See v\u00e4hendab\u00a0<strong>tundliku naha \u00e4rritust<\/strong>, suurendab\u00a0<strong>vastupanuv\u00f5imet mehaanilistele teguritele ja p\u00e4ikesele<\/strong>, kaitseb nahka\u00a0<strong>kahjustuste eest ja v\u00e4hendab UV-kiirgusest p\u00f5hjustatud naha vananemist<\/strong>.<\/p>\n<p style=\"text-align: center;\">Lisaks on\u00a0<strong>saialille\u00f5lil<\/strong>\u00a0<strong>p\u00f5letikuvastased ja antiseptilised omadused.<\/strong><\/p>\n<p style=\"text-align: center;\"><strong>Kasutusotstarve<\/strong>: k\u00f5ik nahat\u00fc\u00fcbid, tundlik, er\u00fcteem, h\u00fcperreaktiivsus, p\u00f5letik.<\/p>\n<p style=\"text-align: center;\"><span style=\"color: #ff6600;\"><strong>Wish Care<\/strong><\/span>\u00a0kapsel\u00a0on m\u00f5eldud kasutamiseks punase v\u00f5i sinise\u00a0<strong>WishPro Plus+<\/strong> tehnoloogilise peaga.<\/p>\n<p style=\"text-align: center;\"><span style=\"color: #ff6600;\"><strong>APC vanuse protsessi juhtliin<\/strong><\/span><\/p>\n<p style=\"text-align: center;\">Uus\u00a0<strong>APC kapslite sari<\/strong>\u00a0on loodud mehaanilistest teguritest, elustiilist, stressist ja keskkonna saasteainetest p\u00f5hjustatud\u00a0<strong>naha<\/strong>\u00a0vananemisprotsessi kontrollimiseks ja peatamiseks. Sari on suunatud\u00a0<strong>kahjustatud<\/strong>,\u00a0<strong>kuivale, tundlikule ja punetava <\/strong>nahaga inimestele. Liini koostisosad kaitsevad nahka\u00a0<strong>mehaaniliste, keemiliste ja UV-faktorite eest.<\/strong><\/p>\n<hr \/>\n<p style=\"text-align: center;\">Kapslid on steriilsed ja \u00fchekordselt kasutatavad, \u00fcks kapsel on m\u00f5eldud \u00fcheks raviks.<\/p>\n<p>&nbsp;<\/p>","protected":false},"excerpt":{"rendered":"<p>V\u00e4hendab tugevalt \u00e4rritust, naha ebamugavustunnet ja annab optimaalse rahustava toime, kaitseb UV-kahjustuste eest ja aitab s\u00e4ilitada optimaalset naha kaitses\u00fcsteemi.<\/p>\n<p>Kapsel on rikastatud saialille\u00f5liga, millel on antiseptiline ja tervendav toime.<\/p>\n<p><strong>Hind kehtib 10 kapslit sisaldava pakendi kohta.<\/strong><\/p>","protected":false},"featured_media":6816,"template":"","meta":{"om_disable_all_campaigns":false,"_monsterinsights_skip_tracking":false,"_monsterinsights_sitenote_active":false,"_monsterinsights_sitenote_note":"","_monsterinsights_sitenote_category":0,"_uf_show_specific_survey":0,"_uf_disable_surveys":false,"site-sidebar-layout":"default","site-content-layout":"","ast-site-content-layout":"default","site-content-style":"default","site-sidebar-style":"default","ast-global-header-display":"","ast-banner-title-visibility":"","ast-main-header-display":"","ast-hfb-above-header-display":"","ast-hfb-below-header-display":"","ast-hfb-mobile-header-display":"","site-post-title":"","ast-breadcrumbs-content":"","ast-featured-img":"","footer-sml-layout":"","theme-transparent-header-meta":"default","adv-header-id-meta":"","stick-header-meta":"","header-above-stick-meta":"","header-main-stick-meta":"","header-below-stick-meta":"","astra-migrate-meta-layouts":"set","ast-page-background-enabled":"default","ast-page-background-meta":{"desktop":{"background-color":"var(--ast-global-color-4)","background-image":"","background-repeat":"repeat","background-position":"center center","background-size":"auto","background-attachment":"scroll","background-type":"","background-media":"","overlay-type":"","overlay-color":"","overlay-opacity":"","overlay-gradient":""},"tablet":{"background-color":"","background-image":"","background-repeat":"repeat","background-position":"center center","background-size":"auto","background-attachment":"scroll","background-type":"","background-media":"","overlay-type":"","overlay-color":"","overlay-opacity":"","overlay-gradient":""},"mobile":{"background-color":"","background-image":"","background-repeat":"repeat","background-position":"center center","background-size":"auto","background-attachment":"scroll","background-type":"","background-media":"","overlay-type":"","overlay-color":"","overlay-opacity":"","overlay-gradient":""}},"ast-content-background-meta":{"desktop":{"background-color":"var(--ast-global-color-5)","background-image":"","background-repeat":"repeat","background-position":"center center","background-size":"auto","background-attachment":"scroll","background-type":"","background-media":"","overlay-type":"","overlay-color":"","overlay-opacity":"","overlay-gradient":""},"tablet":{"background-color":"var(--ast-global-color-5)","background-image":"","background-repeat":"repeat","background-position":"center center","background-size":"auto","background-attachment":"scroll","background-type":"","background-media":"","overlay-type":"","overlay-color":"","overlay-opacity":"","overlay-gradient":""},"mobile":{"background-color":"var(--ast-global-color-5)","background-image":"","background-repeat":"repeat","background-position":"center center","background-size":"auto","background-attachment":"scroll","background-type":"","background-media":"","overlay-type":"","overlay-color":"","overlay-opacity":"","overlay-gradient":""}}},"product_brand":[],"product_cat":[359,15,108,358,351],"product_tag":[],"class_list":{"0":"post-6815","1":"product","2":"type-product","3":"status-publish","4":"has-post-thumbnail","6":"product_cat-aging-process-control-line-oranz","7":"product_cat-naole","8":"product_cat-profitooted","9":"product_cat-wishpro","10":"product_cat-wishpro-kapslid","11":"desktop-align-center","12":"tablet-align-left","13":"mobile-align-left","15":"first","16":"instock","17":"taxable","18":"shipping-taxable","19":"product-type-simple","20":"add-to-wishlist-before_image"},"aioseo_notices":[],"_links":{"self":[{"href":"https:\/\/kosmeetika24.eu\/ru\/wp-json\/wp\/v2\/product\/6815","targetHints":{"allow":["GET"]}}],"collection":[{"href":"https:\/\/kosmeetika24.eu\/ru\/wp-json\/wp\/v2\/product"}],"about":[{"href":"https:\/\/kosmeetika24.eu\/ru\/wp-json\/wp\/v2\/types\/product"}],"version-history":[{"count":2,"href":"https:\/\/kosmeetika24.eu\/ru\/wp-json\/wp\/v2\/product\/6815\/revisions"}],"predecessor-version":[{"id":9006,"href":"https:\/\/kosmeetika24.eu\/ru\/wp-json\/wp\/v2\/product\/6815\/revisions\/9006"}],"wp:featuredmedia":[{"embeddable":true,"href":"https:\/\/kosmeetika24.eu\/ru\/wp-json\/wp\/v2\/media\/6816"}],"wp:attachment":[{"href":"https:\/\/kosmeetika24.eu\/ru\/wp-json\/wp\/v2\/media?parent=6815"}],"wp:term":[{"taxonomy":"product_brand","embeddable":true,"href":"https:\/\/kosmeetika24.eu\/ru\/wp-json\/wp\/v2\/product_brand?post=6815"},{"taxonomy":"product_cat","embeddable":true,"href":"https:\/\/kosmeetika24.eu\/ru\/wp-json\/wp\/v2\/product_cat?post=6815"},{"taxonomy":"product_tag","embeddable":true,"href":"https:\/\/kosmeetika24.eu\/ru\/wp-json\/wp\/v2\/product_tag?post=6815"}],"curies":[{"name":"wp","href":"https:\/\/api.w.org\/{rel}","templated":true}]}}