{"id":6811,"date":"2024-01-24T16:46:00","date_gmt":"2024-01-24T16:46:00","guid":{"rendered":"https:\/\/kosmeetika24.eu\/?post_type=product&#038;p=6811"},"modified":"2024-10-10T16:30:52","modified_gmt":"2024-10-10T13:30:52","slug":"wishpro-neo-energy-apl","status":"publish","type":"product","link":"https:\/\/kosmeetika24.eu\/ru\/product\/wishpro-neo-energy-apl\/","title":{"rendered":"WISHPRO Neo Energy APL - \u043e\u0436\u0438\u0432\u043b\u044f\u044e\u0449\u0438\u0439 \u0438 \u0432\u043e\u0441\u0441\u0442\u0430\u043d\u0430\u0432\u043b\u0438\u0432\u0430\u044e\u0449\u0438\u0439"},"content":{"rendered":"<p style=\"text-align: center;\"><strong><span style=\"color: #0000ff;\">Neo Energy<\/span> kapsel\u00a0 &#8211; <\/strong><strong>Neodermyl<\/strong> p\u00f5hinev kapsel, mis silub kortsud <strong>ja vaod.<\/strong><\/p>\n<p style=\"text-align: center;\"><strong>V\u00e4hendab<\/strong> silmn\u00e4htavalt kortse\u00a0ja annab <strong>nahale t\u00f5stva efekti.<\/strong><\/p>\n<p style=\"text-align: center;\">15 p\u00e4eva m\u00f6\u00f6dudes p\u00e4rast kapsli kasutamist muutub nahk\u00a0\u00a0<strong>silmn\u00e4htavalt siledamaks ja pringimaks.<\/strong><\/p>\n<p style=\"text-align: center;\">Toimeained ja <strong>aminohapete segu <\/strong><strong>stimuleerivad<\/strong> intensiivselt fibroblaste kollageeni ja elastiini tootmist.<\/p>\n<p style=\"text-align: center;\"><strong>Kasutusotstarve:\u00a0<\/strong> k\u00f5ik nahat\u00fc\u00fcbid, kortsud ja vaod, niisutust vajav nahk, naha l\u00f5tvus.<\/p>\n<p style=\"text-align: center;\"><span style=\"color: #0000ff;\"><strong>Neo Energy<\/strong><\/span><span style=\"color: #0000ff;\">\u00a0<\/span>kapsel on m\u00f5eldud kasutamiseks kuldse, punase v\u00f5i sinise\u00a0\u00a0<strong>WishPro Plus+ tehnoloogilise peaga.<\/strong><\/p>\n<p style=\"text-align: center;\"><span style=\"color: #0000ff;\"><strong>APL Active Pro-Long liin<\/strong><\/span><\/p>\n<p style=\"text-align: center;\">APL sari loodi nahale, mis vajab <strong>spetsiaalseid koostisosi<\/strong>.\u00a0<strong>Elustab ja taastab<\/strong>\u00a0\u00a0v\u00e4listeguritest kahjustatud ja stressis nahka.\u00a0APL sari sisaldab\u00a0 kolme t\u00fc\u00fcpi\u00a0tugevatel toimeainetel p\u00f5hinevaid\u00a0\u00a0<strong>kapsleid, mis annavad kohesed <\/strong><strong>tulemused juba p\u00e4rast \u00fchte hooldust! <\/strong>Kapsli koostises on peamiselt <strong>kerged emulsioonid<\/strong>, mis sobivad erinevatele nahat\u00fc\u00fcpidele.<\/p>\n<hr \/>\n<p style=\"text-align: center;\">Kapslid on steriilsed ja \u00fchekordsed, \u00fcks kapsel on m\u00f5eldud \u00fcheks hoolduskorraks.<\/p>","protected":false},"excerpt":{"rendered":"<p>Neo Energy t\u00e4hendab siledat\u00a0\u00a0<strong>nahka ilma kortsudeta!<\/strong><\/p>\n<p><strong>Hind kehtib 10 kapslit sisaldava pakendi kohta.<\/strong><\/p>","protected":false},"featured_media":6823,"template":"","meta":{"om_disable_all_campaigns":false,"_monsterinsights_skip_tracking":false,"_monsterinsights_sitenote_active":false,"_monsterinsights_sitenote_note":"","_monsterinsights_sitenote_category":0,"_uf_show_specific_survey":0,"_uf_disable_surveys":false,"site-sidebar-layout":"default","site-content-layout":"","ast-site-content-layout":"default","site-content-style":"default","site-sidebar-style":"default","ast-global-header-display":"","ast-banner-title-visibility":"","ast-main-header-display":"","ast-hfb-above-header-display":"","ast-hfb-below-header-display":"","ast-hfb-mobile-header-display":"","site-post-title":"","ast-breadcrumbs-content":"","ast-featured-img":"","footer-sml-layout":"","theme-transparent-header-meta":"default","adv-header-id-meta":"","stick-header-meta":"","header-above-stick-meta":"","header-main-stick-meta":"","header-below-stick-meta":"","astra-migrate-meta-layouts":"set","ast-page-background-enabled":"default","ast-page-background-meta":{"desktop":{"background-color":"var(--ast-global-color-4)","background-image":"","background-repeat":"repeat","background-position":"center center","background-size":"auto","background-attachment":"scroll","background-type":"","background-media":"","overlay-type":"","overlay-color":"","overlay-opacity":"","overlay-gradient":""},"tablet":{"background-color":"","background-image":"","background-repeat":"repeat","background-position":"center center","background-size":"auto","background-attachment":"scroll","background-type":"","background-media":"","overlay-type":"","overlay-color":"","overlay-opacity":"","overlay-gradient":""},"mobile":{"background-color":"","background-image":"","background-repeat":"repeat","background-position":"center center","background-size":"auto","background-attachment":"scroll","background-type":"","background-media":"","overlay-type":"","overlay-color":"","overlay-opacity":"","overlay-gradient":""}},"ast-content-background-meta":{"desktop":{"background-color":"var(--ast-global-color-5)","background-image":"","background-repeat":"repeat","background-position":"center center","background-size":"auto","background-attachment":"scroll","background-type":"","background-media":"","overlay-type":"","overlay-color":"","overlay-opacity":"","overlay-gradient":""},"tablet":{"background-color":"var(--ast-global-color-5)","background-image":"","background-repeat":"repeat","background-position":"center center","background-size":"auto","background-attachment":"scroll","background-type":"","background-media":"","overlay-type":"","overlay-color":"","overlay-opacity":"","overlay-gradient":""},"mobile":{"background-color":"var(--ast-global-color-5)","background-image":"","background-repeat":"repeat","background-position":"center center","background-size":"auto","background-attachment":"scroll","background-type":"","background-media":"","overlay-type":"","overlay-color":"","overlay-opacity":"","overlay-gradient":""}}},"product_brand":[],"product_cat":[353,108,358,351],"product_tag":[],"class_list":{"0":"post-6811","1":"product","2":"type-product","3":"status-publish","4":"has-post-thumbnail","6":"product_cat-active-pro-long-line-sinine","7":"product_cat-profitooted","8":"product_cat-wishpro","9":"product_cat-wishpro-kapslid","10":"desktop-align-center","11":"tablet-align-left","12":"mobile-align-left","14":"first","15":"instock","16":"taxable","17":"shipping-taxable","18":"product-type-simple","19":"add-to-wishlist-before_image"},"aioseo_notices":[],"_links":{"self":[{"href":"https:\/\/kosmeetika24.eu\/ru\/wp-json\/wp\/v2\/product\/6811","targetHints":{"allow":["GET"]}}],"collection":[{"href":"https:\/\/kosmeetika24.eu\/ru\/wp-json\/wp\/v2\/product"}],"about":[{"href":"https:\/\/kosmeetika24.eu\/ru\/wp-json\/wp\/v2\/types\/product"}],"version-history":[{"count":2,"href":"https:\/\/kosmeetika24.eu\/ru\/wp-json\/wp\/v2\/product\/6811\/revisions"}],"predecessor-version":[{"id":9008,"href":"https:\/\/kosmeetika24.eu\/ru\/wp-json\/wp\/v2\/product\/6811\/revisions\/9008"}],"wp:featuredmedia":[{"embeddable":true,"href":"https:\/\/kosmeetika24.eu\/ru\/wp-json\/wp\/v2\/media\/6823"}],"wp:attachment":[{"href":"https:\/\/kosmeetika24.eu\/ru\/wp-json\/wp\/v2\/media?parent=6811"}],"wp:term":[{"taxonomy":"product_brand","embeddable":true,"href":"https:\/\/kosmeetika24.eu\/ru\/wp-json\/wp\/v2\/product_brand?post=6811"},{"taxonomy":"product_cat","embeddable":true,"href":"https:\/\/kosmeetika24.eu\/ru\/wp-json\/wp\/v2\/product_cat?post=6811"},{"taxonomy":"product_tag","embeddable":true,"href":"https:\/\/kosmeetika24.eu\/ru\/wp-json\/wp\/v2\/product_tag?post=6811"}],"curies":[{"name":"wp","href":"https:\/\/api.w.org\/{rel}","templated":true}]}}