{"id":6574,"date":"2023-11-06T13:34:02","date_gmt":"2023-11-06T13:34:02","guid":{"rendered":"https:\/\/kosmeetika24.eu\/?post_type=product&#038;p=6574"},"modified":"2026-04-01T16:09:31","modified_gmt":"2026-04-01T13:09:31","slug":"reveel-niisutav-naokreem","status":"publish","type":"product","link":"https:\/\/kosmeetika24.eu\/ru\/product\/reveel-niisutav-naokreem\/","title":{"rendered":"Reveel \u0438\u043d\u0442\u0435\u043d\u0441\u0438\u0432\u043d\u043e \u0443\u0432\u043b\u0430\u0436\u043d\u044f\u044e\u0449\u0438\u0439 24\u0447 \u043a\u0440\u0435\u043c \u0434\u043b\u044f \u043b\u0438\u0446\u0430"},"content":{"rendered":"<p><em>Comforting Moisturizer<\/em> on vananemisilminguid korrigeeriv niisutav kreem, mis sobib kasutada nii hommikul kui \u00f5htul.<\/p>\n<p><span style=\"font-size: 16px;\">\u0421 \u0432\u043e\u0437\u0440\u0430\u0441\u0442\u043e\u043c \u043a\u043e\u0436\u043d\u044b\u0439 \u0431\u0430\u0440\u044c\u0435\u0440 \u043c\u0435\u043d\u044f\u0435\u0442 \u0441\u0432\u043e\u044e \u0441\u0438\u043b\u0443 \u0438 \u0441\u043f\u043e\u0441\u043e\u0431\u043d\u043e\u0441\u0442\u044c \u0443\u0434\u0435\u0440\u0436\u0438\u0432\u0430\u0442\u044c \u0432\u043b\u0430\u0433\u0443. \u041a\u043e\u0436\u0430 \u0441\u0442\u0430\u043d\u043e\u0432\u0438\u0442\u0441\u044f \u0431\u043e\u043b\u0435\u0435 \u0441\u0443\u0445\u043e\u0439 \u0438 \u043b\u0435\u0433\u043a\u043e \u0440\u0430\u0437\u0434\u0440\u0430\u0436\u0430\u0435\u0442\u0441\u044f. \u041d\u0430\u0447\u0438\u043d\u0430\u044e\u0442 \u043f\u043e\u044f\u0432\u043b\u044f\u0442\u044c\u0441\u044f \u043c\u0438\u043a\u0440\u043e\u043c\u043e\u0440\u0449\u0438\u043d\u044b.<\/span><\/p>\n<p>\u041a\u0440\u0435\u043c, \u043a\u043e\u0440\u0440\u0435\u043a\u0442\u0438\u0440\u0443\u044e\u0449\u0438\u0439 \u043f\u0440\u0438\u0437\u043d\u0430\u043a\u0438 \u0441\u0442\u0430\u0440\u0435\u043d\u0438\u044f, \u0433\u043b\u0443\u0431\u043e\u043a\u043e \u0443\u0432\u043b\u0430\u0436\u043d\u044f\u0435\u0442 \u043a\u043e\u0436\u0443 \u0438 \u0432\u043e\u0441\u0441\u0442\u0430\u043d\u0430\u0432\u043b\u0438\u0432\u0430\u0435\u0442 \u0435\u0441\u0442\u0435\u0441\u0442\u0432\u0435\u043d\u043d\u044b\u0439 \u0443\u0440\u043e\u0432\u0435\u043d\u044c \u0432\u043b\u0430\u0433\u0438. \u041f\u0440\u043e\u0438\u0437\u0432\u043e\u0434\u0441\u0442\u0432\u043e \u043b\u0438\u043f\u0438\u0434\u043e\u0432 \u043a\u043e\u0436\u0438 \u0430\u043a\u0442\u0438\u0432\u0438\u0437\u0438\u0440\u0443\u0435\u0442\u0441\u044f.<\/p>\n<p>\u041a\u0440\u0435\u043c \u0443\u0441\u043f\u043e\u043a\u0430\u0438\u0432\u0430\u0435\u0442 \u0438 \u0443\u043a\u0440\u0435\u043f\u043b\u044f\u0435\u0442 \u0435\u0441\u0442\u0435\u0441\u0442\u0432\u0435\u043d\u043d\u0443\u044e <span lang=\"et-EE\">\u0437\u0430\u0449\u0438\u0442\u043d\u0443\u044e \u0441\u0440\u0435\u0434\u0443, \u043e\u0431\u0435\u0441\u043f\u0435\u0447\u0438\u0432\u0430\u044f \u043f\u043e\u0441\u0442\u043e\u044f\u043d\u043d\u0443\u044e \u0437\u0430\u0449\u0438\u0442\u0443 \u043e\u0442 \u0432\u0440\u0435\u0434\u043d\u043e\u0433\u043e \u0432\u043e\u0437\u0434\u0435\u0439\u0441\u0442\u0432\u0438\u044f \u043e\u043a\u0440\u0443\u0436\u0430\u044e\u0449\u0435\u0439 \u0441\u0440\u0435\u0434\u044b. <\/span>\u041a<span lang=\"et-EE\">\u043e\u0436\u0430 \u0437\u0430\u0449\u0438\u0449\u0435\u043d\u043d\u0430\u044f, \u0440\u0430\u0437\u0433\u043b\u0430\u0436\u0435\u043d\u043d\u0430\u044f \u0438 \u043d\u0430\u043f\u0438\u0442\u0430\u043d\u043d\u0430\u044f.<\/span><\/p>\n<p>\u041a\u0440\u0435\u043c \u043e\u0442\u043d\u043e\u0441\u0438\u0442\u0441\u044f \u043a \u0430\u043d\u0442\u0438\u0432\u043e\u0437\u0440\u0430\u0441\u0442\u043d\u043e\u0439 \u043a\u043e\u0441\u043c\u0435\u0442\u0438\u043a\u0435. \u0415\u0433\u043e \u043c\u043e\u0436\u043d\u043e \u0438\u0441\u043f\u043e\u043b\u044c\u0437\u043e\u0432\u0430\u0442\u044c \u043d\u0430\u0447\u0438\u043d\u0430\u044f \u0441 35 \u043b\u0435\u0442.<\/p>\n<p><span lang=\"et-EE\">\u041f\u043e\u0434\u0445\u043e\u0434\u0438\u0442 \u0434\u043b\u044f \u0432\u0441\u0435\u0445 \u0442\u0438\u043f\u043e\u0432 \u043a\u043e\u0436\u0438, \u043e\u0441\u043e\u0431\u0435\u043d\u043d\u043e \u0434\u043b\u044f \u0441\u0443\u0445\u043e\u0439, \u043e\u0431\u0435\u0437\u0432\u043e\u0436\u0435\u043d\u043d\u043e\u0439 \u043a\u043e\u0436\u0438 \u0441 \u043f\u0435\u0440\u0432\u044b\u043c\u0438 \u043f\u0440\u0438\u0437\u043d\u0430\u043a\u0430\u043c\u0438 \u0441\u0442\u0430\u0440\u0435\u043d\u0438\u044f.<\/span><\/p>\n<p><strong>\u0421\u041e\u0421\u0422\u0410\u0412<\/strong><\/p>\n<ul>\n<li>\u0413\u0438\u0430\u043b\u0443\u0440\u043e\u043d\u043e\u0432\u0430\u044f \u043a\u0438\u0441\u043b\u043e\u0442\u0430<\/li>\n<li>P\u00e4ranipun\u00e4\u00e4rme n\u00f5re<\/li>\n<li>\u041c\u0430\u0441\u043b\u043e \u0430\u0432\u043e\u043a\u0430\u0434\u043e<\/li>\n<li>\u041c\u0430\u0441\u043b\u043e \u043a\u0430\u043a\u0430\u043e<\/li>\n<li>Cetear\u00fc\u00fcl-\u0438\u0437\u043e\u043d\u043e\u043d\u0430\u043d\u043e\u0430\u0442<\/li>\n<\/ul>\n<p><strong>\u0414\u0415\u0419\u0421\u0422\u0412\u0418\u0415<\/strong><\/p>\n<ul>\n<li>\u0413\u0438\u0430\u043b\u0443\u0440\u043e\u043d\u043e\u0432\u0430\u044f \u043a\u0438\u0441\u043b\u043e\u0442\u0430 \u043e\u0431\u0440\u0430\u0437\u0443\u0435\u0442 \u043d\u0430 \u043a\u043e\u0436\u0435 \u0443\u0432\u043b\u0430\u0436\u043d\u044f\u044e\u0449\u0443\u044e \u0441\u0435\u0442\u044c, \u0441\u043f\u043e\u0441\u043e\u0431\u0441\u0442\u0432\u0443\u044f \u0432\u043f\u0438\u0442\u044b\u0432\u0430\u043d\u0438\u044e \u0436\u0438\u0434\u043a\u043e\u0441\u0442\u0438.<\/li>\n<li>P\u00e4rasn\u00e4\u00e4rme \u0441\u0435\u043a\u0440\u0435\u0442, \u043c\u0430\u0441\u043b\u043e \u0430\u0432\u043e\u043a\u0430\u0434\u043e \u0438 \u043a\u0430\u043a\u0430\u043e \u0443\u0432\u043b\u0430\u0436\u043d\u044f\u044e\u0442, \u043f\u0438\u0442\u0430\u044e\u0442 \u0438 \u0440\u0430\u0441\u0441\u043b\u0430\u0431\u043b\u044f\u044e\u0442 \u043a\u043e\u0436\u0443.<\/li>\n<li>Cetearyl isononanoate - \u044d\u0442\u043e \u044d\u0444\u0438\u0440 \u0436\u0438\u0440\u043d\u044b\u0445 \u043a\u0438\u0441\u043b\u043e\u0442 \u0441 \u043e\u0442\u043b\u0438\u0447\u043d\u044b\u043c\u0438 \u0441\u043c\u044f\u0433\u0447\u0430\u044e\u0449\u0438\u043c\u0438 \u0441\u0432\u043e\u0439\u0441\u0442\u0432\u0430\u043c\u0438. \u041e\u043d \u0441\u043f\u043e\u0441\u043e\u0431\u0441\u0442\u0432\u0443\u0435\u0442 \u0441\u043c\u044f\u0433\u0447\u0435\u043d\u0438\u044e \u0438 \u0432\u044b\u0440\u0430\u0432\u043d\u0438\u0432\u0430\u043d\u0438\u044e \u043a\u043e\u0436\u0438, \u043e\u0431\u0440\u0430\u0437\u0443\u044f \u0437\u0430\u0449\u0438\u0442\u043d\u044b\u0439 \u0431\u0430\u0440\u044c\u0435\u0440 \u043e\u0442 \u0432\u043e\u0437\u0434\u0435\u0439\u0441\u0442\u0432\u0438\u044f \u043e\u043a\u0440\u0443\u0436\u0430\u044e\u0449\u0435\u0439 \u0441\u0440\u0435\u0434\u044b. \u0422\u0430\u043a\u0436\u0435 \u043e\u043d \u0441\u0442\u0430\u0431\u0438\u043b\u0438\u0437\u0438\u0440\u0443\u0435\u0442 \u043a\u043e\u043c\u043f\u043e\u043d\u0435\u043d\u0442\u044b \u043a\u043e\u0441\u043c\u0435\u0442\u0438\u0447\u0435\u0441\u043a\u0438\u0445 \u0441\u0440\u0435\u0434\u0441\u0442\u0432.<\/li>\n<\/ul>\n<p><strong>\u0418\u0421\u041f\u041e\u041b\u042c\u0417\u041e\u0412\u0410\u041d\u0418\u0415<\/strong><\/p>\n<p>\u041d\u0430\u043d\u043e\u0441\u0438\u0442\u044c \u0441 \u0443\u0442\u0440\u0430 \u0438 \/ \u0438\u043b\u0438 \u043f\u043e\u0441\u043b\u0435 \u0432\u0435\u0447\u0435\u0440\u0430 \u043d\u0430 \u043e\u0447\u0438\u0449\u0435\u043d\u043d\u0443\u044e \u043a\u043e\u0436\u0443 \u043b\u0438\u0446\u0430, \u0448\u0435\u0438 \u0438 \u0437\u043e\u043d\u0443 \u0434\u0435\u043a\u043e\u043b\u044c\u0442\u0435.<\/p>\n<p><strong>\u0421\u041e\u0421\u0422\u0410\u0412<\/strong><\/p>\n<p>Aqua (water), persea gratissima (avocado) oil, theobroma cacao (cocoa) seed butter, cetearyl isononanoate, glyceryl stearate, octyldodecanol, glycerin, polyglyceryl-3 methylglucose distearate, propanediol, tocopheryl acetate, panthenol, carbomer, sodium hyaluronate, glucomannan, phenoxyethanol, ethylhexylglycerin, tocopherol, ascorbyl isostearate, isostearic acid, ascorbic acid, lecithin, lactic acid, citric acid, benzoic acid, dehydroacetic acid, o-cymen-5-ol, potassium hydroxide, parfum (fragrance).<\/p>\n<p><span style=\"font-size: xx-small;\">2755.- \u20ac\/l<\/span><\/p>","protected":false},"excerpt":{"rendered":"<p>50 \u043c\u043b<\/p>\n<p class=\"h2\">\u0418\u043d\u0442\u0435\u043d\u0441\u0438\u0432\u043d\u043e \u0443\u0432\u043b\u0430\u0436\u043d\u044f\u044e\u0449\u0438\u0439 \u0438 \u0443\u0441\u043f\u043e\u043a\u0430\u0438\u0432\u0430\u044e\u0449\u0438\u0439 \u043a\u0440\u0435\u043c \u0434\u043b\u044f \u0434\u043d\u044f \u0438 \u043d\u043e\u0447\u0438 <span style=\"font-family: Times New Roman, serif;\"><span style=\"font-size: medium;\">\u0433<\/span><\/span>\u0438\u0430\u043b\u0443\u0440\u043e\u043d\u043e\u0432\u0430\u044f \u043a\u0438\u0441\u043b\u043e\u0442\u0430 \u0438 \u043c\u0430\u0441\u043b\u043e \u0430\u0432\u043e\u043a\u0430\u0434\u043e - \u043f\u043e\u0434\u0445\u043e\u0434\u0438\u0442 \u043a\u0430\u043a \u043c\u0443\u0436\u0447\u0438\u043d\u0430\u043c \u0442\u0430\u043a \u0438 \u0436\u0435\u043d\u0449\u0438\u043d\u0430\u043c.<\/p>\n<p>\u042d\u0444\u0444\u0435\u043a\u0442\u0438\u0432\u043d\u043e \u0431\u043e\u0440\u0435\u0442\u0441\u044f \u0441 \u043f\u0435\u0440\u0432\u044b\u043c\u0438 \u043f\u0440\u0438\u0437\u043d\u0430\u043a\u0430\u043c\u0438 \u0441\u0442\u0430\u0440\u0435\u043d\u0438\u044f \u043a\u043e\u0436\u0438.<\/p>\n<p>\u0423\u0436\u0435 \u043f\u043e\u0441\u043b\u0435 \u043f\u0435\u0440\u0432\u043e\u0433\u043e \u0438\u0441\u043f\u043e\u043b\u044c\u0437\u043e\u0432\u0430\u043d\u0438\u044f \u043a\u043e\u0436\u0430 \u0441\u0442\u0430\u043d\u043e\u0432\u0438\u0442\u0441\u044f \u0438\u0434\u0435\u0430\u043b\u044c\u043d\u043e \u0433\u043b\u0430\u0434\u043a\u043e\u0439, \u044d\u043b\u0430\u0441\u0442\u0438\u0447\u043d\u043e\u0439, \u0438\u0437\u043b\u0443\u0447\u0430\u0435\u0442 \u043a\u0440\u0430\u0441\u043e\u0442\u0443 \u0438 \u0437\u0434\u043e\u0440\u043e\u0432\u044c\u0435.<\/p>\n<p>\u041a\u0440\u0435\u043c\u044f \u0434\u043b\u044f \u043b\u0438\u0446\u0430 100% \u0431\u0435\u0437 \u0441\u0438\u043b\u0438\u043a\u043e\u043d\u043e\u0432, \u0430\u043b\u043a\u043e\u0433\u043e\u043b\u044f \u0438 \u043c\u0438\u043a\u0440\u043e\u043f\u043b\u0430\u0441\u0442\u0438\u043a\u0430 = \u042d\u041a\u041e.<\/p>\n<p>&nbsp;<\/p>","protected":false},"featured_media":6575,"template":"","meta":{"om_disable_all_campaigns":false,"_monsterinsights_skip_tracking":false,"_monsterinsights_sitenote_active":false,"_monsterinsights_sitenote_note":"","_monsterinsights_sitenote_category":0,"_uf_show_specific_survey":0,"_uf_disable_surveys":false,"site-sidebar-layout":"default","site-content-layout":"","ast-site-content-layout":"default","site-content-style":"default","site-sidebar-style":"default","ast-global-header-display":"","ast-banner-title-visibility":"","ast-main-header-display":"","ast-hfb-above-header-display":"","ast-hfb-below-header-display":"","ast-hfb-mobile-header-display":"","site-post-title":"","ast-breadcrumbs-content":"","ast-featured-img":"","footer-sml-layout":"","theme-transparent-header-meta":"default","adv-header-id-meta":"","stick-header-meta":"","header-above-stick-meta":"","header-main-stick-meta":"","header-below-stick-meta":"","astra-migrate-meta-layouts":"set","ast-page-background-enabled":"default","ast-page-background-meta":{"desktop":{"background-color":"var(--ast-global-color-4)","background-image":"","background-repeat":"repeat","background-position":"center center","background-size":"auto","background-attachment":"scroll","background-type":"","background-media":"","overlay-type":"","overlay-color":"","overlay-opacity":"","overlay-gradient":""},"tablet":{"background-color":"","background-image":"","background-repeat":"repeat","background-position":"center center","background-size":"auto","background-attachment":"scroll","background-type":"","background-media":"","overlay-type":"","overlay-color":"","overlay-opacity":"","overlay-gradient":""},"mobile":{"background-color":"","background-image":"","background-repeat":"repeat","background-position":"center center","background-size":"auto","background-attachment":"scroll","background-type":"","background-media":"","overlay-type":"","overlay-color":"","overlay-opacity":"","overlay-gradient":""}},"ast-content-background-meta":{"desktop":{"background-color":"var(--ast-global-color-5)","background-image":"","background-repeat":"repeat","background-position":"center center","background-size":"auto","background-attachment":"scroll","background-type":"","background-media":"","overlay-type":"","overlay-color":"","overlay-opacity":"","overlay-gradient":""},"tablet":{"background-color":"var(--ast-global-color-5)","background-image":"","background-repeat":"repeat","background-position":"center center","background-size":"auto","background-attachment":"scroll","background-type":"","background-media":"","overlay-type":"","overlay-color":"","overlay-opacity":"","overlay-gradient":""},"mobile":{"background-color":"var(--ast-global-color-5)","background-image":"","background-repeat":"repeat","background-position":"center center","background-size":"auto","background-attachment":"scroll","background-type":"","background-media":"","overlay-type":"","overlay-color":"","overlay-opacity":"","overlay-gradient":""}}},"product_brand":[],"product_cat":[50,75,15],"product_tag":[],"class_list":{"0":"post-6574","1":"product","2":"type-product","3":"status-publish","4":"has-post-thumbnail","6":"product_cat-kampaaniad","7":"product_cat-kreemid-naole","8":"product_cat-naole","9":"desktop-align-center","10":"tablet-align-left","11":"mobile-align-left","13":"first","14":"instock","15":"sale","16":"taxable","17":"shipping-taxable","18":"purchasable","19":"product-type-simple","20":"add-to-wishlist-before_image"},"aioseo_notices":[],"_links":{"self":[{"href":"https:\/\/kosmeetika24.eu\/ru\/wp-json\/wp\/v2\/product\/6574","targetHints":{"allow":["GET"]}}],"collection":[{"href":"https:\/\/kosmeetika24.eu\/ru\/wp-json\/wp\/v2\/product"}],"about":[{"href":"https:\/\/kosmeetika24.eu\/ru\/wp-json\/wp\/v2\/types\/product"}],"version-history":[{"count":9,"href":"https:\/\/kosmeetika24.eu\/ru\/wp-json\/wp\/v2\/product\/6574\/revisions"}],"predecessor-version":[{"id":6599,"href":"https:\/\/kosmeetika24.eu\/ru\/wp-json\/wp\/v2\/product\/6574\/revisions\/6599"}],"wp:featuredmedia":[{"embeddable":true,"href":"https:\/\/kosmeetika24.eu\/ru\/wp-json\/wp\/v2\/media\/6575"}],"wp:attachment":[{"href":"https:\/\/kosmeetika24.eu\/ru\/wp-json\/wp\/v2\/media?parent=6574"}],"wp:term":[{"taxonomy":"product_brand","embeddable":true,"href":"https:\/\/kosmeetika24.eu\/ru\/wp-json\/wp\/v2\/product_brand?post=6574"},{"taxonomy":"product_cat","embeddable":true,"href":"https:\/\/kosmeetika24.eu\/ru\/wp-json\/wp\/v2\/product_cat?post=6574"},{"taxonomy":"product_tag","embeddable":true,"href":"https:\/\/kosmeetika24.eu\/ru\/wp-json\/wp\/v2\/product_tag?post=6574"}],"curies":[{"name":"wp","href":"https:\/\/api.w.org\/{rel}","templated":true}]}}