{"id":6568,"date":"2023-11-06T12:48:45","date_gmt":"2023-11-06T12:48:45","guid":{"rendered":"https:\/\/kosmeetika24.eu\/?post_type=product&#038;p=6568"},"modified":"2026-04-01T16:13:38","modified_gmt":"2026-04-01T13:13:38","slug":"reveel-refining-moisturizer","status":"publish","type":"product","link":"https:\/\/kosmeetika24.eu\/ru\/product\/reveel-refining-moisturizer\/","title":{"rendered":"Reveel \u0443\u0432\u043b\u0430\u0436\u043d\u044f\u044e\u0449\u0438\u0439 \u0434\u043d\u0435\u0432\u043d\u043e\u0439 \u043a\u0440\u0435\u043c"},"content":{"rendered":"<p><span style=\"color: #585858;\">\u041d\u0435\u0441\u043a\u043e\u043b\u044c\u043a\u043e \u0444\u0430\u043a\u0442\u043e\u0440\u043e\u0432, \u0442\u0430\u043a\u0438\u0445 \u043a\u0430\u043a \u0443\u0432\u0435\u043b\u0438\u0447\u0435\u043d\u043d\u043e\u0435 \u0432\u044b\u0434\u0435\u043b\u0435\u043d\u0438\u0435 \u0441\u0435\u0431\u0443\u043c\u0430 \u0438\u043b\u0438 \u043d\u0435\u0440\u0430\u0432\u043d\u043e\u043c\u0435\u0440\u043d\u043e\u0435 \u0441\u043a\u043e\u043f\u043b\u0435\u043d\u0438\u0435 \u043c\u0435\u043b\u0430\u043d\u0438\u043d\u0430 \u0438\u0437-\u0437\u0430 \u043f\u043e\u0432\u0440\u0435\u0436\u0434\u0435\u043d\u0438\u044f \u0441\u043e\u043b\u043d\u0446\u0435\u043c, \u0441\u043f\u043e\u0441\u043e\u0431\u0441\u0442\u0432\u0443\u044e\u0442 \u0442\u043e\u043c\u0443, \u0447\u0442\u043e \u043a\u043e\u0436\u0430 \u0432\u044b\u0433\u043b\u044f\u0434\u0438\u0442 \u0447\u0430\u0441\u0442\u0438\u0447\u043d\u043e \u0431\u043b\u0435\u0441\u0442\u044f\u0449\u0435\u0439 \u0438 \u0438\u043c\u0435\u0435\u0442 \u0432\u0438\u0434\u0438\u043c\u043e \u0440\u0430\u0441\u0448\u0438\u0440\u0435\u043d\u043d\u044b\u0435 \u043f\u043e\u0440\u044b, \u0432 \u0442\u043e \u0432\u0440\u0435\u043c\u044f \u043a\u0430\u043a \u0434\u0440\u0443\u0433\u0438\u0435 \u043e\u0431\u043b\u0430\u0441\u0442\u0438 \u043c\u043e\u0433\u0443\u0442 \u0431\u044b\u0442\u044c \u043d\u0430\u043f\u0440\u044f\u0436\u0435\u043d\u043d\u044b\u043c\u0438 \u0438\u043b\u0438 \u043b\u0435\u0433\u043a\u043e \u0440\u0430\u0437\u0434\u0440\u0430\u0436\u0430\u044e\u0442\u0441\u044f.<\/span><\/p>\n<p>N\u00e4okreem <em>Refining Moisturizer<\/em> on kerge tekstuuriga, puhastab ja niisutab, ning annab n\u00e4ole \u00fchtlase ja mati jume.<\/p>\n<p>Sobib k\u00f5igile nahat\u00fc\u00fcpidele, eriti tundlikule, rasusele ja probleemsele nahale.<\/p>\n<p><strong><span style=\"font-family: Times New Roman, serif;\"><span style=\"font-size: medium;\"><b>\u0421\u041e\u0421\u0422\u0410\u0412\u00a0<\/b><\/span><\/span><\/strong><\/p>\n<ul>\n<li>\u0421\u0430\u043b\u0438\u0446\u0438\u043b\u043e\u0432\u0430\u044f \u043a\u0438\u0441\u043b\u043e\u0442\u0430<\/li>\n<li>Pantenol<\/li>\n<li>\u0420\u043e\u043c\u0430\u0448\u043a\u0430<\/li>\n<li>\u041c\u0430\u0441\u043b\u043e \u0430\u0432\u043e\u043a\u0430\u0434\u043e<\/li>\n<\/ul>\n<p><strong><span style=\"font-family: Times New Roman, serif;\"><span style=\"font-size: medium;\"><b>\u0414\u0415\u0419\u0421\u0422\u0412\u0418\u0415<\/b><\/span><\/span><\/strong><\/p>\n<ul>\n<li>\u0421\u0430\u043b\u0438\u0446\u0438\u043b\u043e\u0432\u0430\u044f \u043a\u0438\u0441\u043b\u043e\u0442\u0430 \u043c\u044f\u0433\u043a\u043e \u0443\u0434\u0430\u043b\u044f\u0435\u0442 \u043e\u043c\u0435\u0440\u0442\u0432\u0435\u0432\u0448\u0438\u0435 \u043a\u043b\u0435\u0442\u043a\u0438 \u043a\u043e\u0436\u0438 \u0438 \u0441\u0442\u0438\u043c\u0443\u043b\u0438\u0440\u0443\u0435\u0442 \u0435\u0441\u0442\u0435\u0441\u0442\u0432\u0435\u043d\u043d\u043e\u0435 \u043e\u0431\u043d\u043e\u0432\u043b\u0435\u043d\u0438\u0435 \u043a\u043e\u0436\u0438.<\/li>\n<li>\u041f\u0430\u043d\u0442\u0435\u043d\u043e\u043b \u0438 \u044d\u043a\u0441\u0442\u0440\u0430\u043a\u0442 \u0440\u043e\u043c\u0430\u0448\u043a\u0438 \u0441\u043f\u043e\u0441\u043e\u0431\u0441\u0442\u0432\u0443\u044e\u0442 \u043e\u0431\u0440\u0430\u0437\u043e\u0432\u0430\u043d\u0438\u044e \u043f\u0440\u043e\u0442\u0438\u0432\u043e\u0432\u043e\u0441\u043f\u0430\u043b\u0438\u0442\u0435\u043b\u044c\u043d\u044b\u0445 \u0432\u0435\u0449\u0435\u0441\u0442\u0432 \u0438 \u0442\u0435\u043c \u0441\u0430\u043c\u044b\u043c \u0441\u043c\u044f\u0433\u0447\u0430\u044e\u0442 \u0440\u0430\u0437\u0434\u0440\u0430\u0436\u0435\u043d\u0438\u044f \u043a\u043e\u0436\u0438.<\/li>\n<li>\u041c\u0430\u0441\u043b\u043e \u0430\u0432\u043e\u043a\u0430\u0434\u043e \u043e\u0431\u0440\u0430\u0437\u0443\u0435\u0442 \u043d\u0430 \u043a\u043e\u0436\u0435 \u043b\u0438\u043f\u0438\u0434\u043d\u0443\u044e \u043f\u043b\u0435\u043d\u043a\u0443, \u0443\u043a\u0440\u0435\u043f\u043b\u044f\u044f \u0437\u0430\u0449\u0438\u0442\u043d\u0443\u044e \u0431\u0430\u0440\u044c\u0435\u0440\u043d\u0443\u044e \u0444\u0443\u043d\u043a\u0446\u0438\u044e.<\/li>\n<\/ul>\n<p><strong>\u0418\u0421\u041f\u041e\u041b\u042c\u0417\u041e\u0412\u0410\u041d\u0418\u0415<\/strong><\/p>\n<p>Kandke hommikul p\u00e4rast puhastamist n\u00e4ole, kaelale ja dekolteepiirkonnale.<\/p>\n<p><strong>\u0421\u041e\u0421\u0422\u0410\u0412<\/strong><\/p>\n<p>Aqua (Water), Cetearyl Isononanoate, Persea Gratissima (Avocado) Oil, Glycerin, Polyglyceryl-3 Dicitrate\/Stearate, Dicaprylyl Ether, Tocopheryl Acetate, Tocopherol, Panthenol, Bisabolol, Lecithin, Xanthan Gum, Ammonium Acryloyldimethyltaurate\/Vp Copolymer, Carbomer, Phenoxyethanol, Salicylic Acid, Lactic Acid, Dehydroacetic Acid, Benzoic Acid, Ethylhexylglycerin, Citric Acid, Parfum (Fragrance).<\/p>\n<p><span style=\"font-size: xx-small;\">2530.- \u20ac\/ \u043b <\/span><\/p>","protected":false},"excerpt":{"rendered":"<p>50 \u043c\u043b<\/p>\n<p class=\"h2\">\u0410\u043d\u0442\u0438\u0432\u043e\u0437\u0440\u0430\u0441\u0442\u043d\u043e\u0439 \u0443\u0432\u043b\u0430\u0436\u043d\u044f\u044e\u0449\u0438\u0439 \u0434\u043d\u0435\u0432\u043d\u043e\u0439 \u043a\u0440\u0435\u043c \u0441 \u0441\u0430\u043b\u0438\u0446\u0438\u043b\u043e\u0432\u043e\u0439 \u043a\u0438\u0441\u043b\u043e\u0442\u043e\u0439 \u0438 \u0430\u0432\u043e\u043a\u0430\u0434\u043e \u043c\u0430\u0441\u043b\u043e\u043c, \u043a\u043e\u0442\u043e\u0440\u044b\u0439 \u0432\u044b\u0440\u0430\u0432\u043d\u0438\u0432\u0430\u0435\u0442 \u0442\u043e\u043d \u043a\u043e\u0436\u0438 - \u0434\u043b\u044f \u0436\u0435\u043d\u0449\u0438\u043d \u0438 \u043c\u0443\u0436\u0447\u0438\u043d.<\/p>\n<p>\u041a\u0440\u0435\u043c\u044f \u0434\u043b\u044f \u043b\u0438\u0446\u0430 100% \u0431\u0435\u0437 \u0441\u0438\u043b\u0438\u043a\u043e\u043d\u043e\u0432, \u0430\u043b\u043a\u043e\u0433\u043e\u043b\u044f \u0438 \u043c\u0438\u043a\u0440\u043e\u043f\u043b\u0430\u0441\u0442\u0438\u043a\u0430 = \u042d\u041a\u041e.<\/p>","protected":false},"featured_media":6569,"template":"","meta":{"om_disable_all_campaigns":false,"_monsterinsights_skip_tracking":false,"_monsterinsights_sitenote_active":false,"_monsterinsights_sitenote_note":"","_monsterinsights_sitenote_category":0,"_uf_show_specific_survey":0,"_uf_disable_surveys":false,"site-sidebar-layout":"default","site-content-layout":"","ast-site-content-layout":"default","site-content-style":"default","site-sidebar-style":"default","ast-global-header-display":"","ast-banner-title-visibility":"","ast-main-header-display":"","ast-hfb-above-header-display":"","ast-hfb-below-header-display":"","ast-hfb-mobile-header-display":"","site-post-title":"","ast-breadcrumbs-content":"","ast-featured-img":"","footer-sml-layout":"","theme-transparent-header-meta":"default","adv-header-id-meta":"","stick-header-meta":"","header-above-stick-meta":"","header-main-stick-meta":"","header-below-stick-meta":"","astra-migrate-meta-layouts":"set","ast-page-background-enabled":"default","ast-page-background-meta":{"desktop":{"background-color":"var(--ast-global-color-4)","background-image":"","background-repeat":"repeat","background-position":"center center","background-size":"auto","background-attachment":"scroll","background-type":"","background-media":"","overlay-type":"","overlay-color":"","overlay-opacity":"","overlay-gradient":""},"tablet":{"background-color":"","background-image":"","background-repeat":"repeat","background-position":"center center","background-size":"auto","background-attachment":"scroll","background-type":"","background-media":"","overlay-type":"","overlay-color":"","overlay-opacity":"","overlay-gradient":""},"mobile":{"background-color":"","background-image":"","background-repeat":"repeat","background-position":"center center","background-size":"auto","background-attachment":"scroll","background-type":"","background-media":"","overlay-type":"","overlay-color":"","overlay-opacity":"","overlay-gradient":""}},"ast-content-background-meta":{"desktop":{"background-color":"var(--ast-global-color-5)","background-image":"","background-repeat":"repeat","background-position":"center center","background-size":"auto","background-attachment":"scroll","background-type":"","background-media":"","overlay-type":"","overlay-color":"","overlay-opacity":"","overlay-gradient":""},"tablet":{"background-color":"var(--ast-global-color-5)","background-image":"","background-repeat":"repeat","background-position":"center center","background-size":"auto","background-attachment":"scroll","background-type":"","background-media":"","overlay-type":"","overlay-color":"","overlay-opacity":"","overlay-gradient":""},"mobile":{"background-color":"var(--ast-global-color-5)","background-image":"","background-repeat":"repeat","background-position":"center center","background-size":"auto","background-attachment":"scroll","background-type":"","background-media":"","overlay-type":"","overlay-color":"","overlay-opacity":"","overlay-gradient":""}}},"product_brand":[],"product_cat":[50,75,15,84],"product_tag":[],"class_list":{"0":"post-6568","1":"product","2":"type-product","3":"status-publish","4":"has-post-thumbnail","6":"product_cat-kampaaniad","7":"product_cat-kreemid-naole","8":"product_cat-naole","9":"product_cat-tundlikule-nahale","10":"desktop-align-center","11":"tablet-align-left","12":"mobile-align-left","14":"first","15":"instock","16":"sale","17":"taxable","18":"shipping-taxable","19":"purchasable","20":"product-type-simple","21":"add-to-wishlist-before_image"},"aioseo_notices":[],"_links":{"self":[{"href":"https:\/\/kosmeetika24.eu\/ru\/wp-json\/wp\/v2\/product\/6568","targetHints":{"allow":["GET"]}}],"collection":[{"href":"https:\/\/kosmeetika24.eu\/ru\/wp-json\/wp\/v2\/product"}],"about":[{"href":"https:\/\/kosmeetika24.eu\/ru\/wp-json\/wp\/v2\/types\/product"}],"version-history":[{"count":6,"href":"https:\/\/kosmeetika24.eu\/ru\/wp-json\/wp\/v2\/product\/6568\/revisions"}],"predecessor-version":[{"id":9391,"href":"https:\/\/kosmeetika24.eu\/ru\/wp-json\/wp\/v2\/product\/6568\/revisions\/9391"}],"wp:featuredmedia":[{"embeddable":true,"href":"https:\/\/kosmeetika24.eu\/ru\/wp-json\/wp\/v2\/media\/6569"}],"wp:attachment":[{"href":"https:\/\/kosmeetika24.eu\/ru\/wp-json\/wp\/v2\/media?parent=6568"}],"wp:term":[{"taxonomy":"product_brand","embeddable":true,"href":"https:\/\/kosmeetika24.eu\/ru\/wp-json\/wp\/v2\/product_brand?post=6568"},{"taxonomy":"product_cat","embeddable":true,"href":"https:\/\/kosmeetika24.eu\/ru\/wp-json\/wp\/v2\/product_cat?post=6568"},{"taxonomy":"product_tag","embeddable":true,"href":"https:\/\/kosmeetika24.eu\/ru\/wp-json\/wp\/v2\/product_tag?post=6568"}],"curies":[{"name":"wp","href":"https:\/\/api.w.org\/{rel}","templated":true}]}}