{"id":6198,"date":"2023-08-23T13:06:13","date_gmt":"2023-08-23T13:06:13","guid":{"rendered":"https:\/\/kosmeetika24.eu\/?post_type=product&#038;p=6198"},"modified":"2024-10-10T16:21:53","modified_gmt":"2024-10-10T13:21:53","slug":"hyaluronic-infusion","status":"publish","type":"product","link":"https:\/\/kosmeetika24.eu\/ru\/product\/hyaluronic-infusion\/","title":{"rendered":"WISHPRO Hyaluronic Infusion - \u043e\u0431\u043e\u0433\u0430\u0449\u0435\u043d\u043d\u044b\u0439 \u0433\u0438\u0430\u043b\u0443\u0440\u043e\u043d\u043e\u043c, \u0443\u0432\u043b\u0430\u0436\u043d\u044f\u044e\u0449\u0438\u0439"},"content":{"rendered":"<p style=\"text-align: center;\"><span style=\"color: #993366;\"><strong>Hyaluronic<\/strong><\/span> kapsel sisaldab v\u00e4ga kontsentreeritud <strong>kristallh\u00fcaluroonhapet<\/strong>,\u00a0<strong>mis on \u00fcks niisutavamaid turul<\/strong>\u00a0saadaolevaid aineid.<\/p>\n<p style=\"text-align: center;\"><strong>Crystalhyal, nagu mikro-k\u00e4sn<\/strong>,\u00a0neelab vett ja\u00a0<strong>s\u00e4ilitab selle epidermises,<\/strong>\u00a0aidates kaasa\u00a0<strong>naha elastsuse kasvule.<\/strong><\/p>\n<p style=\"text-align: center;\">Lisaks stimuleerib kapsel\u00a0<strong>nahka toetavate kiudude<\/strong>\u00a0tootmist,<\/p>\n<p style=\"text-align: center;\">toetab\u00a0<strong>immuuns\u00fcsteemi<\/strong>\u00a0ja omab\u00a0<strong>p\u00f5letikuvastaseid omadusi.<\/strong><\/p>\n<p style=\"text-align: center;\"><strong>Kasutusotstarve:<\/strong> kuiv ja veetustatud nahk, varesejalad, esimesed vananemise tunnused, elastsuse puudumine, niisutamist vajav nahk.<\/p>\n<p style=\"text-align: center;\"><span style=\"color: #993366;\"><strong>Hyaluronic<\/strong><\/span>\u00a0kapsel\u00a0on m\u00f5eldud kasutamiseks kuldse, punase v\u00f5i sinise\u00a0<strong>WishPro Plus+<\/strong> tehnoloogilise peaga.<\/p>\n<p style=\"text-align: center;\"><span style=\"color: #993366;\"><strong>Infusiooni liin<\/strong><\/span><\/p>\n<p style=\"text-align: center;\">Sari on p\u00fchendatud\u00a0<strong>esimeste vananemism\u00e4rkidega<\/strong>\u00a0inimestele, kes soovivad taastada oma noorusliku v\u00e4limuse ja\u00a0<strong>peatada vananemisprotsessi<\/strong>. Liin p\u00f5hineb\u00a0<strong>kolmel t\u00f5estatud efektiivsusega toimeainel<\/strong>. Kapslid on m\u00f5eldud k\u00f5ikidele nahat\u00fc\u00fcpidele ning tagavad\u00a0<strong>kerge tekstuuri<\/strong>\u00a0ja toimeainete intensiivse kontsentratsiooni!<\/p>\n<hr \/>\n<p style=\"text-align: center;\">Kapslid on steriilsed ja \u00fchekordselt kasutatavad, \u00fcks kapsel on m\u00f5eldud \u00fcheks hoolduskorraks.<\/p>\n<p>&nbsp;<\/p>","protected":false},"excerpt":{"rendered":"<p>Toimides nagu &#8220;molekulaarne k\u00e4sn&#8221;, suurendab see naha v\u00f5imet s\u00e4ilitada vett \u2013 hoiab selle niiske ja tervena.<\/p>\n<p>H\u00fcaluroonhappe infusioon stimuleerib kollageeni ja elastiini s\u00fcnteesi, tugevdab naha \u00fcldist immuunsust.<\/p>\n<p><strong>Hind kehtib 10 kapslit sisaldava pakendi kohta.<\/strong><\/p>","protected":false},"featured_media":6199,"template":"","meta":{"om_disable_all_campaigns":false,"_monsterinsights_skip_tracking":false,"_monsterinsights_sitenote_active":false,"_monsterinsights_sitenote_note":"","_monsterinsights_sitenote_category":0,"_uf_show_specific_survey":0,"_uf_disable_surveys":false,"site-sidebar-layout":"default","site-content-layout":"","ast-site-content-layout":"default","site-content-style":"default","site-sidebar-style":"default","ast-global-header-display":"","ast-banner-title-visibility":"","ast-main-header-display":"","ast-hfb-above-header-display":"","ast-hfb-below-header-display":"","ast-hfb-mobile-header-display":"","site-post-title":"","ast-breadcrumbs-content":"","ast-featured-img":"","footer-sml-layout":"","theme-transparent-header-meta":"default","adv-header-id-meta":"","stick-header-meta":"","header-above-stick-meta":"","header-main-stick-meta":"","header-below-stick-meta":"","astra-migrate-meta-layouts":"set","ast-page-background-enabled":"default","ast-page-background-meta":{"desktop":{"background-color":"var(--ast-global-color-4)","background-image":"","background-repeat":"repeat","background-position":"center center","background-size":"auto","background-attachment":"scroll","background-type":"","background-media":"","overlay-type":"","overlay-color":"","overlay-opacity":"","overlay-gradient":""},"tablet":{"background-color":"","background-image":"","background-repeat":"repeat","background-position":"center center","background-size":"auto","background-attachment":"scroll","background-type":"","background-media":"","overlay-type":"","overlay-color":"","overlay-opacity":"","overlay-gradient":""},"mobile":{"background-color":"","background-image":"","background-repeat":"repeat","background-position":"center center","background-size":"auto","background-attachment":"scroll","background-type":"","background-media":"","overlay-type":"","overlay-color":"","overlay-opacity":"","overlay-gradient":""}},"ast-content-background-meta":{"desktop":{"background-color":"var(--ast-global-color-5)","background-image":"","background-repeat":"repeat","background-position":"center center","background-size":"auto","background-attachment":"scroll","background-type":"","background-media":"","overlay-type":"","overlay-color":"","overlay-opacity":"","overlay-gradient":""},"tablet":{"background-color":"var(--ast-global-color-5)","background-image":"","background-repeat":"repeat","background-position":"center center","background-size":"auto","background-attachment":"scroll","background-type":"","background-media":"","overlay-type":"","overlay-color":"","overlay-opacity":"","overlay-gradient":""},"mobile":{"background-color":"var(--ast-global-color-5)","background-image":"","background-repeat":"repeat","background-position":"center center","background-size":"auto","background-attachment":"scroll","background-type":"","background-media":"","overlay-type":"","overlay-color":"","overlay-opacity":"","overlay-gradient":""}}},"product_brand":[],"product_cat":[355,108,358,351],"product_tag":[],"class_list":{"0":"post-6198","1":"product","2":"type-product","3":"status-publish","4":"has-post-thumbnail","6":"product_cat-infusion-line-lilla","7":"product_cat-profitooted","8":"product_cat-wishpro","9":"product_cat-wishpro-kapslid","10":"desktop-align-center","11":"tablet-align-left","12":"mobile-align-left","14":"first","15":"instock","16":"taxable","17":"shipping-taxable","18":"product-type-simple","19":"add-to-wishlist-before_image"},"aioseo_notices":[],"_links":{"self":[{"href":"https:\/\/kosmeetika24.eu\/ru\/wp-json\/wp\/v2\/product\/6198","targetHints":{"allow":["GET"]}}],"collection":[{"href":"https:\/\/kosmeetika24.eu\/ru\/wp-json\/wp\/v2\/product"}],"about":[{"href":"https:\/\/kosmeetika24.eu\/ru\/wp-json\/wp\/v2\/types\/product"}],"version-history":[{"count":2,"href":"https:\/\/kosmeetika24.eu\/ru\/wp-json\/wp\/v2\/product\/6198\/revisions"}],"predecessor-version":[{"id":8972,"href":"https:\/\/kosmeetika24.eu\/ru\/wp-json\/wp\/v2\/product\/6198\/revisions\/8972"}],"wp:featuredmedia":[{"embeddable":true,"href":"https:\/\/kosmeetika24.eu\/ru\/wp-json\/wp\/v2\/media\/6199"}],"wp:attachment":[{"href":"https:\/\/kosmeetika24.eu\/ru\/wp-json\/wp\/v2\/media?parent=6198"}],"wp:term":[{"taxonomy":"product_brand","embeddable":true,"href":"https:\/\/kosmeetika24.eu\/ru\/wp-json\/wp\/v2\/product_brand?post=6198"},{"taxonomy":"product_cat","embeddable":true,"href":"https:\/\/kosmeetika24.eu\/ru\/wp-json\/wp\/v2\/product_cat?post=6198"},{"taxonomy":"product_tag","embeddable":true,"href":"https:\/\/kosmeetika24.eu\/ru\/wp-json\/wp\/v2\/product_tag?post=6198"}],"curies":[{"name":"wp","href":"https:\/\/api.w.org\/{rel}","templated":true}]}}