{"id":6184,"date":"2023-08-22T13:51:13","date_gmt":"2023-08-22T13:51:13","guid":{"rendered":"https:\/\/kosmeetika24.eu\/?post_type=product&#038;p=6184"},"modified":"2024-10-10T16:13:56","modified_gmt":"2024-10-10T13:13:56","slug":"peel-exfoliator-koorija","status":"publish","type":"product","link":"https:\/\/kosmeetika24.eu\/ru\/product\/peel-exfoliator-koorija\/","title":{"rendered":"WISHPRO Peel Exfoliator &#8211; koorija"},"content":{"rendered":"<p style=\"text-align: center;\"><span style=\"color: #339966;\"><strong>Peel Exfoliator<\/strong>\u00a0<\/span>kapsel &#8211;\u00a0 <strong>magusa mandli\u00f5li<\/strong>\u00a0ja koorivate\u00a0<strong>mikrotselluloosi kristallide kombinatsioon.<\/strong><\/p>\n<p style=\"text-align: center;\"><strong>Koorib <\/strong>t\u00f5husalt\u00a0<strong>surnud naharakke<\/strong>, stimuleerib\u00a0<strong>mikrotsirkulatsiooni<\/strong>\u00a0\u0430 \u0442\u0430\u043a\u0436\u0435\u00a0<strong>\u00fchtlustab naha tooni.<\/strong><\/p>\n<p style=\"text-align: center;\">Lisaks noorendab.\u00a0 A- ja <strong>E-vitamiinide<\/strong>\u00a0rikkus, toidab nahka ja omab antioks\u00fcdantset toimet.<\/p>\n<p style=\"text-align: center;\"><span style=\"color: #339966;\"><strong>Peel Exfoliator<\/strong><\/span>\u00a0kapsel on m\u00f5eldud rohelise tehnoloogilise peaga koorimiseks, mis on hoolitsuse esimene etapp.<\/p>\n<p style=\"text-align: center;\"><strong>Kasutusala:<\/strong>\u00a0k\u00f5ik nahat\u00fc\u00fcbid, koorimist ja v\u00e4rskendamist vajav nahk, naha ettevalmistamine j\u00e4rgmiseks protseduurietapiks (\u00fcksk\u00f5ik millise kapsliga)\u00a0<strong>WishPro Plus+<\/strong>\u00a0seadmega<\/p>\n<p style=\"text-align: center;\"><span style=\"color: #339966;\"><strong>Looduslik joon<\/strong><\/span><\/p>\n<p style=\"text-align: center;\">P\u00f5hihooldussari, mis on p\u00fchendatud <strong>noortele, tundlikule ja \u00e4rritunud nahale.<\/strong>\u00a0Looduslik joon p\u00f5hineb looduslikel\u00a0<strong>taime\u00f5lidel<\/strong>, mis tugevdavad looduslikku kaitsebarj\u00e4\u00e4ri.<\/p>\n<p style=\"text-align: center;\">Terve, nooruslik nahk t\u00e4nu mitteinvasiivsetele lahustele ja t\u00e4iesti looduslikele koostisosadele!<\/p>\n<hr \/>\n<p style=\"text-align: center;\">Kapslid on steriilsed ja \u00fchekordselt kasutatavad, \u00fcks kapsel on ette n\u00e4htud \u00fcheks raviks.<\/p>","protected":false},"excerpt":{"rendered":"<p>Looduslik koorija Peel Exfoliator kapsel magusa mandli \u00f5li koorimisosakestega.<\/p>\n<p>E- ja A-vitamiinidega t\u00e4iendavalt rikastatud valem sisaldab kahte tselluloosi koorimise vormi, et eemaldada surnud naharakud, suurendada vereringet ja soodustada rakkude uuenemist.<\/p>\n<p><strong>Hind kehtib 10 kapslit sisaldava pakendi kohta.<\/strong><\/p>","protected":false},"featured_media":6185,"template":"","meta":{"om_disable_all_campaigns":false,"_monsterinsights_skip_tracking":false,"_monsterinsights_sitenote_active":false,"_monsterinsights_sitenote_note":"","_monsterinsights_sitenote_category":0,"_uf_show_specific_survey":0,"_uf_disable_surveys":false,"site-sidebar-layout":"default","site-content-layout":"","ast-site-content-layout":"default","site-content-style":"default","site-sidebar-style":"default","ast-global-header-display":"","ast-banner-title-visibility":"","ast-main-header-display":"","ast-hfb-above-header-display":"","ast-hfb-below-header-display":"","ast-hfb-mobile-header-display":"","site-post-title":"","ast-breadcrumbs-content":"","ast-featured-img":"","footer-sml-layout":"","theme-transparent-header-meta":"default","adv-header-id-meta":"","stick-header-meta":"","header-above-stick-meta":"","header-main-stick-meta":"","header-below-stick-meta":"","astra-migrate-meta-layouts":"set","ast-page-background-enabled":"default","ast-page-background-meta":{"desktop":{"background-color":"var(--ast-global-color-4)","background-image":"","background-repeat":"repeat","background-position":"center center","background-size":"auto","background-attachment":"scroll","background-type":"","background-media":"","overlay-type":"","overlay-color":"","overlay-opacity":"","overlay-gradient":""},"tablet":{"background-color":"","background-image":"","background-repeat":"repeat","background-position":"center center","background-size":"auto","background-attachment":"scroll","background-type":"","background-media":"","overlay-type":"","overlay-color":"","overlay-opacity":"","overlay-gradient":""},"mobile":{"background-color":"","background-image":"","background-repeat":"repeat","background-position":"center center","background-size":"auto","background-attachment":"scroll","background-type":"","background-media":"","overlay-type":"","overlay-color":"","overlay-opacity":"","overlay-gradient":""}},"ast-content-background-meta":{"desktop":{"background-color":"var(--ast-global-color-5)","background-image":"","background-repeat":"repeat","background-position":"center center","background-size":"auto","background-attachment":"scroll","background-type":"","background-media":"","overlay-type":"","overlay-color":"","overlay-opacity":"","overlay-gradient":""},"tablet":{"background-color":"var(--ast-global-color-5)","background-image":"","background-repeat":"repeat","background-position":"center center","background-size":"auto","background-attachment":"scroll","background-type":"","background-media":"","overlay-type":"","overlay-color":"","overlay-opacity":"","overlay-gradient":""},"mobile":{"background-color":"var(--ast-global-color-5)","background-image":"","background-repeat":"repeat","background-position":"center center","background-size":"auto","background-attachment":"scroll","background-type":"","background-media":"","overlay-type":"","overlay-color":"","overlay-opacity":"","overlay-gradient":""}}},"product_brand":[],"product_cat":[356,108,358,351],"product_tag":[],"class_list":{"0":"post-6184","1":"product","2":"type-product","3":"status-publish","4":"has-post-thumbnail","6":"product_cat-natural-line-roheline","7":"product_cat-profitooted","8":"product_cat-wishpro","9":"product_cat-wishpro-kapslid","10":"desktop-align-center","11":"tablet-align-left","12":"mobile-align-left","14":"first","15":"instock","16":"taxable","17":"shipping-taxable","18":"product-type-simple","19":"add-to-wishlist-before_image"},"aioseo_notices":[],"_links":{"self":[{"href":"https:\/\/kosmeetika24.eu\/ru\/wp-json\/wp\/v2\/product\/6184","targetHints":{"allow":["GET"]}}],"collection":[{"href":"https:\/\/kosmeetika24.eu\/ru\/wp-json\/wp\/v2\/product"}],"about":[{"href":"https:\/\/kosmeetika24.eu\/ru\/wp-json\/wp\/v2\/types\/product"}],"version-history":[{"count":2,"href":"https:\/\/kosmeetika24.eu\/ru\/wp-json\/wp\/v2\/product\/6184\/revisions"}],"predecessor-version":[{"id":8975,"href":"https:\/\/kosmeetika24.eu\/ru\/wp-json\/wp\/v2\/product\/6184\/revisions\/8975"}],"wp:featuredmedia":[{"embeddable":true,"href":"https:\/\/kosmeetika24.eu\/ru\/wp-json\/wp\/v2\/media\/6185"}],"wp:attachment":[{"href":"https:\/\/kosmeetika24.eu\/ru\/wp-json\/wp\/v2\/media?parent=6184"}],"wp:term":[{"taxonomy":"product_brand","embeddable":true,"href":"https:\/\/kosmeetika24.eu\/ru\/wp-json\/wp\/v2\/product_brand?post=6184"},{"taxonomy":"product_cat","embeddable":true,"href":"https:\/\/kosmeetika24.eu\/ru\/wp-json\/wp\/v2\/product_cat?post=6184"},{"taxonomy":"product_tag","embeddable":true,"href":"https:\/\/kosmeetika24.eu\/ru\/wp-json\/wp\/v2\/product_tag?post=6184"}],"curies":[{"name":"wp","href":"https:\/\/api.w.org\/{rel}","templated":true}]}}