{"id":6177,"date":"2023-08-22T13:28:14","date_gmt":"2023-08-22T13:28:14","guid":{"rendered":"https:\/\/kosmeetika24.eu\/?post_type=product&#038;p=6177"},"modified":"2024-10-10T16:10:21","modified_gmt":"2024-10-10T13:10:21","slug":"age-control-progeline-ja-tightenyliga-wishpro-kapsel","status":"publish","type":"product","link":"https:\/\/kosmeetika24.eu\/ru\/product\/age-control-progeline-ja-tightenyliga-wishpro-kapsel\/","title":{"rendered":"WISHPRO Age Control Progeline ja Tightenyli`ga"},"content":{"rendered":"<p style=\"text-align: center;\"><strong><span style=\"color: #ff6600;\">Age Control<\/span><\/strong> kapsel on kontsentreeritud segu kahest biomimeetilisest\u00a0<strong>peptiidist,<\/strong>\u00a0mis annab kohese\u00a0naha<strong>pinguldamise ja silumise efekti.<\/strong><\/p>\n<p style=\"text-align: center;\">Kaks ainulaadset koostisosa:\u00a0<strong>PROGELINE\u2122 ja Tightenyl\u2122 <\/strong><strong>v\u00e4hendavad n\u00e4htavalt kortse,<\/strong>\u00a0<strong>suurendavad naha elastsust.<\/strong><\/p>\n<ul>\n<li>PROGELINE peptiidi sisaldav veep\u00f5hine emulsioon.<\/li>\n<li>NB! Progerin on vananemismarker, mis avastati progeeria uurimisel. Vananemist iseloomustab toksilise progeriini valgu koguse suurenemine, mis avaldab negatiivset m\u00f5ju raku funktsioonile. Progeriini kuhjumine p\u00f5hjustab tuuma defekte ja DNA kahjustusi, \u201eaidates\u201c sellega kaasa vananemisilmingute tekkimisele. Progeriin koguneb aja jooksul ja j\u00f5uab k\u00f5rgele tasemele vanemas eas.<\/li>\n<li>Tightenyl\u2122 nahamaatriksi Bio-lifter, n\u00e4onaha noorendava toimega hooldustes kasutatav retinooli asendaja, pinguldab nahka, parandab n\u00e4htavalt naha tihedust, naha noorendamine.<\/li>\n<\/ul>\n<p style=\"text-align: center;\">Nendel koostisosadel on positiivne m\u00f5ju n\u00e4o ovaali parandamisele.<\/p>\n<p style=\"text-align: center;\">Age Control on ideaalne lahendus\u00a0<strong>naha t\u00e4ielikuks \u00fcmberkujundamiseks.<\/strong><\/p>\n<p style=\"text-align: center;\"><strong>\u0418\u0441\u043f\u043e\u043b\u044c\u0437\u043e\u0432\u0430\u043d\u0438\u0435: <\/strong>k\u00f5ik nahat\u00fc\u00fcbid, kortsud ja vaod, niisutamist vajav nahk, naha l\u00f5tvus.<\/p>\n<p style=\"text-align: center;\"><span style=\"color: #ff6600;\"><strong>Age Control<\/strong>\u00a0<\/span>kapsel\u00a0on m\u00f5eldud kasutamiseks kuldse v\u00f5i punase\u00a0<strong>WishPro Plus+<\/strong>\u00a0tehnoloogilise peaga<\/p>\n<p style=\"text-align: center;\"><span style=\"color: #ff6600;\"><strong>APC vanuse protsessi juhtliin<\/strong><\/span><\/p>\n<p style=\"text-align: center;\">Uus\u00a0<strong>APC kapslite sari<\/strong>\u00a0on loodud mehaanilistest teguritest, elustiilist, stressist ja keskkonna saasteainetest p\u00f5hjustatud\u00a0<strong>naha<\/strong>\u00a0vananemisprotsessi kontrollimiseks ja peatamiseks. Sari on suunatud\u00a0<strong>kahjustatud<\/strong>,\u00a0<strong>kuivale, tundlikule ja punetava <\/strong>nahaga inimestele. Liini koostisosad kaitsevad nahka\u00a0<strong>mehaaniliste, keemiliste ja UV-faktorite eest.<\/strong><\/p>\n<hr \/>\n<p style=\"text-align: center;\">Kapslid on steriilsed ja \u00fchekordselt kasutatavad, \u00fcks kapsel on m\u00f5eldud \u00fcheks hoolduskorraks.<\/p>\n<p>&nbsp;<\/p>","protected":false},"excerpt":{"rendered":"<p>Taastav toime, parandab l\u00f5tvunud nahka ja kortsude s\u00fcgavust.<\/p>\n<p>V\u00e4hendab naha vananemisprotsessis osaleva biomarkeri PROGERIIN s\u00fcnteesi. M\u00f5jutades otseselt naha vananemisprotsessi, parandab see oluliselt n\u00e4onaha\u00a0 seisundit: v\u00e4hendab l\u00f5tvumist, silub kortse, pinguldab nahka, muudab selle elastsemaks.<\/p>\n<p><strong>Hind kehtib 10 kapslit sisaldava pakendi eest.<\/strong><\/p>\n<p>&nbsp;<\/p>\n<p>&nbsp;<\/p>","protected":false},"featured_media":6178,"template":"","meta":{"om_disable_all_campaigns":false,"_monsterinsights_skip_tracking":false,"_monsterinsights_sitenote_active":false,"_monsterinsights_sitenote_note":"","_monsterinsights_sitenote_category":0,"_uf_show_specific_survey":0,"_uf_disable_surveys":false,"site-sidebar-layout":"default","site-content-layout":"","ast-site-content-layout":"default","site-content-style":"default","site-sidebar-style":"default","ast-global-header-display":"","ast-banner-title-visibility":"","ast-main-header-display":"","ast-hfb-above-header-display":"","ast-hfb-below-header-display":"","ast-hfb-mobile-header-display":"","site-post-title":"","ast-breadcrumbs-content":"","ast-featured-img":"","footer-sml-layout":"","theme-transparent-header-meta":"default","adv-header-id-meta":"","stick-header-meta":"","header-above-stick-meta":"","header-main-stick-meta":"","header-below-stick-meta":"","astra-migrate-meta-layouts":"set","ast-page-background-enabled":"default","ast-page-background-meta":{"desktop":{"background-color":"var(--ast-global-color-4)","background-image":"","background-repeat":"repeat","background-position":"center center","background-size":"auto","background-attachment":"scroll","background-type":"","background-media":"","overlay-type":"","overlay-color":"","overlay-opacity":"","overlay-gradient":""},"tablet":{"background-color":"","background-image":"","background-repeat":"repeat","background-position":"center center","background-size":"auto","background-attachment":"scroll","background-type":"","background-media":"","overlay-type":"","overlay-color":"","overlay-opacity":"","overlay-gradient":""},"mobile":{"background-color":"","background-image":"","background-repeat":"repeat","background-position":"center center","background-size":"auto","background-attachment":"scroll","background-type":"","background-media":"","overlay-type":"","overlay-color":"","overlay-opacity":"","overlay-gradient":""}},"ast-content-background-meta":{"desktop":{"background-color":"var(--ast-global-color-5)","background-image":"","background-repeat":"repeat","background-position":"center center","background-size":"auto","background-attachment":"scroll","background-type":"","background-media":"","overlay-type":"","overlay-color":"","overlay-opacity":"","overlay-gradient":""},"tablet":{"background-color":"var(--ast-global-color-5)","background-image":"","background-repeat":"repeat","background-position":"center center","background-size":"auto","background-attachment":"scroll","background-type":"","background-media":"","overlay-type":"","overlay-color":"","overlay-opacity":"","overlay-gradient":""},"mobile":{"background-color":"var(--ast-global-color-5)","background-image":"","background-repeat":"repeat","background-position":"center center","background-size":"auto","background-attachment":"scroll","background-type":"","background-media":"","overlay-type":"","overlay-color":"","overlay-opacity":"","overlay-gradient":""}}},"product_brand":[],"product_cat":[359,108,358,351],"product_tag":[],"class_list":{"0":"post-6177","1":"product","2":"type-product","3":"status-publish","4":"has-post-thumbnail","6":"product_cat-aging-process-control-line-oranz","7":"product_cat-profitooted","8":"product_cat-wishpro","9":"product_cat-wishpro-kapslid","10":"desktop-align-center","11":"tablet-align-left","12":"mobile-align-left","14":"first","15":"instock","16":"taxable","17":"shipping-taxable","18":"product-type-simple","19":"add-to-wishlist-before_image"},"aioseo_notices":[],"_links":{"self":[{"href":"https:\/\/kosmeetika24.eu\/ru\/wp-json\/wp\/v2\/product\/6177","targetHints":{"allow":["GET"]}}],"collection":[{"href":"https:\/\/kosmeetika24.eu\/ru\/wp-json\/wp\/v2\/product"}],"about":[{"href":"https:\/\/kosmeetika24.eu\/ru\/wp-json\/wp\/v2\/types\/product"}],"version-history":[{"count":2,"href":"https:\/\/kosmeetika24.eu\/ru\/wp-json\/wp\/v2\/product\/6177\/revisions"}],"predecessor-version":[{"id":8977,"href":"https:\/\/kosmeetika24.eu\/ru\/wp-json\/wp\/v2\/product\/6177\/revisions\/8977"}],"wp:featuredmedia":[{"embeddable":true,"href":"https:\/\/kosmeetika24.eu\/ru\/wp-json\/wp\/v2\/media\/6178"}],"wp:attachment":[{"href":"https:\/\/kosmeetika24.eu\/ru\/wp-json\/wp\/v2\/media?parent=6177"}],"wp:term":[{"taxonomy":"product_brand","embeddable":true,"href":"https:\/\/kosmeetika24.eu\/ru\/wp-json\/wp\/v2\/product_brand?post=6177"},{"taxonomy":"product_cat","embeddable":true,"href":"https:\/\/kosmeetika24.eu\/ru\/wp-json\/wp\/v2\/product_cat?post=6177"},{"taxonomy":"product_tag","embeddable":true,"href":"https:\/\/kosmeetika24.eu\/ru\/wp-json\/wp\/v2\/product_tag?post=6177"}],"curies":[{"name":"wp","href":"https:\/\/api.w.org\/{rel}","templated":true}]}}