{"id":6135,"date":"2023-08-17T11:34:06","date_gmt":"2023-08-17T11:34:06","guid":{"rendered":"https:\/\/kosmeetika24.eu\/?post_type=product&#038;p=6135"},"modified":"2024-10-09T12:31:04","modified_gmt":"2024-10-09T09:31:04","slug":"charmyco-noorendav-kortsudevastane-kompleks-30x2ml-2","status":"publish","type":"product","link":"https:\/\/kosmeetika24.eu\/ru\/product\/charmyco-noorendav-kortsudevastane-kompleks-30x2ml-2\/","title":{"rendered":"Charmyco \u041e\u043c\u043e\u043b\u0430\u0436\u0438\u0432\u0430\u044e\u0449\u0438\u0439 \u0430\u043d\u0442\u0438\u0432\u043e\u0437\u0440\u0430\u0441\u0442\u043d\u043e\u0439 \u043a\u043e\u043c\u043f\u043b\u0435\u043a\u0441"},"content":{"rendered":"<p>\u0418\u0441\u043f\u043e\u043b\u044c\u0437\u043e\u0432\u0430\u043d\u0438\u0435:<\/p>\n<p>Kandke hommikul ja \u00f5htul n\u00e4ole, kaelale ning dekloteepiirkonnale \u00f5rna massaa\u017eiga kuni t\u00e4ieliku imendumiseni. Igap\u00e4evaseks kasutamiseks.<\/p>\n<p>\u0418\u0437\u0431\u0435\u0433\u0430\u0439\u0442\u0435 \u043a\u043e\u043d\u0442\u0430\u043a\u0442\u0430 \u0441 \u0433\u043b\u0430\u0437\u0430\u043c\u0438.<\/p>","protected":false},"excerpt":{"rendered":"<p>\u0412 \u043e\u0434\u043d\u043e\u0439 \u0430\u043c\u043f\u0443\u043b\u0435 \u043e\u0441\u043d\u043e\u0432\u043d\u044b\u0435 \u0431\u0435\u043b\u043a\u043e\u0432\u044b\u0435 \u043a\u043e\u043c\u043f\u043e\u043d\u0435\u043d\u0442\u044b \u043c\u0430\u0442\u0440\u0438\u043a\u0441\u0430 \u043a\u043e\u0436\u0438.<\/p>\n<p>\u041a\u043e\u043b\u043b\u0430\u0433\u0435\u043d, \u044d\u043b\u0430\u0441\u0442\u0438\u043d \u0438 \u0433\u0438\u0430\u043b\u0443\u0440\u043e\u043d\u043e\u0432\u0430\u044f \u043a\u0438\u0441\u043b\u043e\u0442\u0430 \u043f\u0440\u043e\u043d\u0438\u043a\u0430\u044e\u0442 \u0432 \u043a\u043e\u0436\u0443, \u0447\u0442\u043e\u0431\u044b \u0443\u043c\u0435\u043d\u044c\u0448\u0438\u0442\u044c \u043d\u0430\u0438\u0431\u043e\u043b\u0435\u0435 \u0437\u0430\u043c\u0435\u0442\u043d\u044b\u0435 \u043c\u043e\u0440\u0449\u0438\u043d\u044b.<\/p>\n<p>\u0423\u043f\u0430\u043a\u043e\u0432\u043a\u0430 \u0441\u043e\u0434\u0435\u0440\u0436\u0438\u0442 30 \u0430\u043c\u043f\u0443\u043b x 2 \u043c\u043b<\/p>","protected":false},"featured_media":6121,"template":"","meta":{"om_disable_all_campaigns":false,"_monsterinsights_skip_tracking":false,"_monsterinsights_sitenote_active":false,"_monsterinsights_sitenote_note":"","_monsterinsights_sitenote_category":0,"_uf_show_specific_survey":0,"_uf_disable_surveys":false,"site-sidebar-layout":"default","site-content-layout":"","ast-site-content-layout":"default","site-content-style":"default","site-sidebar-style":"default","ast-global-header-display":"","ast-banner-title-visibility":"","ast-main-header-display":"","ast-hfb-above-header-display":"","ast-hfb-below-header-display":"","ast-hfb-mobile-header-display":"","site-post-title":"","ast-breadcrumbs-content":"","ast-featured-img":"","footer-sml-layout":"","theme-transparent-header-meta":"default","adv-header-id-meta":"","stick-header-meta":"","header-above-stick-meta":"","header-main-stick-meta":"","header-below-stick-meta":"","astra-migrate-meta-layouts":"set","ast-page-background-enabled":"default","ast-page-background-meta":{"desktop":{"background-color":"var(--ast-global-color-4)","background-image":"","background-repeat":"repeat","background-position":"center center","background-size":"auto","background-attachment":"scroll","background-type":"","background-media":"","overlay-type":"","overlay-color":"","overlay-opacity":"","overlay-gradient":""},"tablet":{"background-color":"","background-image":"","background-repeat":"repeat","background-position":"center center","background-size":"auto","background-attachment":"scroll","background-type":"","background-media":"","overlay-type":"","overlay-color":"","overlay-opacity":"","overlay-gradient":""},"mobile":{"background-color":"","background-image":"","background-repeat":"repeat","background-position":"center center","background-size":"auto","background-attachment":"scroll","background-type":"","background-media":"","overlay-type":"","overlay-color":"","overlay-opacity":"","overlay-gradient":""}},"ast-content-background-meta":{"desktop":{"background-color":"var(--ast-global-color-5)","background-image":"","background-repeat":"repeat","background-position":"center center","background-size":"auto","background-attachment":"scroll","background-type":"","background-media":"","overlay-type":"","overlay-color":"","overlay-opacity":"","overlay-gradient":""},"tablet":{"background-color":"var(--ast-global-color-5)","background-image":"","background-repeat":"repeat","background-position":"center center","background-size":"auto","background-attachment":"scroll","background-type":"","background-media":"","overlay-type":"","overlay-color":"","overlay-opacity":"","overlay-gradient":""},"mobile":{"background-color":"var(--ast-global-color-5)","background-image":"","background-repeat":"repeat","background-position":"center center","background-size":"auto","background-attachment":"scroll","background-type":"","background-media":"","overlay-type":"","overlay-color":"","overlay-opacity":"","overlay-gradient":""}}},"product_brand":[],"product_cat":[108,122],"product_tag":[],"class_list":{"0":"post-6135","1":"product","2":"type-product","3":"status-publish","4":"has-post-thumbnail","6":"product_cat-profitooted","7":"product_cat-seerumid-profitooted","8":"desktop-align-center","9":"tablet-align-left","10":"mobile-align-left","12":"first","13":"instock","14":"taxable","15":"shipping-taxable","16":"product-type-simple","17":"add-to-wishlist-before_image"},"aioseo_notices":[],"_links":{"self":[{"href":"https:\/\/kosmeetika24.eu\/ru\/wp-json\/wp\/v2\/product\/6135","targetHints":{"allow":["GET"]}}],"collection":[{"href":"https:\/\/kosmeetika24.eu\/ru\/wp-json\/wp\/v2\/product"}],"about":[{"href":"https:\/\/kosmeetika24.eu\/ru\/wp-json\/wp\/v2\/types\/product"}],"version-history":[{"count":2,"href":"https:\/\/kosmeetika24.eu\/ru\/wp-json\/wp\/v2\/product\/6135\/revisions"}],"predecessor-version":[{"id":8305,"href":"https:\/\/kosmeetika24.eu\/ru\/wp-json\/wp\/v2\/product\/6135\/revisions\/8305"}],"wp:featuredmedia":[{"embeddable":true,"href":"https:\/\/kosmeetika24.eu\/ru\/wp-json\/wp\/v2\/media\/6121"}],"wp:attachment":[{"href":"https:\/\/kosmeetika24.eu\/ru\/wp-json\/wp\/v2\/media?parent=6135"}],"wp:term":[{"taxonomy":"product_brand","embeddable":true,"href":"https:\/\/kosmeetika24.eu\/ru\/wp-json\/wp\/v2\/product_brand?post=6135"},{"taxonomy":"product_cat","embeddable":true,"href":"https:\/\/kosmeetika24.eu\/ru\/wp-json\/wp\/v2\/product_cat?post=6135"},{"taxonomy":"product_tag","embeddable":true,"href":"https:\/\/kosmeetika24.eu\/ru\/wp-json\/wp\/v2\/product_tag?post=6135"}],"curies":[{"name":"wp","href":"https:\/\/api.w.org\/{rel}","templated":true}]}}