{"id":6129,"date":"2023-08-17T10:09:56","date_gmt":"2023-08-17T10:09:56","guid":{"rendered":"https:\/\/kosmeetika24.eu\/?post_type=product&#038;p=6129"},"modified":"2024-10-09T12:32:07","modified_gmt":"2024-10-09T09:32:07","slug":"charmyco-cell-renewall-1-60ml-rakkude-uuendmaine-1","status":"publish","type":"product","link":"https:\/\/kosmeetika24.eu\/ru\/product\/charmyco-cell-renewall-1-60ml-rakkude-uuendmaine-1\/","title":{"rendered":"CHARMYCO CELL RENEWALL 1- Rakkude uuendamine 1"},"content":{"rendered":"<p>Nahal on kaasas\u00fcndinud v\u00f5ime taastuda. Keemiline koorimine m\u00f5jutab s\u00fcgavamaid kihte, eemaldab surnud naharakud ja annab teed uutele t\u00e4ielikult funktsioneerivatele rakkudele.<\/p>\n<p>\u0418\u0421\u041f\u041e\u041b\u042c\u0417\u041e\u0412\u0410\u041d\u0418\u0415:<\/p>\n<ol>\n<li>Puhastage ja valmistage ette t\u00f6\u00f6deldav n\u00e4opiirkond. Kaitske tundlikud piirkonnad.<\/li>\n<li>Kandke esimene kiht hapet n\u00e4ole ja suruge kergelt s\u00f5rmeotstega, et hape j\u00f5uaks naha s\u00fcgavamatesse kihtidesse.<\/li>\n<li>Korrake tegevust iga kihi j\u00e4rel.<\/li>\n<li>Kandke vastavalt naha t\u00fc\u00fcbile nii palju happekihte kui vaja.<\/li>\n<li>Happekoorimise kestvus v\u00f5iks olla vastavalat naha t\u00fc\u00fcbile 2-10 minutit.<\/li>\n<li>Eemaldage toode jaheda veega!<\/li>\n<\/ol>","protected":false},"excerpt":{"rendered":"<p>Cell Renewal 1 pakub t\u00f5husat, kuid ohutut lahendust t\u00e4nu k\u00f5rgekvaliteetsele puhtale gl\u00fckoolhappele, et saavutada rakkude t\u00e4ielik uuenemine.<\/p>\n<p>Gl\u00fckoolhape toimib t\u00f5husalt paljude nahaprobleemide korral nagu akne, seborroiline dermatiit, vananemine, venitusarmid, nahalaigud, h\u00fcperkeratoos ja kseroos.<\/p>\n<p>Kaitseb see naha kollageeni ja elastiini, aitab epidermisel t\u00e4ielikult uueneda.<\/p>\n<p>Gl\u00fckoolhape kui keemiline ja mitteabrasiivne koorija aitab eemaldada laike, v\u00e4hendab naha sarvkihi paksust, suurendab naha niisutusv\u00f5imet ja eemaldab ebapuhtused, v\u00e4hendab inetut l\u00e4iget, reguleerib rasueritust.<\/p>","protected":false},"featured_media":6126,"template":"","meta":{"om_disable_all_campaigns":false,"_monsterinsights_skip_tracking":false,"_monsterinsights_sitenote_active":false,"_monsterinsights_sitenote_note":"","_monsterinsights_sitenote_category":0,"_uf_show_specific_survey":0,"_uf_disable_surveys":false,"site-sidebar-layout":"default","site-content-layout":"","ast-site-content-layout":"default","site-content-style":"default","site-sidebar-style":"default","ast-global-header-display":"","ast-banner-title-visibility":"","ast-main-header-display":"","ast-hfb-above-header-display":"","ast-hfb-below-header-display":"","ast-hfb-mobile-header-display":"","site-post-title":"","ast-breadcrumbs-content":"","ast-featured-img":"","footer-sml-layout":"","theme-transparent-header-meta":"default","adv-header-id-meta":"","stick-header-meta":"","header-above-stick-meta":"","header-main-stick-meta":"","header-below-stick-meta":"","astra-migrate-meta-layouts":"set","ast-page-background-enabled":"default","ast-page-background-meta":{"desktop":{"background-color":"var(--ast-global-color-4)","background-image":"","background-repeat":"repeat","background-position":"center center","background-size":"auto","background-attachment":"scroll","background-type":"","background-media":"","overlay-type":"","overlay-color":"","overlay-opacity":"","overlay-gradient":""},"tablet":{"background-color":"","background-image":"","background-repeat":"repeat","background-position":"center center","background-size":"auto","background-attachment":"scroll","background-type":"","background-media":"","overlay-type":"","overlay-color":"","overlay-opacity":"","overlay-gradient":""},"mobile":{"background-color":"","background-image":"","background-repeat":"repeat","background-position":"center center","background-size":"auto","background-attachment":"scroll","background-type":"","background-media":"","overlay-type":"","overlay-color":"","overlay-opacity":"","overlay-gradient":""}},"ast-content-background-meta":{"desktop":{"background-color":"var(--ast-global-color-5)","background-image":"","background-repeat":"repeat","background-position":"center center","background-size":"auto","background-attachment":"scroll","background-type":"","background-media":"","overlay-type":"","overlay-color":"","overlay-opacity":"","overlay-gradient":""},"tablet":{"background-color":"var(--ast-global-color-5)","background-image":"","background-repeat":"repeat","background-position":"center center","background-size":"auto","background-attachment":"scroll","background-type":"","background-media":"","overlay-type":"","overlay-color":"","overlay-opacity":"","overlay-gradient":""},"mobile":{"background-color":"var(--ast-global-color-5)","background-image":"","background-repeat":"repeat","background-position":"center center","background-size":"auto","background-attachment":"scroll","background-type":"","background-media":"","overlay-type":"","overlay-color":"","overlay-opacity":"","overlay-gradient":""}}},"product_brand":[],"product_cat":[117,108],"product_tag":[],"class_list":{"0":"post-6129","1":"product","2":"type-product","3":"status-publish","4":"has-post-thumbnail","6":"product_cat-koorijad-profitooted","7":"product_cat-profitooted","8":"desktop-align-center","9":"tablet-align-left","10":"mobile-align-left","12":"first","13":"instock","14":"taxable","15":"shipping-taxable","16":"product-type-simple","17":"add-to-wishlist-before_image"},"aioseo_notices":[],"_links":{"self":[{"href":"https:\/\/kosmeetika24.eu\/ru\/wp-json\/wp\/v2\/product\/6129","targetHints":{"allow":["GET"]}}],"collection":[{"href":"https:\/\/kosmeetika24.eu\/ru\/wp-json\/wp\/v2\/product"}],"about":[{"href":"https:\/\/kosmeetika24.eu\/ru\/wp-json\/wp\/v2\/types\/product"}],"version-history":[{"count":1,"href":"https:\/\/kosmeetika24.eu\/ru\/wp-json\/wp\/v2\/product\/6129\/revisions"}],"predecessor-version":[{"id":7142,"href":"https:\/\/kosmeetika24.eu\/ru\/wp-json\/wp\/v2\/product\/6129\/revisions\/7142"}],"wp:featuredmedia":[{"embeddable":true,"href":"https:\/\/kosmeetika24.eu\/ru\/wp-json\/wp\/v2\/media\/6126"}],"wp:attachment":[{"href":"https:\/\/kosmeetika24.eu\/ru\/wp-json\/wp\/v2\/media?parent=6129"}],"wp:term":[{"taxonomy":"product_brand","embeddable":true,"href":"https:\/\/kosmeetika24.eu\/ru\/wp-json\/wp\/v2\/product_brand?post=6129"},{"taxonomy":"product_cat","embeddable":true,"href":"https:\/\/kosmeetika24.eu\/ru\/wp-json\/wp\/v2\/product_cat?post=6129"},{"taxonomy":"product_tag","embeddable":true,"href":"https:\/\/kosmeetika24.eu\/ru\/wp-json\/wp\/v2\/product_tag?post=6129"}],"curies":[{"name":"wp","href":"https:\/\/api.w.org\/{rel}","templated":true}]}}