{"id":5979,"date":"2023-07-13T09:14:17","date_gmt":"2023-07-13T09:14:17","guid":{"rendered":"https:\/\/kosmeetika24.eu\/?post_type=product&#038;p=5979"},"modified":"2025-04-01T09:27:09","modified_gmt":"2025-04-01T06:27:09","slug":"charmyco-kompleks-kuperoossele-nahale-30x2ml","status":"publish","type":"product","link":"https:\/\/kosmeetika24.eu\/ru\/product\/charmyco-kompleks-kuperoossele-nahale-30x2ml\/","title":{"rendered":"Charmyco \u0423\u0441\u043f\u043e\u043a\u0430\u0438\u0432\u0430\u044e\u0449\u0438\u0439 \u043a\u043e\u043c\u043f\u043b\u0435\u043a\u0441 \u0434\u043b\u044f \u043a\u043e\u0436\u0438 \u0441 \u043a\u0443\u043f\u0435\u0440\u043e\u0437\u043e\u043c, 30x2 \u043c\u043b"},"content":{"rendered":"<p>\u0418\u0441\u043f\u043e\u043b\u044c\u0437\u043e\u0432\u0430\u043d\u0438\u0435:<\/p>\n<p>Kandke hommikul ja \u00f5htul n\u00e4ole, kaelale ning dekloteepiirkonnale \u00f5rna massaa\u017eiga kuni t\u00e4ieliku imendumiseni. Igap\u00e4evaseks kasutamiseks. V\u00e4ltige kontakti silmadega.<\/p>","protected":false},"excerpt":{"rendered":"<p>\u0410\u043c\u043f\u0443\u043b\u0430 \u0441 \u043f\u0440\u043e\u043f\u043e\u043b\u0438\u0441\u043e\u043c. \u042d\u0442\u043e \u043e\u0434\u0438\u043d \u0438\u0437 \u043d\u0430\u0442\u0443\u0440\u0430\u043b\u044c\u043d\u044b\u0445 \u0438\u043d\u0433\u0440\u0435\u0434\u0438\u0435\u043d\u0442\u043e\u0432, \u043a\u043e\u0442\u043e\u0440\u044b\u0439 \u0438\u0441\u043f\u043e\u043b\u044c\u0437\u0443\u0435\u0442\u0441\u044f \u0432 \u0442\u0440\u0430\u0434\u0438\u0446\u0438\u043e\u043d\u043d\u043e\u0439 \u043c\u0435\u0434\u0438\u0446\u0438\u043d\u0435 \u043d\u0430 \u043f\u0440\u043e\u0442\u044f\u0436\u0435\u043d\u0438\u0438 \u0442\u044b\u0441\u044f\u0447\u0435\u043b\u0435\u0442\u0438\u0439 \u0438 \u0438\u0437\u0432\u0435\u0441\u0442\u0435\u043d \u0441\u0432\u043e\u0438\u043c\u0438 \u0446\u0435\u043b\u0435\u0431\u043d\u044b\u043c\u0438, \u0434\u0435\u0437\u0438\u043d\u0444\u0438\u0446\u0438\u0440\u0443\u044e\u0449\u0438\u043c\u0438 \u0438 \u043f\u0440\u043e\u0442\u0438\u0432\u043e\u0432\u043e\u0441\u043f\u0430\u043b\u0438\u0442\u0435\u043b\u044c\u043d\u044b\u043c\u0438 \u0441\u0432\u043e\u0439\u0441\u0442\u0432\u0430\u043c\u0438.<\/p>\n<p>\u0423\u043f\u0430\u043a\u043e\u0432\u043a\u0430 \u0441\u043e\u0434\u0435\u0440\u0436\u0438\u0442 30 \u0430\u043c\u043f\u0443\u043b x 2 \u043c\u043b<\/p>","protected":false},"featured_media":5978,"template":"","meta":{"om_disable_all_campaigns":false,"_monsterinsights_skip_tracking":false,"_monsterinsights_sitenote_active":false,"_monsterinsights_sitenote_note":"","_monsterinsights_sitenote_category":0,"_uf_show_specific_survey":0,"_uf_disable_surveys":false,"site-sidebar-layout":"default","site-content-layout":"","ast-site-content-layout":"default","site-content-style":"default","site-sidebar-style":"default","ast-global-header-display":"","ast-banner-title-visibility":"","ast-main-header-display":"","ast-hfb-above-header-display":"","ast-hfb-below-header-display":"","ast-hfb-mobile-header-display":"","site-post-title":"","ast-breadcrumbs-content":"","ast-featured-img":"","footer-sml-layout":"","theme-transparent-header-meta":"default","adv-header-id-meta":"","stick-header-meta":"","header-above-stick-meta":"","header-main-stick-meta":"","header-below-stick-meta":"","astra-migrate-meta-layouts":"set","ast-page-background-enabled":"default","ast-page-background-meta":{"desktop":{"background-color":"var(--ast-global-color-4)","background-image":"","background-repeat":"repeat","background-position":"center center","background-size":"auto","background-attachment":"scroll","background-type":"","background-media":"","overlay-type":"","overlay-color":"","overlay-opacity":"","overlay-gradient":""},"tablet":{"background-color":"","background-image":"","background-repeat":"repeat","background-position":"center center","background-size":"auto","background-attachment":"scroll","background-type":"","background-media":"","overlay-type":"","overlay-color":"","overlay-opacity":"","overlay-gradient":""},"mobile":{"background-color":"","background-image":"","background-repeat":"repeat","background-position":"center center","background-size":"auto","background-attachment":"scroll","background-type":"","background-media":"","overlay-type":"","overlay-color":"","overlay-opacity":"","overlay-gradient":""}},"ast-content-background-meta":{"desktop":{"background-color":"var(--ast-global-color-5)","background-image":"","background-repeat":"repeat","background-position":"center center","background-size":"auto","background-attachment":"scroll","background-type":"","background-media":"","overlay-type":"","overlay-color":"","overlay-opacity":"","overlay-gradient":""},"tablet":{"background-color":"var(--ast-global-color-5)","background-image":"","background-repeat":"repeat","background-position":"center center","background-size":"auto","background-attachment":"scroll","background-type":"","background-media":"","overlay-type":"","overlay-color":"","overlay-opacity":"","overlay-gradient":""},"mobile":{"background-color":"var(--ast-global-color-5)","background-image":"","background-repeat":"repeat","background-position":"center center","background-size":"auto","background-attachment":"scroll","background-type":"","background-media":"","overlay-type":"","overlay-color":"","overlay-opacity":"","overlay-gradient":""}}},"product_brand":[],"product_cat":[15,77],"product_tag":[],"class_list":{"0":"post-5979","1":"product","2":"type-product","3":"status-publish","4":"has-post-thumbnail","6":"product_cat-naole","7":"product_cat-seerumid","8":"desktop-align-center","9":"tablet-align-left","10":"mobile-align-left","12":"first","13":"instock","14":"taxable","15":"shipping-taxable","16":"purchasable","17":"product-type-simple","18":"add-to-wishlist-before_image"},"aioseo_notices":[],"_links":{"self":[{"href":"https:\/\/kosmeetika24.eu\/ru\/wp-json\/wp\/v2\/product\/5979","targetHints":{"allow":["GET"]}}],"collection":[{"href":"https:\/\/kosmeetika24.eu\/ru\/wp-json\/wp\/v2\/product"}],"about":[{"href":"https:\/\/kosmeetika24.eu\/ru\/wp-json\/wp\/v2\/types\/product"}],"version-history":[{"count":3,"href":"https:\/\/kosmeetika24.eu\/ru\/wp-json\/wp\/v2\/product\/5979\/revisions"}],"predecessor-version":[{"id":9403,"href":"https:\/\/kosmeetika24.eu\/ru\/wp-json\/wp\/v2\/product\/5979\/revisions\/9403"}],"wp:featuredmedia":[{"embeddable":true,"href":"https:\/\/kosmeetika24.eu\/ru\/wp-json\/wp\/v2\/media\/5978"}],"wp:attachment":[{"href":"https:\/\/kosmeetika24.eu\/ru\/wp-json\/wp\/v2\/media?parent=5979"}],"wp:term":[{"taxonomy":"product_brand","embeddable":true,"href":"https:\/\/kosmeetika24.eu\/ru\/wp-json\/wp\/v2\/product_brand?post=5979"},{"taxonomy":"product_cat","embeddable":true,"href":"https:\/\/kosmeetika24.eu\/ru\/wp-json\/wp\/v2\/product_cat?post=5979"},{"taxonomy":"product_tag","embeddable":true,"href":"https:\/\/kosmeetika24.eu\/ru\/wp-json\/wp\/v2\/product_tag?post=5979"}],"curies":[{"name":"wp","href":"https:\/\/api.w.org\/{rel}","templated":true}]}}