{"id":5787,"date":"2023-03-24T09:59:09","date_gmt":"2023-03-24T09:59:09","guid":{"rendered":"https:\/\/kosmeetika24.eu\/?post_type=product&#038;p=5787"},"modified":"2025-03-28T14:32:12","modified_gmt":"2025-03-28T11:32:12","slug":"mesotech-global-meso-lift","status":"publish","type":"product","link":"https:\/\/kosmeetika24.eu\/ru\/product\/mesotech-global-meso-lift\/","title":{"rendered":"Mesotech Global Meso Lift"},"content":{"rendered":"<p>N\u00e4onaha vananemist ei saa v\u00f5rrelda \u00fclej\u00e4\u00e4nud keha naha vananemisega. Naha vananemise eest vastutavad pidevad n\u00e4oliigutused, p\u00e4ikese k\u00e4es viibimine, suitsetamine ja vale toitumine. Olulist rolli m\u00e4ngivad ka geneetilised tegurid.<\/p>\n<p>Me teame \u00fcha rohkem vananemist kiirendavatest teguritest ja omame rohkem teadmisi kuidas seda loomulikku f\u00fcsioloogilist protsessi aeglustada, ja saame isegi m\u00f5ningaid sellega seotud aspekte parandada.<\/p>\n<p>Vananemine p\u00f5hjustab raku- ja molekulaarkahjustusi ja naha struktuursed omadused, mis viib naha elastsuse ja pinge kadumiseni, mis hakkab silman\u00e4htavalt venima ja l\u00f5tvuma.<\/p>\n<h6 dir=\"ltr\" data-placeholder=\"T\u00f5lge\"><b>\u0421\u041e\u0421\u0422\u0410\u0412<\/b><\/h6>\n<ul>\n<li>\u041e\u0440\u0433\u0430\u043d\u0438\u0447\u0435\u0441\u043a\u0438\u0439 \u043a\u0440\u0435\u043c\u043d\u0438\u0439 \u2013 \u043f\u043e\u043c\u043e\u0433\u0430\u0435\u0442 \u0437\u0430\u0449\u0438\u0442\u0438\u0442\u044c \u043e\u0440\u0433\u0430\u043d\u0438\u0437\u043c \u043e\u0442 \u0438\u043d\u0444\u0435\u043a\u0446\u0438\u0439 \u0438 \u0438\u0433\u0440\u0430\u0435\u0442 \u0432\u0430\u0436\u043d\u0443\u044e \u0440\u043e\u043b\u044c \u0432 \u043e\u0431\u043c\u0435\u043d\u0435 \u0432\u0435\u0449\u0435\u0441\u0442\u0432. \u041e\u043d \u0437\u0430\u0449\u0438\u0449\u0430\u0435\u0442 \u043e\u0440\u0433\u0430\u043d\u0438\u0437\u043c \u043e\u0442 \u043f\u0440\u0435\u0436\u0434\u0435\u0432\u0440\u0435\u043c\u0435\u043d\u043d\u043e\u0433\u043e \u0441\u0442\u0430\u0440\u0435\u043d\u0438\u044f.<\/li>\n<li>DMAE \u2013 toimib antioks\u00fcdandina, &#8220;p\u00fc\u00fcab&#8221; \u00fcleliigsed vabad radikaalid.<\/li>\n<li>\u041d\u0438\u0430\u0446\u0438\u043d\u0430\u043c\u0438\u0434 \u2013 \u043f\u0440\u043e\u0438\u0437\u0432\u043e\u0434\u043d\u043e\u0435 \u0432\u0438\u0442\u0430\u043c\u0438\u043d\u0430 B3, \u043e\u0431\u043b\u0430\u0434\u0430\u0435\u0442 \u0430\u043d\u0442\u0438\u043e\u043a\u0441\u0438\u0434\u0430\u043d\u0442\u043d\u044b\u043c\u0438 \u0441\u0432\u043e\u0439\u0441\u0442\u0432\u0430\u043c\u0438. \u041f\u0440\u0435\u0434\u043e\u0442\u0432\u0440\u0430\u0449\u0430\u0435\u0442 \u043f\u0440\u0435\u0436\u0434\u0435\u0432\u0440\u0435\u043c\u0435\u043d\u043d\u043e\u0435 \u0441\u0442\u0430\u0440\u0435\u043d\u0438\u0435 \u043a\u043e\u0436\u0438. \u041e\u043d \u0442\u0430\u043a\u0436\u0435 \u0441\u0442\u0438\u043c\u0443\u043b\u0438\u0440\u0443\u0435\u0442 \u0432\u044b\u0440\u0430\u0431\u043e\u0442\u043a\u0443 \u043b\u0438\u043f\u0438\u0434\u043e\u0432 \u0438 \u043e\u0431\u0440\u0430\u0437\u043e\u0432\u0430\u043d\u0438\u0435 \u043a\u043e\u043b\u043b\u0430\u0433\u0435\u043d\u0430 \u0438 \u044d\u043b\u0430\u0441\u0442\u0438\u043d\u0430 \u0432 \u043e\u0440\u0433\u0430\u043d\u0438\u0437\u043c\u0435.<\/li>\n<li>Aminohapped &#8211; on NMF-i oluline komponent, millel on tohutu m\u00f5ju naha h\u00fcdratatsioonile, vee s\u00e4ilitamisele ja sidumisele epidermises.<\/li>\n<\/ul>\n<h6><strong>\u041f\u043e\u043a\u0430\u0437\u0430\u043d\u0438\u044f<\/strong><\/h6>\n<ul>\n<li>\u041f\u0440\u043e\u0444\u0438\u043b\u0430\u043a\u0442\u0438\u0447\u0435\u0441\u043a\u043e\u0435 \u0438 \u043e\u043c\u043e\u043b\u0430\u0436\u0438\u0432\u0430\u044e\u0449\u0435\u0435 \u043b\u0435\u0447\u0435\u043d\u0438\u0435.<\/li>\n<li>\u0423\u043b\u0443\u0447\u0448\u0430\u0435\u0442 \u0441\u043e\u0441\u0442\u043e\u044f\u043d\u0438\u0435 \u0443\u0441\u0442\u0430\u0432\u0448\u0435\u0439, \u0442\u0443\u0441\u043a\u043b\u043e\u0439 \u0438 \u043d\u0435\u0440\u043e\u0432\u043d\u043e\u0439 \u043a\u043e\u0436\u0438.<\/li>\n<li>\u0423\u043c\u0435\u043d\u044c\u0448\u0430\u0435\u0442 \u0433\u043b\u0443\u0431\u0438\u043d\u0443 \u043c\u043e\u0440\u0449\u0438\u043d.<\/li>\n<li>\u0421\u0442\u0438\u043c\u0443\u043b\u0438\u0440\u0443\u0435\u0442 \u0441\u043e\u043a\u0440\u0430\u0449\u0435\u043d\u0438\u0435 \u043c\u044b\u0448\u0435\u0447\u043d\u044b\u0445 \u0432\u043e\u043b\u043e\u043a\u043e\u043d \u043a\u043e\u0436\u0438, \u043e\u043a\u0430\u0437\u044b\u0432\u0430\u044f \u0443\u043a\u0440\u0435\u043f\u043b\u044f\u044e\u0449\u0438\u0439 \u044d\u0444\u0444\u0435\u043a\u0442.<\/li>\n<li>\u0418\u0437\u043c\u0435\u043d\u044f\u0435\u0442 \u043e\u0432\u0430\u043b \u043b\u0438\u0446\u0430.<\/li>\n<li>Parandab naha h\u00fcdratatsiooni.<\/li>\n<li>\u041e\u043a\u0430\u0437\u044b\u0432\u0430\u0435\u0442 \u043c\u043e\u0449\u043d\u043e\u0435 \u0430\u043d\u0442\u0438\u0440\u0430\u0434\u0438\u043a\u0430\u043b\u044c\u043d\u043e\u0435 \u0434\u0435\u0439\u0441\u0442\u0432\u0438\u0435 \u0438 \u0437\u0430\u0449\u0438\u0449\u0430\u0435\u0442 \u043a\u043e\u0436\u0443 \u043e\u0442 \u0432\u043d\u0435\u0448\u043d\u0438\u0445 \u043f\u043e\u0432\u0440\u0435\u0436\u0434\u0435\u043d\u0438\u0439.<\/li>\n<\/ul>\n<h6><strong>RAKENDUS<\/strong><\/h6>\n<ul>\n<li><strong>Krooniline vananemine<\/strong>\u00a0: \u00fcks seanss n\u00e4dalas 1 kuu jooksul, seej\u00e4rel \u00fcks kord iga 15 p\u00e4eva j\u00e4rel 2 kuu jooksul<\/li>\n<li><strong>Rinnad<\/strong>\u00a0: Kaks korda n\u00e4dalas 1 kuu jooksul, seej\u00e4rel \u00fcks kord n\u00e4dalas 1 kuu jooksul.<\/li>\n<\/ul>\n<p><strong>ANNUSTAMINE<\/strong><\/p>\n<ul>\n<li>N\u00e4gu: 1,0 ml &#8211; 2,0 ml<\/li>\n<li>Kael: 1,0 ml<\/li>\n<li>Dekoltee: 2,5 ml<\/li>\n<li>Rinnad: iga\u00fcks 2,5 ml<\/li>\n<\/ul>","protected":false},"excerpt":{"rendered":"<p>Global Meso Lift \u2013 pinguldav mesokokteil, mis takistab naha vananemist.<\/p>\n<p><span class=\"\">Mitteinvasiivne mesoteraapia vorm, mis p\u00f5hineb regeneratiivsel ja stimuleerivatel protsessidel, mis v\u00e4hendavad <\/span><span class=\"\">vananemise m\u00e4rke.\u00a0<\/span><\/p>","protected":false},"featured_media":5788,"template":"","meta":{"om_disable_all_campaigns":false,"_monsterinsights_skip_tracking":false,"_monsterinsights_sitenote_active":false,"_monsterinsights_sitenote_note":"","_monsterinsights_sitenote_category":0,"_uf_show_specific_survey":0,"_uf_disable_surveys":false,"site-sidebar-layout":"default","site-content-layout":"","ast-site-content-layout":"default","site-content-style":"default","site-sidebar-style":"default","ast-global-header-display":"","ast-banner-title-visibility":"","ast-main-header-display":"","ast-hfb-above-header-display":"","ast-hfb-below-header-display":"","ast-hfb-mobile-header-display":"","site-post-title":"","ast-breadcrumbs-content":"","ast-featured-img":"","footer-sml-layout":"","theme-transparent-header-meta":"default","adv-header-id-meta":"","stick-header-meta":"","header-above-stick-meta":"","header-main-stick-meta":"","header-below-stick-meta":"","astra-migrate-meta-layouts":"set","ast-page-background-enabled":"default","ast-page-background-meta":{"desktop":{"background-color":"var(--ast-global-color-4)","background-image":"","background-repeat":"repeat","background-position":"center center","background-size":"auto","background-attachment":"scroll","background-type":"","background-media":"","overlay-type":"","overlay-color":"","overlay-opacity":"","overlay-gradient":""},"tablet":{"background-color":"","background-image":"","background-repeat":"repeat","background-position":"center center","background-size":"auto","background-attachment":"scroll","background-type":"","background-media":"","overlay-type":"","overlay-color":"","overlay-opacity":"","overlay-gradient":""},"mobile":{"background-color":"","background-image":"","background-repeat":"repeat","background-position":"center center","background-size":"auto","background-attachment":"scroll","background-type":"","background-media":"","overlay-type":"","overlay-color":"","overlay-opacity":"","overlay-gradient":""}},"ast-content-background-meta":{"desktop":{"background-color":"var(--ast-global-color-5)","background-image":"","background-repeat":"repeat","background-position":"center center","background-size":"auto","background-attachment":"scroll","background-type":"","background-media":"","overlay-type":"","overlay-color":"","overlay-opacity":"","overlay-gradient":""},"tablet":{"background-color":"var(--ast-global-color-5)","background-image":"","background-repeat":"repeat","background-position":"center center","background-size":"auto","background-attachment":"scroll","background-type":"","background-media":"","overlay-type":"","overlay-color":"","overlay-opacity":"","overlay-gradient":""},"mobile":{"background-color":"var(--ast-global-color-5)","background-image":"","background-repeat":"repeat","background-position":"center center","background-size":"auto","background-attachment":"scroll","background-type":"","background-media":"","overlay-type":"","overlay-color":"","overlay-opacity":"","overlay-gradient":""}}},"product_brand":[],"product_cat":[108,122],"product_tag":[],"class_list":{"0":"post-5787","1":"product","2":"type-product","3":"status-publish","4":"has-post-thumbnail","6":"product_cat-profitooted","7":"product_cat-seerumid-profitooted","8":"desktop-align-center","9":"tablet-align-left","10":"mobile-align-left","12":"first","13":"instock","14":"taxable","15":"shipping-taxable","16":"product-type-simple","17":"add-to-wishlist-before_image"},"aioseo_notices":[],"_links":{"self":[{"href":"https:\/\/kosmeetika24.eu\/ru\/wp-json\/wp\/v2\/product\/5787","targetHints":{"allow":["GET"]}}],"collection":[{"href":"https:\/\/kosmeetika24.eu\/ru\/wp-json\/wp\/v2\/product"}],"about":[{"href":"https:\/\/kosmeetika24.eu\/ru\/wp-json\/wp\/v2\/types\/product"}],"version-history":[{"count":6,"href":"https:\/\/kosmeetika24.eu\/ru\/wp-json\/wp\/v2\/product\/5787\/revisions"}],"predecessor-version":[{"id":6980,"href":"https:\/\/kosmeetika24.eu\/ru\/wp-json\/wp\/v2\/product\/5787\/revisions\/6980"}],"wp:featuredmedia":[{"embeddable":true,"href":"https:\/\/kosmeetika24.eu\/ru\/wp-json\/wp\/v2\/media\/5788"}],"wp:attachment":[{"href":"https:\/\/kosmeetika24.eu\/ru\/wp-json\/wp\/v2\/media?parent=5787"}],"wp:term":[{"taxonomy":"product_brand","embeddable":true,"href":"https:\/\/kosmeetika24.eu\/ru\/wp-json\/wp\/v2\/product_brand?post=5787"},{"taxonomy":"product_cat","embeddable":true,"href":"https:\/\/kosmeetika24.eu\/ru\/wp-json\/wp\/v2\/product_cat?post=5787"},{"taxonomy":"product_tag","embeddable":true,"href":"https:\/\/kosmeetika24.eu\/ru\/wp-json\/wp\/v2\/product_tag?post=5787"}],"curies":[{"name":"wp","href":"https:\/\/api.w.org\/{rel}","templated":true}]}}