{"id":5152,"date":"2022-02-10T07:33:30","date_gmt":"2022-02-10T07:33:30","guid":{"rendered":"https:\/\/kosmeetika24.eu\/?post_type=product&#038;p=5152"},"modified":"2025-04-01T09:27:38","modified_gmt":"2025-04-01T06:27:38","slug":"bruno-vassari-lab-radiance-sara-andev-naokreem","status":"publish","type":"product","link":"https:\/\/kosmeetika24.eu\/ru\/product\/bruno-vassari-lab-radiance-sara-andev-naokreem\/","title":{"rendered":"\u041e\u0441\u0432\u0435\u0442\u043b\u044f\u044e\u0449\u0438\u0439 \u043a\u0440\u0435\u043c \u0434\u043b\u044f \u043b\u0438\u0446\u0430 Bruno Vassari Lab Radiance"},"content":{"rendered":"<p>\u00d5rn kreem <em>Brightness Reveal Cream <\/em>toimib k\u00f5ikidel naha tasanditel. Annab sellele loomuliku s\u00e4ra ning terve ja klaari jume. Niisutab, kirgastab ja muudab naha sametiseks.<\/p>\n<p>\u041f\u043e\u0434\u0445\u043e\u0434\u0438\u0442 \u0434\u043b\u044f \u0432\u0441\u0435\u0445 \u0442\u0438\u043f\u043e\u0432 \u043a\u043e\u0436\u0438.<\/p>\n<p><strong>\u0421\u041e\u0421\u0422\u0410\u0412<\/strong><\/p>\n<ul>\n<li>Pro-radiance active (1,5%)<\/li>\n<li>\u041d\u0438\u0430\u0446\u0438\u043d\u0430\u043c\u0438\u0434<\/li>\n<li>IBR Dragon ehk pitahaya ekstrakt (draakonivili)<\/li>\n<li>\u0421\u0432\u0435\u0442\u043e\u043e\u0442\u0440\u0430\u0436\u0430\u044e\u0449\u0438\u0435 \u043f\u0438\u0433\u043c\u0435\u043d\u0442\u044b<\/li>\n<\/ul>\n<p><strong>\u0414\u0415\u0419\u0421\u0422\u0412\u0418\u0415<\/strong><\/p>\n<ul>\n<li><strong>\u041d\u0438\u0430\u0446\u0438\u043d\u0430\u043c\u0438\u0434 <\/strong>\u041f\u043e\u043c\u043e\u0433\u0430\u0435\u0442 \u0443\u043c\u0435\u043d\u044c\u0448\u0438\u0442\u044c \u043c\u043e\u0440\u0449\u0438\u043d\u044b \u0438 \u0442\u043e\u043d\u043a\u0438\u0435 \u043b\u0438\u043d\u0438\u0438, \u0443\u043c\u0435\u043d\u044c\u0448\u0430\u0435\u0442 \u043f\u0440\u0438\u0437\u043d\u0430\u043a\u0438 \u0444\u043e\u0442\u043e\u0441\u0442\u0430\u0440\u0435\u043d\u0438\u044f \u043a\u043e\u0436\u0438; \u0441\u043d\u0438\u0436\u0430\u0435\u0442 \u043f\u0438\u0433\u043c\u0435\u043d\u0442\u0430\u0446\u0438\u044e, \u043c\u0435\u043b\u0430\u0437\u043c\u0443 \u0438 \u043e\u0441\u0432\u0435\u0442\u043b\u044f\u0435\u0442 \u043a\u043e\u0436\u0443; \u0432\u0438\u0434\u0438\u043c\u043e \u0443\u043c\u0435\u043d\u044c\u0448\u0430\u0435\u0442 \u0440\u0430\u0437\u043c\u0435\u0440 \u043f\u043e\u0440, \u0441\u0442\u0438\u043c\u0443\u043b\u0438\u0440\u0443\u0435\u0442 \u043f\u0440\u043e\u0438\u0437\u0432\u043e\u0434\u0441\u0442\u0432\u043e \u043a\u043e\u043b\u043b\u0430\u0433\u0435\u043d\u0430; \u0443\u043b\u0443\u0447\u0448\u0430\u0435\u0442 \u0442\u0443\u0441\u043a\u043b\u044b\u0439 \u0446\u0432\u0435\u0442 \u043b\u0438\u0446\u0430; \u0443\u043a\u0440\u0435\u043f\u043b\u044f\u0435\u0442 \u0437\u0430\u0449\u0438\u0442\u043d\u044b\u0439 \u0431\u0430\u0440\u044c\u0435\u0440 \u043a\u043e\u0436\u0438, \u0441\u043f\u043e\u0441\u043e\u0431\u0441\u0442\u0432\u0443\u0435\u0442 \u0443\u0432\u043b\u0430\u0436\u043d\u0435\u043d\u0438\u044e \u043a\u043e\u0436\u0438.<\/li>\n<li><strong>IBR Dragon<\/strong>: on rikas s\u00fcsivesikute (suhkrud, oligosahhariidid) poolest. See on toiteaineks mikrobiootale ja lisaks askorbiinhape, mis on tuntud oma antioks\u00fcdantsete omaduste poolest.<\/li>\n<li><strong>Valguspeegeldavad pigmendid<\/strong>: annavad nahale kerge valguse puudutus ja \u00fchtlast, tervet ja v\u00e4rsket v\u00e4limust.<\/li>\n<\/ul>\n<p>Lisaks on 97.3% selle koostisosadest looduslikku p\u00e4ritolu.<\/p>\n<p><strong>\u0418\u0421\u041f\u041e\u041b\u042c\u0417\u041e\u0412\u0410\u041d\u0418\u0415<\/strong><\/p>\n<p>V\u00e4ike kogus kreemi kanda n\u00e4ole, kaelale ja dekolteepiirkonnale ning masseerida kuni t\u00e4ieliku imendumiseni.<\/p>\n<p><strong>\u0421\u041e\u0421\u0422\u0410\u0412<\/strong><\/p>\n<p>AQUA (WATER),CAPRYLIC\/CAPRIC TRIGLYCERIDE, GLYCERIN, CETEARYL. ALCOHOL, TRIHEPTANOIN, COCO CAPRILATE\/CAPRATE, CAPRYLIC\/CAPRIC\/MYRISTIC\/STEARICTRIGLYCERIDE, MICA, JOJOBAESTERS, C.I.77\/891 (TITANUMDIOXIDA), GLYCERYL. STEARATE, NIACINAMIDE, HYLOCEREUS UNDATUS FRUIT EXTRACT, HELIANTHUS ANNUUS (SUNFLOWER) SEED WAX, ELLAGIC ACIO, PHOSPHATIOYLCHOLINE, MANNITOL, SODIUM STEAROYL GLUTAMATE, POLYGLYCERIN-3, ACETYL, HEXAPEPTIDE-1, HYDROXYACETOPHENONE, XANTHAN GUM, CAPRYLYL GLYCOL, POLYSORBATE 80, DISODIUM CETEARYL. SULFOSUCCINATE, CARBOMER, PARFUM (FRAGRANCE), 1,2-HEXANEDIOL, DIMETHICONE, ETHYLHEXYLGLYCERIN, DISODIUM EDTA, CHOLESTEROL, BENZIL ALCOHOL, POTASSIUM SORBATE, SODIUM BENZOATE, SODILM CHLORIDE, BENZOIC ACID, METHYLPROPANEDIOL, SODIUM SULFATE, PHENYLPROPANOL, SODIUM HYDROXODE, C.I. 17200 (RED NO. 33).<\/p>\n<p><span style=\"font-size: xx-small;\">2780.60 \u20ac\/l <\/span><\/p>","protected":false},"excerpt":{"rendered":"<p>50 \u043c\u043b<\/p>\n<p>Kreem niisutab, kirgastab ja muudab naha sametiseks.<\/p>","protected":false},"featured_media":5153,"template":"","meta":{"om_disable_all_campaigns":false,"_monsterinsights_skip_tracking":false,"_monsterinsights_sitenote_active":false,"_monsterinsights_sitenote_note":"","_monsterinsights_sitenote_category":0,"_uf_show_specific_survey":0,"_uf_disable_surveys":false,"site-sidebar-layout":"default","site-content-layout":"","ast-site-content-layout":"default","site-content-style":"default","site-sidebar-style":"default","ast-global-header-display":"","ast-banner-title-visibility":"","ast-main-header-display":"","ast-hfb-above-header-display":"","ast-hfb-below-header-display":"","ast-hfb-mobile-header-display":"","site-post-title":"","ast-breadcrumbs-content":"","ast-featured-img":"","footer-sml-layout":"","theme-transparent-header-meta":"default","adv-header-id-meta":"","stick-header-meta":"","header-above-stick-meta":"","header-main-stick-meta":"","header-below-stick-meta":"","astra-migrate-meta-layouts":"set","ast-page-background-enabled":"default","ast-page-background-meta":{"desktop":{"background-color":"var(--ast-global-color-4)","background-image":"","background-repeat":"repeat","background-position":"center center","background-size":"auto","background-attachment":"scroll","background-type":"","background-media":"","overlay-type":"","overlay-color":"","overlay-opacity":"","overlay-gradient":""},"tablet":{"background-color":"","background-image":"","background-repeat":"repeat","background-position":"center center","background-size":"auto","background-attachment":"scroll","background-type":"","background-media":"","overlay-type":"","overlay-color":"","overlay-opacity":"","overlay-gradient":""},"mobile":{"background-color":"","background-image":"","background-repeat":"repeat","background-position":"center center","background-size":"auto","background-attachment":"scroll","background-type":"","background-media":"","overlay-type":"","overlay-color":"","overlay-opacity":"","overlay-gradient":""}},"ast-content-background-meta":{"desktop":{"background-color":"var(--ast-global-color-5)","background-image":"","background-repeat":"repeat","background-position":"center center","background-size":"auto","background-attachment":"scroll","background-type":"","background-media":"","overlay-type":"","overlay-color":"","overlay-opacity":"","overlay-gradient":""},"tablet":{"background-color":"var(--ast-global-color-5)","background-image":"","background-repeat":"repeat","background-position":"center center","background-size":"auto","background-attachment":"scroll","background-type":"","background-media":"","overlay-type":"","overlay-color":"","overlay-opacity":"","overlay-gradient":""},"mobile":{"background-color":"var(--ast-global-color-5)","background-image":"","background-repeat":"repeat","background-position":"center center","background-size":"auto","background-attachment":"scroll","background-type":"","background-media":"","overlay-type":"","overlay-color":"","overlay-opacity":"","overlay-gradient":""}}},"product_brand":[],"product_cat":[75,15],"product_tag":[],"class_list":{"0":"post-5152","1":"product","2":"type-product","3":"status-publish","4":"has-post-thumbnail","6":"product_cat-kreemid-naole","7":"product_cat-naole","8":"desktop-align-center","9":"tablet-align-left","10":"mobile-align-left","12":"first","13":"instock","14":"taxable","15":"shipping-taxable","16":"purchasable","17":"product-type-simple","18":"add-to-wishlist-before_image"},"aioseo_notices":[],"_links":{"self":[{"href":"https:\/\/kosmeetika24.eu\/ru\/wp-json\/wp\/v2\/product\/5152","targetHints":{"allow":["GET"]}}],"collection":[{"href":"https:\/\/kosmeetika24.eu\/ru\/wp-json\/wp\/v2\/product"}],"about":[{"href":"https:\/\/kosmeetika24.eu\/ru\/wp-json\/wp\/v2\/types\/product"}],"version-history":[{"count":2,"href":"https:\/\/kosmeetika24.eu\/ru\/wp-json\/wp\/v2\/product\/5152\/revisions"}],"predecessor-version":[{"id":9285,"href":"https:\/\/kosmeetika24.eu\/ru\/wp-json\/wp\/v2\/product\/5152\/revisions\/9285"}],"wp:featuredmedia":[{"embeddable":true,"href":"https:\/\/kosmeetika24.eu\/ru\/wp-json\/wp\/v2\/media\/5153"}],"wp:attachment":[{"href":"https:\/\/kosmeetika24.eu\/ru\/wp-json\/wp\/v2\/media?parent=5152"}],"wp:term":[{"taxonomy":"product_brand","embeddable":true,"href":"https:\/\/kosmeetika24.eu\/ru\/wp-json\/wp\/v2\/product_brand?post=5152"},{"taxonomy":"product_cat","embeddable":true,"href":"https:\/\/kosmeetika24.eu\/ru\/wp-json\/wp\/v2\/product_cat?post=5152"},{"taxonomy":"product_tag","embeddable":true,"href":"https:\/\/kosmeetika24.eu\/ru\/wp-json\/wp\/v2\/product_tag?post=5152"}],"curies":[{"name":"wp","href":"https:\/\/api.w.org\/{rel}","templated":true}]}}