{"id":4601,"date":"2021-06-09T11:42:06","date_gmt":"2021-06-09T11:42:06","guid":{"rendered":"https:\/\/kosmeetika24.eu\/?post_type=product&#038;p=4601"},"modified":"2025-02-28T15:40:19","modified_gmt":"2025-02-28T12:40:19","slug":"bruno-vassari-body-care-tselluliidivastane-pulk","status":"publish","type":"product","link":"https:\/\/kosmeetika24.eu\/ru\/product\/bruno-vassari-body-care-tselluliidivastane-pulk\/","title":{"rendered":"BRUNO VASSARI Body Care \u0430\u043d\u0442\u0438\u0446\u0435\u043b\u043b\u044e\u043b\u0438\u0442\u043d\u044b\u0439"},"content":{"rendered":"<p>\u0410\u043d\u0442\u0438\u0446\u0435\u043b\u043b\u044e\u043b\u0438\u0442\u043d\u0430\u044f \u0431\u0430\u043d\u043e\u0447\u043a\u0430 <em>Silhouette Designer<\/em> \u043e\u0441\u0432\u0435\u0436\u0430\u044e\u0449\u0438\u0439 \u0441\u0442\u0438\u043a \u0441 \u043f\u0440\u0438\u044f\u0442\u043d\u043e\u0439 \u0442\u0435\u043a\u0441\u0442\u0443\u0440\u043e\u0439 \u0438 \u0442\u043e\u043d\u043a\u0438\u043c \u0430\u0440\u043e\u043c\u0430\u0442\u043e\u043c, \u044d\u0444\u0444\u0435\u043a\u0442\u0438\u0432\u043d\u043e \u0438\u0437\u0431\u0430\u0432\u043b\u044f\u044e\u0449\u0438\u0439 \u043e\u0442 \u0441\u0430\u043c\u043e\u0433\u043e \u0441\u0442\u043e\u0439\u043a\u043e\u0433\u043e \u0446\u0435\u043b\u043b\u044e\u043b\u0438\u0442\u0430. \u0411\u043b\u0430\u0433\u043e\u0434\u0430\u0440\u044f \u0441\u0432\u043e\u0435\u043c\u0443 \u0434\u0438\u0437\u0430\u0439\u043d\u0443, \u0438\u043c \u043d\u0435 \u0442\u043e\u043b\u044c\u043a\u043e \u043b\u0435\u0433\u043a\u043e \u043f\u043e\u043b\u044c\u0437\u043e\u0432\u0430\u0442\u044c\u0441\u044f, \u043d\u043e \u0438 \u0443\u0434\u043e\u0431\u043d\u043e \u043d\u043e\u0441\u0438\u0442\u044c \u0441 \u0441\u043e\u0431\u043e\u0439 \u043a\u0443\u0434\u0430 \u0443\u0433\u043e\u0434\u043d\u043e!<\/p>\n<p><strong><em>Silhouette Designer<\/em> \u0441\u043e\u0434\u0435\u0440\u0436\u0438\u0442 360\u00ba \u0430\u043d\u0442\u0438\u0446\u0435\u043b\u043b\u044e\u043b\u0438\u0442\u043d\u0443\u044e \u043f\u0440\u043e\u0446\u0435\u0434\u0443\u0440\u0443 \u0431\u043b\u0430\u0433\u043e\u0434\u0430\u0440\u044f \u0434\u0432\u043e\u0439\u043d\u043e\u043c\u0443 \u044d\u0444\u0444\u0435\u043a\u0442\u0443.<\/strong><\/p>\n<p><strong>\u0414\u0435\u0439\u0441\u0442\u0432\u0438\u0435:<\/strong><\/p>\n<ul>\n<li><strong>\u0423\u0445\u043e\u0434: <\/strong>\u0411\u043b\u0430\u0433\u043e\u0434\u0430\u0440\u044f \u0441\u0432\u043e\u0438\u043c \u043b\u0438\u043f\u043e\u0440\u0435\u0434\u0443\u0446\u0438\u0440\u0443\u044e\u0449\u0438\u043c \u0438 \u0432\u0435\u043d\u043e\u0442\u043e\u043d\u0438\u0437\u0438\u0440\u0443\u044e\u0449\u0438\u043c \u043a\u043e\u043c\u043f\u043e\u043d\u0435\u043d\u0442\u0430\u043c, \u0441\u0442\u0438\u043a \u0434\u0435\u0439\u0441\u0442\u0432\u0443\u0435\u0442 \u043f\u0440\u043e\u0442\u0438\u0432 \u043b\u043e\u043a\u0430\u043b\u044c\u043d\u044b\u0445 \u0436\u0438\u0440\u043e\u0432\u044b\u0445 \u0438 \u0446\u0435\u043b\u043b\u044e\u043b\u0438\u0442\u043d\u044b\u0445 \u0444\u0430\u043a\u0442\u043e\u0440\u043e\u0432, \u0432\u044b\u0437\u044b\u0432\u0430\u044e\u0449\u0438\u0445 \u0434\u043e\u0432\u043e\u043b\u044c\u043d\u043e \u043d\u0435\u043f\u0440\u0438\u044f\u0442\u043d\u044b\u0435 \u0438 \u0443\u0440\u043e\u0434\u043b\u0438\u0432\u044b\u0435 \u043f\u0440\u043e\u044f\u0432\u043b\u0435\u043d\u0438\u044f \u043f\u043e\u0434\u043a\u043e\u0436\u043d\u043e\u0433\u043e \u0446\u0435\u043b\u043b\u044e\u043b\u0438\u0442\u0430, \u0442\u0430\u043a\u0438\u0435 \u043a\u0430\u043a \u00ab\u0430\u043f\u0435\u043b\u044c\u0441\u0438\u043d\u043e\u0432\u0430\u044f \u043a\u043e\u0440\u043a\u0430\u00bb (\u0433\u0440\u0443\u0431\u0430\u044f, \u043d\u0435\u0440\u043e\u0432\u043d\u0430\u044f \u0438 \u0442\u043e\u043b\u0441\u0442\u0430\u044f \u043a\u043e\u0436\u0430). \u0414\u0430\u0436\u0435 \u043f\u043e\u0441\u043b\u0435 \u043a\u043e\u0440\u043e\u0442\u043a\u043e\u0433\u043e \u043f\u0435\u0440\u0438\u043e\u0434\u0430 \u0438\u0441\u043f\u043e\u043b\u044c\u0437\u043e\u0432\u0430\u043d\u0438\u044f \u0430\u043d\u0442\u0438\u0446\u0435\u043b\u043b\u044e\u043b\u0438\u0442\u043d\u044b\u0439 \u0441\u0442\u0438\u043a \u0443\u043b\u0443\u0447\u0448\u0430\u0435\u0442 \u0438 \u0441\u043d\u0438\u0436\u0430\u0435\u0442 \u044d\u0442\u0438 \u0444\u0430\u043a\u0442\u043e\u0440\u044b.<\/li>\n<li><strong>\u041f\u0420\u0415\u0414\u041e\u0422\u0412\u0420\u0410\u0429\u0410\u0415\u0422: <\/strong>\u0412 \u0434\u043e\u043b\u0433\u043e\u0441\u0440\u043e\u0447\u043d\u043e\u0439 \u043f\u0435\u0440\u0441\u043f\u0435\u043a\u0442\u0438\u0432\u0435 \u0430\u043d\u0442\u0438\u0446\u0435\u043b\u043b\u044e\u043b\u0438\u0442\u043d\u044b\u0439 \u0441\u0442\u0438\u043a \u043f\u043e\u043c\u043e\u0433\u0430\u0435\u0442 \u043f\u0440\u0435\u0434\u043e\u0442\u0432\u0440\u0430\u0442\u0438\u0442\u044c \u043f\u043e\u0432\u0442\u043e\u0440\u0435\u043d\u0438\u0435 \u0446\u0435\u043b\u043b\u044e\u043b\u0438\u0442\u0430 \u0431\u043b\u0430\u0433\u043e\u0434\u0430\u0440\u044f \u0441\u043e\u0434\u0435\u0440\u0436\u0430\u0449\u0438\u043c\u0441\u044f \u0432 \u043d\u0435\u043c \u0430\u043a\u0442\u0438\u0432\u043d\u044b\u043c \u0438\u043d\u0433\u0440\u0435\u0434\u0438\u0435\u043d\u0442\u0430\u043c, \u043a\u043e\u0442\u043e\u0440\u044b\u0435 \u043f\u0440\u0435\u043f\u044f\u0442\u0441\u0442\u0432\u0443\u044e\u0442 \u043d\u0430\u043a\u043e\u043f\u043b\u0435\u043d\u0438\u044e \u0436\u0438\u0440\u043e\u0432\u044b\u0445 \u043a\u043b\u0435\u0442\u043e\u043a, \u0443\u043c\u0435\u043d\u044c\u0448\u0430\u044f \u0438\u0445 \u0440\u0430\u0437\u043c\u0435\u0440.<\/li>\n<\/ul>\n<p><strong>\u0410\u041a\u0422\u0418\u0412\u041d\u042b\u0415 \u0412\u0415\u0429\u0415\u0421\u0422\u0412\u0410:<\/strong><\/p>\n<p><strong>1. Drenalip\u2122: <\/strong>\u043f\u0440\u0435\u0434\u0441\u0442\u0430\u0432\u043b\u044f\u0435\u0442 \u0441\u043e\u0431\u043e\u0439 \u0441\u0442\u0430\u043d\u0434\u0430\u0440\u0442\u0438\u0437\u0438\u0440\u043e\u0432\u0430\u043d\u043d\u044b\u0439 \u043a\u043e\u043c\u043f\u043b\u0435\u043a\u0441 \u0430\u043a\u0442\u0438\u0432\u043d\u044b\u0445 \u0438\u043d\u0433\u0440\u0435\u0434\u0438\u0435\u043d\u0442\u043e\u0432 \u043d\u0430\u0442\u0443\u0440\u0430\u043b\u044c\u043d\u043e\u0433\u043e \u043f\u0440\u043e\u0438\u0441\u0445\u043e\u0436\u0434\u0435\u043d\u0438\u044f, \u043a\u043e\u0442\u043e\u0440\u044b\u0439 \u0431\u043e\u0440\u0435\u0442\u0441\u044f \u0438 \u043f\u0440\u0435\u0434\u043e\u0442\u0432\u0440\u0430\u0449\u0430\u0435\u0442 \u0440\u0430\u0437\u043b\u0438\u0447\u043d\u044b\u0435 \u0444\u0430\u043a\u0442\u043e\u0440\u044b, \u0432\u044b\u0437\u044b\u0432\u0430\u044e\u0449\u0438\u0435 \u0446\u0435\u043b\u043b\u044e\u043b\u0438\u0442. \u0418\u043d\u0433\u0440\u0435\u0434\u0438\u0435\u043d\u0442\u044b \u044d\u0442\u043e\u0433\u043e \u043a\u043e\u043c\u043f\u043b\u0435\u043a\u0441\u0430 \u043e\u043a\u0430\u0437\u044b\u0432\u0430\u044e\u0442 \u043a\u043e\u043c\u0431\u0438\u043d\u0438\u0440\u043e\u0432\u0430\u043d\u043d\u043e\u0435 \u0432\u043e\u0437\u0434\u0435\u0439\u0441\u0442\u0432\u0438\u0435 \u043d\u0430 \u043a\u043e\u0436\u0443, \u043f\u043e\u0437\u0432\u043e\u043b\u044f\u044f \u043e\u0440\u0433\u0430\u043d\u0438\u0437\u043c\u0443 \u0443\u043c\u0435\u043d\u044c\u0448\u0438\u0442\u044c \u0436\u0438\u0440, \u043e\u0442\u0435\u043a \u0438 \u0443\u043b\u0443\u0447\u0448\u0438\u0442\u044c \u043a\u0440\u043e\u0432\u043e\u0442\u043e\u043a \u0432 \u043e\u0440\u0433\u0430\u043d\u0438\u0437\u043c\u0435.<\/p>\n<p><strong>Drenalip\u2122 <\/strong>\u0441\u043e\u0441\u0442\u043e\u0438\u0442 \u0438\u0437 \u0447\u0435\u0442\u044b\u0440\u0435\u0445 \u0438\u043d\u0433\u0440\u0435\u0434\u0438\u0435\u043d\u0442\u043e\u0432 \u0440\u0430\u0441\u0442\u0438\u0442\u0435\u043b\u044c\u043d\u043e\u0433\u043e \u043f\u0440\u043e\u0438\u0441\u0445\u043e\u0436\u0434\u0435\u043d\u0438\u044f: <strong>\u0440\u0430\u0441\u0442\u0435\u043d\u0438\u0435: \u0432\u043e\u043b\u0447\u0438\u0439 \u0430\u043a\u043e\u043d\u0438\u0442 ,\u0438\u0433\u043b\u0438\u0446\u0430, \u043b\u0438\u043c\u043e\u043d. <\/strong>\u0430 \u0442\u0430\u043a\u0436\u0435 <strong>\u0437\u043e\u043b\u043e\u0442\u043e\u0434\u043e\u0437<\/strong>\u0434\u043b\u044f \u043e\u0431\u0435\u0441\u043f\u0435\u0447\u0435\u043d\u0438\u044f \u044d\u0444\u0444\u0435\u043a\u0442\u0438\u0432\u043d\u043e\u0433\u043e \u043a\u043e\u0441\u043c\u0435\u0442\u0438\u0447\u0435\u0441\u043a\u043e\u0433\u043e \u0443\u0445\u043e\u0434\u0430 \u043f\u0440\u0438 \u043b\u0435\u0447\u0435\u043d\u0438\u0438 \u0446\u0435\u043b\u043b\u044e\u043b\u0438\u0442\u0430.<\/p>\n<ul>\n<li><strong>\u0412\u043e\u043b\u0447\u0438\u0439 \u0430\u043a\u043e\u043d\u0438\u0442 <\/strong>\u0448\u0438\u0440\u043e\u043a\u043e \u0438\u0441\u043f\u043e\u043b\u044c\u0437\u0443\u0435\u0442\u0441\u044f \u0432 \u0441\u043e\u0432\u0440\u0435\u043c\u0435\u043d\u043d\u043e\u0439 \u0442\u0435\u0440\u0430\u043f\u0438\u0438. \u041e\u043d \u043e\u043a\u0430\u0437\u044b\u0432\u0430\u0435\u0442 \u0437\u0430\u0449\u0438\u0442\u043d\u043e\u0435 \u0434\u0435\u0439\u0441\u0442\u0432\u0438\u0435 \u043d\u0430 \u0441\u0435\u0440\u0434\u0435\u0447\u043d\u043e-\u0441\u043e\u0441\u0443\u0434\u0438\u0441\u0442\u0443\u044e \u0441\u0438\u0441\u0442\u0435\u043c\u0443, \u043d\u0435\u0440\u0432\u043d\u0443\u044e \u0441\u0438\u0441\u0442\u0435\u043c\u0443 \u0438 \u043f\u0435\u0447\u0435\u043d\u044c, \u0447\u0442\u043e \u0441\u0432\u044f\u0437\u0430\u043d\u043e \u0441 \u0435\u0433\u043e \u0434\u043e\u043a\u0430\u0437\u0430\u043d\u043d\u043e\u0439 \u0430\u043d\u0442\u0438\u043e\u043a\u0441\u0438\u0434\u0430\u043d\u0442\u043d\u043e\u0439 \u0441\u043f\u043e\u0441\u043e\u0431\u043d\u043e\u0441\u0442\u044c\u044e.<\/li>\n<li><strong>\u041b\u0438\u043c\u043e\u043d: <\/strong>\u0446\u0435\u0434\u0440\u0430 \u043b\u0438\u043c\u043e\u043d\u0430 \u0438\u0441\u043f\u043e\u043b\u044c\u0437\u0443\u0435\u0442\u0441\u044f \u0432 \u043f\u0440\u043e\u0434\u0443\u043a\u0442\u0435 \u0432 \u043a\u0430\u0447\u0435\u0441\u0442\u0432\u0435 \u0438\u043d\u0433\u0440\u0435\u0434\u0438\u0435\u043d\u0442\u0430. \u041e\u043d \u0431\u043e\u0433\u0430\u0442 \u0444\u043b\u0430\u0432\u043e\u043d\u043e\u0438\u0434\u0430\u043c\u0438. \u0421\u0440\u0435\u0434\u0438 \u043d\u0430\u0438\u0431\u043e\u043b\u0435\u0435 \u0440\u0430\u0441\u043f\u0440\u043e\u0441\u0442\u0440\u0430\u043d\u0435\u043d\u043d\u044b\u0445 \u0444\u043b\u0430\u0432\u043e\u043d\u043e\u0438\u0434\u043e\u0432 \u043c\u044b \u043d\u0430\u0445\u043e\u0434\u0438\u043c \u0433\u0435\u0441\u043f\u0435\u0440\u0438\u0434\u0438\u043d \u0438 \u043d\u0430\u0440\u0430\u043d\u0433\u0438\u043d. \u0413\u0435\u0441\u043f\u0435\u0440\u0438\u0434\u0438\u043d \u043e\u0431\u043b\u0430\u0434\u0430\u0435\u0442 \u0432\u0435\u043d\u043e\u0442\u043e\u043d\u0438\u0437\u0438\u0440\u0443\u044e\u0449\u0438\u043c, \u0441\u043e\u0441\u0443\u0434\u043e\u043f\u0440\u043e\u0442\u0435\u043a\u0442\u043e\u0440\u043d\u044b\u043c \u0438 \u043f\u0440\u043e\u0442\u0438\u0432\u043e\u0432\u0430\u0440\u0438\u043a\u043e\u0437\u043d\u044b\u043c \u0434\u0435\u0439\u0441\u0442\u0432\u0438\u0435\u043c. \u0418\u0445 \u0434\u0435\u044f\u0442\u0435\u043b\u044c\u043d\u043e\u0441\u0442\u044c \u043d\u0430\u043f\u0440\u0430\u0432\u043b\u0435\u043d\u0430 \u200b\u200b\u043d\u0430 \u043c\u0438\u043a\u0440\u043e\u0446\u0438\u0440\u043a\u0443\u043b\u044f\u0446\u0438\u044e, \u043f\u043e\u0432\u044b\u0448\u0430\u044f \u0435\u0435 \u0443\u0441\u0442\u043e\u0439\u0447\u0438\u0432\u043e\u0441\u0442\u044c \u0438 \u0441\u043d\u0438\u0436\u0430\u044f \u0435\u043c\u043a\u043e\u0441\u0442\u044c, \u0430 \u0442\u0430\u043a\u0436\u0435 \u0437\u0430\u0449\u0438\u0449\u0430\u044f \u044d\u043d\u0434\u043e\u0442\u0435\u043b\u0438\u0439 \u0441\u043e\u0441\u0443\u0434\u043e\u0432. \u0414\u0440\u0443\u0433\u043e\u0439 \u0430\u043a\u0442\u0438\u0432\u043d\u044b\u0439 \u0438\u043d\u0433\u0440\u0435\u0434\u0438\u0435\u043d\u0442, \u043d\u0430\u0440\u0430\u043d\u0433\u0438\u043d, \u043e\u0431\u043b\u0430\u0434\u0430\u0435\u0442 \u043f\u0440\u043e\u0442\u0438\u0432\u043e\u0432\u043e\u0441\u043f\u0430\u043b\u0438\u0442\u0435\u043b\u044c\u043d\u044b\u043c \u0434\u0435\u0439\u0441\u0442\u0432\u0438\u0435\u043c.<\/li>\n<li><strong>\u0417\u043e\u043b\u043e\u0442\u043e\u0434\u043e\u0437 <\/strong>\u041e\u043d \u0438\u043c\u0435\u0435\u0442 \u0445\u0438\u043c\u0438\u0447\u0435\u0441\u043a\u0438\u0439 \u0441\u043e\u0441\u0442\u0430\u0432 \u0444\u043b\u0430\u0432\u043e\u043d\u043e\u0438\u0434\u043e\u0432, \u043e\u0441\u043d\u043e\u0432\u043d\u0430\u044f \u0433\u0440\u0443\u043f\u043f\u0430 \u043a\u043e\u0442\u043e\u0440\u044b\u0445 - \u0440\u0443\u0442\u043e\u0437\u0438\u0434. \u0420\u0443\u0442\u043e\u0437\u0438\u0434 \u043f\u043e\u0434\u0430\u0432\u043b\u044f\u0435\u0442 \u0430\u0433\u0440\u0435\u0433\u0430\u0446\u0438\u044e \u0442\u0440\u043e\u043c\u0431\u043e\u0446\u0438\u0442\u043e\u0432 \u0438 \u0441\u043d\u0438\u0436\u0430\u0435\u0442 \u043f\u0440\u043e\u043d\u0438\u0446\u0430\u0435\u043c\u043e\u0441\u0442\u044c \u0441\u043e\u0441\u0443\u0434\u043e\u0432, \u0447\u0442\u043e \u0440\u0430\u0437\u0436\u0438\u0436\u0430\u0435\u0442 \u043a\u0440\u043e\u0432\u044c \u0438 \u0443\u043b\u0443\u0447\u0448\u0430\u0435\u0442 \u0435\u0435<\/li>\n<li><strong>\u0418\u0433\u043b\u0438\u0446\u0430 \u043a\u043e\u043b\u044e\u0447\u0430\u044f <\/strong>\u044d\u0442\u043e \u0440\u0430\u0441\u0442\u0435\u043d\u0438\u0435 \u0448\u0438\u0440\u043e\u043a\u043e \u0438\u0441\u043f\u043e\u043b\u044c\u0437\u0443\u0435\u0442\u0441\u044f \u0434\u043b\u044f \u043f\u0440\u043e\u0444\u0438\u043b\u0430\u043a\u0442\u0438\u043a\u0438 \u0438 \u043b\u0435\u0447\u0435\u043d\u0438\u044f \u0432\u0435\u043d\u043e\u0437\u043d\u044b\u0445 \u0437\u0430\u0431\u043e\u043b\u0435\u0432\u0430\u043d\u0438\u0439. \u0415\u0433\u043e \u0430\u043a\u0442\u0438\u0432\u043d\u044b\u0435 \u043a\u043e\u043c\u043f\u043e\u043d\u0435\u043d\u0442\u044b, \u0441\u0430\u043f\u043e\u043d\u0438\u043d\u044b, \u043e\u0431\u043b\u0430\u0434\u0430\u044e\u0442 \u0432\u0435\u043d\u043e\u0442\u043e\u043d\u0438\u0437\u0438\u0440\u0443\u044e\u0449\u0438\u043c\u0438, \u043f\u0440\u043e\u0442\u0438\u0432\u043e\u0432\u043e\u0441\u043f\u0430\u043b\u0438\u0442\u0435\u043b\u044c\u043d\u044b\u043c\u0438 \u0438 \u043c\u043e\u0447\u0435\u0433\u043e\u043d\u043d\u044b\u043c\u0438 \u0441\u0432\u043e\u0439\u0441\u0442\u0432\u0430\u043c\u0438.<\/li>\n<\/ul>\n<p><strong>\u041a\u043e\u0444\u0435\u0438\u043d <\/strong>\u041a\u043e\u0444\u0435\u0438\u043d \u043e\u0431\u043b\u0430\u0434\u0430\u0435\u0442 \u043b\u0438\u043f\u043e\u043b\u0438\u0442\u0438\u0447\u0435\u0441\u043a\u0438\u043c \u0434\u0435\u0439\u0441\u0442\u0432\u0438\u0435\u043c, \u0447\u0442\u043e \u043f\u043e\u043c\u043e\u0433\u0430\u0435\u0442 \u0443\u0441\u0438\u043b\u0438\u0442\u044c \u0434\u0435\u0439\u0441\u0442\u0432\u0438\u0435 \u0434\u0440\u0443\u0433\u0438\u0445 \u0430\u043a\u0442\u0438\u0432\u043d\u044b\u0445 \u0438\u043d\u0433\u0440\u0435\u0434\u0438\u0435\u043d\u0442\u043e\u0432. \u041a\u043e\u0444\u0435\u0438\u043d \u0432\u043e\u0441\u0441\u0442\u0430\u043d\u0430\u0432\u043b\u0438\u0432\u0430\u0435\u0442 \u0441\u0442\u0440\u0443\u043a\u0442\u0443\u0440\u0443 \u043a\u043e\u0436\u0438 \u0438 \u0443\u0440\u0430\u0432\u043d\u043e\u0432\u0435\u0448\u0438\u0432\u0430\u0435\u0442 \u043c\u0435\u0442\u0430\u0431\u043e\u043b\u0438\u0437\u043c \u043a\u043b\u0435\u0442\u043e\u043a \u044d\u043f\u0438\u0434\u0435\u0440\u043c\u0438\u0441\u0430.<\/p>\n<p><strong>3. \u041c\u0435\u043d\u0442\u043e\u043b: <\/strong>\u043e\u0431\u043b\u0430\u0434\u0430\u0435\u0442 \u0430\u043d\u0442\u0438\u0441\u0435\u043f\u0442\u0438\u0447\u0435\u0441\u043a\u0438\u043c, \u043e\u0431\u0435\u0437\u0431\u043e\u043b\u0438\u0432\u0430\u044e\u0449\u0438\u043c \u0438 \u043f\u0440\u043e\u0442\u0438\u0432\u043e\u0432\u043e\u0441\u043f\u0430\u043b\u0438\u0442\u0435\u043b\u044c\u043d\u044b\u043c \u0434\u0435\u0439\u0441\u0442\u0432\u0438\u0435\u043c. \u041f\u043e\u0441\u043b\u0435 \u043d\u0430\u043d\u0435\u0441\u0435\u043d\u0438\u044f \u043d\u0430 \u043a\u043e\u0436\u0443 \u043f\u0440\u043e\u0434\u0443\u043a\u0442 \u043d\u0430\u0447\u0438\u043d\u0430\u0435\u0442 \u043f\u043e\u043a\u0440\u0430\u0441\u043d\u0435\u0442\u044c \/ \u043f\u043e\u043a\u0440\u0430\u0441\u043d\u0435\u0442\u044c, \u043f\u0440\u0438\u0434\u0430\u0432 \u043a\u043e\u0436\u0435 \u0445\u043e\u043b\u043e\u0434\u043d\u044b\u0439 \u044d\u0444\u0444\u0435\u043a\u0442, \u0447\u0442\u043e, \u0432 \u0441\u0432\u043e\u044e \u043e\u0447\u0435\u0440\u0435\u0434\u044c, \u043f\u043e\u043c\u043e\u0433\u0430\u0435\u0442 \u043f\u0440\u043e\u0434\u0443\u043a\u0442\u0443 \u043b\u0443\u0447\u0448\u0435 \u0432\u043f\u0438\u0442\u0430\u0442\u044c\u0441\u044f \u0438 \u0438\u043c\u0435\u0442\u044c \u044d\u0444\u0444\u0435\u043a\u0442.<\/p>\n<p>\u0412 \u0440\u0435\u0437\u0443\u043b\u044c\u0442\u0430\u0442\u0435 \u043a\u043e\u0436\u0430 \u0441\u0442\u0430\u043d\u043e\u0432\u0438\u0442\u0441\u044f \u0443\u043f\u0440\u0443\u0433\u043e\u0439, \u0433\u043b\u0430\u0434\u043a\u043e\u0439 \u0438 \u0443\u0432\u043b\u0430\u0436\u043d\u0435\u043d\u043d\u043e\u0439.<\/p>\n<p><strong><span style=\"font-size: 16px;\">\u0418\u0421\u041f\u041e\u041b\u042c\u0417\u041e\u0412\u0410\u041d\u0418\u0415<\/span><\/strong><\/p>\n<p><span style=\"font-weight: 400;\">Peale kanda igal hommikul ja \u00f5htul.<\/span><\/p>\n<p><span style=\"font-weight: 400;\"> Toode kanda hooldatavale piirkonnale ringjate liigutustega. <\/span><\/p>\n<p><span style=\"font-weight: 400;\">V\u00f5ib p\u00e4rast pealekandmist hakata \u00f5hetama ning tekitada k\u00fclmatunnet, kuid see on \u00fcks toimeainete m\u00f5judest.<\/span><\/p>\n<p><strong>\u0421\u041e\u0421\u0422\u0410\u0412<\/strong><\/p>\n<p>AQUA (WATER), PROPYLENE GLYCOL, SODIUM STEARATE, PROPANEDIOL, CAFFEINE, RUSCUS ACULEATUS ROOT EXTRACT, ASTRAGALUS MEMBRANACEUS ROOT EXTRACT, SOLIDAGO VIRGAUREA EXTRACT, CITRUS LEMON PEEL EXTRACT, ETHYLHEXYLGLYCERIN, MENTHOL, PHENOXYETHANOL, PARFUM (FRAGRANCE), SODIUM BENZOATE, POTASSIUM SORBATE, TOCOPHEROL.<\/p>\n<p><span style=\"color: #000000;\"><span style=\"font-family: Roboto, sans-serif;\"><span style=\"font-size: xx-small;\">930.26 \u20ac\/l<\/span><\/span><\/span><\/p>","protected":false},"excerpt":{"rendered":"<p>75 ml<\/p>\n<p><span style=\"font-weight: 400;\">\u041e\u0441\u0432\u0435\u0436\u0430\u044e\u0449\u0438\u0439  \u0441 \u043f\u0440\u0438\u044f\u0442\u043d\u043e\u0439 \u0442\u0435\u043a\u0441\u0442\u0443\u0440\u043e\u0439 \u0438 \u0442\u043e\u043d\u043a\u0438\u043c \u0430\u0440\u043e\u043c\u0430\u0442\u043e\u043c, \u044d\u0444\u0444\u0435\u043a\u0442\u0438\u0432\u043d\u043e \u0438\u0437\u0431\u0430\u0432\u043b\u044f\u044e\u0449\u0438\u0439 \u043e\u0442 \u0441\u0430\u043c\u043e\u0433\u043e \u0441\u0442\u043e\u0439\u043a\u043e\u0433\u043e \u0446\u0435\u043b\u043b\u044e\u043b\u0438\u0442\u0430. \u0410\u043d\u0442\u0438\u0446\u0435\u043b\u043b\u044e\u043b\u0438\u0442\u043d\u044b\u0439 \u0441\u0442\u0438\u043a \u043d\u0435 \u0442\u043e\u043b\u044c\u043a\u043e \u0443\u043c\u0435\u043d\u044c\u0448\u0430\u0435\u0442 \u0441\u0443\u0449\u0435\u0441\u0442\u0432\u0443\u044e\u0449\u0438\u0439 \u0446\u0435\u043b\u043b\u044e\u043b\u0438\u0442 \u0432 \u043e\u0440\u0433\u0430\u043d\u0438\u0437\u043c\u0435, \u043d\u043e \u0438 \u043f\u0440\u0435\u0434\u043e\u0442\u0432\u0440\u0430\u0449\u0430\u0435\u0442 \u0435\u0433\u043e \u043f\u043e\u0432\u0442\u043e\u0440\u043d\u043e\u0435 \u043f\u043e\u044f\u0432\u043b\u0435\u043d\u0438\u0435.<\/span><\/p>\n<p>&nbsp;<\/p>\n<p>&nbsp;<\/p>","protected":false},"featured_media":4661,"template":"","meta":{"om_disable_all_campaigns":false,"_monsterinsights_skip_tracking":false,"_monsterinsights_sitenote_active":false,"_monsterinsights_sitenote_note":"","_monsterinsights_sitenote_category":0,"_uf_show_specific_survey":0,"_uf_disable_surveys":false,"site-sidebar-layout":"default","site-content-layout":"","ast-site-content-layout":"default","site-content-style":"default","site-sidebar-style":"default","ast-global-header-display":"","ast-banner-title-visibility":"","ast-main-header-display":"","ast-hfb-above-header-display":"","ast-hfb-below-header-display":"","ast-hfb-mobile-header-display":"","site-post-title":"","ast-breadcrumbs-content":"","ast-featured-img":"","footer-sml-layout":"","theme-transparent-header-meta":"default","adv-header-id-meta":"","stick-header-meta":"","header-above-stick-meta":"","header-main-stick-meta":"","header-below-stick-meta":"","astra-migrate-meta-layouts":"set","ast-page-background-enabled":"default","ast-page-background-meta":{"desktop":{"background-color":"var(--ast-global-color-4)","background-image":"","background-repeat":"repeat","background-position":"center center","background-size":"auto","background-attachment":"scroll","background-type":"","background-media":"","overlay-type":"","overlay-color":"","overlay-opacity":"","overlay-gradient":""},"tablet":{"background-color":"","background-image":"","background-repeat":"repeat","background-position":"center center","background-size":"auto","background-attachment":"scroll","background-type":"","background-media":"","overlay-type":"","overlay-color":"","overlay-opacity":"","overlay-gradient":""},"mobile":{"background-color":"","background-image":"","background-repeat":"repeat","background-position":"center center","background-size":"auto","background-attachment":"scroll","background-type":"","background-media":"","overlay-type":"","overlay-color":"","overlay-opacity":"","overlay-gradient":""}},"ast-content-background-meta":{"desktop":{"background-color":"var(--ast-global-color-5)","background-image":"","background-repeat":"repeat","background-position":"center center","background-size":"auto","background-attachment":"scroll","background-type":"","background-media":"","overlay-type":"","overlay-color":"","overlay-opacity":"","overlay-gradient":""},"tablet":{"background-color":"var(--ast-global-color-5)","background-image":"","background-repeat":"repeat","background-position":"center center","background-size":"auto","background-attachment":"scroll","background-type":"","background-media":"","overlay-type":"","overlay-color":"","overlay-opacity":"","overlay-gradient":""},"mobile":{"background-color":"var(--ast-global-color-5)","background-image":"","background-repeat":"repeat","background-position":"center center","background-size":"auto","background-attachment":"scroll","background-type":"","background-media":"","overlay-type":"","overlay-color":"","overlay-opacity":"","overlay-gradient":""}}},"product_brand":[],"product_cat":[46,344],"product_tag":[],"class_list":{"0":"post-4601","1":"product","2":"type-product","3":"status-publish","4":"has-post-thumbnail","6":"product_cat-kehale","7":"product_cat-tselluliidivastane","8":"desktop-align-center","9":"tablet-align-left","10":"mobile-align-left","12":"first","13":"instock","14":"taxable","15":"shipping-taxable","16":"purchasable","17":"product-type-simple","18":"add-to-wishlist-before_image"},"aioseo_notices":[],"_links":{"self":[{"href":"https:\/\/kosmeetika24.eu\/ru\/wp-json\/wp\/v2\/product\/4601","targetHints":{"allow":["GET"]}}],"collection":[{"href":"https:\/\/kosmeetika24.eu\/ru\/wp-json\/wp\/v2\/product"}],"about":[{"href":"https:\/\/kosmeetika24.eu\/ru\/wp-json\/wp\/v2\/types\/product"}],"version-history":[{"count":3,"href":"https:\/\/kosmeetika24.eu\/ru\/wp-json\/wp\/v2\/product\/4601\/revisions"}],"predecessor-version":[{"id":4678,"href":"https:\/\/kosmeetika24.eu\/ru\/wp-json\/wp\/v2\/product\/4601\/revisions\/4678"}],"wp:featuredmedia":[{"embeddable":true,"href":"https:\/\/kosmeetika24.eu\/ru\/wp-json\/wp\/v2\/media\/4661"}],"wp:attachment":[{"href":"https:\/\/kosmeetika24.eu\/ru\/wp-json\/wp\/v2\/media?parent=4601"}],"wp:term":[{"taxonomy":"product_brand","embeddable":true,"href":"https:\/\/kosmeetika24.eu\/ru\/wp-json\/wp\/v2\/product_brand?post=4601"},{"taxonomy":"product_cat","embeddable":true,"href":"https:\/\/kosmeetika24.eu\/ru\/wp-json\/wp\/v2\/product_cat?post=4601"},{"taxonomy":"product_tag","embeddable":true,"href":"https:\/\/kosmeetika24.eu\/ru\/wp-json\/wp\/v2\/product_tag?post=4601"}],"curies":[{"name":"wp","href":"https:\/\/api.w.org\/{rel}","templated":true}]}}