{"id":3351,"date":"2020-04-16T11:03:57","date_gmt":"2020-04-16T11:03:57","guid":{"rendered":"https:\/\/kosmeetika24.eu\/?post_type=product&#038;p=3351"},"modified":"2024-10-08T14:32:47","modified_gmt":"2024-10-08T11:32:47","slug":"maskid-5tk","status":"publish","type":"product","link":"https:\/\/kosmeetika24.eu\/ru\/product\/maskid-5tk\/","title":{"rendered":"\u0422\u0440\u0435\u0445\u0441\u043b\u043e\u0439\u043d\u044b\u0435 \u043c\u0430\u0441\u043a\u0438 \u0434\u043b\u044f \u043b\u0438\u0446\u0430 5 \u0448\u0442."},"content":{"rendered":"<p>\u041c\u0430\u0441\u043a\u0438 \u0434\u043b\u044f \u043b\u0438\u0446\u0430 \u0441\u043e\u0441\u0442\u043e\u044f\u0442 \u0438\u0437 \u0442\u0440\u0435\u0445 \u0441\u043b\u043e\u0435\u0432, \u0438\u0437\u0433\u043e\u0442\u043e\u0432\u043b\u0435\u043d\u044b \u0438\u0437 \u0442\u043a\u0430\u043d\u0435\u0432\u043e\u0433\u043e \u043c\u0430\u0442\u0435\u0440\u0438\u0430\u043b\u0430 TNT \u0438 \u0438\u043c\u0435\u044e\u0442 \u0440\u0435\u0437\u0438\u043d\u043a\u0438 \u0434\u043b\u044f \u043a\u0440\u0435\u043f\u043b\u0435\u043d\u0438\u044f. \u041c\u0430\u0441\u043a\u0438 \u043d\u0435 \u0441\u043e\u0434\u0435\u0440\u0436\u0430\u0442 \u043b\u0430\u0442\u0435\u043a\u0441.<\/p>\n<ul>\n<li>P\u00e4rast \u00fchekordset kasutamist kolm tundi ilma erit\u00f6\u00f6tluseta v\u00f5ib selle utiliseerida tavalise majapidamisj\u00e4\u00e4tmena.<\/li>\n<\/ul>","protected":false},"excerpt":{"rendered":"<p>\u041c\u0430\u0441\u043a\u0430 \u0434\u043b\u044f \u043b\u0438\u0446\u0430<\/p>\n<p>\u041c\u0430\u0441\u043a\u0430 \u043f\u0440\u0435\u0434\u043d\u0430\u0437\u043d\u0430\u0447\u0435\u043d\u0430 \u0434\u043b\u044f \u043e\u0433\u0440\u0430\u043d\u0438\u0447\u0435\u043d\u0438\u044f \u043f\u0435\u0440\u0435\u0434\u0430\u0447\u0438 \u0438\u043d\u0444\u0435\u043a\u0446\u0438\u0439.<\/p>\n<p>&nbsp;<\/p>\n<p>\u043f\u0440\u043e\u0438\u0437\u0432\u0435\u0434\u0435\u043d\u043e \u0432 \u0415\u0432\u0440\u043e\u043f\u0435<\/p>\n<p>\u0423\u043f\u0430\u043a\u043e\u0432\u043a\u0430 5 \u0448\u0442.<\/p>","protected":false},"featured_media":3358,"template":"","meta":{"om_disable_all_campaigns":false,"_monsterinsights_skip_tracking":false,"_monsterinsights_sitenote_active":false,"_monsterinsights_sitenote_note":"","_monsterinsights_sitenote_category":0,"_uf_show_specific_survey":0,"_uf_disable_surveys":false,"site-sidebar-layout":"default","site-content-layout":"","ast-site-content-layout":"default","site-content-style":"default","site-sidebar-style":"default","ast-global-header-display":"","ast-banner-title-visibility":"","ast-main-header-display":"","ast-hfb-above-header-display":"","ast-hfb-below-header-display":"","ast-hfb-mobile-header-display":"","site-post-title":"","ast-breadcrumbs-content":"","ast-featured-img":"","footer-sml-layout":"","theme-transparent-header-meta":"default","adv-header-id-meta":"","stick-header-meta":"","header-above-stick-meta":"","header-main-stick-meta":"","header-below-stick-meta":"","astra-migrate-meta-layouts":"set","ast-page-background-enabled":"default","ast-page-background-meta":{"desktop":{"background-color":"var(--ast-global-color-4)","background-image":"","background-repeat":"repeat","background-position":"center center","background-size":"auto","background-attachment":"scroll","background-type":"","background-media":"","overlay-type":"","overlay-color":"","overlay-opacity":"","overlay-gradient":""},"tablet":{"background-color":"","background-image":"","background-repeat":"repeat","background-position":"center center","background-size":"auto","background-attachment":"scroll","background-type":"","background-media":"","overlay-type":"","overlay-color":"","overlay-opacity":"","overlay-gradient":""},"mobile":{"background-color":"","background-image":"","background-repeat":"repeat","background-position":"center center","background-size":"auto","background-attachment":"scroll","background-type":"","background-media":"","overlay-type":"","overlay-color":"","overlay-opacity":"","overlay-gradient":""}},"ast-content-background-meta":{"desktop":{"background-color":"var(--ast-global-color-5)","background-image":"","background-repeat":"repeat","background-position":"center center","background-size":"auto","background-attachment":"scroll","background-type":"","background-media":"","overlay-type":"","overlay-color":"","overlay-opacity":"","overlay-gradient":""},"tablet":{"background-color":"var(--ast-global-color-5)","background-image":"","background-repeat":"repeat","background-position":"center center","background-size":"auto","background-attachment":"scroll","background-type":"","background-media":"","overlay-type":"","overlay-color":"","overlay-opacity":"","overlay-gradient":""},"mobile":{"background-color":"var(--ast-global-color-5)","background-image":"","background-repeat":"repeat","background-position":"center center","background-size":"auto","background-attachment":"scroll","background-type":"","background-media":"","overlay-type":"","overlay-color":"","overlay-opacity":"","overlay-gradient":""}}},"product_brand":[],"product_cat":[110,49,109],"product_tag":[],"class_list":{"0":"post-3351","1":"product","2":"type-product","3":"status-publish","4":"has-post-thumbnail","6":"product_cat-isikukaitsevahendid","7":"product_cat-reisitooted","8":"product_cat-tarvikud","9":"desktop-align-center","10":"tablet-align-left","11":"mobile-align-left","13":"first","14":"instock","15":"taxable","16":"shipping-taxable","17":"purchasable","18":"product-type-simple","19":"add-to-wishlist-before_image"},"aioseo_notices":[],"_links":{"self":[{"href":"https:\/\/kosmeetika24.eu\/ru\/wp-json\/wp\/v2\/product\/3351","targetHints":{"allow":["GET"]}}],"collection":[{"href":"https:\/\/kosmeetika24.eu\/ru\/wp-json\/wp\/v2\/product"}],"about":[{"href":"https:\/\/kosmeetika24.eu\/ru\/wp-json\/wp\/v2\/types\/product"}],"version-history":[{"count":2,"href":"https:\/\/kosmeetika24.eu\/ru\/wp-json\/wp\/v2\/product\/3351\/revisions"}],"predecessor-version":[{"id":8862,"href":"https:\/\/kosmeetika24.eu\/ru\/wp-json\/wp\/v2\/product\/3351\/revisions\/8862"}],"wp:featuredmedia":[{"embeddable":true,"href":"https:\/\/kosmeetika24.eu\/ru\/wp-json\/wp\/v2\/media\/3358"}],"wp:attachment":[{"href":"https:\/\/kosmeetika24.eu\/ru\/wp-json\/wp\/v2\/media?parent=3351"}],"wp:term":[{"taxonomy":"product_brand","embeddable":true,"href":"https:\/\/kosmeetika24.eu\/ru\/wp-json\/wp\/v2\/product_brand?post=3351"},{"taxonomy":"product_cat","embeddable":true,"href":"https:\/\/kosmeetika24.eu\/ru\/wp-json\/wp\/v2\/product_cat?post=3351"},{"taxonomy":"product_tag","embeddable":true,"href":"https:\/\/kosmeetika24.eu\/ru\/wp-json\/wp\/v2\/product_tag?post=3351"}],"curies":[{"name":"wp","href":"https:\/\/api.w.org\/{rel}","templated":true}]}}