{"id":3204,"date":"2020-02-25T13:08:20","date_gmt":"2020-02-25T13:08:20","guid":{"rendered":"https:\/\/kosmeetika24.eu\/?post_type=product&#038;p=3204"},"modified":"2025-09-16T10:03:27","modified_gmt":"2025-09-16T07:03:27","slug":"bruno-vassari-skin-comfort-rahustav-ja-varskendav-mask-kopeeri","status":"publish","type":"product","link":"https:\/\/kosmeetika24.eu\/ru\/product\/bruno-vassari-skin-comfort-rahustav-ja-varskendav-mask-kopeeri\/","title":{"rendered":"BRUNO VASSARI  Skin Comfort \u0443\u0441\u043f\u043e\u043a\u0430\u0438\u0432\u0430\u044e\u0449\u0430\u044f \u0438 \u043e\u0441\u0432\u0435\u0436\u0430\u044e\u0449\u0430\u044f \u043c\u0430\u0441\u043a\u0430"},"content":{"rendered":"<p>M\u00f5nel juhul v\u00f5i teatud aastaaegadel vajab nahk t\u00e4iendavat lisahooldust just selle maski n\u00e4ol.<\/p>\n<p>\u00d5rn kreemimask <em>Gentle Soothing Mask<\/em> on rahustava ja v\u00e4rskendava toimega.<\/p>\n<p>Toode niisutab, taastab ja kaitseb ka k\u00f5ige tundlikumat nahka.<\/p>\n<p>\u0421\u043f\u0435\u0446\u0438\u0430\u043b\u044c\u043d\u043e \u0440\u0430\u0437\u0440\u0430\u0431\u043e\u0442\u0430\u043d \u0434\u043b\u044f \u0447\u0443\u0432\u0441\u0442\u0432\u0438\u0442\u0435\u043b\u044c\u043d\u043e\u0439 \u0438 \u0441\u0443\u0445\u043e\u0439 \u043a\u043e\u0436\u0438.<\/p>\n<p><strong>\u0410\u041a\u0422\u0418\u0412\u041d\u042b\u0415 \u0412\u0415\u0429\u0415\u0421\u0422\u0412\u0410<\/strong><\/p>\n<ul>\n<li>\u0423\u0432\u043b\u0430\u0436\u043d\u044f\u044e\u0449\u0438\u0439 \u043a\u043e\u043c\u043f\u043b\u0435\u043a\u0441: \u0433\u043b\u0438\u0446\u0435\u0440\u0438\u043d, \u0433\u043b\u0438\u043a\u043e\u043b\u044c<\/li>\n<li>\u0410\u043b\u0430\u043d\u0442\u043e\u0438\u043d<\/li>\n<li>\u042d\u043a\u0441\u0442\u0440\u0430\u043a\u0442 \u0437\u0435\u043b\u0435\u043d\u043e\u0433\u043e \u0447\u0430\u044f<\/li>\n<li>\u00df-\u0433\u043b\u0438\u0446\u0438\u0440\u0438\u043d\u043e\u0432\u0430\u044f \u043a\u0438\u0441\u043b\u043e\u0442\u0430<\/li>\n<\/ul>\n<p><strong>\u0414\u0415\u0419\u0421\u0422\u0412\u0418\u0415<\/strong><\/p>\n<ul>\n<li>\u0423\u0432\u043b\u0430\u0436\u043d\u044f\u044e\u0449\u0438\u0439 \u043a\u043e\u043c\u043f\u043b\u0435\u043a\u0441: \u0433\u043b\u0438\u0446\u0435\u0440\u0438\u043d \u0438 \u0433\u043b\u0438\u043a\u043e\u043b\u0438 \u0432\u043e\u0441\u0441\u0442\u0430\u043d\u0430\u0432\u043b\u0438\u0432\u0430\u044e\u0442 \u0432\u043e\u0434\u043d\u044b\u0439 \u0431\u0430\u043b\u0430\u043d\u0441 \u043a\u043e\u0436\u0438.<\/li>\n<li>\u0410\u043b\u043b\u0430\u043d\u0442\u043e\u0438\u043d \u0437\u0430\u0449\u0438\u0449\u0430\u0435\u0442 \u0438 \u0443\u0441\u043f\u043e\u043a\u0430\u0438\u0432\u0430\u0435\u0442, \u0443\u043b\u0443\u0447\u0448\u0430\u0435\u0442 \u043e\u0431\u043d\u043e\u0432\u043b\u0435\u043d\u0438\u0435 \u043a\u043b\u0435\u0442\u043e\u043a.<\/li>\n<li>\u042d\u043a\u0441\u0442\u0440\u0430\u043a\u0442 \u0437\u0435\u043b\u0435\u043d\u043e\u0433\u043e \u0447\u0430\u044f \u044f\u0432\u043b\u044f\u0435\u0442\u0441\u044f \u043e\u0447\u0435\u043d\u044c \u0445\u043e\u0440\u043e\u0448\u0438\u043c \u043f\u0440\u0438\u0440\u043e\u0434\u043d\u044b\u043c \u0430\u043d\u0442\u0438\u043e\u043a\u0441\u0438\u0434\u0430\u043d\u0442\u043e\u043c, \u0441\u043e\u0434\u0435\u0440\u0436\u0438\u0442 \u043f\u043e\u043b\u0438\u0444\u0435\u043d\u043e\u043b\u044b \u0441 \u043f\u0440\u043e\u0442\u0438\u0432\u043e\u0432\u043e\u0441\u043f\u0430\u043b\u0438\u0442\u0435\u043b\u044c\u043d\u044b\u043c \u0434\u0435\u0439\u0441\u0442\u0432\u0438\u0435\u043c, \u043e\u043d\u0438 \u0437\u0430\u0449\u0438\u0449\u0430\u044e\u0442 \u043e\u0442 \u0423\u0424-\u0438\u0437\u043b\u0443\u0447\u0435\u043d\u0438\u044f.<\/li>\n<li>\u00df-\u0433\u043b\u0438\u0446\u0438\u0440\u0440\u0438\u043d\u043e\u0432\u0443\u044e \u043a\u0438\u0441\u043b\u043e\u0442\u0443 \u043f\u043e\u043b\u0443\u0447\u0430\u044e\u0442 \u0438\u0437 \u043a\u043e\u0440\u043d\u044f \u0441\u043e\u043b\u043e\u0434\u043a\u0438. \u041e\u043d \u043e\u0447\u0435\u043d\u044c \u044d\u0444\u0444\u0435\u043a\u0442\u0438\u0432\u0435\u043d \u043f\u0440\u043e\u0442\u0438\u0432 \u0432\u043e\u0441\u043f\u0430\u043b\u0435\u043d\u0438\u0439 \u0438 \u043f\u043e\u0432\u0440\u0435\u0436\u0434\u0435\u043d\u0438\u0439, \u0432\u044b\u0437\u0432\u0430\u043d\u043d\u044b\u0445 \u0423\u0424-\u0438\u0437\u043b\u0443\u0447\u0435\u043d\u0438\u0435\u043c, \u0445\u043e\u043b\u043e\u0434\u043d\u044b\u043c \u0432\u043e\u0437\u0434\u0443\u0445\u043e\u043c \u0438 \u0441\u0443\u0445\u043e\u0441\u0442\u044c\u044e.<\/li>\n<\/ul>\n<p><strong>\u0421\u041e\u0421\u0422\u0410\u0412<\/strong><\/p>\n<p>AQUA (WATER), BUTYLENE GLYCOL, CAPRYLIC\/ CAPRIC TRIGLYCERIDE, GLYCERIN, PROPYLENE GLYCOL, SORBITOL, PEG-7 GLYCEROL COCOATE, LAVANDULA ANGUSTIFOLIA (LAVANDER) FLOWER EXTRACT, CAMELLIA SINESNSIS LEAF EXTRACT, LACTIC ACID, GLYCYRRHRTINIC ACID, TRIETHANOLAMINE, CARBOMER, PHENOXYETHANOL, IMIDAZOLIDINYL UREA, DISODIUM EDTA, ALLANTOIN, METHYLPARABEN, ETHYLPARABEN, BUTYLPARABEN, METHYLDIHYDROJASMONATE, PROPYLPARABEN, METHYLPROPANEDIOL, SODIUM BENZOATE, POTASSIUM SORBATE, CI 42090 (FD&amp;C BLUE NO. 1) C.I. 19140 (FD&amp;C YELLOW NO5).<\/p>","protected":false},"excerpt":{"rendered":"<p><span class=\"notranslate\">\u0414\u043b\u044f \u043f\u0440\u043e\u0444\u0435\u0441\u0441\u0438\u043e\u043d\u0430\u043b\u044c\u043d\u043e\u0433\u043e \u0438\u0441\u043f\u043e\u043b\u044c\u0437\u043e\u0432\u0430\u043d\u0438\u044f<\/span><span class=\"notranslate\">\u043a\u0440\u0435\u043c-\u043c\u0430\u0441\u043a\u0430, \u043e\u0431\u043b\u0430\u0434\u0430\u044e\u0449\u0430\u044f \u0443\u0441\u043f\u043e\u043a\u0430\u0438\u0432\u0430\u044e\u0449\u0438\u043c \u0438 \u043e\u0441\u0432\u0435\u0436\u0430\u044e\u0449\u0438\u043c \u0434\u0435\u0439\u0441\u0442\u0432\u0438\u0435\u043c<\/span><\/p>\n<p>&nbsp;<\/p>\n<p>200 \u043c\u043b<\/p>","protected":false},"featured_media":2414,"template":"","meta":{"om_disable_all_campaigns":false,"_monsterinsights_skip_tracking":false,"_monsterinsights_sitenote_active":false,"_monsterinsights_sitenote_note":"","_monsterinsights_sitenote_category":0,"_uf_show_specific_survey":0,"_uf_disable_surveys":false,"site-sidebar-layout":"default","site-content-layout":"","ast-site-content-layout":"default","site-content-style":"default","site-sidebar-style":"default","ast-global-header-display":"","ast-banner-title-visibility":"","ast-main-header-display":"","ast-hfb-above-header-display":"","ast-hfb-below-header-display":"","ast-hfb-mobile-header-display":"","site-post-title":"","ast-breadcrumbs-content":"","ast-featured-img":"","footer-sml-layout":"","theme-transparent-header-meta":"default","adv-header-id-meta":"","stick-header-meta":"","header-above-stick-meta":"","header-main-stick-meta":"","header-below-stick-meta":"","astra-migrate-meta-layouts":"set","ast-page-background-enabled":"default","ast-page-background-meta":{"desktop":{"background-color":"var(--ast-global-color-4)","background-image":"","background-repeat":"repeat","background-position":"center center","background-size":"auto","background-attachment":"scroll","background-type":"","background-media":"","overlay-type":"","overlay-color":"","overlay-opacity":"","overlay-gradient":""},"tablet":{"background-color":"","background-image":"","background-repeat":"repeat","background-position":"center center","background-size":"auto","background-attachment":"scroll","background-type":"","background-media":"","overlay-type":"","overlay-color":"","overlay-opacity":"","overlay-gradient":""},"mobile":{"background-color":"","background-image":"","background-repeat":"repeat","background-position":"center center","background-size":"auto","background-attachment":"scroll","background-type":"","background-media":"","overlay-type":"","overlay-color":"","overlay-opacity":"","overlay-gradient":""}},"ast-content-background-meta":{"desktop":{"background-color":"var(--ast-global-color-5)","background-image":"","background-repeat":"repeat","background-position":"center center","background-size":"auto","background-attachment":"scroll","background-type":"","background-media":"","overlay-type":"","overlay-color":"","overlay-opacity":"","overlay-gradient":""},"tablet":{"background-color":"var(--ast-global-color-5)","background-image":"","background-repeat":"repeat","background-position":"center center","background-size":"auto","background-attachment":"scroll","background-type":"","background-media":"","overlay-type":"","overlay-color":"","overlay-opacity":"","overlay-gradient":""},"mobile":{"background-color":"var(--ast-global-color-5)","background-image":"","background-repeat":"repeat","background-position":"center center","background-size":"auto","background-attachment":"scroll","background-type":"","background-media":"","overlay-type":"","overlay-color":"","overlay-opacity":"","overlay-gradient":""}}},"product_brand":[],"product_cat":[116,108],"product_tag":[],"class_list":{"0":"post-3204","1":"product","2":"type-product","3":"status-publish","4":"has-post-thumbnail","6":"product_cat-maskid-profitooted","7":"product_cat-profitooted","8":"desktop-align-center","9":"tablet-align-left","10":"mobile-align-left","12":"first","13":"instock","14":"taxable","15":"shipping-taxable","16":"product-type-simple","17":"add-to-wishlist-before_image"},"aioseo_notices":[],"_links":{"self":[{"href":"https:\/\/kosmeetika24.eu\/ru\/wp-json\/wp\/v2\/product\/3204","targetHints":{"allow":["GET"]}}],"collection":[{"href":"https:\/\/kosmeetika24.eu\/ru\/wp-json\/wp\/v2\/product"}],"about":[{"href":"https:\/\/kosmeetika24.eu\/ru\/wp-json\/wp\/v2\/types\/product"}],"version-history":[{"count":2,"href":"https:\/\/kosmeetika24.eu\/ru\/wp-json\/wp\/v2\/product\/3204\/revisions"}],"predecessor-version":[{"id":10422,"href":"https:\/\/kosmeetika24.eu\/ru\/wp-json\/wp\/v2\/product\/3204\/revisions\/10422"}],"wp:featuredmedia":[{"embeddable":true,"href":"https:\/\/kosmeetika24.eu\/ru\/wp-json\/wp\/v2\/media\/2414"}],"wp:attachment":[{"href":"https:\/\/kosmeetika24.eu\/ru\/wp-json\/wp\/v2\/media?parent=3204"}],"wp:term":[{"taxonomy":"product_brand","embeddable":true,"href":"https:\/\/kosmeetika24.eu\/ru\/wp-json\/wp\/v2\/product_brand?post=3204"},{"taxonomy":"product_cat","embeddable":true,"href":"https:\/\/kosmeetika24.eu\/ru\/wp-json\/wp\/v2\/product_cat?post=3204"},{"taxonomy":"product_tag","embeddable":true,"href":"https:\/\/kosmeetika24.eu\/ru\/wp-json\/wp\/v2\/product_tag?post=3204"}],"curies":[{"name":"wp","href":"https:\/\/api.w.org\/{rel}","templated":true}]}}