{"id":2888,"date":"2020-01-08T09:33:52","date_gmt":"2020-01-08T09:33:52","guid":{"rendered":"https:\/\/kosmeetika24.eu\/?post_type=product&#038;p=2888"},"modified":"2025-10-01T09:33:13","modified_gmt":"2025-10-01T06:33:13","slug":"bruno-vassari-lab-biotics-taastav-kreem","status":"publish","type":"product","link":"https:\/\/kosmeetika24.eu\/ru\/product\/bruno-vassari-lab-biotics-taastav-kreem\/","title":{"rendered":"BRUNO VASSARI Lab Biotics \u0432\u043e\u0441\u0441\u0442\u0430\u043d\u0430\u0432\u043b\u0438\u0432\u0430\u044e\u0449\u0438\u0439 \u043a\u0440\u0435\u043c"},"content":{"rendered":"<p>\u0412\u043e\u0441\u0441\u0442\u0430\u043d\u0430\u0432\u043b\u0438\u0432\u0430\u044e\u0449\u0438\u0439 \u043a\u0440\u0435\u043c <em>Lactis Advanced Cream<\/em> \u0438\u043c\u0435\u0435\u0442 \u0432\u044b\u0441\u043e\u043a\u043e\u0435 \u0441\u043e\u0434\u0435\u0440\u0436\u0430\u043d\u0438\u0435 \u043f\u0440\u0435\u0431\u0438\u043e\u0442\u0438\u0447\u0435\u0441\u043a\u0438\u0445 \u0438 \u043f\u0440\u043e\u0431\u0438\u043e\u0442\u0438\u0447\u0435\u0441\u043a\u0438\u0445 \u0430\u043a\u0442\u0438\u0432\u043d\u044b\u0445 \u0438\u043d\u0433\u0440\u0435\u0434\u0438\u0435\u043d\u0442\u043e\u0432, \u0447\u0442\u043e \u043f\u043e\u043c\u043e\u0433\u0430\u0435\u0442 \u043f\u043e\u0434\u0434\u0435\u0440\u0436\u0438\u0432\u0430\u0442\u044c \u0431\u0430\u043b\u0430\u043d\u0441 \u043a\u043e\u0436\u043d\u043e\u0439 \u0444\u043b\u043e\u0440\u044b. \u0410\u043a\u0442\u0438\u0432\u0438\u0437\u0438\u0440\u0443\u0435\u0442 \u043a\u043b\u0435\u0442\u043e\u0447\u043d\u043e\u0435 \u043e\u0431\u043d\u043e\u0432\u043b\u0435\u043d\u0438\u0435, \u0443\u043a\u0440\u0435\u043f\u043b\u044f\u044f \u0435\u0441\u0442\u0435\u0441\u0442\u0432\u0435\u043d\u043d\u044b\u0439 \u0431\u0430\u0440\u044c\u0435\u0440 \u043a\u043e\u0436\u0438, \u043a\u043e\u0442\u043e\u0440\u044b\u0439 \u0437\u0430\u0449\u0438\u0449\u0430\u0435\u0442 \u043d\u0430\u0441 \u043e\u0442 \u0432\u043d\u0435\u0448\u043d\u0438\u0445 \u043f\u043e\u0432\u0440\u0435\u0436\u0434\u0430\u044e\u0449\u0438\u0445 \u0432\u043e\u0437\u0434\u0435\u0439\u0441\u0442\u0432\u0438\u0439, \u0430 \u0442\u0430\u043a\u0436\u0435 \u0433\u043b\u0443\u0431\u043e\u043a\u043e \u0443\u0432\u043b\u0430\u0436\u043d\u044f\u0435\u0442 \u0438 \u0432\u043e\u0441\u0441\u0442\u0430\u043d\u0430\u0432\u043b\u0438\u0432\u0430\u0435\u0442.<\/p>\n<p>\u041a\u043e\u0436\u0430 \u0441\u0442\u0430\u043d\u043e\u0432\u0438\u0442\u0441\u044f \u0431\u043e\u043b\u0435\u0435 \u0437\u0434\u043e\u0440\u043e\u0432\u043e\u0439: \u0432\u043e\u0441\u0441\u0442\u0430\u043d\u0430\u0432\u043b\u0438\u0432\u0430\u0435\u0442 \u0432\u043b\u0430\u0436\u043d\u043e\u0441\u0442\u044c, \u0433\u043b\u0430\u0434\u043a\u043e\u0441\u0442\u044c, \u044d\u043b\u0430\u0441\u0442\u0438\u0447\u043d\u043e\u0441\u0442\u044c \u0438 \u043e\u043c\u043e\u043b\u0430\u0436\u0438\u0432\u0430\u043d\u0438\u0435, \u0443\u043b\u0443\u0447\u0448\u0430\u044f \u0432\u043d\u0435\u0448\u043d\u0438\u0439 \u0432\u0438\u0434 \u043a\u043e\u0436\u0438 \u0438 \u0442\u0430\u043a\u0438\u0435 \u044f\u0432\u043b\u0435\u043d\u0438\u044f \u0441\u0442\u0430\u0440\u0435\u043d\u0438\u044f, \u043a\u0430\u043a \u043c\u043e\u0440\u0449\u0438\u043d\u044b \u0438 \u043c\u0438\u043c\u0438\u043a\u0443. \u0422\u0430\u043a\u0436\u0435 \u043f\u043e\u0434\u0434\u0435\u0440\u0436\u0438\u0432\u0430\u0435\u0442 \u043e\u043f\u0442\u0438\u043c\u0430\u043b\u044c\u043d\u044b\u0439 pH \u043a\u043e\u0436\u0438 \u0434\u043b\u044f \u043f\u043e\u0434\u0434\u0435\u0440\u0436\u0430\u043d\u0438\u044f \u0431\u0430\u043b\u0430\u043d\u0441\u0430 \u044d\u043a\u043e\u0441\u0438\u0441\u0442\u0435\u043c\u044b \u043a\u043e\u0436\u0438.<\/p>\n<p>\u041f\u043e\u0434\u0445\u043e\u0434\u0438\u0442 \u0434\u043b\u044f \u0432\u0441\u0435\u0445 \u0442\u0438\u043f\u043e\u0432 \u043a\u043e\u0436\u0438, \u043e\u0441\u043e\u0431\u0435\u043d\u043d\u043e \u0434\u043b\u044f \u0447\u0443\u0432\u0441\u0442\u0432\u0438\u0442\u0435\u043b\u044c\u043d\u043e\u0439.<\/p>\n<p><strong>\u0421\u041e\u0421\u0422\u0410\u0412<\/strong><\/p>\n<ul>\n<li>ProRenew Complex CLR \u2122 \u044d\u0442\u043e \u043f\u0440\u043e\u0431\u0438\u043e\u0442\u0438\u0447\u0435\u0441\u043a\u0438\u0439 \u0438\u043d\u0433\u0440\u0435\u0434\u0438\u0435\u043d\u0442, \u043f\u043e\u043b\u0443\u0447\u0435\u043d\u043d\u044b\u0439 \u0438\u0437<em> Lactococcus lactis\u00b4e<\/em> l\u00fcsaadist.<\/li>\n<li>Teflose\u00ae - \u0430\u043a\u0442\u0438\u0432\u043d\u044b\u0439 \u0438\u043d\u0433\u0440\u0435\u0434\u0438\u0435\u043d\u0442 \u043f\u0440\u0435\u0431\u0438\u043e\u0442\u0438\u043a\u0430.<\/li>\n<li>Kombuchka \u2122 PH<\/li>\n<li>\u041d\u0438\u0430\u0446\u0438\u043d\u0430\u043c\u0438\u0434<\/li>\n<li>\u0413\u0438\u0430\u043b\u0443\u0440\u043e\u043d\u043e\u0432\u0430\u044f \u043a\u0438\u0441\u043b\u043e\u0442\u0430<\/li>\n<\/ul>\n<p><strong>\u0414\u0415\u0419\u0421\u0422\u0412\u0418\u0415<\/strong><\/p>\n<ul>\n<li>ProRenew Complex CLR \u2122 \u0443\u0441\u043a\u043e\u0440\u044f\u0435\u0442 \u043e\u0431\u043d\u043e\u0432\u043b\u0435\u043d\u0438\u0435 \u043a\u043e\u0436\u0438: \u0443\u0441\u0438\u043b\u0438\u0432\u0430\u0435\u0442 \u0441\u043e\u0431\u0441\u0442\u0432\u0435\u043d\u043d\u043e\u0435 \u043a\u043b\u0435\u0442\u043e\u0447\u043d\u043e\u0435 \u043e\u0431\u043d\u043e\u0432\u043b\u0435\u043d\u0438\u0435, \u0443\u043b\u0443\u0447\u0448\u0430\u044f \u0441\u043a\u043e\u0440\u043e\u0441\u0442\u044c \u0438 \u043a\u0430\u0447\u0435\u0441\u0442\u0432\u043e. \u041f\u043e\u043c\u043e\u0433\u0430\u0435\u0442 \u0441\u0431\u0430\u043b\u0430\u043d\u0441\u0438\u0440\u043e\u0432\u0430\u0442\u044c \u044d\u043f\u0438\u0434\u0435\u0440\u043c\u0430\u043b\u044c\u043d\u044b\u0439 \u0431\u0430\u0440\u044c\u0435\u0440 \u0438 \u043f\u043e\u0434\u0434\u0435\u0440\u0436\u0438\u0432\u0430\u0442\u044c \u043e\u043f\u0442\u0438\u043c\u0430\u043b\u044c\u043d\u044b\u0439 \u0431\u0430\u043b\u0430\u043d\u0441 \u0432\u043b\u0430\u0433\u0438 \u0438 \u0437\u0430\u0449\u0438\u0442\u044b. \u041f\u043e\u0432\u044b\u0448\u0430\u0435\u0442 \u0435\u0441\u0442\u0435\u0441\u0442\u0432\u0435\u043d\u043d\u0443\u044e \u0437\u0430\u0449\u0438\u0442\u0443 \u043a\u043e\u0436\u0438.<\/li>\n<li>Teflose\u00ae - \u043f\u043e\u043b\u0438\u0441\u0430\u0445\u0430\u0440\u0438\u0434\u044b, \u043f\u043e\u043b\u0443\u0447\u0435\u043d\u043d\u044b\u0435 \u043f\u0443\u0442\u0435\u043c \u0444\u0435\u0440\u043c\u0435\u043d\u0442\u0430\u0446\u0438\u0438 \u0431\u0430\u043a\u0442\u0435\u0440\u0438\u0439 \u0440\u0430\u0441\u0442\u0438\u0442\u0435\u043b\u044c\u043d\u043e\u0433\u043e \u043f\u0440\u043e\u0438\u0441\u0445\u043e\u0436\u0434\u0435\u043d\u0438\u044f, \u0441\u0442\u0440\u0443\u043a\u0442\u0443\u0440\u0430 \u043a\u043e\u0442\u043e\u0440\u044b\u0445 \u0431\u043e\u0433\u0430\u0442\u0430 \u0440\u0430\u043c\u043d\u043e\u0437\u043e\u0439. \u041e\u043d \u0434\u0435\u0439\u0441\u0442\u0432\u0443\u0435\u0442 \u043a\u0430\u043a \u0437\u0430\u0449\u0438\u0442\u043d\u0438\u043a, \u043f\u0440\u0435\u0434\u043e\u0442\u0432\u0440\u0430\u0449\u0430\u0435\u0442 \u043f\u0440\u0438\u043b\u0438\u043f\u0430\u043d\u0438\u0435 \u043f\u0430\u0442\u043e\u0433\u0435\u043d\u043d\u044b\u0445 \u0431\u0430\u043a\u0442\u0435\u0440\u0438\u0439 \u043a \u043f\u043e\u0432\u0435\u0440\u0445\u043d\u043e\u0441\u0442\u0438 \u043a\u043e\u0436\u0438 \u0438 \u0441\u043d\u0438\u0436\u0430\u0435\u0442 \u0432\u043e\u0441\u043f\u0440\u0438\u0438\u043c\u0447\u0438\u0432\u043e\u0441\u0442\u044c \u043a \u0437\u0430\u0433\u0440\u044f\u0437\u043d\u0435\u043d\u0438\u044f\u043c. \u0423\u0441\u043f\u043e\u043a\u0430\u0438\u0432\u0430\u0435\u0442 \u0438 \u0437\u0430\u0449\u0438\u0449\u0430\u0435\u0442 \u043a\u043e\u0436\u0443.<\/li>\n<li>\u041a\u043e\u043c\u0431\u0443\u0447\u043a\u0430 \u2122 PH \u0441\u043e\u0434\u0435\u0440\u0436\u0438\u0442 2 \u043c\u0438\u043a\u0440\u043e\u043e\u0440\u0433\u0430\u043d\u0438\u0437\u043c\u0430 (\u0434\u0440\u043e\u0436\u0436\u0438 <em>Saccharomyces<\/em> \u0438 \u0431\u0430\u043a\u0442\u0435\u0440\u0438\u0438 <em>Xylinum<\/em>)\u0447\u0435\u0440\u043d\u044b\u0439 \u0447\u0430\u0439, \u0441\u0431\u0440\u043e\u0436\u0435\u043d\u043d\u044b\u0439 \u0441\u0438\u043c\u0431\u0438\u043e\u0437\u043e\u043c. \u0421\u043c\u044f\u0433\u0447\u0430\u0435\u0442 \u0438 \u043e\u0441\u0432\u0435\u0436\u0430\u0435\u0442 \u043a\u043e\u0436\u0443, \u0443\u043b\u0443\u0447\u0448\u0430\u0435\u0442 \u0435\u0435 \u043a\u0430\u0447\u0435\u0441\u0442\u0432\u043e (\u043c\u044f\u0433\u043a\u043e\u0441\u0442\u044c \u0438 \u0441\u0438\u044f\u043d\u0438\u0435).<\/li>\n<li>Niatsiinamiid on B3-vitamiini derivaat, mis aitab v\u00e4hendada kortse ja peeneid jooni, v\u00e4hendab naha fotovananemise m\u00e4rke; v\u00e4hendab pigmentatsiooni, melasmat ja helendab nahka; aitab n\u00e4htavalt v\u00e4hendada pooride suurust, stimuleerib kollageeni tootmist; parandab tuhmi jumet; tugevdab naha kaitsebarj\u00e4\u00e4ri, mis soodustab naha niisutamist.<\/li>\n<li>\u0413\u0438\u0430\u043b\u0443\u0440\u043e\u043d\u043e\u0432\u0430\u044f \u043a\u0438\u0441\u043b\u043e\u0442\u0430 \u043e\u0431\u043b\u0430\u0434\u0430\u0435\u0442 \u0432\u044b\u0441\u043e\u043a\u043e\u0439 \u0441\u043f\u043e\u0441\u043e\u0431\u043d\u043e\u0441\u0442\u044c\u044e \u0441\u0432\u044f\u0437\u044b\u0432\u0430\u0442\u044c \u0432\u043e\u0434\u0443, \u043f\u043e\u043c\u043e\u0433\u0430\u044f \u0432\u043e\u0441\u0441\u0442\u0430\u043d\u0430\u0432\u043b\u0438\u0432\u0430\u0442\u044c \u0432\u043e\u043b\u043e\u043a\u043d\u0430, \u043f\u043e\u0434\u0434\u0435\u0440\u0436\u0438\u0432\u0430\u044e\u0449\u0438\u0435 \u0441\u0442\u0440\u0443\u043a\u0442\u0443\u0440\u0443 \u043a\u043e\u0436\u0438. \u0411\u043b\u0430\u0433\u043e\u0434\u0430\u0440\u044f \u0441\u0440\u0435\u0434\u043d\u0435\u0439 \u043c\u043e\u043b\u0435\u043a\u0443\u043b\u044f\u0440\u043d\u043e\u0439 \u043c\u0430\u0441\u0441\u0435 \u0433\u0438\u0430\u043b\u0443\u0440\u043e\u043d\u043e\u0432\u0430\u044f \u043a\u0438\u0441\u043b\u043e\u0442\u0430 \u0441\u043f\u043e\u0441\u043e\u0431\u043d\u0430 \u043f\u0440\u043e\u043d\u0438\u043a\u0430\u0442\u044c \u0447\u0435\u0440\u0435\u0437 \u0440\u043e\u0433\u043e\u0432\u043e\u0439 \u0441\u043b\u043e\u0439, \u0441\u0432\u044f\u0437\u044b\u0432\u0430\u0442\u044c \u0432\u043e\u0434\u0443 \u0438 \u0443\u0432\u043b\u0430\u0436\u043d\u044f\u0442\u044c \u0438 \u0432\u043e\u0441\u0441\u0442\u0430\u043d\u0430\u0432\u043b\u0438\u0432\u0430\u0442\u044c \u043e\u0431\u044a\u0435\u043c \u044d\u043f\u0438\u0434\u0435\u0440\u043c\u0438\u0441\u0430.<\/li>\n<\/ul>\n<p><strong>\u0418\u0421\u041f\u041e\u041b\u042c\u0417\u041e\u0412\u0410\u041d\u0418\u0415<\/strong><\/p>\n<ul>\n<li>\u041f\u0440\u0435\u0434\u0432\u0430\u0440\u0438\u0442\u0435\u043b\u044c\u043d\u043e \u043e\u0447\u0438\u0441\u0442\u0438\u0442\u0435 \u043a\u043e\u0436\u0443, \u043d\u0430\u043f\u0440\u0438\u043c\u0435\u0440, \u0441\u0440\u0435\u0434\u0441\u0442\u0432\u043e\u043c <a href=\"https:\/\/kosmeetika24.eu\/ru\/product\/bruno-vassari-lab-biotics-rikkalik-puhastusvaht\/\">BRUNO VASSARI Lab Biotics \u043e\u0431\u0438\u043b\u044c\u043d\u0430\u044f \u043f\u0435\u043d\u043a\u0430 \u0434\u043b\u044f \u043e\u0447\u0438\u0441\u0442\u043a\u0438<\/a>.<\/li>\n<li>\u041f\u0440\u0435\u0434\u0432\u0430\u0440\u0438\u0442\u0435\u043b\u044c\u043d\u043e \u0442\u043e\u043d\u0438\u0437\u0438\u0440\u0443\u0439\u0442\u0435 \u043a\u043e\u0436\u0443, \u043d\u0430\u043f\u0440\u0438\u043c\u0435\u0440, \u0441\u0440\u0435\u0434\u0441\u0442\u0432\u043e\u043c <a href=\"https:\/\/kosmeetika24.eu\/ru\/product\/bruno-vassari-lab-biotics-igapaevane-toonik-2\/\">BRUNO VASSARI Lab Biotics \u0435\u0436\u0435\u0434\u043d\u0435\u0432\u043d\u044b\u0439 \u0442\u043e\u043d\u0438\u043a<\/a>.<\/li>\n<li>\u041d\u0430\u043d\u0435\u0441\u0438\u0442\u0435 \u043a\u0440\u0435\u043c \u043d\u0430 \u043e\u0447\u0438\u0449\u0435\u043d\u043d\u0443\u044e \u043a\u043e\u0436\u0443 \u043b\u0435\u0433\u043a\u0438\u043c\u0438 \u043c\u0430\u0441\u0441\u0438\u0440\u0443\u044e\u0449\u0438\u043c\u0438 \u0434\u0432\u0438\u0436\u0435\u043d\u0438\u044f\u043c\u0438. \u041f\u043e\u0434\u0445\u043e\u0434\u0438\u0442 \u043a\u0430\u043a \u0434\u043b\u044f \u0443\u0442\u0440\u0435\u043d\u043d\u0435\u0433\u043e, \u0442\u0430\u043a \u0438 \u0434\u043b\u044f \u0432\u0435\u0447\u0435\u0440\u043d\u0435\u0433\u043e \u0438\u0441\u043f\u043e\u043b\u044c\u0437\u043e\u0432\u0430\u043d\u0438\u044f.<\/li>\n<li>\u041d\u0430\u043f\u0440\u0438\u043c\u0435\u0440, \u043a\u0440\u0435\u043c \u0434\u043b\u044f \u0433\u043b\u0430\u0437 <a href=\"https:\/\/kosmeetika24.eu\/ru\/product\/bruno-vassari-collagen-booster-peptide-eye-contour-gel-cream\/\">BRUNO VASSARI Collagen Booster \u043a\u0440\u0435\u043c \u0434\u043b\u044f \u0433\u043b\u0430\u0437 \u0441 \u043f\u0435\u043f\u0442\u0438\u0434\u043d\u044b\u043c \u043a\u043e\u043c\u043f\u043b\u0435\u043a\u0441\u043e\u043c<\/a>.<\/li>\n<\/ul>\n<p><strong>\u0421\u041e\u0421\u0422\u0410\u0412<\/strong><\/p>\n<p><span style=\"font-size: 14px;\">AQUA (WATER), GLYCERIN, DICAPRYLYL CARBONATE, CAPRYLIC\/CAPRIC TRIGLYCERIDE, ISONONYL, ISONONANOATE, LACTOCOCCUS FERMENT LYSATE, NIACINAMIDE, GLYCOL PALMITATE, POLYACRYLATE 13, PROPANEDIOL, GLYCERYL STEARATE, PEG-100 STEARATE, DIMETHICONE, SACCHAROMYCES\/XYLINUM\/BLAC TEA FERMENT, C14-22 ALCOHOLS, RHAMNOSE, GLUCOSE, POLYISOBUTENE, C12-20 ALKYL GLUCOSIDE, SODIUM HYALURONATE, PHENOXYETHANOL, ECTOIN, POLYSORBATE 20, GLUCURONIC ACID, CHLORPHENESIN, DISODIUM EDTA, LACTIC ACID, METHYLPARABEN, PARFUM (FRAGRANCE), SODIUM HYDROXIDE, HYDROXYETHYLCELLULOSE, SODIUM CHLORIDE, SODIUM CITRATE, SODIUM BENZOATE, CITRIC ACID, POTASSIUM SORBATE.<\/span><\/p>\n<p><span style=\"font-size: xx-small;\"><span style=\"color: #000000;\"><span style=\"font-family: Roboto, sans-serif;\">2657.20 \u20ac\/l<\/span><\/span><\/span><\/p>","protected":false},"excerpt":{"rendered":"<p>50 \u043c\u043b<\/p>\n<p>\u0412\u043e\u0441\u0441\u0442\u0430\u043d\u0430\u0432\u043b\u0438\u0432\u0430\u044e\u0449\u0438\u0439 \u043a\u0440\u0435\u043c, \u0431\u043e\u0433\u0430\u0442\u044b\u0439 \u0430\u043a\u0442\u0438\u0432\u043d\u044b\u043c\u0438 \u043f\u0440\u0435\u0431\u0438\u043e\u0442\u0438\u043a\u0430\u043c\u0438 \u0438 \u043f\u0440\u043e\u0431\u0438\u043e\u0442\u0438\u043a\u0430\u043c\u0438, \u043f\u043e\u043c\u043e\u0433\u0430\u0435\u0442 \u043f\u043e\u0434\u0434\u0435\u0440\u0436\u0438\u0432\u0430\u0442\u044c \u0431\u0430\u043b\u0430\u043d\u0441 \u0444\u043b\u043e\u0440\u044b \u043a\u043e\u0436\u0438. \u0410\u043a\u0442\u0438\u0432\u0438\u0437\u0438\u0440\u0443\u0435\u0442 \u043a\u043b\u0435\u0442\u043e\u0447\u043d\u043e\u0435 \u043e\u0431\u043d\u043e\u0432\u043b\u0435\u043d\u0438\u0435, \u0443\u043a\u0440\u0435\u043f\u043b\u044f\u044f \u0435\u0441\u0442\u0435\u0441\u0442\u0432\u0435\u043d\u043d\u044b\u0439 \u0431\u0430\u0440\u044c\u0435\u0440 \u043a\u043e\u0436\u0438, \u043a\u043e\u0442\u043e\u0440\u044b\u0439 \u0437\u0430\u0449\u0438\u0449\u0430\u0435\u0442 \u043d\u0430\u0441 \u043e\u0442 \u0432\u043d\u0435\u0448\u043d\u0438\u0445 \u0432\u0440\u0435\u0434\u043d\u044b\u0445 \u0444\u0430\u043a\u0442\u043e\u0440\u043e\u0432, \u0433\u043b\u0443\u0431\u043e\u043a\u043e \u0443\u0432\u043b\u0430\u0436\u043d\u044f\u044f \u0438 \u0432\u043e\u0441\u0441\u0442\u0430\u043d\u0430\u0432\u043b\u0438\u0432\u0430\u044f.<\/p>","protected":false},"featured_media":2898,"template":"","meta":{"om_disable_all_campaigns":false,"_monsterinsights_skip_tracking":false,"_monsterinsights_sitenote_active":false,"_monsterinsights_sitenote_note":"","_monsterinsights_sitenote_category":0,"_uf_show_specific_survey":0,"_uf_disable_surveys":false,"site-sidebar-layout":"default","site-content-layout":"","ast-site-content-layout":"default","site-content-style":"default","site-sidebar-style":"default","ast-global-header-display":"","ast-banner-title-visibility":"","ast-main-header-display":"","ast-hfb-above-header-display":"","ast-hfb-below-header-display":"","ast-hfb-mobile-header-display":"","site-post-title":"","ast-breadcrumbs-content":"","ast-featured-img":"","footer-sml-layout":"","theme-transparent-header-meta":"default","adv-header-id-meta":"","stick-header-meta":"","header-above-stick-meta":"","header-main-stick-meta":"","header-below-stick-meta":"","astra-migrate-meta-layouts":"set","ast-page-background-enabled":"default","ast-page-background-meta":{"desktop":{"background-color":"var(--ast-global-color-4)","background-image":"","background-repeat":"repeat","background-position":"center center","background-size":"auto","background-attachment":"scroll","background-type":"","background-media":"","overlay-type":"","overlay-color":"","overlay-opacity":"","overlay-gradient":""},"tablet":{"background-color":"","background-image":"","background-repeat":"repeat","background-position":"center center","background-size":"auto","background-attachment":"scroll","background-type":"","background-media":"","overlay-type":"","overlay-color":"","overlay-opacity":"","overlay-gradient":""},"mobile":{"background-color":"","background-image":"","background-repeat":"repeat","background-position":"center center","background-size":"auto","background-attachment":"scroll","background-type":"","background-media":"","overlay-type":"","overlay-color":"","overlay-opacity":"","overlay-gradient":""}},"ast-content-background-meta":{"desktop":{"background-color":"var(--ast-global-color-5)","background-image":"","background-repeat":"repeat","background-position":"center center","background-size":"auto","background-attachment":"scroll","background-type":"","background-media":"","overlay-type":"","overlay-color":"","overlay-opacity":"","overlay-gradient":""},"tablet":{"background-color":"var(--ast-global-color-5)","background-image":"","background-repeat":"repeat","background-position":"center center","background-size":"auto","background-attachment":"scroll","background-type":"","background-media":"","overlay-type":"","overlay-color":"","overlay-opacity":"","overlay-gradient":""},"mobile":{"background-color":"var(--ast-global-color-5)","background-image":"","background-repeat":"repeat","background-position":"center center","background-size":"auto","background-attachment":"scroll","background-type":"","background-media":"","overlay-type":"","overlay-color":"","overlay-opacity":"","overlay-gradient":""}}},"product_brand":[],"product_cat":[75,15],"product_tag":[],"class_list":{"0":"post-2888","1":"product","2":"type-product","3":"status-publish","4":"has-post-thumbnail","6":"product_cat-kreemid-naole","7":"product_cat-naole","8":"desktop-align-center","9":"tablet-align-left","10":"mobile-align-left","12":"first","13":"instock","14":"taxable","15":"shipping-taxable","16":"purchasable","17":"product-type-simple","18":"add-to-wishlist-before_image"},"aioseo_notices":[],"_links":{"self":[{"href":"https:\/\/kosmeetika24.eu\/ru\/wp-json\/wp\/v2\/product\/2888","targetHints":{"allow":["GET"]}}],"collection":[{"href":"https:\/\/kosmeetika24.eu\/ru\/wp-json\/wp\/v2\/product"}],"about":[{"href":"https:\/\/kosmeetika24.eu\/ru\/wp-json\/wp\/v2\/types\/product"}],"version-history":[{"count":3,"href":"https:\/\/kosmeetika24.eu\/ru\/wp-json\/wp\/v2\/product\/2888\/revisions"}],"predecessor-version":[{"id":10512,"href":"https:\/\/kosmeetika24.eu\/ru\/wp-json\/wp\/v2\/product\/2888\/revisions\/10512"}],"wp:featuredmedia":[{"embeddable":true,"href":"https:\/\/kosmeetika24.eu\/ru\/wp-json\/wp\/v2\/media\/2898"}],"wp:attachment":[{"href":"https:\/\/kosmeetika24.eu\/ru\/wp-json\/wp\/v2\/media?parent=2888"}],"wp:term":[{"taxonomy":"product_brand","embeddable":true,"href":"https:\/\/kosmeetika24.eu\/ru\/wp-json\/wp\/v2\/product_brand?post=2888"},{"taxonomy":"product_cat","embeddable":true,"href":"https:\/\/kosmeetika24.eu\/ru\/wp-json\/wp\/v2\/product_cat?post=2888"},{"taxonomy":"product_tag","embeddable":true,"href":"https:\/\/kosmeetika24.eu\/ru\/wp-json\/wp\/v2\/product_tag?post=2888"}],"curies":[{"name":"wp","href":"https:\/\/api.w.org\/{rel}","templated":true}]}}