{"id":2886,"date":"2020-01-07T14:41:32","date_gmt":"2020-01-07T14:41:32","guid":{"rendered":"https:\/\/kosmeetika24.eu\/?post_type=product&#038;p=2886"},"modified":"2024-10-09T12:52:59","modified_gmt":"2024-10-09T09:52:59","slug":"bruno-vassari-lab-biotics-igapaevane-toonik-2","status":"publish","type":"product","link":"https:\/\/kosmeetika24.eu\/ru\/product\/bruno-vassari-lab-biotics-igapaevane-toonik-2\/","title":{"rendered":"BRUNO VASSARI Lab Biotics \u0435\u0436\u0435\u0434\u043d\u0435\u0432\u043d\u044b\u0439 \u0442\u043e\u043d\u0438\u043a"},"content":{"rendered":"<p>Igap\u00e4evane toonik <em>Daily Mist Toner<\/em> on professionaalseks kasutamiseks m\u00f5eldud prebiootiline n\u00e4opihusti, mis v\u00e4rskendab, niisutab ja aktiveerib\u00a0 naha loomuliku kaitsev\u00f5ime. Taastab floora tasakaalu p\u00e4rast igap\u00e4evast puhastamist ja kaitseb naha \u00f6kos\u00fcsteemi v\u00e4liste tegurite eest, tugevdab kaitsebarj\u00e4\u00e4ri ja s\u00e4ilitab niisutuse optimaalse taseme.<\/p>\n<p>\u041f\u043e\u0434\u0445\u043e\u0434\u0438\u0442 \u0434\u043b\u044f \u0432\u0441\u0435\u0445 \u0442\u0438\u043f\u043e\u0432 \u043a\u043e\u0436\u0438, \u043e\u0441\u043e\u0431\u0435\u043d\u043d\u043e \u0434\u043b\u044f \u0447\u0443\u0432\u0441\u0442\u0432\u0438\u0442\u0435\u043b\u044c\u043d\u043e\u0439.<\/p>\n<p><strong>\u0410\u041a\u0422\u0418\u0412\u041d\u042b\u0415 \u0412\u0415\u0429\u0415\u0421\u0422\u0412\u0410:<\/strong><\/p>\n<ul>\n<li>BioEcolia\u00ae: \u043f\u0440\u0435\u0431\u0438\u043e\u0442\u0438\u043a-\u043f\u0440\u043e\u0442\u0435\u043a\u0442\u043e\u0440, \u043f\u043e\u043b\u0443\u0447\u0435\u043d\u043d\u044b\u0439 \u0438\u0437 \u043d\u0430\u0442\u0443\u0440\u0430\u043b\u044c\u043d\u043e\u0433\u043e \u0441\u0430\u0445\u0430\u0440\u0430.<\/li>\n<li><em>Kombuchka \u2122 PH<\/em><\/li>\n<li>\u0418\u043d\u043e\u0437\u0438\u0442\u043e\u043b<\/li>\n<\/ul>\n<p><strong>\u0414\u0415\u0419\u0421\u0422\u0412\u0418\u0415<\/strong><\/p>\n<ul>\n<li>BioEcolia\u00ae \u0430\u043a\u0442\u0438\u0432\u0438\u0440\u0443\u0435\u0442 \u0438 \u0443\u043a\u0440\u0435\u043f\u043b\u044f\u0435\u0442 \u0435\u0441\u0442\u0435\u0441\u0442\u0432\u0435\u043d\u043d\u044b\u0435 \u0437\u0430\u0449\u0438\u0442\u043d\u044b\u0435 \u0441\u0438\u043b\u044b \u043a\u043e\u0436\u0438. \u0411\u043b\u0430\u0433\u043e\u0434\u0430\u0440\u044f \u0441\u0432\u043e\u0435\u0439 \u0441\u043b\u043e\u0436\u043d\u043e\u0439 \u0441\u0442\u0440\u0443\u043a\u0442\u0443\u0440\u0435 \u043e\u043d \u0437\u0430\u0449\u0438\u0449\u0430\u0435\u0442 \u0438 \u043f\u043e\u0434\u0434\u0435\u0440\u0436\u0438\u0432\u0430\u0435\u0442 \u0445\u0440\u0443\u043f\u043a\u0438\u0439 \u0431\u0430\u043b\u0430\u043d\u0441 \u043a\u043e\u0436\u043d\u043e\u0439 \u044d\u043a\u043e\u0441\u0438\u0441\u0442\u0435\u043c\u044b, \u043a\u043e\u0442\u043e\u0440\u0430\u044f \u043f\u043e\u0441\u0442\u043e\u044f\u043d\u043d\u043e \u043f\u043e\u0434\u0432\u0435\u0440\u0433\u0430\u0435\u0442\u0441\u044f \u0432\u043e\u0437\u0434\u0435\u0439\u0441\u0442\u0432\u0438\u044e \u043c\u043d\u043e\u0433\u043e\u0447\u0438\u0441\u043b\u0435\u043d\u043d\u044b\u0445 \u0432\u043d\u0435\u0448\u043d\u0438\u0445 \u0444\u0430\u043a\u0442\u043e\u0440\u043e\u0432. \u0423\u043a\u0440\u0435\u043f\u043b\u044f\u0435\u0442 \u0437\u0430\u0449\u0438\u0442\u043d\u044b\u0439 \u0431\u0430\u0440\u044c\u0435\u0440 \u044d\u043f\u0438\u0434\u0435\u0440\u043c\u0438\u0441\u0430, \u0443\u043b\u0443\u0447\u0448\u0430\u0435\u0442 \u0435\u0433\u043e \u043e\u0431\u0449\u0435\u0435 \u0441\u043e\u0441\u0442\u043e\u044f\u043d\u0438\u0435 \u0438 \u043a\u043e\u043c\u0444\u043e\u0440\u0442.<\/li>\n<li><em>Kombuchka<\/em>: 2 mikroorganismi (p\u00e4rm <em>Saccharomyces<\/em> \u0438 \u0431\u0430\u043a\u0442\u0435\u0440\u0438\u0438 <em>Xylinum<\/em>)\u0447\u0435\u0440\u043d\u044b\u0439 \u0447\u0430\u0439, \u0441\u0431\u0440\u043e\u0436\u0435\u043d\u043d\u044b\u0439 \u0441\u0438\u043c\u0431\u0438\u043e\u0437\u043e\u043c. \u0421\u043c\u044f\u0433\u0447\u0430\u0435\u0442 \u0438 \u043e\u0441\u0432\u0435\u0436\u0430\u0435\u0442 \u043a\u043e\u0436\u0443, \u0443\u043b\u0443\u0447\u0448\u0430\u0435\u0442 \u0435\u0435 \u043a\u0430\u0447\u0435\u0441\u0442\u0432\u043e (\u043c\u044f\u0433\u043a\u043e\u0441\u0442\u044c \u0438 \u0441\u0438\u044f\u043d\u0438\u0435).<\/li>\n<li>\u0418\u043d\u043e\u0437\u0438\u0442\u043e\u043b \u0430\u043a\u0442\u0438\u0432\u0438\u0440\u0443\u0435\u0442 \u043a\u043b\u0435\u0442\u043a\u0438 \u043a\u043e\u0436\u0438, \u043e\u0442\u0432\u0435\u0442\u0441\u0442\u0432\u0435\u043d\u043d\u044b\u0435 \u0437\u0430 \u0441\u0438\u043d\u0442\u0435\u0437 \u043d\u0435\u043e\u0431\u0445\u043e\u0434\u0438\u043c\u044b\u0445 \u0431\u0435\u043b\u043a\u043e\u0432, \u0442\u0430\u043a\u0438\u0445 \u043a\u0430\u043a \u044d\u043b\u0430\u0441\u0442\u0438\u043d \u0438 \u043a\u043e\u043b\u043b\u0430\u0433\u0435\u043d, \u0434\u043b\u044f \u043f\u043e\u0434\u0434\u0435\u0440\u0436\u0430\u043d\u0438\u044f \u0441\u043e\u0441\u0442\u043e\u044f\u043d\u0438\u044f, \u0446\u0435\u043b\u043e\u0441\u0442\u043d\u043e\u0441\u0442\u0438 \u0438 \u0441\u0432\u043e\u0439\u0441\u0442\u0432 \u043a\u043e\u0436\u0438. \u041f\u043e\u0434\u0434\u0435\u0440\u0436\u0438\u0432\u0430\u0435\u0442 \u0431\u0430\u043b\u0430\u043d\u0441 \u0432\u043b\u0430\u0433\u0438, \u043f\u0440\u0435\u0434\u043e\u0442\u0432\u0440\u0430\u0449\u0430\u044f \u043f\u043e\u0442\u0435\u0440\u044e \u0432\u043e\u0434\u044b \u0447\u0435\u0440\u0435\u0437 \u043a\u043e\u0436\u0443, \u0443\u043b\u0443\u0447\u0448\u0430\u0435\u0442 \u043e\u0431\u0449\u0435\u0435 \u0443\u0432\u043b\u0430\u0436\u043d\u0435\u043d\u0438\u0435 \u0438 \u0442\u0435\u043c \u0441\u0430\u043c\u044b\u043c \u043f\u0440\u0435\u0434\u043e\u0442\u0432\u0440\u0430\u0449\u0430\u0435\u0442 \u043e\u0431\u0440\u0430\u0437\u043e\u0432\u0430\u043d\u0438\u0435 \u043c\u043e\u0440\u0449\u0438\u043d \u0438 \u043c\u0438\u043c\u0438\u0447\u0435\u0441\u043a\u0438\u0445 \u043b\u0438\u043d\u0438\u0439.<\/li>\n<\/ul>\n<p><strong>\u0418\u0421\u041f\u041e\u041b\u042c\u0417\u041e\u0412\u0410\u041d\u0418\u0415<\/strong><\/p>\n<ul>\n<li>Toonikuna kasutamiseks kanda puhtale ja kuivale nahale \u00f5rnalt vatipadjaga h\u00f5\u00f5rudes, et l\u00f5petada puhastamine.<\/li>\n<li>Naha ettevalmistamiseks ja toimeainete sisseimendumise soodustamiseks kasutada toonikut kui pihustit, pihustades seda soovitud alale. Selline pealekandmismeetod v\u00f5imaldab taastada naha niisutus ja mugavustunne kogu p\u00e4eva jooksul.<\/li>\n<\/ul>\n<p><strong>\u0421\u041e\u0421\u0422\u0410\u0412<\/strong><\/p>\n<p>AQUA (WATER), BUTYLENE GLYCOL, PROPANEDIOL, INOSITOL, ALPHA-GLUCAN OLIGOSACCHARIDE, SACCHAROMYCES\/XYLINUM\/BLAK TEA FERMENT, SODIUM PCA, PHENOXYETHANOL, DISODIUM EDTA, CHLORPHENESIN, PEG-40 HYDROGENATED GASTOR OIL, GLYCERIN, PARFUM (FRAGRANCE), HYDROXYETHYLCELLULOSE, SODIUM CITRATE, CITRIC ACID, POTASSIUM SORBATE.<\/p>\n<p>&nbsp;<\/p>","protected":false},"excerpt":{"rendered":"<div id=\"allcontent\">\n<div id=\"content\">\n<div id=\"bd_results\">\n<div class=\"productdetails-view\">\n<div class=\"productdetails-content\">\n<div class=\"descproduct\">\n<div class=\"longdescprod\">\n<p>Professionaalseks kasutamiseks m\u00f5eldud multifunktsionaalne toonik, mis v\u00e4rskendab, niisutab ja aktiveerib naha loomulikku kaitsev\u00f5imet. Prebiootikumirikka koostise t\u00f5ttu taastab see kasuliku floora tasakaalu ja kaitseb nahka v\u00e4liste agressioonide eest, tugevdades kaitsebarj\u00e4\u00e4ri ja s\u00e4ilitades optimaalse niisutustaseme.<\/p>\n<p>&nbsp;<\/p>\n<p>500 \u043c\u043b<\/p>\n<\/div>\n<\/div>\n<\/div>\n<\/div>\n<\/div>\n<\/div>\n<\/div>\n<div class=\"moduletable\"><\/div>","protected":false},"featured_media":2899,"template":"","meta":{"om_disable_all_campaigns":false,"_monsterinsights_skip_tracking":false,"_monsterinsights_sitenote_active":false,"_monsterinsights_sitenote_note":"","_monsterinsights_sitenote_category":0,"_uf_show_specific_survey":0,"_uf_disable_surveys":false,"site-sidebar-layout":"default","site-content-layout":"","ast-site-content-layout":"default","site-content-style":"default","site-sidebar-style":"default","ast-global-header-display":"","ast-banner-title-visibility":"","ast-main-header-display":"","ast-hfb-above-header-display":"","ast-hfb-below-header-display":"","ast-hfb-mobile-header-display":"","site-post-title":"","ast-breadcrumbs-content":"","ast-featured-img":"","footer-sml-layout":"","theme-transparent-header-meta":"default","adv-header-id-meta":"","stick-header-meta":"","header-above-stick-meta":"","header-main-stick-meta":"","header-below-stick-meta":"","astra-migrate-meta-layouts":"set","ast-page-background-enabled":"default","ast-page-background-meta":{"desktop":{"background-color":"var(--ast-global-color-4)","background-image":"","background-repeat":"repeat","background-position":"center center","background-size":"auto","background-attachment":"scroll","background-type":"","background-media":"","overlay-type":"","overlay-color":"","overlay-opacity":"","overlay-gradient":""},"tablet":{"background-color":"","background-image":"","background-repeat":"repeat","background-position":"center center","background-size":"auto","background-attachment":"scroll","background-type":"","background-media":"","overlay-type":"","overlay-color":"","overlay-opacity":"","overlay-gradient":""},"mobile":{"background-color":"","background-image":"","background-repeat":"repeat","background-position":"center center","background-size":"auto","background-attachment":"scroll","background-type":"","background-media":"","overlay-type":"","overlay-color":"","overlay-opacity":"","overlay-gradient":""}},"ast-content-background-meta":{"desktop":{"background-color":"var(--ast-global-color-5)","background-image":"","background-repeat":"repeat","background-position":"center center","background-size":"auto","background-attachment":"scroll","background-type":"","background-media":"","overlay-type":"","overlay-color":"","overlay-opacity":"","overlay-gradient":""},"tablet":{"background-color":"var(--ast-global-color-5)","background-image":"","background-repeat":"repeat","background-position":"center center","background-size":"auto","background-attachment":"scroll","background-type":"","background-media":"","overlay-type":"","overlay-color":"","overlay-opacity":"","overlay-gradient":""},"mobile":{"background-color":"var(--ast-global-color-5)","background-image":"","background-repeat":"repeat","background-position":"center center","background-size":"auto","background-attachment":"scroll","background-type":"","background-media":"","overlay-type":"","overlay-color":"","overlay-opacity":"","overlay-gradient":""}}},"product_brand":[],"product_cat":[108,113],"product_tag":[],"class_list":{"0":"post-2886","1":"product","2":"type-product","3":"status-publish","4":"has-post-thumbnail","6":"product_cat-profitooted","7":"product_cat-toonikud-profitooted","8":"desktop-align-center","9":"tablet-align-left","10":"mobile-align-left","12":"first","13":"instock","14":"taxable","15":"shipping-taxable","16":"product-type-simple","17":"add-to-wishlist-before_image"},"aioseo_notices":[],"_links":{"self":[{"href":"https:\/\/kosmeetika24.eu\/ru\/wp-json\/wp\/v2\/product\/2886","targetHints":{"allow":["GET"]}}],"collection":[{"href":"https:\/\/kosmeetika24.eu\/ru\/wp-json\/wp\/v2\/product"}],"about":[{"href":"https:\/\/kosmeetika24.eu\/ru\/wp-json\/wp\/v2\/types\/product"}],"version-history":[{"count":2,"href":"https:\/\/kosmeetika24.eu\/ru\/wp-json\/wp\/v2\/product\/2886\/revisions"}],"predecessor-version":[{"id":7792,"href":"https:\/\/kosmeetika24.eu\/ru\/wp-json\/wp\/v2\/product\/2886\/revisions\/7792"}],"wp:featuredmedia":[{"embeddable":true,"href":"https:\/\/kosmeetika24.eu\/ru\/wp-json\/wp\/v2\/media\/2899"}],"wp:attachment":[{"href":"https:\/\/kosmeetika24.eu\/ru\/wp-json\/wp\/v2\/media?parent=2886"}],"wp:term":[{"taxonomy":"product_brand","embeddable":true,"href":"https:\/\/kosmeetika24.eu\/ru\/wp-json\/wp\/v2\/product_brand?post=2886"},{"taxonomy":"product_cat","embeddable":true,"href":"https:\/\/kosmeetika24.eu\/ru\/wp-json\/wp\/v2\/product_cat?post=2886"},{"taxonomy":"product_tag","embeddable":true,"href":"https:\/\/kosmeetika24.eu\/ru\/wp-json\/wp\/v2\/product_tag?post=2886"}],"curies":[{"name":"wp","href":"https:\/\/api.w.org\/{rel}","templated":true}]}}