{"id":2387,"date":"2019-11-21T10:50:46","date_gmt":"2019-11-21T10:50:46","guid":{"rendered":"https:\/\/kosmeetika24.eu\/?post_type=product&#038;p=2387"},"modified":"2026-04-01T15:44:11","modified_gmt":"2026-04-01T12:44:11","slug":"oxygen-ceuticals-toning-gel","status":"publish","type":"product","link":"https:\/\/kosmeetika24.eu\/ru\/product\/oxygen-ceuticals-toning-gel\/","title":{"rendered":"\u0422\u043e\u043d\u0438\u0437\u0438\u0440\u0443\u044e\u0449\u0438\u0439 \u0433\u0435\u043b\u044c OXYGEN CEUTICALS"},"content":{"rendered":"<p>\u0422\u043e\u043d\u0438\u0437\u0438\u0440\u0443\u044e\u0449\u0438\u0439 \u0433\u0435\u043b\u044c <em>Toning Gel<\/em> \u044d\u0442\u043e \u043b\u0435\u0433\u043a\u043e \u0443\u0441\u0432\u0430\u0438\u0432\u0430\u0435\u043c\u044b\u0439 \u0442\u043e\u043d\u0438\u043a, \u043a\u043e\u0442\u043e\u0440\u044b\u0439 \u0441\u043e\u0437\u0434\u0430\u0435\u0442 \u0431\u0430\u043b\u0430\u043d\u0441 \u043c\u0435\u0436\u0434\u0443 \u0441\u0435\u043a\u0440\u0435\u0446\u0438\u0435\u0439 \u043a\u043e\u0436\u043d\u043e\u0433\u043e \u0441\u0430\u043b\u0430 \u0438 \u0443\u0432\u043b\u0430\u0436\u043d\u0435\u043d\u0438\u0435\u043c. \u0423\u043c\u0435\u043d\u044c\u0448\u0430\u0435\u0442 \u0441\u0435\u043a\u0440\u0435\u0446\u0438\u044e \u043a\u043e\u0436\u043d\u043e\u0433\u043e \u0441\u0430\u043b\u0430, \u043f\u043e\u0432\u044b\u0448\u0430\u0435\u0442 \u044d\u043b\u0430\u0441\u0442\u0438\u0447\u043d\u043e\u0441\u0442\u044c \u043a\u043e\u0436\u0438 \u0438 \u043e\u0431\u043b\u0430\u0434\u0430\u0435\u0442 \u044d\u0444\u0444\u0435\u043a\u0442\u043e\u043c \u043f\u0440\u043e\u0442\u0438\u0432 \u043c\u043e\u0440\u0449\u0438\u043d.<\/p>\n<p>\u041f\u043e\u0434\u0445\u043e\u0434\u0438\u0442 \u0434\u043b\u044f \u0447\u0443\u0432\u0441\u0442\u0432\u0438\u0442\u0435\u043b\u044c\u043d\u043e\u0439 \u0438 \u043c\u043e\u043b\u043e\u0434\u043e\u0439 \u043a\u043e\u0436\u0438, \u0430\u0442\u043e\u043f\u0438\u0447\u0435\u0441\u043a\u043e\u0433\u043e \u0434\u0435\u0440\u043c\u0430\u0442\u0438\u0442\u0430.<\/p>\n<p><strong>\u0410\u041a\u0422\u0418\u0412\u041d\u042b\u0415 \u0412\u0415\u0429\u0415\u0421\u0422\u0412\u0410<\/strong><\/p>\n<ul>\n<li>Naatrium PCA<\/li>\n<li>Adenosiin<\/li>\n<li>\u041d\u0430\u0442\u0443\u0440\u0430\u043b\u044c\u043d\u044b\u0435 \u044d\u043a\u0441\u0442\u0440\u0430\u043a\u0442\u044b \u0440\u0430\u0441\u0442\u0435\u043d\u0438\u0439: \u0430\u0437\u0438\u0430\u0442\u0441\u043a\u0430\u044f \u0432\u043e\u0434\u044f\u043d\u0430\u044f \u0444\u0430\u0441\u043e\u043b\u044c, \u043b\u0430\u0432\u0430\u043d\u0434\u0430, \u0440\u043e\u043c\u0430\u0448\u043a\u0430.<\/li>\n<li>\u041f\u043e\u043b\u0438\u0432\u0438\u0442\u0430\u043c\u0438\u043d\u044b<\/li>\n<\/ul>\n<p><strong>\u0414\u0415\u0419\u0421\u0422\u0412\u0418\u0415<\/strong><\/p>\n<ul>\n<li>Naatrium PCA \u043f\u043e\u043c\u043e\u0433\u0430\u0435\u0442 \u0441\u0434\u0435\u043b\u0430\u0442\u044c \u043a\u043e\u0436\u0443 \u0433\u043b\u0430\u0434\u043a\u043e\u0439 \u0438 \u0441\u043e\u0445\u0440\u0430\u043d\u0438\u0442\u044c \u0435\u0435 \u0443\u0432\u043b\u0430\u0436\u043d\u0435\u043d\u043d\u043e\u0439<\/li>\n<li>\u0410\u0434\u0435\u043d\u043e\u0437\u0438\u043d \u043e\u0436\u0438\u0432\u043b\u044f\u0435\u0442 \u0443\u0441\u0442\u0430\u0432\u0448\u0443\u044e \u043a\u043e\u0436\u0443 \u0438 \u043f\u043e\u0432\u044b\u0448\u0430\u0435\u0442 \u0435\u0435 \u044d\u043b\u0430\u0441\u0442\u0438\u0447\u043d\u043e\u0441\u0442\u044c.<\/li>\n<li>\u041d\u0430\u0442\u0443\u0440\u0430\u043b\u044c\u043d\u044b\u0435 \u044d\u043a\u0441\u0442\u0440\u0430\u043a\u0442\u044b \u0440\u0430\u0441\u0442\u0435\u043d\u0438\u0439 \u0443\u0441\u043f\u043e\u043a\u0430\u0438\u0432\u0430\u044e\u0442 \u043f\u043e\u0432\u0440\u0435\u0436\u0434\u0435\u043d\u043d\u0443\u044e \u043a\u043e\u0436\u0443, \u0443\u043b\u0443\u0447\u0448\u0430\u044e\u0442 \u0441\u0442\u0440\u0443\u043a\u0442\u0443\u0440\u0443 \u043a\u043e\u0436\u0438 \u0438 \u0443\u0440\u043e\u0432\u0435\u043d\u044c \u0432\u043b\u0430\u0436\u043d\u043e\u0441\u0442\u0438. \u041a\u0440\u043e\u043c\u0435 \u0442\u043e\u0433\u043e, \u044d\u043a\u0441\u0442\u0440\u0430\u043a\u0442\u044b \u0440\u0430\u0441\u0442\u0435\u043d\u0438\u0439 \u0443\u043c\u0435\u043d\u044c\u0448\u0430\u044e\u0442 \u0431\u043e\u043b\u044c \u043f\u043e\u0441\u043b\u0435 \u043e\u043f\u0435\u0440\u0430\u0446\u0438\u0438.<\/li>\n<li>\u041c\u0443\u043b\u044c\u0442\u0438\u0432\u0438\u0442\u0430\u043c\u0438\u043d\u044b \u0438 \u043d\u0430\u0442\u0443\u0440\u0430\u043b\u044c\u043d\u044b\u0435 \u044d\u043a\u0441\u0442\u0440\u0430\u043a\u0442\u044b \u043f\u043e\u043c\u043e\u0433\u0430\u044e\u0442 \u0441\u0431\u0430\u043b\u0430\u043d\u0441\u0438\u0440\u043e\u0432\u0430\u0442\u044c \u0443\u0440\u043e\u0432\u0435\u043d\u044c pH \u043a\u043e\u0436\u0438 \u0438 \u0443\u0440\u043e\u0432\u0435\u043d\u044c \u0432\u043b\u0430\u0436\u043d\u043e\u0441\u0442\u0438.<\/li>\n<\/ul>\n<p><strong>\u0418\u0421\u041f\u041e\u041b\u042c\u0417\u041e\u0412\u0410\u041d\u0418\u0415<\/strong><\/p>\n<ul>\n<li>Hommikul ja \u00f5htul p\u00e4rast puhastamist v\u00f5i enne seerumit, ampulle ja niisutajaid kanda n\u00e4ole ja kaelale vatipadja abil.<\/li>\n<li>P\u00e4rast kasutamist on nahk puhas, pehme ja niisutatud ning valmis n\u00e4ohoolduseks.<\/li>\n<\/ul>\n<p><strong>\u0421\u041e\u0421\u0422\u0410\u0412<\/strong><\/p>\n<p><span style=\"font-size: 14px;\">WATER, DIPROPYLENE GLYCOL, PROPYLENE GLYCOL, GHAMOMILLA RECUTITA (MATRICARIA) FLOWER EXTRACT, SODIUM HYALURONATE, CENTELLA ASIATICA LEAF EXTRACT, ALOE BARBADENSIS LEAF EXTRACT, PORTULACA OLERACEA EXTRACT, CARBOMER, ARGININE, LACANDULA ANGUSTFOLIA (LAVENDER) FLOWER EXTRACT, NELUMBIUM SPECIOSUM FLOWER EXTRACT, ARTEMISIA ANNUA EXTRACT, ORYZA SATIVA (RICE) EXTRACT, SACCHAROMYCES FERMENT, GLYCYRRHIZA GLABRA (LICORICE) ROOT EXTRACT, LONICERA JAPONICA (HONEYSUCKLE) FLOWER EXTRAXT, ZANTHOXYLUM PIPERITUM FRUIT EXTRACT, PULSATILLA KOREANA EXTRACT, CITRUS PARADISI (GRAPEFRUIT) FRUIT EXTRACT, ADENOSINE, SODIUM PCA, ALLATOIN, DISODIUM EDTA, GLEDITSCHIA AUSTRALIS FRUIT EXTRACT, POLYGONUM CUSPIDATUM ROOT EXTRACT, PRUNELLA VULGARIS LEAF EXTRACT, CNIDIUM MONNIERI FRUIT EXTRACT, TOCOPHERYL ACETATE, OXTGEN, BUTYLENE GLYCOL, 1,2 HEXANEDIOL, CI 42090, FRAGRANCE.<\/span><\/p>\n<p><span style=\"font-size: xx-small;\"><span style=\"color: #000000;\"><span style=\"font-family: Roboto, sans-serif;\">1299.- \u20ac\/l <\/span><\/span><\/span><\/p>","protected":false},"excerpt":{"rendered":"<p>50 \u043c\u043b<\/p>\n<p>\u041b\u0435\u0433\u043a\u043e \u0432\u043f\u0438\u0442\u044b\u0432\u0430\u044e\u0449\u0438\u0439\u0441\u044f \u0442\u043e\u043d\u0438\u043a \u0441\u043e\u0437\u0434\u0430\u0435\u0442 \u0431\u0430\u043b\u0430\u043d\u0441 \u043c\u0435\u0436\u0434\u0443 \u0441\u0435\u043a\u0440\u0435\u0446\u0438\u0435\u0439 \u043a\u043e\u0436\u043d\u043e\u0433\u043e \u0441\u0430\u043b\u0430 \u0438 \u0443\u0432\u043b\u0430\u0436\u043d\u0435\u043d\u0438\u0435\u043c \u043f\u043e\u0432\u0435\u0440\u0445\u043d\u043e\u0441\u0442\u0438 \u043a\u043e\u0436\u0438.<\/p>\n<p>&nbsp;<\/p>\n<p>&nbsp;<\/p>","protected":false},"featured_media":2516,"template":"","meta":{"om_disable_all_campaigns":false,"_monsterinsights_skip_tracking":false,"_monsterinsights_sitenote_active":false,"_monsterinsights_sitenote_note":"","_monsterinsights_sitenote_category":0,"_uf_show_specific_survey":0,"_uf_disable_surveys":false,"site-sidebar-layout":"default","site-content-layout":"","ast-site-content-layout":"default","site-content-style":"default","site-sidebar-style":"default","ast-global-header-display":"","ast-banner-title-visibility":"","ast-main-header-display":"","ast-hfb-above-header-display":"","ast-hfb-below-header-display":"","ast-hfb-mobile-header-display":"","site-post-title":"","ast-breadcrumbs-content":"","ast-featured-img":"","footer-sml-layout":"","theme-transparent-header-meta":"default","adv-header-id-meta":"","stick-header-meta":"","header-above-stick-meta":"","header-main-stick-meta":"","header-below-stick-meta":"","astra-migrate-meta-layouts":"set","ast-page-background-enabled":"default","ast-page-background-meta":{"desktop":{"background-color":"var(--ast-global-color-4)","background-image":"","background-repeat":"repeat","background-position":"center center","background-size":"auto","background-attachment":"scroll","background-type":"","background-media":"","overlay-type":"","overlay-color":"","overlay-opacity":"","overlay-gradient":""},"tablet":{"background-color":"","background-image":"","background-repeat":"repeat","background-position":"center center","background-size":"auto","background-attachment":"scroll","background-type":"","background-media":"","overlay-type":"","overlay-color":"","overlay-opacity":"","overlay-gradient":""},"mobile":{"background-color":"","background-image":"","background-repeat":"repeat","background-position":"center center","background-size":"auto","background-attachment":"scroll","background-type":"","background-media":"","overlay-type":"","overlay-color":"","overlay-opacity":"","overlay-gradient":""}},"ast-content-background-meta":{"desktop":{"background-color":"var(--ast-global-color-5)","background-image":"","background-repeat":"repeat","background-position":"center center","background-size":"auto","background-attachment":"scroll","background-type":"","background-media":"","overlay-type":"","overlay-color":"","overlay-opacity":"","overlay-gradient":""},"tablet":{"background-color":"var(--ast-global-color-5)","background-image":"","background-repeat":"repeat","background-position":"center center","background-size":"auto","background-attachment":"scroll","background-type":"","background-media":"","overlay-type":"","overlay-color":"","overlay-opacity":"","overlay-gradient":""},"mobile":{"background-color":"var(--ast-global-color-5)","background-image":"","background-repeat":"repeat","background-position":"center center","background-size":"auto","background-attachment":"scroll","background-type":"","background-media":"","overlay-type":"","overlay-color":"","overlay-opacity":"","overlay-gradient":""}}},"product_brand":[],"product_cat":[50,15,113,74],"product_tag":[],"class_list":{"0":"post-2387","1":"product","2":"type-product","3":"status-publish","4":"has-post-thumbnail","6":"product_cat-kampaaniad","7":"product_cat-naole","8":"product_cat-toonikud-profitooted","9":"product_cat-toonikud","10":"desktop-align-center","11":"tablet-align-left","12":"mobile-align-left","14":"first","15":"instock","16":"sale","17":"taxable","18":"shipping-taxable","19":"purchasable","20":"product-type-simple","21":"add-to-wishlist-before_image"},"aioseo_notices":[],"_links":{"self":[{"href":"https:\/\/kosmeetika24.eu\/ru\/wp-json\/wp\/v2\/product\/2387","targetHints":{"allow":["GET"]}}],"collection":[{"href":"https:\/\/kosmeetika24.eu\/ru\/wp-json\/wp\/v2\/product"}],"about":[{"href":"https:\/\/kosmeetika24.eu\/ru\/wp-json\/wp\/v2\/types\/product"}],"version-history":[{"count":3,"href":"https:\/\/kosmeetika24.eu\/ru\/wp-json\/wp\/v2\/product\/2387\/revisions"}],"predecessor-version":[{"id":8893,"href":"https:\/\/kosmeetika24.eu\/ru\/wp-json\/wp\/v2\/product\/2387\/revisions\/8893"}],"wp:featuredmedia":[{"embeddable":true,"href":"https:\/\/kosmeetika24.eu\/ru\/wp-json\/wp\/v2\/media\/2516"}],"wp:attachment":[{"href":"https:\/\/kosmeetika24.eu\/ru\/wp-json\/wp\/v2\/media?parent=2387"}],"wp:term":[{"taxonomy":"product_brand","embeddable":true,"href":"https:\/\/kosmeetika24.eu\/ru\/wp-json\/wp\/v2\/product_brand?post=2387"},{"taxonomy":"product_cat","embeddable":true,"href":"https:\/\/kosmeetika24.eu\/ru\/wp-json\/wp\/v2\/product_cat?post=2387"},{"taxonomy":"product_tag","embeddable":true,"href":"https:\/\/kosmeetika24.eu\/ru\/wp-json\/wp\/v2\/product_tag?post=2387"}],"curies":[{"name":"wp","href":"https:\/\/api.w.org\/{rel}","templated":true}]}}