{"id":2258,"date":"2019-11-22T09:28:23","date_gmt":"2019-11-22T09:28:23","guid":{"rendered":"https:\/\/kosmeetika24.eu\/?post_type=product&#038;p=2258"},"modified":"2024-12-27T11:35:38","modified_gmt":"2024-12-27T08:35:38","slug":"oxygen-ceuticals-kahetoimeline-geelmask","status":"publish","type":"product","link":"https:\/\/kosmeetika24.eu\/ru\/product\/oxygen-ceuticals-kahetoimeline-geelmask\/","title":{"rendered":"OXYGEN CEUTICALS \u0431\u0430\u0440\u0445\u0430\u0442\u043d\u0430\u044f \u043a\u0440\u0438\u043e\u0433\u0435\u043b\u0435\u0432\u0430\u044f \u043c\u0430\u0441\u043a\u0430"},"content":{"rendered":"<p>\u0411\u0430\u0440\u0445\u0430\u0442\u0438\u0441\u0442\u0430\u044f \u043a\u0440\u0438\u043e\u0433\u0435\u043b\u0435\u0432\u0430\u044f \u043c\u0430\u0441\u043a\u0430 <em>Cryogel Velvet Mask<\/em> - \u044d\u0442\u043e \u0432\u044b\u0441\u043e\u043a\u043e\u043a\u0430\u0447\u0435\u0441\u0442\u0432\u0435\u043d\u043d\u0430\u044f \u0433\u0435\u043b\u0435\u0432\u0430\u044f \u043c\u0430\u0441\u043a\u0430 \u0434\u0432\u043e\u0439\u043d\u043e\u0433\u043e \u0434\u0435\u0439\u0441\u0442\u0432\u0438\u044f, \u043a\u043e\u0442\u043e\u0440\u0430\u044f \u0443\u0432\u043b\u0430\u0436\u043d\u044f\u0435\u0442, \u0443\u0441\u043f\u043e\u043a\u0430\u0438\u0432\u0430\u0435\u0442 \u0438 \u043f\u043e\u0432\u044b\u0448\u0430\u0435\u0442 \u044d\u043b\u0430\u0441\u0442\u0438\u0447\u043d\u043e\u0441\u0442\u044c \u043a\u043e\u0436\u0438. \u041f\u0440\u0435\u0434\u043e\u0442\u0432\u0440\u0430\u0449\u0430\u0435\u0442 \u0441\u0442\u0430\u0440\u0435\u043d\u0438\u0435 \u043a\u043e\u0436\u0438 \u0437\u0430 \u0441\u0447\u0435\u0442 \u0430\u043a\u0442\u0438\u0432\u043d\u043e\u0433\u043e \u043a\u0438\u0441\u043b\u043e\u0440\u043e\u0434\u0430. \u041a\u043e\u043c\u043f\u043e\u043d\u0435\u043d\u0442\u044b \u043c\u0430\u0441\u043a\u0438 \u0441\u043f\u043e\u0441\u043e\u0431\u0441\u0442\u0432\u0443\u044e\u0442 \u0440\u0430\u0437\u0433\u043b\u0430\u0436\u0438\u0432\u0430\u043d\u0438\u044e \u043c\u043e\u0440\u0449\u0438\u043d, \u0443\u043b\u0443\u0447\u0448\u0430\u044e\u0442 \u0442\u043e\u043d \u043a\u043e\u0436\u0438 \u0438 \u0443\u043a\u0440\u0435\u043f\u043b\u044f\u044e\u0442 \u0437\u0430\u0449\u0438\u0442\u043d\u044b\u0439 \u0431\u0430\u0440\u044c\u0435\u0440 \u043a\u043e\u0436\u0438. \u0422\u0440\u0435\u0445\u0441\u0442\u0443\u043f\u0435\u043d\u0447\u0430\u0442\u0430\u044f \u0441\u0442\u0440\u0443\u043a\u0442\u0443\u0440\u0430 \u0433\u0438\u0434\u0440\u043e\u0433\u0435\u043b\u044f \u043e\u0431\u0435\u0441\u043f\u0435\u0447\u0438\u0432\u0430\u0435\u0442 \u0438\u043d\u0442\u0435\u043d\u0441\u0438\u0432\u043d\u043e\u0435 \u0443\u0432\u043b\u0430\u0436\u043d\u0435\u043d\u0438\u0435 \u0438 \u043f\u0438\u0442\u0430\u043d\u0438\u0435 \u043a\u043e\u0436\u0438 \u0431\u0435\u0437 \u0438\u0441\u043f\u0430\u0440\u0435\u043d\u0438\u044f.<\/p>\n<p>\u041f\u043e\u0434\u0445\u043e\u0434\u0438\u0442 \u0434\u043b\u044f \u0432\u0441\u0435\u0445 \u0442\u0438\u043f\u043e\u0432 \u043a\u043e\u0436\u0438, \u043e\u0441\u043e\u0431\u0435\u043d\u043d\u043e \u0434\u043b\u044f \u0441\u0443\u0445\u043e\u0439 \u0438 \u0447\u0443\u0432\u0441\u0442\u0432\u0438\u0442\u0435\u043b\u044c\u043d\u043e\u0439 \u043a\u043e\u0436\u0438.<\/p>\n<p><strong>\u0410\u041a\u0422\u0418\u0412\u041d\u042b\u0415 \u0412\u0415\u0429\u0415\u0421\u0422\u0412\u0410<\/strong><\/p>\n<ul>\n<li>\u0421\u0435\u043a\u0440\u0435\u0446\u0438\u044f \u0443\u043b\u0438\u0442\u043e\u043a<\/li>\n<li>\u0413\u0438\u0430\u043b\u0443\u0440\u043e\u043d\u0430\u0442 \u043d\u0430\u0442\u0440\u0438\u044f<\/li>\n<li>\u042d\u043a\u0441\u0442\u0440\u0430\u043a\u0442 \u043c\u043e\u0440\u0441\u043a\u0438\u0445 \u0432\u043e\u0434\u043e\u0440\u043e\u0441\u043b\u0435\u0439<\/li>\n<li>\u041c\u0430\u0441\u043b\u043e \u0436\u043e\u0436\u043e\u0431\u0430<\/li>\n<li>\u0413\u0438\u0434\u0440\u043e\u043b\u0438\u0437\u043e\u0432\u0430\u043d\u043d\u044b\u0439 \u043a\u043e\u043b\u043b\u0430\u0433\u0435\u043d<\/li>\n<li>\u0410\u043b\u043e\u044d<\/li>\n<li>\u041f\u0430\u043f\u0430\u0439\u044f<\/li>\n<li>\u041e\u0431\u044b\u0447\u043d\u044b\u0439 \u0440\u0438\u0441<\/li>\n<li>\u041d\u0438\u0430\u0446\u0438\u043d\u0430\u043c\u0438\u0434<\/li>\n<li>Adenosiin<\/li>\n<\/ul>\n<p><strong>\u0414\u0415\u0419\u0421\u0422\u0412\u0418\u0415<\/strong><\/p>\n<ul>\n<li>\u0421\u0435\u0433\u0440\u0435\u0433\u0430\u0446\u0438\u044f \u0443\u043b\u0438\u0442\u043e\u043a \u043d\u0430 \u043a\u043e\u0436\u0435 \u0441\u0442\u0438\u043c\u0443\u043b\u0438\u0440\u0443\u0435\u0442 \u043a\u043e\u0436\u0443 \u043a \u0432\u044b\u0440\u0430\u0431\u043e\u0442\u043a\u0435 \u043a\u043e\u043b\u043b\u0430\u0433\u0435\u043d\u0430, \u044d\u043b\u0430\u0441\u0442\u0438\u043d\u0430 \u0438 \u0434\u0440\u0443\u0433\u0438\u0445 \u043a\u043e\u043c\u043f\u043e\u043d\u0435\u043d\u0442\u043e\u0432, \u043a\u043e\u0442\u043e\u0440\u044b\u0435 \u0434\u0435\u043b\u0430\u044e\u0442 \u043b\u0438\u0446\u043e \u0431\u043e\u043b\u0435\u0435 \u0447\u0438\u0441\u0442\u044b\u043c, \u043e\u0434\u043d\u043e\u0432\u0440\u0435\u043c\u0435\u043d\u043d\u043e \u0431\u043e\u0440\u044f\u0441\u044c \u0441 \u043f\u0440\u0438\u0437\u043d\u0430\u043a\u0430\u043c\u0438 \u0441\u0442\u0430\u0440\u0435\u043d\u0438\u044f \u0438 \u0441\u043e\u043b\u043d\u0435\u0447\u043d\u043e\u0433\u043e \u043f\u043e\u0432\u0440\u0435\u0436\u0434\u0435\u043d\u0438\u044f.<\/li>\n<li>\u0413\u0438\u0430\u043b\u0443\u0440\u043e\u043d\u0430\u0442 \u043d\u0430\u0442\u0440\u0438\u044f - \u044d\u0442\u043e \u0441\u0432\u044f\u0437\u044b\u0432\u0430\u044e\u0449\u0438\u0439 \u0432\u043e\u0434\u0443 \u043a\u043e\u043c\u043f\u043e\u043d\u0435\u043d\u0442, \u043a\u043e\u0442\u043e\u0440\u044b\u0439 \u043e\u0431\u043b\u0430\u0434\u0430\u0435\u0442 \u0441\u043f\u043e\u0441\u043e\u0431\u043d\u043e\u0441\u0442\u044c\u044e \u0437\u0430\u043f\u043e\u043b\u043d\u044f\u0442\u044c \u043f\u0440\u043e\u0441\u0442\u0440\u0430\u043d\u0441\u0442\u0432\u043e \u043c\u0435\u0436\u0434\u0443 \u043a\u043e\u043b\u043b\u0430\u0433\u0435\u043d\u043e\u043c \u0438 \u0441\u043e\u0435\u0434\u0438\u043d\u0438\u0442\u0435\u043b\u044c\u043d\u044b\u043c\u0438 \u0432\u043e\u043b\u043e\u043a\u043d\u0430\u043c\u0438, \u0438\u0437\u0432\u0435\u0441\u0442\u043d\u043e\u0435 \u043a\u0430\u043a \u044d\u043b\u0430\u0441\u0442\u0438\u043d.<\/li>\n<li>\u042d\u043a\u0441\u0442\u0440\u0430\u043a\u0442 \u043c\u043e\u0440\u0441\u043a\u0438\u0445 \u0432\u043e\u0434\u043e\u0440\u043e\u0441\u043b\u0435\u0439 \u043e\u0431\u043b\u0430\u0434\u0430\u0435\u0442 \u0443\u0432\u043b\u0430\u0436\u043d\u044f\u044e\u0449\u0438\u043c\u0438 \u0438 \u0443\u0441\u043f\u043e\u043a\u0430\u0438\u0432\u0430\u044e\u0449\u0438\u043c\u0438 \u0441\u0432\u043e\u0439\u0441\u0442\u0432\u0430\u043c\u0438. \u0423\u043c\u0435\u043d\u044c\u0448\u0430\u0435\u0442 \u0437\u0443\u0434 \u0438 \u0441\u0442\u044f\u043d\u0443\u0442\u043e\u0441\u0442\u044c \u043a\u043e\u0436\u0438.<\/li>\n<li>\u041c\u0430\u0441\u043b\u043e \u0436\u043e\u0436\u043e\u0431\u0430 \u0437\u0430\u0449\u0438\u0449\u0430\u0435\u0442 \u043a\u043e\u0436\u0443 \u043e\u0442 \u0438\u0441\u043f\u0430\u0440\u0435\u043d\u0438\u044f \u0438 \u0442\u043e\u043a\u0441\u0438\u0447\u043d\u044b\u0445 \u0432\u0435\u0449\u0435\u0441\u0442\u0432.<\/li>\n<li>\u0413\u0438\u0434\u0440\u043e\u043b\u0438\u0437\u043e\u0432\u0430\u043d\u043d\u044b\u0439 \u043a\u043e\u043b\u043b\u0430\u0433\u0435\u043d \u043f\u043e\u043c\u043e\u0433\u0430\u0435\u0442 \u043a\u043e\u0436\u0435 \u0443\u0432\u0435\u043b\u0438\u0447\u0438\u0432\u0430\u0442\u044c \u0432\u044b\u0440\u0430\u0431\u043e\u0442\u043a\u0443 \u043a\u043e\u043b\u043b\u0430\u0433\u0435\u043d\u0430 \u0438 \u043f\u043b\u043e\u0442\u043d\u043e\u0441\u0442\u044c \u043a\u043e\u043b\u043b\u0430\u0433\u0435\u043d\u043e\u0432\u044b\u0445 \u0432\u043e\u043b\u043e\u043a\u043e\u043d. \u0422\u043e\u043d \u043a\u043e\u0436\u0438 \u0432\u044b\u0440\u0430\u0432\u043d\u0438\u0432\u0430\u0435\u0442\u0441\u044f, \u043a\u043e\u0436\u0430 \u0441\u0442\u0430\u043d\u043e\u0432\u0438\u0442\u0441\u044f \u0431\u043e\u043b\u0435\u0435 \u044d\u043b\u0430\u0441\u0442\u0438\u0447\u043d\u043e\u0439, \u043c\u0435\u043b\u043a\u0438\u0435 \u043c\u043e\u0440\u0449\u0438\u043d\u043a\u0438 \u043e\u0442\u0441\u0442\u0443\u043f\u0430\u044e\u0442.<\/li>\n<li>\u0410\u043b\u043e\u044d \u0443\u0432\u043b\u0430\u0436\u043d\u044f\u0435\u0442 \u0438 \u043f\u043e\u043c\u043e\u0433\u0430\u0435\u0442 \u043f\u043e\u0434\u0434\u0435\u0440\u0436\u0438\u0432\u0430\u0442\u044c \u0431\u0430\u043b\u0430\u043d\u0441 \u0432\u043b\u0430\u0433\u0438. \u0421\u0442\u0438\u043c\u0443\u043b\u0438\u0440\u0443\u0435\u0442 \u043a\u0440\u043e\u0432\u043e\u043e\u0431\u0440\u0430\u0449\u0435\u043d\u0438\u0435 \u0438 \u043e\u043c\u043e\u043b\u0430\u0436\u0438\u0432\u0430\u0435\u0442 \u043a\u043e\u0436\u0443. \u0411\u043e\u0440\u0435\u0442\u0441\u044f \u0441 \u0432\u043e\u0441\u043f\u0430\u043b\u0435\u043d\u0438\u044f\u043c\u0438, \u043f\u043e\u0434\u0434\u0435\u0440\u0436\u0438\u0432\u0430\u0435\u0442 \u0435\u0441\u0442\u0435\u0441\u0442\u0432\u0435\u043d\u043d\u044b\u0435 \u0441\u043f\u043e\u0441\u043e\u0431\u043d\u043e\u0441\u0442\u0438 \u043a\u043e\u0436\u0438 \u043a \u0437\u0430\u0436\u0438\u0432\u043b\u0435\u043d\u0438\u044e, \u0441\u043d\u0438\u043c\u0430\u0435\u0442 \u0441\u043e\u043b\u043d\u0435\u0447\u043d\u044b\u0435 \u043e\u0436\u043e\u0433\u0438 \u0438 \u0434\u0440\u0443\u0433\u0438\u0435 \u0440\u0430\u0437\u0434\u0440\u0430\u0436\u0435\u043d\u0438\u044f.<\/li>\n<li>\u041f\u0430\u043f\u0430\u0439\u044f \u0441\u043e\u0434\u0435\u0440\u0436\u0438\u0442 \u0444\u0435\u0440\u043c\u0435\u043d\u0442 \u043f\u0430\u043f\u0430\u0438\u043d, \u043a\u043e\u0442\u043e\u0440\u044b\u0439 \u043e\u0447\u0438\u0449\u0430\u0435\u0442 \u043a\u043e\u0436\u0443 \u0438 \u0443\u0434\u0430\u043b\u044f\u0435\u0442 \u043e\u043c\u0435\u0440\u0442\u0432\u0435\u0432\u0448\u0438\u0435 \u043a\u043b\u0435\u0442\u043a\u0438. \u0423\u043c\u0435\u043d\u044c\u0448\u0430\u0435\u0442 \u043f\u0438\u0433\u043c\u0435\u043d\u0442\u043d\u044b\u0435 \u043f\u044f\u0442\u043d\u0430 \u0438 \u0432\u044b\u0440\u0430\u0432\u043d\u0438\u0432\u0430\u0435\u0442 \u0442\u043e\u043d \u043a\u043e\u0436\u0438. \u041f\u0430\u043f\u0430\u0439\u044f \u0442\u0430\u043a\u0436\u0435 \u043e\u0431\u043b\u0430\u0434\u0430\u0435\u0442 \u0430\u043d\u0442\u0438\u0431\u0430\u043a\u0442\u0435\u0440\u0438\u0430\u043b\u044c\u043d\u044b\u043c \u0438 \u0440\u0430\u043d\u043e\u0437\u0430\u0436\u0438\u0432\u043b\u044f\u044e\u0449\u0438\u043c \u0434\u0435\u0439\u0441\u0442\u0432\u0438\u0435\u043c.<\/li>\n<li>\u0420\u0438\u0441 \u0434\u0435\u0439\u0441\u0442\u0432\u0443\u0435\u0442 \u043a\u0430\u043a \u0430\u043d\u0442\u0438\u043e\u043a\u0441\u0438\u0434\u0430\u043d\u0442; \u0441\u043d\u0438\u0436\u0430\u0435\u0442 \u0430\u043a\u0442\u0438\u0432\u043d\u043e\u0441\u0442\u044c \u043c\u0438\u043a\u0440\u043e\u043e\u0440\u0433\u0430\u043d\u0438\u0437\u043c\u043e\u0432 \u043d\u0430 \u043a\u043e\u0436\u0435; \u0441\u043e\u0445\u0440\u0430\u043d\u044f\u0435\u0442 \u043a\u043e\u0436\u0443 \u043c\u044f\u0433\u043a\u043e\u0439, \u0433\u043b\u0430\u0434\u043a\u043e\u0439, \u044d\u043b\u0430\u0441\u0442\u0438\u0447\u043d\u043e\u0439 \u0438 \u0437\u0434\u043e\u0440\u043e\u0432\u043e\u0439.<\/li>\n<li>\u0410\u0434\u0435\u043d\u043e\u0437\u0438\u043d \u043e\u0436\u0438\u0432\u043b\u044f\u0435\u0442 \u0443\u0441\u0442\u0430\u0432\u0448\u0443\u044e \u043a\u043e\u0436\u0443 \u0438 \u043f\u043e\u0432\u044b\u0448\u0430\u0435\u0442 \u0435\u0435 \u044d\u043b\u0430\u0441\u0442\u0438\u0447\u043d\u043e\u0441\u0442\u044c.<\/li>\n<li>Niatsinamiid aitab v\u00e4hendada kortse ja peeneid jooni, v\u00e4hendab naha fotovananemise m\u00e4rke; v\u00e4hendab pigmentatsiooni, melasmat ja helendab nahka; aitab n\u00e4htavalt v\u00e4hendada pooride suurust, stimuleerib kollageeni tootmist; parandab tuhmi jumet; tugevdab naha kaitsebarj\u00e4\u00e4ri, mis soodustab naha niisutamist.<\/li>\n<\/ul>","protected":false},"excerpt":{"rendered":"<p>\u0423\u0432\u043b\u0430\u0436\u043d\u044f\u0435\u0442, \u0443\u0441\u043f\u043e\u043a\u0430\u0438\u0432\u0430\u0435\u0442 \u0438 \u043f\u043e\u0432\u044b\u0448\u0430\u0435\u0442 \u044d\u043b\u0430\u0441\u0442\u0438\u0447\u043d\u043e\u0441\u0442\u044c \u043a\u043e\u0436\u0438. \u041f\u0440\u0435\u0434\u043e\u0442\u0432\u0440\u0430\u0449\u0430\u0435\u0442 \u0441\u0442\u0430\u0440\u0435\u043d\u0438\u0435 \u043a\u043e\u0436\u0438 \u0437\u0430 \u0441\u0447\u0435\u0442 \u0430\u043a\u0442\u0438\u0432\u043d\u043e\u0433\u043e \u043a\u0438\u0441\u043b\u043e\u0440\u043e\u0434\u0430.<\/p>\n<p>&nbsp;<\/p>\n<p>6 tk pakis<\/p>","protected":false},"featured_media":2492,"template":"","meta":{"om_disable_all_campaigns":false,"_monsterinsights_skip_tracking":false,"_monsterinsights_sitenote_active":false,"_monsterinsights_sitenote_note":"","_monsterinsights_sitenote_category":0,"_uf_show_specific_survey":0,"_uf_disable_surveys":false,"site-sidebar-layout":"default","site-content-layout":"","ast-site-content-layout":"default","site-content-style":"default","site-sidebar-style":"default","ast-global-header-display":"","ast-banner-title-visibility":"","ast-main-header-display":"","ast-hfb-above-header-display":"","ast-hfb-below-header-display":"","ast-hfb-mobile-header-display":"","site-post-title":"","ast-breadcrumbs-content":"","ast-featured-img":"","footer-sml-layout":"","theme-transparent-header-meta":"default","adv-header-id-meta":"","stick-header-meta":"","header-above-stick-meta":"","header-main-stick-meta":"","header-below-stick-meta":"","astra-migrate-meta-layouts":"set","ast-page-background-enabled":"default","ast-page-background-meta":{"desktop":{"background-color":"var(--ast-global-color-4)","background-image":"","background-repeat":"repeat","background-position":"center center","background-size":"auto","background-attachment":"scroll","background-type":"","background-media":"","overlay-type":"","overlay-color":"","overlay-opacity":"","overlay-gradient":""},"tablet":{"background-color":"","background-image":"","background-repeat":"repeat","background-position":"center center","background-size":"auto","background-attachment":"scroll","background-type":"","background-media":"","overlay-type":"","overlay-color":"","overlay-opacity":"","overlay-gradient":""},"mobile":{"background-color":"","background-image":"","background-repeat":"repeat","background-position":"center center","background-size":"auto","background-attachment":"scroll","background-type":"","background-media":"","overlay-type":"","overlay-color":"","overlay-opacity":"","overlay-gradient":""}},"ast-content-background-meta":{"desktop":{"background-color":"var(--ast-global-color-5)","background-image":"","background-repeat":"repeat","background-position":"center center","background-size":"auto","background-attachment":"scroll","background-type":"","background-media":"","overlay-type":"","overlay-color":"","overlay-opacity":"","overlay-gradient":""},"tablet":{"background-color":"var(--ast-global-color-5)","background-image":"","background-repeat":"repeat","background-position":"center center","background-size":"auto","background-attachment":"scroll","background-type":"","background-media":"","overlay-type":"","overlay-color":"","overlay-opacity":"","overlay-gradient":""},"mobile":{"background-color":"var(--ast-global-color-5)","background-image":"","background-repeat":"repeat","background-position":"center center","background-size":"auto","background-attachment":"scroll","background-type":"","background-media":"","overlay-type":"","overlay-color":"","overlay-opacity":"","overlay-gradient":""}}},"product_brand":[],"product_cat":[15],"product_tag":[],"class_list":{"0":"post-2258","1":"product","2":"type-product","3":"status-publish","4":"has-post-thumbnail","6":"product_cat-naole","7":"desktop-align-center","8":"tablet-align-left","9":"mobile-align-left","11":"first","12":"instock","13":"taxable","14":"shipping-taxable","15":"purchasable","16":"product-type-simple","17":"add-to-wishlist-before_image"},"aioseo_notices":[],"_links":{"self":[{"href":"https:\/\/kosmeetika24.eu\/ru\/wp-json\/wp\/v2\/product\/2258","targetHints":{"allow":["GET"]}}],"collection":[{"href":"https:\/\/kosmeetika24.eu\/ru\/wp-json\/wp\/v2\/product"}],"about":[{"href":"https:\/\/kosmeetika24.eu\/ru\/wp-json\/wp\/v2\/types\/product"}],"version-history":[{"count":2,"href":"https:\/\/kosmeetika24.eu\/ru\/wp-json\/wp\/v2\/product\/2258\/revisions"}],"predecessor-version":[{"id":7540,"href":"https:\/\/kosmeetika24.eu\/ru\/wp-json\/wp\/v2\/product\/2258\/revisions\/7540"}],"wp:featuredmedia":[{"embeddable":true,"href":"https:\/\/kosmeetika24.eu\/ru\/wp-json\/wp\/v2\/media\/2492"}],"wp:attachment":[{"href":"https:\/\/kosmeetika24.eu\/ru\/wp-json\/wp\/v2\/media?parent=2258"}],"wp:term":[{"taxonomy":"product_brand","embeddable":true,"href":"https:\/\/kosmeetika24.eu\/ru\/wp-json\/wp\/v2\/product_brand?post=2258"},{"taxonomy":"product_cat","embeddable":true,"href":"https:\/\/kosmeetika24.eu\/ru\/wp-json\/wp\/v2\/product_cat?post=2258"},{"taxonomy":"product_tag","embeddable":true,"href":"https:\/\/kosmeetika24.eu\/ru\/wp-json\/wp\/v2\/product_tag?post=2258"}],"curies":[{"name":"wp","href":"https:\/\/api.w.org\/{rel}","templated":true}]}}