{"id":2091,"date":"2019-11-18T12:04:11","date_gmt":"2019-11-18T12:04:11","guid":{"rendered":"https:\/\/kosmeetika24.eu\/?post_type=product&#038;p=2091"},"modified":"2025-02-28T15:41:02","modified_gmt":"2025-02-28T12:41:02","slug":"bruno-vassari-body-care-cellulite-control","status":"publish","type":"product","link":"https:\/\/kosmeetika24.eu\/ru\/product\/bruno-vassari-body-care-cellulite-control\/","title":{"rendered":"BRUNO VASSARI Body Care \u043a\u0440\u0435\u043c \u043f\u0440\u043e\u0442\u0438\u0432 \u0446\u0435\u043b\u043b\u044e\u043b\u0438\u0442\u0430"},"content":{"rendered":"<p>\u041a\u0440\u0435\u043c <em>Cellulite Control<\/em> v\u00f5itleb t\u00f5husalt tselluliidiga, modelleerib keha siluetti. Peamised toimeained l\u00f5hustavad rasvarakkudes rasva, eemaldavad liigse vedeliku ja leevendavad turset. Parendab &#8220;apelsinikoorenahka\u201c ning v\u00e4hendab sentimeetreid.<\/p>\n<p>\u041f\u043e\u0434\u0445\u043e\u0434\u0438\u0442 \u0434\u043b\u044f \u0432\u0441\u0435\u0445 \u0442\u0438\u043f\u043e\u0432 \u043a\u043e\u0436\u0438.<\/p>\n<p><strong>\u0421\u041e\u0421\u0422\u0410\u0412<\/strong><\/p>\n<ul>\n<li>Lipout<\/li>\n<li>\u041a\u043e\u0444\u0435\u0438\u043d<\/li>\n<li>Algisium C<\/li>\n<li>\u0412\u0438\u0442\u0430\u043c\u0438\u043d \u0415<\/li>\n<\/ul>\n<p><strong>\u0414\u0415\u0419\u0421\u0422\u0412\u0418\u0415<\/strong><\/p>\n<ul>\n<li>Lipout p\u00f5letab rasva, kujundab \u00fcmber keha kontuurid, v\u00e4hendab mahtu, eemaldab tselluliidi ning parandab elastsust ja tugevust.<\/li>\n<li>\u041a\u043e\u0444\u0435\u0438\u043d <span class=\"s1\">\u043e\u0441\u043d\u043e\u0432\u043d\u043e\u0439 \u0430\u043d\u0442\u0438\u0446\u0435\u043b\u043b\u044e\u043b\u0438\u0442\u043d\u044b\u0439 \u0438\u043d\u0433\u0440\u0435\u0434\u0438\u0435\u043d\u0442, \u0441\u043f\u043e\u0441\u043e\u0431\u0441\u0442\u0432\u0443\u044e\u0449\u0438\u0439 \u0443\u0434\u0430\u043b\u0435\u043d\u0438\u044e \u0436\u0438\u0440\u0430, \u043d\u0430\u043a\u043e\u043f\u043b\u0435\u043d\u043d\u043e\u0433\u043e \u0432 \u0436\u0438\u0440\u043e\u0432\u044b\u0445 \u043a\u043b\u0435\u0442\u043a\u0430\u0445. \u041a\u043e\u0444\u0435\u0438\u043d \u043d\u0435 \u0442\u043e\u043b\u044c\u043a\u043e \u043e\u0433\u0440\u0430\u043d\u0438\u0447\u0438\u0432\u0430\u0435\u0442 \u0445\u0440\u0430\u043d\u0435\u043d\u0438\u0435 \u0436\u0438\u0440\u043e\u0432, \u043d\u043e \u0438 \u0441\u043f\u043e\u0441\u043e\u0431\u0441\u0442\u0432\u0443\u0435\u0442 \u0438\u0445 \u0440\u0430\u0441\u0449\u0435\u043f\u043b\u0435\u043d\u0438\u044e. \u0421\u043f\u043e\u0441\u043e\u0431\u0441\u0442\u0432\u0443\u0435\u0442 \u0432\u044b\u0440\u0430\u0431\u043e\u0442\u043a\u0435 \u0442\u0435\u043f\u043b\u0430 \u0438 \u0441\u0442\u0438\u043c\u0443\u043b\u0438\u0440\u0443\u0435\u0442 \u043a\u0440\u043e\u0432\u043e\u043e\u0431\u0440\u0430\u0449\u0435\u043d\u0438\u0435.\u00a0<\/span><\/li>\n<li>Algisium C\u00ae toimib vananemisvastase, venitusvastase, salendava, kortsudevastase, p\u00f5letikuvastase, pinguldava, rahustava ja niisutava ainena.<\/li>\n<li>E-vitamiin antioks\u00fcdant, stimuleerib naha hingamist ja tugevdab naha rakkude membraani.<\/li>\n<\/ul>\n<p><strong>\u0418\u0421\u041f\u041e\u041b\u042c\u0417\u041e\u0412\u0410\u041d\u0418\u0415<\/strong><\/p>\n<ul>\n<li>Naha pind puhastada eelnevalt nt tootega <a href=\"https:\/\/kosmeetika24.eu\/ru\/product\/bruno-vassari-body-care-double-body-peel\/\">BRUNO VASSARI Body Care \u0441\u043a\u0440\u0430\u0431 \u0434\u043b\u044f \u0442\u0435\u043b\u0430<\/a>.<\/li>\n<li>Tselluliidivastane kreem kanda kergete masseerivate liigutustega puhastatud nahale. Sobib kasutamiseks nii hommikul kui \u00f5htul.<\/li>\n<li>Salaedavaks hoolduseks kasutada nt toodet <a href=\"https:\/\/kosmeetika24.eu\/ru\/product\/bruno-vassari-body-care-slim-effect-gel\/\">BRUNO VASSARI Body Care \u0433\u0435\u043b\u044c \u0434\u043b\u044f \u043f\u043e\u0445\u0443\u0434\u0435\u043d\u0438\u044f \u0438 \u043e\u0445\u043b\u0430\u0436\u0434\u0435\u043d\u0438\u044f<\/a>.<\/li>\n<\/ul>\n<p><strong>\u0421\u041e\u0421\u0422\u0410\u0412<\/strong><\/p>\n<p><span style=\"font-size: 14px;\">AQUA (WATER), ALCOHOL DENAT., CYCLOPENTASILOXANE, GLYCERIN, C15-19 ALKANE, CAPRYLIC\/CAPRIC TRIGLYCERIDE, CAFFEINE, ETHYLHEXYL METTHOXYCINNAMATE, METHYLSILANOL MANNURONATE, SODIUM HYDROXIDE, PLANKTON EXTRACT, POLYACRYLAMIDE, PHENOXYETHANOL, C13-14 ISOPARAFFIN, TOCOPHERYL ACETATE, GHLORPHENESIN, DISODIUM EDTA, XANTHAN GUM, PARFUM (FRAGRANCE), ACRYLATES\/ C10-30 ALKYL ACRYLATE CROSSPOLYMER, LAURETH-7, TOCOPHEROL, LIMONENE, SODIUM METHYLPARABEN, BUTYLPHENYL METHYLPROPIONAL, METHYLPROPANEDIOL, SORBIC ACID, BHT, PROPYLPARABEN, C.I. 42090 (FD&amp;C BLUE NO.1).\u00a0<\/span><\/p>\n<p><span style=\"color: #000000;\"><span style=\"font-family: Roboto, sans-serif;\"><span style=\"font-size: small;\"><span style=\"font-size: xx-small;\">442.90 \u20ac\/\u043b<\/span><\/span><\/span><\/span><\/p>","protected":false},"excerpt":{"rendered":"<p>200 \u043c\u043b<\/p>\n<p>\u0418\u043d\u0442\u0435\u043d\u0441\u0438\u0432\u043d\u044b\u0439 \u0433\u0435\u043b\u044c-\u043a\u0440\u0435\u043c \u0441 \u0430\u043d\u0442\u0438\u0446\u0435\u043b\u043b\u044e\u043b\u0438\u0442\u043d\u044b\u043c \u0434\u0435\u0439\u0441\u0442\u0432\u0438\u0435\u043c.<\/p>\n<p>\u041f\u043e\u043c\u043e\u0433\u0430\u0435\u0442 \u0441\u0436\u0438\u0433\u0430\u0442\u044c \u043d\u0430\u043a\u043e\u043f\u043b\u0435\u043d\u043d\u044b\u0435 \u0436\u0438\u0440\u044b, \u0443\u043b\u0443\u0447\u0448\u0430\u0435\u0442 \u0441\u043e\u0441\u0442\u043e\u044f\u043d\u0438\u0435 \u043a\u043e\u0436\u0438, \u0443\u043c\u0435\u043d\u044c\u0448\u0430\u0435\u0442 \u043e\u0431\u044a\u0435\u043c \u0438 \u0444\u043e\u0440\u043c\u0438\u0440\u0443\u0435\u0442 \u0441\u0438\u043b\u0443\u044d\u0442.<\/p>","protected":false},"featured_media":2452,"template":"","meta":{"om_disable_all_campaigns":false,"_monsterinsights_skip_tracking":false,"_monsterinsights_sitenote_active":false,"_monsterinsights_sitenote_note":"","_monsterinsights_sitenote_category":0,"_uf_show_specific_survey":0,"_uf_disable_surveys":false,"site-sidebar-layout":"default","site-content-layout":"","ast-site-content-layout":"default","site-content-style":"default","site-sidebar-style":"default","ast-global-header-display":"","ast-banner-title-visibility":"","ast-main-header-display":"","ast-hfb-above-header-display":"","ast-hfb-below-header-display":"","ast-hfb-mobile-header-display":"","site-post-title":"","ast-breadcrumbs-content":"","ast-featured-img":"","footer-sml-layout":"","theme-transparent-header-meta":"default","adv-header-id-meta":"","stick-header-meta":"","header-above-stick-meta":"","header-main-stick-meta":"","header-below-stick-meta":"","astra-migrate-meta-layouts":"set","ast-page-background-enabled":"default","ast-page-background-meta":{"desktop":{"background-color":"var(--ast-global-color-4)","background-image":"","background-repeat":"repeat","background-position":"center center","background-size":"auto","background-attachment":"scroll","background-type":"","background-media":"","overlay-type":"","overlay-color":"","overlay-opacity":"","overlay-gradient":""},"tablet":{"background-color":"","background-image":"","background-repeat":"repeat","background-position":"center center","background-size":"auto","background-attachment":"scroll","background-type":"","background-media":"","overlay-type":"","overlay-color":"","overlay-opacity":"","overlay-gradient":""},"mobile":{"background-color":"","background-image":"","background-repeat":"repeat","background-position":"center center","background-size":"auto","background-attachment":"scroll","background-type":"","background-media":"","overlay-type":"","overlay-color":"","overlay-opacity":"","overlay-gradient":""}},"ast-content-background-meta":{"desktop":{"background-color":"var(--ast-global-color-5)","background-image":"","background-repeat":"repeat","background-position":"center center","background-size":"auto","background-attachment":"scroll","background-type":"","background-media":"","overlay-type":"","overlay-color":"","overlay-opacity":"","overlay-gradient":""},"tablet":{"background-color":"var(--ast-global-color-5)","background-image":"","background-repeat":"repeat","background-position":"center center","background-size":"auto","background-attachment":"scroll","background-type":"","background-media":"","overlay-type":"","overlay-color":"","overlay-opacity":"","overlay-gradient":""},"mobile":{"background-color":"var(--ast-global-color-5)","background-image":"","background-repeat":"repeat","background-position":"center center","background-size":"auto","background-attachment":"scroll","background-type":"","background-media":"","overlay-type":"","overlay-color":"","overlay-opacity":"","overlay-gradient":""}}},"product_brand":[],"product_cat":[46,344],"product_tag":[],"class_list":{"0":"post-2091","1":"product","2":"type-product","3":"status-publish","4":"has-post-thumbnail","6":"product_cat-kehale","7":"product_cat-tselluliidivastane","8":"desktop-align-center","9":"tablet-align-left","10":"mobile-align-left","12":"first","13":"instock","14":"taxable","15":"shipping-taxable","16":"purchasable","17":"product-type-simple","18":"add-to-wishlist-before_image"},"aioseo_notices":[],"_links":{"self":[{"href":"https:\/\/kosmeetika24.eu\/ru\/wp-json\/wp\/v2\/product\/2091","targetHints":{"allow":["GET"]}}],"collection":[{"href":"https:\/\/kosmeetika24.eu\/ru\/wp-json\/wp\/v2\/product"}],"about":[{"href":"https:\/\/kosmeetika24.eu\/ru\/wp-json\/wp\/v2\/types\/product"}],"version-history":[{"count":3,"href":"https:\/\/kosmeetika24.eu\/ru\/wp-json\/wp\/v2\/product\/2091\/revisions"}],"predecessor-version":[{"id":8912,"href":"https:\/\/kosmeetika24.eu\/ru\/wp-json\/wp\/v2\/product\/2091\/revisions\/8912"}],"wp:featuredmedia":[{"embeddable":true,"href":"https:\/\/kosmeetika24.eu\/ru\/wp-json\/wp\/v2\/media\/2452"}],"wp:attachment":[{"href":"https:\/\/kosmeetika24.eu\/ru\/wp-json\/wp\/v2\/media?parent=2091"}],"wp:term":[{"taxonomy":"product_brand","embeddable":true,"href":"https:\/\/kosmeetika24.eu\/ru\/wp-json\/wp\/v2\/product_brand?post=2091"},{"taxonomy":"product_cat","embeddable":true,"href":"https:\/\/kosmeetika24.eu\/ru\/wp-json\/wp\/v2\/product_cat?post=2091"},{"taxonomy":"product_tag","embeddable":true,"href":"https:\/\/kosmeetika24.eu\/ru\/wp-json\/wp\/v2\/product_tag?post=2091"}],"curies":[{"name":"wp","href":"https:\/\/api.w.org\/{rel}","templated":true}]}}