{"id":2074,"date":"2019-11-18T08:45:09","date_gmt":"2019-11-18T08:45:09","guid":{"rendered":"https:\/\/kosmeetika24.eu\/?post_type=product&#038;p=2074"},"modified":"2025-09-16T14:11:09","modified_gmt":"2025-09-16T11:11:09","slug":"bruno-vassari-boosters-glucosyl-hesperidin-niacinamide","status":"publish","type":"product","link":"https:\/\/kosmeetika24.eu\/ru\/product\/bruno-vassari-boosters-glucosyl-hesperidin-niacinamide\/","title":{"rendered":"BRUNO VASSARI Boosters \u043c\u0430\u0441\u0441\u0430\u0436\u043d\u044b\u0439 \u0433\u0435\u043b\u044c"},"content":{"rendered":"<p>\u0413\u0435\u043b\u044c \u0434\u043b\u044f \u043c\u0430\u0441\u0441\u0430\u0436\u0430 \u043b\u0438\u0446\u0430 <em>Glucosyl Hesperidin + Niacinamide<\/em> \u043d\u0430 \u043e\u0441\u043d\u043e\u0432\u0435 \u0433\u043b\u0438\u0446\u0435\u0440\u0438\u043d\u0430, \u0432\u043e\u0441\u0441\u0442\u0430\u043d\u0430\u0432\u043b\u0438\u0432\u0430\u0435\u0442 \u0443\u0432\u043b\u0430\u0436\u043d\u0435\u043d\u0438\u0435 \u043a\u043e\u0436\u0438, \u0430\u043a\u0442\u0438\u0432\u0438\u0437\u0438\u0440\u0443\u0435\u0442 \u0441\u043d\u0430\u0431\u0436\u0435\u043d\u0438\u0435 \u043a\u0438\u0441\u043b\u043e\u0440\u043e\u0434\u043e\u043c, \u043d\u043e\u0440\u043c\u0430\u043b\u0438\u0437\u0443\u0435\u0442 \u0442\u043e\u043d \u0438 \u0442\u043e\u043d \u043a\u043e\u0436\u0438, \u0441\u0433\u043b\u0430\u0436\u0438\u0432\u0430\u0435\u0442 \u043f\u0440\u0438\u0437\u043d\u0430\u043a\u0438 \u0444\u043e\u0442\u043e\u0441\u0442\u0430\u0440\u0435\u043d\u0438\u044f.<\/p>\n<p>\u0412\u043e\u0434\u043e\u0440\u0430\u0441\u0442\u0432\u043e\u0440\u0438\u043c\u044b\u0439 \u0433\u0435\u043b\u044c \u0441 \u043f\u043b\u043e\u0442\u043d\u043e\u0439 \u0442\u0435\u043a\u0441\u0442\u0443\u0440\u043e\u0439 \u0443\u043f\u0440\u043e\u0449\u0430\u0435\u0442 \u043c\u0430\u0441\u0441\u0430\u0436. \u0421\u0442\u0438\u043c\u0443\u043b\u0438\u0440\u0443\u0435\u0442 \u0442\u0435\u043c\u043f\u0435\u0440\u0430\u0442\u0443\u0440\u0443 \u043a\u043e\u0436\u0438 \u0438 \u0443\u043b\u0443\u0447\u0448\u0430\u0435\u0442 \u0432\u0441\u0430\u0441\u044b\u0432\u0430\u043d\u0438\u0435 \u0430\u043a\u0442\u0438\u0432\u043d\u044b\u0445 \u0438\u043d\u0433\u0440\u0435\u0434\u0438\u0435\u043d\u0442\u043e\u0432. \u0415\u0433\u043e \u043c\u043e\u0436\u043d\u043e \u0438\u0441\u043f\u043e\u043b\u044c\u0437\u043e\u0432\u0430\u0442\u044c \u0441 \u0443\u0441\u0442\u0440\u043e\u0439\u0441\u0442\u0432\u0430\u043c\u0438.<\/p>\n<p>\u041f\u043e\u0434\u0445\u043e\u0434\u0438\u0442 \u0434\u043b\u044f \u0432\u0441\u0435\u0445 \u0442\u0438\u043f\u043e\u0432 \u043a\u043e\u0436\u0438.<\/p>\n<p><strong>\u0410\u041a\u0422\u0418\u0412\u041d\u042b\u0415 \u0412\u0415\u0429\u0415\u0421\u0422\u0412\u0410<\/strong><\/p>\n<ul>\n<li>\u041d\u0438\u0430\u0446\u0438\u043d\u0430\u043c\u0438\u0434<\/li>\n<li>Gl\u00fckos\u00fc\u00fclhesperidiin<\/li>\n<\/ul>\n<p><strong>\u0414\u0415\u0419\u0421\u0422\u0412\u0418\u0415<\/strong><\/p>\n<ul>\n<li>\u041d\u0438\u0430\u0446\u0438\u043d\u0430\u043c\u0438\u0434 - \u043f\u0440\u043e\u0438\u0437\u0432\u043e\u0434\u043d\u043e\u0435 \u0432\u0438\u0442\u0430\u043c\u0438\u043d\u0430 B3, \u043a\u043e\u0442\u043e\u0440\u043e\u0435 \u043d\u043e\u0440\u043c\u0430\u043b\u0438\u0437\u0443\u0435\u0442 \u0441\u0438\u043d\u0442\u0435\u0437 \u043c\u0435\u043b\u0430\u043d\u0438\u043d\u0430, \u0437\u0430\u0449\u0438\u0449\u0430\u0435\u0442 \u043a\u043e\u0436\u0443 \u043e\u0442 \u043f\u0440\u0435\u0436\u0434\u0435\u0432\u0440\u0435\u043c\u0435\u043d\u043d\u043e\u0433\u043e \u0441\u0442\u0430\u0440\u0435\u043d\u0438\u044f, \u0432\u044b\u0437\u0432\u0430\u043d\u043d\u043e\u0433\u043e \u0447\u0440\u0435\u0437\u043c\u0435\u0440\u043d\u044b\u043c \u043f\u0440\u0435\u0431\u044b\u0432\u0430\u043d\u0438\u0435\u043c \u043d\u0430 \u0441\u043e\u043b\u043d\u0446\u0435.<\/li>\n<li>\u0413\u043b\u0438\u043a\u043e\u0437\u0438\u043b\u0433\u0435\u0441\u043f\u0435\u0440\u0438\u0434\u0438\u043d \u0443\u043b\u0443\u0447\u0448\u0430\u0435\u0442 \u043c\u0438\u043a\u0440\u043e\u0446\u0438\u0440\u043a\u0443\u043b\u044f\u0446\u0438\u044e \u0438 \u043b\u0438\u043c\u0444\u0430\u0442\u0438\u0447\u0435\u0441\u043a\u043e\u0435 \u043a\u0440\u043e\u0432\u043e\u043e\u0431\u0440\u0430\u0449\u0435\u043d\u0438\u0435, \u0430 \u0442\u0430\u043a\u0436\u0435 \u0430\u043a\u0442\u0438\u0432\u0438\u0437\u0438\u0440\u0443\u0435\u0442 \u0441\u043d\u0430\u0431\u0436\u0435\u043d\u0438\u0435 \u043a\u043e\u0436\u0438 \u043a\u0438\u0441\u043b\u043e\u0440\u043e\u0434\u043e\u043c.<\/li>\n<\/ul>\n<p><strong>\u0421\u041e\u0421\u0422\u0410\u0412<\/strong><\/p>\n<p>GLYCERIN, PROPANEDIOL, AQUA, NIACINAMIDE, CLUCOSYL, HESPERIDON, POLYACRYLAMIDE, C13-14 ISEPARAFIN, LAURETH-7, PARFUM (FRAGRANCE), LACTIG ACID, LINALOOL, LIMONENE, METHYLPROPANEDIOL, C.I.19140 (FD&amp;C YELLOW NO 5), CAPRYLYL, C.I.16035 (FD&amp;C RED NO 40), THOCHOPHEROL, SODIUM CHLORIDE, SODIUM SULFATE, METHYLPROPANOL.<\/p>","protected":false},"excerpt":{"rendered":"<p>\u041c\u0430\u0441\u0441\u0430\u0436\u043d\u044b\u0439 \u0433\u0435\u043b\u044c \u0434\u043b\u044f \u043f\u0440\u043e\u0444\u0435\u0441\u0441\u0438\u043e\u043d\u0430\u043b\u044c\u043d\u043e\u0433\u043e \u0438\u0441\u043f\u043e\u043b\u044c\u0437\u043e\u0432\u0430\u043d\u0438\u044f \u0432\u043e\u0441\u0441\u0442\u0430\u043d\u0430\u0432\u043b\u0438\u0432\u0430\u0435\u0442 \u0432\u043e\u0434\u043d\u044b\u0439 \u0431\u0430\u043b\u0430\u043d\u0441 \u043a\u043e\u0436\u0438 \u0438 \u0437\u0430\u0449\u0438\u0449\u0430\u0435\u0442 \u043e\u0442 \u043f\u0440\u0435\u0436\u0434\u0435\u0432\u0440\u0435\u043c\u0435\u043d\u043d\u043e\u0433\u043e \u0441\u0442\u0430\u0440\u0435\u043d\u0438\u044f.<\/p>\n<p>&nbsp;<\/p>\n<p>200 \u043c\u043b<\/p>","protected":false},"featured_media":2132,"template":"","meta":{"om_disable_all_campaigns":false,"_monsterinsights_skip_tracking":false,"_monsterinsights_sitenote_active":false,"_monsterinsights_sitenote_note":"","_monsterinsights_sitenote_category":0,"_uf_show_specific_survey":0,"_uf_disable_surveys":false,"site-sidebar-layout":"default","site-content-layout":"","ast-site-content-layout":"default","site-content-style":"default","site-sidebar-style":"default","ast-global-header-display":"","ast-banner-title-visibility":"","ast-main-header-display":"","ast-hfb-above-header-display":"","ast-hfb-below-header-display":"","ast-hfb-mobile-header-display":"","site-post-title":"","ast-breadcrumbs-content":"","ast-featured-img":"","footer-sml-layout":"","theme-transparent-header-meta":"default","adv-header-id-meta":"","stick-header-meta":"","header-above-stick-meta":"","header-main-stick-meta":"","header-below-stick-meta":"","astra-migrate-meta-layouts":"set","ast-page-background-enabled":"default","ast-page-background-meta":{"desktop":{"background-color":"var(--ast-global-color-4)","background-image":"","background-repeat":"repeat","background-position":"center center","background-size":"auto","background-attachment":"scroll","background-type":"","background-media":"","overlay-type":"","overlay-color":"","overlay-opacity":"","overlay-gradient":""},"tablet":{"background-color":"","background-image":"","background-repeat":"repeat","background-position":"center center","background-size":"auto","background-attachment":"scroll","background-type":"","background-media":"","overlay-type":"","overlay-color":"","overlay-opacity":"","overlay-gradient":""},"mobile":{"background-color":"","background-image":"","background-repeat":"repeat","background-position":"center center","background-size":"auto","background-attachment":"scroll","background-type":"","background-media":"","overlay-type":"","overlay-color":"","overlay-opacity":"","overlay-gradient":""}},"ast-content-background-meta":{"desktop":{"background-color":"var(--ast-global-color-5)","background-image":"","background-repeat":"repeat","background-position":"center center","background-size":"auto","background-attachment":"scroll","background-type":"","background-media":"","overlay-type":"","overlay-color":"","overlay-opacity":"","overlay-gradient":""},"tablet":{"background-color":"var(--ast-global-color-5)","background-image":"","background-repeat":"repeat","background-position":"center center","background-size":"auto","background-attachment":"scroll","background-type":"","background-media":"","overlay-type":"","overlay-color":"","overlay-opacity":"","overlay-gradient":""},"mobile":{"background-color":"var(--ast-global-color-5)","background-image":"","background-repeat":"repeat","background-position":"center center","background-size":"auto","background-attachment":"scroll","background-type":"","background-media":"","overlay-type":"","overlay-color":"","overlay-opacity":"","overlay-gradient":""}}},"product_brand":[],"product_cat":[115,108],"product_tag":[],"class_list":{"0":"post-2074","1":"product","2":"type-product","3":"status-publish","4":"has-post-thumbnail","6":"product_cat-kreemid-profitooted","7":"product_cat-profitooted","8":"desktop-align-center","9":"tablet-align-left","10":"mobile-align-left","12":"first","13":"instock","14":"taxable","15":"shipping-taxable","16":"product-type-simple","17":"add-to-wishlist-before_image"},"aioseo_notices":[],"_links":{"self":[{"href":"https:\/\/kosmeetika24.eu\/ru\/wp-json\/wp\/v2\/product\/2074","targetHints":{"allow":["GET"]}}],"collection":[{"href":"https:\/\/kosmeetika24.eu\/ru\/wp-json\/wp\/v2\/product"}],"about":[{"href":"https:\/\/kosmeetika24.eu\/ru\/wp-json\/wp\/v2\/types\/product"}],"version-history":[{"count":3,"href":"https:\/\/kosmeetika24.eu\/ru\/wp-json\/wp\/v2\/product\/2074\/revisions"}],"predecessor-version":[{"id":10456,"href":"https:\/\/kosmeetika24.eu\/ru\/wp-json\/wp\/v2\/product\/2074\/revisions\/10456"}],"wp:featuredmedia":[{"embeddable":true,"href":"https:\/\/kosmeetika24.eu\/ru\/wp-json\/wp\/v2\/media\/2132"}],"wp:attachment":[{"href":"https:\/\/kosmeetika24.eu\/ru\/wp-json\/wp\/v2\/media?parent=2074"}],"wp:term":[{"taxonomy":"product_brand","embeddable":true,"href":"https:\/\/kosmeetika24.eu\/ru\/wp-json\/wp\/v2\/product_brand?post=2074"},{"taxonomy":"product_cat","embeddable":true,"href":"https:\/\/kosmeetika24.eu\/ru\/wp-json\/wp\/v2\/product_cat?post=2074"},{"taxonomy":"product_tag","embeddable":true,"href":"https:\/\/kosmeetika24.eu\/ru\/wp-json\/wp\/v2\/product_tag?post=2074"}],"curies":[{"name":"wp","href":"https:\/\/api.w.org\/{rel}","templated":true}]}}