{"id":1939,"date":"2019-11-14T13:42:43","date_gmt":"2019-11-14T13:42:43","guid":{"rendered":"https:\/\/kosmeetika24.eu\/?post_type=product&#038;p=1939"},"modified":"2025-09-01T10:12:25","modified_gmt":"2025-09-01T07:12:25","slug":"bruno-vassari-glyco-system-glycolic-washing-foam","status":"publish","type":"product","link":"https:\/\/kosmeetika24.eu\/ru\/product\/bruno-vassari-glyco-system-glycolic-washing-foam\/","title":{"rendered":"BRUNO VASSARI Glyco System \u043e\u0447\u0438\u0449\u0430\u044e\u0449\u0430\u044f \u043f\u0435\u043d\u0430 \u043d\u0430 \u043e\u0441\u043d\u043e\u0432\u0435 \u0433\u043b\u0438\u043a\u043e\u043b\u0435\u0432\u043e\u0439 \u043a\u0438\u0441\u043b\u043e\u0442\u044b"},"content":{"rendered":"<p>\u041e\u0447\u0438\u0449\u0430\u044e\u0449\u0430\u044f \u043f\u0435\u043d\u043a\u0430 <em>Glycolic Washing Foam<\/em> puhastab naha p\u00f5hjalikult, eemaldades k\u00f5ik toodete j\u00e4\u00e4gid ja mustuse.<\/p>\n<p>Eemaldab \u00f5rnalt surnud naharakud, parandab tekstuuri ja v\u00f5imaldab naha uuenemist.<\/p>\n<p>Sisaldab gl\u00fckoolhapet, mis aitab koorida epidermise pinnakihte ja valmistab naha ette j\u00e4rgmisteks protseduurideks.<\/p>\n<p>\u0418\u0434\u0435\u0430\u043b\u044c\u043d\u043e \u043f\u043e\u0434\u0445\u043e\u0434\u0438\u0442 \u0434\u043b\u044f \u043a\u043e\u0436\u0438, \u043d\u0443\u0436\u0434\u0430\u044e\u0449\u0435\u0439\u0441\u044f \u0432 \u0442\u0449\u0430\u0442\u0435\u043b\u044c\u043d\u043e\u043c \u0432\u043e\u0441\u0441\u0442\u0430\u043d\u043e\u0432\u043b\u0435\u043d\u0438\u0438.<\/p>\n<p>Oluline on kasutada kuurina: 2 kuud, seej\u00e4rel teha 3 kuud pausi ja siis v\u00f5ib j\u00e4lle korrata.<\/p>\n<p><strong>\u0410\u041a\u0422\u0418\u0412\u041d\u042b\u0415 \u0412\u0415\u0429\u0415\u0421\u0422\u0412\u0410<\/strong><\/p>\n<ul>\n<li>\u0421\u043b\u0435\u0433\u043a\u0430 \u043e\u0442\u0448\u0435\u043b\u0443\u0448\u0438\u0432\u0430\u044e\u0449\u0438\u0435 \u043f\u043e\u0432\u0435\u0440\u0445\u043d\u043e\u0441\u0442\u043d\u043e-\u0430\u043a\u0442\u0438\u0432\u043d\u044b\u0435 \u0432\u0435\u0449\u0435\u0441\u0442\u0432\u0430<\/li>\n<li>\u00a03% \u0433\u043b\u0438\u043a\u043e\u043b\u0435\u0432\u0430\u044f \u043a\u0438\u0441\u043b\u043e\u0442\u0430<\/li>\n<\/ul>\n<p><strong>\u0414\u0415\u0419\u0421\u0422\u0412\u0418\u0415<\/strong><\/p>\n<p>\u0413\u043b\u0438\u043a\u043e\u043b\u0435\u0432\u0430\u044f \u043a\u0438\u0441\u043b\u043e\u0442\u0430 \u0432\u043e\u0437\u0434\u0435\u0439\u0441\u0442\u0432\u0443\u0435\u0442 \u043d\u0430 \u043f\u043e\u0432\u0435\u0440\u0445\u043d\u043e\u0441\u0442\u043d\u044b\u0435 \u0441\u043b\u043e\u0438 \u043a\u043e\u0436\u0438, \u0434\u0435\u043b\u0430\u044f \u043a\u043e\u0436\u0443 \u0431\u043e\u043b\u0435\u0435 \u0433\u043b\u0430\u0434\u043a\u043e\u0439 \u0438 \u043c\u044f\u0433\u043a\u043e\u0439. \u0421\u0442\u0438\u043c\u0443\u043b\u0438\u0440\u0443\u0435\u0442 \u043e\u0431\u043d\u043e\u0432\u043b\u0435\u043d\u0438\u0435 \u043a\u043e\u0436\u0438, \u0443\u043b\u0443\u0447\u0448\u0430\u0435\u0442 \u0433\u0438\u0434\u0440\u0430\u0442\u0430\u0446\u0438\u044e \u0438 \u0441\u0438\u043d\u0442\u0435\u0437 \u043a\u043e\u043b\u043b\u0430\u0433\u0435\u043d\u0430. \u0420\u0435\u0437\u0443\u043b\u044c\u0442\u0430\u0442 - \u0431\u043e\u043b\u044c\u0448\u0430\u044f \u044d\u043b\u0430\u0441\u0442\u0438\u0447\u043d\u043e\u0441\u0442\u044c, \u043b\u0443\u0447\u0448\u0435\u0435 \u0443\u0432\u043b\u0430\u0436\u043d\u0435\u043d\u0438\u0435, \u0431\u043e\u043b\u0435\u0435 \u0447\u0438\u0441\u0442\u044b\u0439 \u0446\u0432\u0435\u0442 \u043b\u0438\u0446\u0430.<\/p>\n<p><strong>\u0421\u041e\u0421\u0422\u0410\u0412<\/strong><\/p>\n<p>AQUA (WATER) , GLYCERIN, DIPROPYLENE GLYCOL, SODIUM LAURETH SULFATE, GLYCOLIC ACID, DISODIUM COCOAMPHODIACETATE, PEG-200 HYDROGENATED GLYCERYL PALMATE, SODIUM HYDROXUDE, PHENOXYETHANOL, COCAMIDOPROPYL BETAINE, PEG-7 GLYCERYL COCOATE, SODIUM CHLORIDE, DISODIUM ECTA, PARFUM (FRAGRANCE), BENZOIC ACID , DEHYDROROACETIC ACID, SODIUM BENZOATE.<\/p>\n<p><span style=\"color: #000000;\"><span style=\"font-family: Roboto, sans-serif;\"><span style=\"font-size: small;\"><span style=\"font-size: xx-small;\">364.13\u00a0 \u20ac\/l<\/span><\/span><\/span><\/span><\/p>","protected":false},"excerpt":{"rendered":"<p>150 \u043c\u043b<\/p>\n<p>Kreemja tekstuuriga puhastusvaht, mis puhastab s\u00fcgavuti ja niisutab nahka ning eemaldab epidermise surnud rakud.<\/p>\n<p>\u00dchtlustab naha tooni ja ahendab poore.<\/p>","protected":false},"featured_media":6446,"template":"","meta":{"om_disable_all_campaigns":false,"_monsterinsights_skip_tracking":false,"_monsterinsights_sitenote_active":false,"_monsterinsights_sitenote_note":"","_monsterinsights_sitenote_category":0,"_uf_show_specific_survey":0,"_uf_disable_surveys":false,"site-sidebar-layout":"default","site-content-layout":"","ast-site-content-layout":"default","site-content-style":"default","site-sidebar-style":"default","ast-global-header-display":"","ast-banner-title-visibility":"","ast-main-header-display":"","ast-hfb-above-header-display":"","ast-hfb-below-header-display":"","ast-hfb-mobile-header-display":"","site-post-title":"","ast-breadcrumbs-content":"","ast-featured-img":"","footer-sml-layout":"","theme-transparent-header-meta":"default","adv-header-id-meta":"","stick-header-meta":"","header-above-stick-meta":"","header-main-stick-meta":"","header-below-stick-meta":"","astra-migrate-meta-layouts":"set","ast-page-background-enabled":"default","ast-page-background-meta":{"desktop":{"background-color":"var(--ast-global-color-4)","background-image":"","background-repeat":"repeat","background-position":"center center","background-size":"auto","background-attachment":"scroll","background-type":"","background-media":"","overlay-type":"","overlay-color":"","overlay-opacity":"","overlay-gradient":""},"tablet":{"background-color":"","background-image":"","background-repeat":"repeat","background-position":"center center","background-size":"auto","background-attachment":"scroll","background-type":"","background-media":"","overlay-type":"","overlay-color":"","overlay-opacity":"","overlay-gradient":""},"mobile":{"background-color":"","background-image":"","background-repeat":"repeat","background-position":"center center","background-size":"auto","background-attachment":"scroll","background-type":"","background-media":"","overlay-type":"","overlay-color":"","overlay-opacity":"","overlay-gradient":""}},"ast-content-background-meta":{"desktop":{"background-color":"var(--ast-global-color-5)","background-image":"","background-repeat":"repeat","background-position":"center center","background-size":"auto","background-attachment":"scroll","background-type":"","background-media":"","overlay-type":"","overlay-color":"","overlay-opacity":"","overlay-gradient":""},"tablet":{"background-color":"var(--ast-global-color-5)","background-image":"","background-repeat":"repeat","background-position":"center center","background-size":"auto","background-attachment":"scroll","background-type":"","background-media":"","overlay-type":"","overlay-color":"","overlay-opacity":"","overlay-gradient":""},"mobile":{"background-color":"var(--ast-global-color-5)","background-image":"","background-repeat":"repeat","background-position":"center center","background-size":"auto","background-attachment":"scroll","background-type":"","background-media":"","overlay-type":"","overlay-color":"","overlay-opacity":"","overlay-gradient":""}}},"product_brand":[],"product_cat":[79,15,73,361],"product_tag":[],"class_list":{"0":"post-1939","1":"product","2":"type-product","3":"status-publish","4":"has-post-thumbnail","6":"product_cat-koorijad","7":"product_cat-naole","8":"product_cat-puhastustooted","9":"product_cat-puhastusvaht","10":"desktop-align-center","11":"tablet-align-left","12":"mobile-align-left","14":"first","15":"instock","16":"taxable","17":"shipping-taxable","18":"purchasable","19":"product-type-simple","20":"add-to-wishlist-before_image"},"aioseo_notices":[],"_links":{"self":[{"href":"https:\/\/kosmeetika24.eu\/ru\/wp-json\/wp\/v2\/product\/1939","targetHints":{"allow":["GET"]}}],"collection":[{"href":"https:\/\/kosmeetika24.eu\/ru\/wp-json\/wp\/v2\/product"}],"about":[{"href":"https:\/\/kosmeetika24.eu\/ru\/wp-json\/wp\/v2\/types\/product"}],"version-history":[{"count":3,"href":"https:\/\/kosmeetika24.eu\/ru\/wp-json\/wp\/v2\/product\/1939\/revisions"}],"predecessor-version":[{"id":9016,"href":"https:\/\/kosmeetika24.eu\/ru\/wp-json\/wp\/v2\/product\/1939\/revisions\/9016"}],"wp:featuredmedia":[{"embeddable":true,"href":"https:\/\/kosmeetika24.eu\/ru\/wp-json\/wp\/v2\/media\/6446"}],"wp:attachment":[{"href":"https:\/\/kosmeetika24.eu\/ru\/wp-json\/wp\/v2\/media?parent=1939"}],"wp:term":[{"taxonomy":"product_brand","embeddable":true,"href":"https:\/\/kosmeetika24.eu\/ru\/wp-json\/wp\/v2\/product_brand?post=1939"},{"taxonomy":"product_cat","embeddable":true,"href":"https:\/\/kosmeetika24.eu\/ru\/wp-json\/wp\/v2\/product_cat?post=1939"},{"taxonomy":"product_tag","embeddable":true,"href":"https:\/\/kosmeetika24.eu\/ru\/wp-json\/wp\/v2\/product_tag?post=1939"}],"curies":[{"name":"wp","href":"https:\/\/api.w.org\/{rel}","templated":true}]}}