{"id":1809,"date":"2019-11-11T14:23:16","date_gmt":"2019-11-11T14:23:16","guid":{"rendered":"https:\/\/kosmeetika24.eu\/?post_type=product&#038;p=1809"},"modified":"2025-09-16T10:45:58","modified_gmt":"2025-09-16T07:45:58","slug":"bruno-vassari-aha-multi-efect-cream-2","status":"publish","type":"product","link":"https:\/\/kosmeetika24.eu\/ru\/product\/bruno-vassari-aha-multi-efect-cream-2\/","title":{"rendered":"BRUNO VASSARI AHA \u043a\u0440\u0435\u043c \u043f\u0440\u043e\u0442\u0438\u0432 \u043c\u043e\u0440\u0449\u0438\u043d"},"content":{"rendered":"<p>\u0410\u043d\u0442\u0438\u0432\u043e\u0437\u0440\u0430\u0441\u0442\u043d\u043e\u0439 <em>Multi-Effect Cream<\/em> k\u00f5rvaldab \u00f5rnalt surnud rakud ja stimuleerib naha uuenemist.<\/p>\n<p>Noorendab ja niisutab nahka. \u00dchtlustab nahatooni, parandab jumet, silub nahapinda.<\/p>\n<p>Soovitatav rasusele nahale, vananenud v\u00f5i s\u00fcgavat uuendamist vajavale nahale.<\/p>\n<p>\u041f\u043e\u0434\u0445\u043e\u0434\u0438\u0442 \u0434\u043b\u044f \u0432\u0441\u0435\u0445 \u0442\u0438\u043f\u043e\u0432 \u043a\u043e\u0436\u0438, \u043a\u0440\u043e\u043c\u0435 \u043e\u0447\u0435\u043d\u044c \u0447\u0443\u0432\u0441\u0442\u0432\u0438\u0442\u0435\u043b\u044c\u043d\u043e\u0439.<\/p>\n<p><strong>\u0410\u041a\u0422\u0418\u0412\u041d\u042b\u0415 \u0412\u0415\u0429\u0415\u0421\u0422\u0412\u0410<\/strong><\/p>\n<ul>\n<li>\u0410\u043b\u044c\u0444\u0430-\u0433\u0438\u0434\u0440\u043e\u043a\u0441\u0438\u043a\u0438\u0441\u043b\u043e\u0442\u044b (\u043c\u043e\u043b\u043e\u0447\u043d\u0430\u044f \u043a\u0438\u0441\u043b\u043e\u0442\u0430, \u0433\u043b\u0438\u043a\u043e\u043b\u0435\u0432\u0430\u044f \u043a\u0438\u0441\u043b\u043e\u0442\u0430)<\/li>\n<li>\u042d\u043a\u0441\u0442\u0440\u0430\u043a\u0442 \u043e\u0440\u0435\u0445\u0430 \u043a\u043e\u043b\u044b<\/li>\n<li>\u0423\u0432\u043b\u0430\u0436\u043d\u044f\u044e\u0449\u0435\u0435 \u0432\u0435\u0449\u0435\u0441\u0442\u0432\u043e<\/li>\n<li>\u0412\u0438\u0442\u0430\u043c\u0438\u043d \u0415<\/li>\n<li>\u0421\u043e\u043b\u043d\u0446\u0435\u0437\u0430\u0449\u0438\u0442\u043d\u044b\u0439 \u0444\u0438\u043b\u044c\u0442\u0440<\/li>\n<\/ul>\n<p><strong>\u0414\u0415\u0419\u0421\u0422\u0412\u0418\u0415<\/strong><\/p>\n<ul>\n<li>\u0421\u043c\u0435\u0441\u044c \u0433\u043b\u0438\u043a\u043e\u043b\u0435\u0432\u043e\u0439 \u0438 \u043c\u043e\u043b\u043e\u0447\u043d\u043e\u0439 \u043a\u0438\u0441\u043b\u043e\u0442\u044b \u0443\u0432\u0435\u043b\u0438\u0447\u0438\u0432\u0430\u0435\u0442 \u0441\u0438\u043d\u0442\u0435\u0437 \u0433\u043b\u0438\u043a\u043e\u0437\u0430\u043c\u0438\u043d\u043e\u0433\u043b\u0438\u043a\u0430\u043d\u043e\u0432, \u043a\u043e\u043b\u043b\u0430\u0433\u0435\u043d\u0430 \u0438 \u044d\u043b\u0430\u0441\u0442\u0438\u043d\u0430.<\/li>\n<li>Koolap\u00e4hkliekstraktil on toniseerivad ja kongestiooni v\u00e4hendavad omadused. See minimeerib samuti \u00e4rrituse<br \/>\n\u043e\u0441\u043e\u0431\u043e \u0443\u0447\u0443\u0432\u0441\u0442\u0432\u0438\u0442\u0435\u043b\u044c\u043d\u043e\u0439 \u043a\u043e\u0436\u0438.<\/li>\n<li>\u0412\u0438\u0442\u0430\u043c\u0438\u043d \u0415 \u0437\u0430\u0449\u0438\u0449\u0430\u0435\u0442 \u043a\u043b\u0435\u0442\u043a\u0443 \u043e\u0442 \u043e\u043a\u0438\u0441\u043b\u0435\u043d\u0438\u044f.<\/li>\n<\/ul>\n<p><strong>\u0418\u0421\u041f\u041e\u041b\u042c\u0417\u041e\u0412\u0410\u041d\u0418\u0415<\/strong><\/p>\n<ul>\n<li>Kreem kanda hommikul ja\/v\u00f5i \u00f5htul kergete masseerivate liigutustega eelnevalt puhastatud nahale.<\/li>\n<li>Korrap\u00e4rane kasutamine aitab minimeerida peeneid kortse.<\/li>\n<\/ul>\n<p><strong>\u0421\u041e\u0421\u0422\u0410\u0412<\/strong><\/p>\n<p>AQUA, PROPYLENE GLYCOL, PARAFFINUM LIQUIDIUM (MINERAL OIL), CAPRYLIC\/CAPRIC TRIGLYCERIDE, LACTIC ACID, GLYCERYL STEARATE, PEG-100 STEARATE, ISOPROPYL PALMITATE, CETYL ALCOHIL, SODIUM HYDROXIDE, CETYL ACETATE, GLYCOLIC ACID, PALMITIC ACID, LANOLIN ALCOHOL, STEARYL ACETATE OLEYL ACETATE, DISODIUM EDTA, ACETYLATED LANOLIN ALCOHOL, 2-BROMO-2-NITROPROPANE-1,3DIOL, BHT, ASCORBYL PALMITATE, CITRIC ACID, SODIUM CHLORIDE, METHYLPARABEN, PROPYLPARABEN, ARACHIDIC ACID, MYRISTIC ACID, PARFUM (FRAGRANCE), HEXYL CINNAMAL, LIMONENE, LINALOOL, BENZYL SALICYLATE.<\/p>","protected":false},"excerpt":{"rendered":"<p>\u041a\u0440\u0435\u043c \u0434\u043b\u044f \u043f\u0440\u043e\u0444\u0435\u0441\u0441\u0438\u043e\u043d\u0430\u043b\u044c\u043d\u043e\u0433\u043e \u0438\u0441\u043f\u043e\u043b\u044c\u0437\u043e\u0432\u0430\u043d\u0438\u044f \u0441\u0442\u0438\u043c\u0443\u043b\u0438\u0440\u0443\u0435\u0442 \u043e\u0431\u043d\u043e\u0432\u043b\u0435\u043d\u0438\u0435 \u043a\u043e\u0436\u0438: \u043c\u044f\u0433\u043a\u043e \u0443\u0434\u0430\u043b\u044f\u0435\u0442 \u043c\u0435\u0440\u0442\u0432\u044b\u0435 \u043a\u043b\u0435\u0442\u043a\u0438, \u0443\u0432\u043b\u0430\u0436\u043d\u044f\u0435\u0442, \u0432\u044b\u0440\u0430\u0432\u043d\u0438\u0432\u0430\u0435\u0442 \u0438 \u0441\u0433\u043b\u0430\u0436\u0438\u0432\u0430\u0435\u0442 \u0442\u043e\u043d \u043a\u043e\u0436\u0438.<\/p>\n<p>&nbsp;<\/p>\n<p>200 \u043c\u043b<\/p>","protected":false},"featured_media":2358,"template":"","meta":{"om_disable_all_campaigns":false,"_monsterinsights_skip_tracking":false,"_monsterinsights_sitenote_active":false,"_monsterinsights_sitenote_note":"","_monsterinsights_sitenote_category":0,"_uf_show_specific_survey":0,"_uf_disable_surveys":false,"site-sidebar-layout":"default","site-content-layout":"","ast-site-content-layout":"default","site-content-style":"default","site-sidebar-style":"default","ast-global-header-display":"","ast-banner-title-visibility":"","ast-main-header-display":"","ast-hfb-above-header-display":"","ast-hfb-below-header-display":"","ast-hfb-mobile-header-display":"","site-post-title":"","ast-breadcrumbs-content":"","ast-featured-img":"","footer-sml-layout":"","theme-transparent-header-meta":"default","adv-header-id-meta":"","stick-header-meta":"","header-above-stick-meta":"","header-main-stick-meta":"","header-below-stick-meta":"","astra-migrate-meta-layouts":"set","ast-page-background-enabled":"default","ast-page-background-meta":{"desktop":{"background-color":"var(--ast-global-color-4)","background-image":"","background-repeat":"repeat","background-position":"center center","background-size":"auto","background-attachment":"scroll","background-type":"","background-media":"","overlay-type":"","overlay-color":"","overlay-opacity":"","overlay-gradient":""},"tablet":{"background-color":"","background-image":"","background-repeat":"repeat","background-position":"center center","background-size":"auto","background-attachment":"scroll","background-type":"","background-media":"","overlay-type":"","overlay-color":"","overlay-opacity":"","overlay-gradient":""},"mobile":{"background-color":"","background-image":"","background-repeat":"repeat","background-position":"center center","background-size":"auto","background-attachment":"scroll","background-type":"","background-media":"","overlay-type":"","overlay-color":"","overlay-opacity":"","overlay-gradient":""}},"ast-content-background-meta":{"desktop":{"background-color":"var(--ast-global-color-5)","background-image":"","background-repeat":"repeat","background-position":"center center","background-size":"auto","background-attachment":"scroll","background-type":"","background-media":"","overlay-type":"","overlay-color":"","overlay-opacity":"","overlay-gradient":""},"tablet":{"background-color":"var(--ast-global-color-5)","background-image":"","background-repeat":"repeat","background-position":"center center","background-size":"auto","background-attachment":"scroll","background-type":"","background-media":"","overlay-type":"","overlay-color":"","overlay-opacity":"","overlay-gradient":""},"mobile":{"background-color":"var(--ast-global-color-5)","background-image":"","background-repeat":"repeat","background-position":"center center","background-size":"auto","background-attachment":"scroll","background-type":"","background-media":"","overlay-type":"","overlay-color":"","overlay-opacity":"","overlay-gradient":""}}},"product_brand":[],"product_cat":[115,108],"product_tag":[],"class_list":{"0":"post-1809","1":"product","2":"type-product","3":"status-publish","4":"has-post-thumbnail","6":"product_cat-kreemid-profitooted","7":"product_cat-profitooted","8":"desktop-align-center","9":"tablet-align-left","10":"mobile-align-left","12":"first","13":"instock","14":"taxable","15":"shipping-taxable","16":"product-type-simple","17":"add-to-wishlist-before_image"},"aioseo_notices":[],"_links":{"self":[{"href":"https:\/\/kosmeetika24.eu\/ru\/wp-json\/wp\/v2\/product\/1809","targetHints":{"allow":["GET"]}}],"collection":[{"href":"https:\/\/kosmeetika24.eu\/ru\/wp-json\/wp\/v2\/product"}],"about":[{"href":"https:\/\/kosmeetika24.eu\/ru\/wp-json\/wp\/v2\/types\/product"}],"version-history":[{"count":3,"href":"https:\/\/kosmeetika24.eu\/ru\/wp-json\/wp\/v2\/product\/1809\/revisions"}],"predecessor-version":[{"id":10437,"href":"https:\/\/kosmeetika24.eu\/ru\/wp-json\/wp\/v2\/product\/1809\/revisions\/10437"}],"wp:featuredmedia":[{"embeddable":true,"href":"https:\/\/kosmeetika24.eu\/ru\/wp-json\/wp\/v2\/media\/2358"}],"wp:attachment":[{"href":"https:\/\/kosmeetika24.eu\/ru\/wp-json\/wp\/v2\/media?parent=1809"}],"wp:term":[{"taxonomy":"product_brand","embeddable":true,"href":"https:\/\/kosmeetika24.eu\/ru\/wp-json\/wp\/v2\/product_brand?post=1809"},{"taxonomy":"product_cat","embeddable":true,"href":"https:\/\/kosmeetika24.eu\/ru\/wp-json\/wp\/v2\/product_cat?post=1809"},{"taxonomy":"product_tag","embeddable":true,"href":"https:\/\/kosmeetika24.eu\/ru\/wp-json\/wp\/v2\/product_tag?post=1809"}],"curies":[{"name":"wp","href":"https:\/\/api.w.org\/{rel}","templated":true}]}}