{"id":1796,"date":"2019-11-11T13:25:45","date_gmt":"2019-11-11T13:25:45","guid":{"rendered":"https:\/\/kosmeetika24.eu\/?post_type=product&#038;p=1796"},"modified":"2025-01-07T13:31:45","modified_gmt":"2025-01-07T10:31:45","slug":"bruno-vassari-anti-stress-anti-stress-daily-cream-dray-skin","status":"publish","type":"product","link":"https:\/\/kosmeetika24.eu\/ru\/product\/bruno-vassari-anti-stress-anti-stress-daily-cream-dray-skin\/","title":{"rendered":"BRUNO VASSARI Anti-Stress \u0434\u043d\u0435\u0432\u043d\u043e\u0439 \u043a\u0440\u0435\u043c (\u0421\u0443\u0445\u0430\u044f \u043a\u043e\u0436\u0430)"},"content":{"rendered":"<p>\u0414\u043d\u0435\u0432\u043d\u043e\u0439 \u043a\u0440\u0435\u043c <em>Anti-Stress Daily Cream<\/em> on rikastatud mikroelementide, vitamiinide, merevetikaekstrakti, sheav\u00f5i ja p\u00e4ikesekaitsefiltritega. Kreem leevendab naha\u00e4rritust. Tugevdab naha enesekaitsemehhanismi, taastab naha pH tasakaalu ja hoiab \u00e4ra enneaegse vananemise ilmingud.<\/p>\n<p>Kreemil on elustav ja toniseeriv toime, eriti v\u00e4sinud nahale.<\/p>\n<p>Vedel tekstuur sobib kuivale nahale.<\/p>\n<p><strong>\u0421\u041e\u0421\u0422\u0410\u0412<\/strong><\/p>\n<ul>\n<li>\u041c\u0438\u043a\u0440\u043e\u044d\u043b\u0435\u043c\u0435\u043d\u0442\u044b: \u043c\u0430\u0433\u043d\u0438\u0439, \u0446\u0438\u043d\u043a, \u043c\u0435\u0434\u044c \u0438 \u043c\u0430\u0440\u0433\u0430\u043d\u0435\u0446.<\/li>\n<li>\u00a0\u0412\u0438\u0442\u0430\u043c\u0438\u043d\u044b A, E \u0438 B5<\/li>\n<li>\u00a0UVB \u0444\u0438\u043b\u044c\u0442\u0440<\/li>\n<li>\u00a0\u042d\u043a\u0441\u0442\u0440\u0430\u043a\u0442 \u043c\u043e\u0440\u0441\u043a\u0438\u0445 \u0432\u043e\u0434\u043e\u0440\u043e\u0441\u043b\u0435\u0439<\/li>\n<li>\u00a0\u041c\u0430\u0441\u043b\u043e \u0428\u0438<\/li>\n<li>\u00a0F\u00fckogeel<\/li>\n<\/ul>\n<p><strong>\u0414\u0415\u0419\u0421\u0422\u0412\u0418\u0415<\/strong><\/p>\n<ul>\n<li>\u00a0\u041a\u043e\u043c\u043f\u043b\u0435\u043a\u0441 \u043c\u0438\u043a\u0440\u043e\u044d\u043b\u0435\u043c\u0435\u043d\u0442\u043e\u0432 \u0443\u0432\u0435\u043b\u0438\u0447\u0438\u0432\u0430\u0435\u0442 \u043a\u043e\u043b\u0438\u0447\u0435\u0441\u0442\u0432\u043e \u043a\u043b\u0435\u0442\u043e\u043a \u0438 \u0434\u0435\u043b\u0430\u0435\u0442 \u043a\u043e\u0436\u0443 \u0431\u043e\u043b\u0435\u0435 \u0443\u043f\u0440\u0443\u0433\u043e\u0439, \u0443\u0432\u043b\u0430\u0436\u043d\u0435\u043d\u043d\u043e\u0439 \u0438 \u0437\u0430\u0449\u0438\u0449\u0435\u043d\u043d\u043e\u0439.<\/li>\n<li>\u00a0Vitamiinid kaitsevad ja taastavad nahka.<\/li>\n<li>\u00a0\u0424\u0438\u043b\u044c\u0442\u0440 UVB \u0437\u0430\u0449\u0438\u0449\u0430\u0435\u0442 \u043e\u0442 \u0423\u0424-\u0438\u0437\u043b\u0443\u0447\u0435\u043d\u0438\u044f, \u043a\u043e\u0442\u043e\u0440\u043e\u0435 \u0432\u044b\u0437\u044b\u0432\u0430\u0435\u0442 \u043f\u043e\u044f\u0432\u043b\u0435\u043d\u0438\u0435 \u043a\u043e\u0440\u0438\u0447\u043d\u0435\u0432\u044b\u0445 \u043f\u044f\u0442\u0435\u043d \u0438 \u043f\u0440\u0435\u0436\u0434\u0435\u0432\u0440\u0435\u043c\u0435\u043d\u043d\u043e\u0435 \u0441\u0442\u0430\u0440\u0435\u043d\u0438\u0435.<\/li>\n<li>\u00a0\u042d\u043a\u0441\u0442\u0440\u0430\u043a\u0442 \u043c\u043e\u0440\u0441\u043a\u0438\u0445 \u0432\u043e\u0434\u043e\u0440\u043e\u0441\u043b\u0435\u0439 \u0443\u0432\u043b\u0430\u0436\u043d\u044f\u0435\u0442 \u043a\u043e\u0436\u0443.<\/li>\n<li>\u00a0\u041c\u0430\u0441\u043b\u043e \u0448\u0438 \u0443\u0432\u043b\u0430\u0436\u043d\u044f\u0435\u0442, \u0437\u0430\u0449\u0438\u0449\u0430\u0435\u0442 \u0438 \u043e\u0447\u0435\u043d\u044c \u0431\u043e\u0433\u0430\u0442\u043e \u043f\u0438\u0442\u0430\u0442\u0435\u043b\u044c\u043d\u044b\u043c\u0438 \u0432\u0435\u0449\u0435\u0441\u0442\u0432\u0430\u043c\u0438.<\/li>\n<li>\u00a0F\u00fckogeel \u0441\u043c\u044f\u0433\u0447\u0430\u0435\u0442 \u0438 \u0443\u0432\u043b\u0430\u0436\u043d\u044f\u0435\u0442 \u043a\u043e\u0436\u0443.<\/li>\n<\/ul>\n<p><strong>\u0418\u0421\u041f\u041e\u041b\u042c\u0417\u041e\u0412\u0410\u041d\u0418\u0415<\/strong><\/p>\n<ul>\n<li>\u041f\u0440\u0435\u0434\u0432\u0430\u0440\u0438\u0442\u0435\u043b\u044c\u043d\u043e \u043e\u0447\u0438\u0441\u0442\u0438\u0442\u0435 \u043a\u043e\u0436\u0443, \u043d\u0430\u043f\u0440\u0438\u043c\u0435\u0440, \u0441\u0440\u0435\u0434\u0441\u0442\u0432\u043e\u043c\u00a0<a href=\"https:\/\/kosmeetika24.eu\/ru\/product\/bruno-vassari-anti-stress-self-foaming-cleanser\/\">BRUNO VASSARI Anti-Stress \u043e\u0447\u0438\u0449\u0430\u044e\u0449\u0430\u044f \u043f\u0435\u043d\u043a\u0430<\/a>.<\/li>\n<li>\u0422\u043e\u043d\u0438\u0437\u0438\u0440\u0443\u0439\u0442\u0435 \u043a\u043e\u0436\u0443 \u0437\u0430\u0440\u0430\u043d\u0435\u0435.<\/li>\n<li>P\u00e4evakreem kanda hommikul s\u00f5rmeotste abil n\u00e4ole, kaelale ja dekolteele.<\/li>\n<li>\u041d\u0430\u043f\u0440\u0438\u043c\u0435\u0440, \u043a\u0440\u0435\u043c \u0434\u043b\u044f \u0433\u043b\u0430\u0437 <a href=\"https:\/\/kosmeetika24.eu\/ru\/product\/bruno-vassari-the-specifics-vitamin-eye-cream\/\">BRUNO VASSARI The Specifics \u0443\u0432\u043b\u0430\u0436\u043d\u044f\u044e\u0449\u0438\u0439 \u043a\u0440\u0435\u043c \u0434\u043b\u044f \u043a\u043e\u0436\u0438 \u0432\u043e\u043a\u0440\u0443\u0433 \u0433\u043b\u0430\u0437<\/a>.<\/li>\n<\/ul>\n<p><strong>\u0421\u041e\u0421\u0422\u0410\u0412<\/strong><\/p>\n<p><span style=\"font-size: 14px;\">AQUA (WATER), CYCLOPENTASILOXANE, SQUALANE, BUTYLENE GLYCOL, GLYCERIN, C12-15 ALKYL BENZOATE, GLYCERYL STEARATE, PEG-100 STEARATE, BUTYROSPERMUM PARKII (SHEA)BUTTER, ETHYLHEXYL METHOXYCINNAMATE, CETYL ALCOHOL, PORPHYRA UMBILICALIS EXTRACT, LAMINARIA DIGITATA EXTRACT, CRITHMUM MARITIMUM EXTRACT, ENTEROMORPHA COMPRESSA EXTRACT, ASCOPHYLLUM NODOSUM EXTRACT, FUCUS VESICULOSUS (BLADDERWRACK) EXTRACT, PHENOXYETHANOL, POLYACRYLAMIDE, PROPYLENE GLYCOL, DIMETHICONOL, C13-14 ISOPARAFFIN, PANTHENOL, TOCOPHERYL ACETATE, METHYLPARABEN, CHLORPHENESIN, XANTHAN GUM, RETINYL PALMITATE, LAURETH-7, DISODIUM EDTA, ZINC ASPARTATE, COPPER ASPARTATE, MAGNESIUM ASPARTATE, MANGANESE ASPARTATE, BIOSACCHARIDE GUM-1, METHYLPROPANEDIOL, BHT, PARFUM (FRAGRANCE), LINALOOL, HEXYL CINNAMAL, BUTYLPHENYL METHYLPROPIONAL, ASCORBYL, PALMITATE, CITRONELLOL, LIMONENE, CITRIC ACID, GERANIOL, HYDROXYISOHEXYL 3-CYCLOHEXENE CARBOXALDEHYDE, TOCOPHEROL, ALPHA-ISOMETHYL IONONE, C.I. 42090 (FD&amp;C BLUE NO.1).<\/span><\/p>\n<p><span style=\"color: #000000;\"><span style=\"font-family: Roboto, sans-serif;\"><span style=\"font-size: small;\"><span style=\"font-size: xx-small;\">990.- \u20ac\/l<\/span><\/span><\/span><\/span><\/p>","protected":false},"excerpt":{"rendered":"<p>50 \u043c\u043b<\/p>\n<p>Vitamiinide ja mikroelementidega rikastatud p\u00e4evakreem, mis rahustab ja pehmendab stressis nahka.<\/p>","protected":false},"featured_media":1855,"template":"","meta":{"om_disable_all_campaigns":false,"_monsterinsights_skip_tracking":false,"_monsterinsights_sitenote_active":false,"_monsterinsights_sitenote_note":"","_monsterinsights_sitenote_category":0,"_uf_show_specific_survey":0,"_uf_disable_surveys":false,"site-sidebar-layout":"default","site-content-layout":"","ast-site-content-layout":"default","site-content-style":"default","site-sidebar-style":"default","ast-global-header-display":"","ast-banner-title-visibility":"","ast-main-header-display":"","ast-hfb-above-header-display":"","ast-hfb-below-header-display":"","ast-hfb-mobile-header-display":"","site-post-title":"","ast-breadcrumbs-content":"","ast-featured-img":"","footer-sml-layout":"","theme-transparent-header-meta":"default","adv-header-id-meta":"","stick-header-meta":"","header-above-stick-meta":"","header-main-stick-meta":"","header-below-stick-meta":"","astra-migrate-meta-layouts":"set","ast-page-background-enabled":"default","ast-page-background-meta":{"desktop":{"background-color":"var(--ast-global-color-4)","background-image":"","background-repeat":"repeat","background-position":"center center","background-size":"auto","background-attachment":"scroll","background-type":"","background-media":"","overlay-type":"","overlay-color":"","overlay-opacity":"","overlay-gradient":""},"tablet":{"background-color":"","background-image":"","background-repeat":"repeat","background-position":"center center","background-size":"auto","background-attachment":"scroll","background-type":"","background-media":"","overlay-type":"","overlay-color":"","overlay-opacity":"","overlay-gradient":""},"mobile":{"background-color":"","background-image":"","background-repeat":"repeat","background-position":"center center","background-size":"auto","background-attachment":"scroll","background-type":"","background-media":"","overlay-type":"","overlay-color":"","overlay-opacity":"","overlay-gradient":""}},"ast-content-background-meta":{"desktop":{"background-color":"var(--ast-global-color-5)","background-image":"","background-repeat":"repeat","background-position":"center center","background-size":"auto","background-attachment":"scroll","background-type":"","background-media":"","overlay-type":"","overlay-color":"","overlay-opacity":"","overlay-gradient":""},"tablet":{"background-color":"var(--ast-global-color-5)","background-image":"","background-repeat":"repeat","background-position":"center center","background-size":"auto","background-attachment":"scroll","background-type":"","background-media":"","overlay-type":"","overlay-color":"","overlay-opacity":"","overlay-gradient":""},"mobile":{"background-color":"var(--ast-global-color-5)","background-image":"","background-repeat":"repeat","background-position":"center center","background-size":"auto","background-attachment":"scroll","background-type":"","background-media":"","overlay-type":"","overlay-color":"","overlay-opacity":"","overlay-gradient":""}}},"product_brand":[],"product_cat":[75,15],"product_tag":[],"class_list":{"0":"post-1796","1":"product","2":"type-product","3":"status-publish","4":"has-post-thumbnail","6":"product_cat-kreemid-naole","7":"product_cat-naole","8":"desktop-align-center","9":"tablet-align-left","10":"mobile-align-left","12":"first","13":"instock","14":"taxable","15":"shipping-taxable","16":"purchasable","17":"product-type-simple","18":"add-to-wishlist-before_image"},"aioseo_notices":[],"_links":{"self":[{"href":"https:\/\/kosmeetika24.eu\/ru\/wp-json\/wp\/v2\/product\/1796","targetHints":{"allow":["GET"]}}],"collection":[{"href":"https:\/\/kosmeetika24.eu\/ru\/wp-json\/wp\/v2\/product"}],"about":[{"href":"https:\/\/kosmeetika24.eu\/ru\/wp-json\/wp\/v2\/types\/product"}],"version-history":[{"count":2,"href":"https:\/\/kosmeetika24.eu\/ru\/wp-json\/wp\/v2\/product\/1796\/revisions"}],"predecessor-version":[{"id":8954,"href":"https:\/\/kosmeetika24.eu\/ru\/wp-json\/wp\/v2\/product\/1796\/revisions\/8954"}],"wp:featuredmedia":[{"embeddable":true,"href":"https:\/\/kosmeetika24.eu\/ru\/wp-json\/wp\/v2\/media\/1855"}],"wp:attachment":[{"href":"https:\/\/kosmeetika24.eu\/ru\/wp-json\/wp\/v2\/media?parent=1796"}],"wp:term":[{"taxonomy":"product_brand","embeddable":true,"href":"https:\/\/kosmeetika24.eu\/ru\/wp-json\/wp\/v2\/product_brand?post=1796"},{"taxonomy":"product_cat","embeddable":true,"href":"https:\/\/kosmeetika24.eu\/ru\/wp-json\/wp\/v2\/product_cat?post=1796"},{"taxonomy":"product_tag","embeddable":true,"href":"https:\/\/kosmeetika24.eu\/ru\/wp-json\/wp\/v2\/product_tag?post=1796"}],"curies":[{"name":"wp","href":"https:\/\/api.w.org\/{rel}","templated":true}]}}