{"id":1760,"date":"2019-11-08T11:57:34","date_gmt":"2019-11-08T11:57:34","guid":{"rendered":"https:\/\/kosmeetika24.eu\/?post_type=product&#038;p=1760"},"modified":"2025-09-16T10:36:27","modified_gmt":"2025-09-16T07:36:27","slug":"bruno-vassari-withe-brightening-lotion-2","status":"publish","type":"product","link":"https:\/\/kosmeetika24.eu\/ru\/product\/bruno-vassari-withe-brightening-lotion-2\/","title":{"rendered":"BRUNO VASSARI \u0411\u0435\u043b\u044b\u0439 \u0441\u0438\u044f\u044e\u0449\u0438\u0439 \u0442\u043e\u043d\u0438\u043a"},"content":{"rendered":"<p>V\u00e4rskendav n\u00e4ovesi Brightening Lotion sisaldab s\u00e4ra andvaid ja rahustavaid koostisosi, mis valgendavad tumedaid laike ja parandavad n\u00e4ojumet.<\/p>\n<p>Eemaldab nahapinnalt higi, saasteained ja surnud rakud, andes nahale tagasi loomuliku tooni.<\/p>\n<p>\u041f\u043e\u0434\u0445\u043e\u0434\u0438\u0442 \u0434\u043b\u044f \u0432\u0441\u0435\u0445 \u0442\u0438\u043f\u043e\u0432 \u043a\u043e\u0436\u0438 \u0441\u043e \u0441\u0442\u0430\u0440\u0435\u044e\u0449\u0435\u0439 \u043a\u043e\u0436\u0435\u0439 \u0438 \u043f\u0440\u043e\u0431\u043b\u0435\u043c\u0430\u043c\u0438 \u043f\u0438\u0433\u043c\u0435\u043d\u0442\u0430\u0446\u0438\u0438.<\/p>\n<p><strong>\u0421\u041e\u0421\u0422\u0410\u0412<\/strong><\/p>\n<ul>\n<li>\u0410\u0441\u043a\u043e\u0440\u0431\u0438\u043b\u0444\u043e\u0441\u0444\u0430\u0442 \u043d\u0430\u0442\u0440\u0438\u044f, \u0441\u0442\u0430\u0431\u0438\u043b\u0438\u0437\u0438\u0440\u043e\u0432\u0430\u043d\u043d\u0430\u044f \u0444\u043e\u0440\u043c\u0430 \u0432\u0438\u0442\u0430\u043c\u0438\u043d\u0430 \u0421.<\/li>\n<li>Dikaaliumgl\u00fcts\u00fcrritsinaat \u0444\u0440\u0430\u043a\u0446\u0438\u044f \u044d\u043a\u0441\u0442\u0440\u0430\u043a\u0442\u0430 \u0440\u0430\u0441\u0442\u0435\u043d\u0438\u0439<\/li>\n<\/ul>\n<p><strong>\u0414\u0415\u0419\u0421\u0422\u0412\u0418\u0415<\/strong><\/p>\n<ul>\n<li>\u0410\u0441\u043a\u043e\u0440\u0431\u0438\u043b\u0444\u043e\u0441\u0444\u0430\u0442 \u043d\u0430\u0442\u0440\u0438\u044f - \u044d\u0442\u043e \u0441\u0442\u0430\u0431\u0438\u043b\u0438\u0437\u0438\u0440\u043e\u0432\u0430\u043d\u043d\u043e\u0435 \u043f\u0440\u043e\u0438\u0437\u0432\u043e\u0434\u043d\u043e\u0435 \u0432\u0438\u0442\u0430\u043c\u0438\u043d\u0430 \u0421. \u041e\u043d \u043e\u0442\u0431\u0435\u043b\u0438\u0432\u0430\u0435\u0442 \u0442\u0435\u043c\u043d\u044b\u0435 \u043f\u044f\u0442\u043d\u0430 \u0438 \u043f\u0440\u0435\u0434\u043e\u0442\u0432\u0440\u0430\u0449\u0430\u0435\u0442 \u043e\u0431\u0440\u0430\u0437\u043e\u0432\u0430\u043d\u0438\u0435 \u043d\u043e\u0432\u044b\u0445. \u0412\u0438\u0442\u0430\u043c\u0438\u043d \u0421 \u0441\u043f\u043e\u0441\u043e\u0431\u0441\u0442\u0432\u0443\u0435\u0442 \u0441\u0438\u043d\u0442\u0435\u0437\u0443 \u043a\u043e\u043b\u043b\u0430\u0433\u0435\u043d\u0430 \u0438 \u0443\u043b\u0430\u0432\u043b\u0438\u0432\u0430\u0435\u0442 \u0441\u0432\u043e\u0431\u043e\u0434\u043d\u044b\u0435 \u0440\u0430\u0434\u0438\u043a\u0430\u043b\u044b.<\/li>\n<li>\u0413\u043b\u0438\u0446\u0438\u0440\u0440\u0438\u0437\u0438\u043d\u0430\u0442 \u043a\u0430\u043b\u0438\u044f \u043e\u0431\u043b\u0430\u0434\u0430\u0435\u0442 \u0441\u0435\u0434\u0430\u0442\u0438\u0432\u043d\u044b\u043c \u0438 \u0431\u0430\u043b\u0430\u043d\u0441\u0438\u0440\u0443\u044e\u0449\u0438\u043c \u0434\u0435\u0439\u0441\u0442\u0432\u0438\u0435\u043c \u043d\u0430 \u0441\u0430\u043b\u044c\u043d\u044b\u0435 \u0436\u0435\u043b\u0435\u0437\u044b.<\/li>\n<\/ul>\n<p><strong>\u0421\u041e\u0421\u0422\u0410\u0412<\/strong><\/p>\n<p>AQUA (WATER), BUTYLENE GLYCOL, GLYCERIN, PROPYLENE CLYCOL, SODIUM PCA, SODIUM CITRATE, SODIUM ASCORBYL PHOSPHATE, DIPOTASSIUM GLYCYRRHIZATE, PHENOXYETHANOL, CHLORPHENESIN, DISODIUM EDTA, METHYLPHARABEN.<\/p>","protected":false},"excerpt":{"rendered":"<p>\u0412\u043e\u0434\u0430 \u0434\u043b\u044f \u043b\u0438\u0446\u0430 \u0434\u043b\u044f \u043f\u0440\u043e\u0444\u0435\u0441\u0441\u0438\u043e\u043d\u0430\u043b\u044c\u043d\u043e\u0433\u043e \u0438\u0441\u043f\u043e\u043b\u044c\u0437\u043e\u0432\u0430\u043d\u0438\u044f \u0443\u0441\u043f\u043e\u043a\u0430\u0438\u0432\u0430\u0435\u0442 \u043f\u043e\u0432\u0435\u0440\u0445\u043d\u043e\u0441\u0442\u044c \u043a\u043e\u0436\u0438, \u043e\u0442\u0431\u0435\u043b\u0438\u0432\u0430\u0435\u0442 \u0442\u0435\u043c\u043d\u044b\u0435 \u043f\u044f\u0442\u043d\u0430 \u0438 \u0443\u043b\u0443\u0447\u0448\u0430\u0435\u0442 \u0446\u0432\u0435\u0442 \u043b\u0438\u0446\u0430.<\/p>\n<p>&nbsp;<\/p>\n<p>500 \u043c\u043b<\/p>","protected":false},"featured_media":2401,"template":"","meta":{"om_disable_all_campaigns":false,"_monsterinsights_skip_tracking":false,"_monsterinsights_sitenote_active":false,"_monsterinsights_sitenote_note":"","_monsterinsights_sitenote_category":0,"_uf_show_specific_survey":0,"_uf_disable_surveys":false,"site-sidebar-layout":"default","site-content-layout":"","ast-site-content-layout":"default","site-content-style":"default","site-sidebar-style":"default","ast-global-header-display":"","ast-banner-title-visibility":"","ast-main-header-display":"","ast-hfb-above-header-display":"","ast-hfb-below-header-display":"","ast-hfb-mobile-header-display":"","site-post-title":"","ast-breadcrumbs-content":"","ast-featured-img":"","footer-sml-layout":"","theme-transparent-header-meta":"default","adv-header-id-meta":"","stick-header-meta":"","header-above-stick-meta":"","header-main-stick-meta":"","header-below-stick-meta":"","astra-migrate-meta-layouts":"set","ast-page-background-enabled":"default","ast-page-background-meta":{"desktop":{"background-color":"var(--ast-global-color-4)","background-image":"","background-repeat":"repeat","background-position":"center center","background-size":"auto","background-attachment":"scroll","background-type":"","background-media":"","overlay-type":"","overlay-color":"","overlay-opacity":"","overlay-gradient":""},"tablet":{"background-color":"","background-image":"","background-repeat":"repeat","background-position":"center center","background-size":"auto","background-attachment":"scroll","background-type":"","background-media":"","overlay-type":"","overlay-color":"","overlay-opacity":"","overlay-gradient":""},"mobile":{"background-color":"","background-image":"","background-repeat":"repeat","background-position":"center center","background-size":"auto","background-attachment":"scroll","background-type":"","background-media":"","overlay-type":"","overlay-color":"","overlay-opacity":"","overlay-gradient":""}},"ast-content-background-meta":{"desktop":{"background-color":"var(--ast-global-color-5)","background-image":"","background-repeat":"repeat","background-position":"center center","background-size":"auto","background-attachment":"scroll","background-type":"","background-media":"","overlay-type":"","overlay-color":"","overlay-opacity":"","overlay-gradient":""},"tablet":{"background-color":"var(--ast-global-color-5)","background-image":"","background-repeat":"repeat","background-position":"center center","background-size":"auto","background-attachment":"scroll","background-type":"","background-media":"","overlay-type":"","overlay-color":"","overlay-opacity":"","overlay-gradient":""},"mobile":{"background-color":"var(--ast-global-color-5)","background-image":"","background-repeat":"repeat","background-position":"center center","background-size":"auto","background-attachment":"scroll","background-type":"","background-media":"","overlay-type":"","overlay-color":"","overlay-opacity":"","overlay-gradient":""}}},"product_brand":[],"product_cat":[108,113,121],"product_tag":[],"class_list":{"0":"post-1760","1":"product","2":"type-product","3":"status-publish","4":"has-post-thumbnail","6":"product_cat-profitooted","7":"product_cat-toonikud-profitooted","8":"product_cat-vananemisilmingutega-nahale-profitooted","9":"desktop-align-center","10":"tablet-align-left","11":"mobile-align-left","13":"first","14":"instock","15":"taxable","16":"shipping-taxable","17":"product-type-simple","18":"add-to-wishlist-before_image"},"aioseo_notices":[],"_links":{"self":[{"href":"https:\/\/kosmeetika24.eu\/ru\/wp-json\/wp\/v2\/product\/1760","targetHints":{"allow":["GET"]}}],"collection":[{"href":"https:\/\/kosmeetika24.eu\/ru\/wp-json\/wp\/v2\/product"}],"about":[{"href":"https:\/\/kosmeetika24.eu\/ru\/wp-json\/wp\/v2\/types\/product"}],"version-history":[{"count":3,"href":"https:\/\/kosmeetika24.eu\/ru\/wp-json\/wp\/v2\/product\/1760\/revisions"}],"predecessor-version":[{"id":10436,"href":"https:\/\/kosmeetika24.eu\/ru\/wp-json\/wp\/v2\/product\/1760\/revisions\/10436"}],"wp:featuredmedia":[{"embeddable":true,"href":"https:\/\/kosmeetika24.eu\/ru\/wp-json\/wp\/v2\/media\/2401"}],"wp:attachment":[{"href":"https:\/\/kosmeetika24.eu\/ru\/wp-json\/wp\/v2\/media?parent=1760"}],"wp:term":[{"taxonomy":"product_brand","embeddable":true,"href":"https:\/\/kosmeetika24.eu\/ru\/wp-json\/wp\/v2\/product_brand?post=1760"},{"taxonomy":"product_cat","embeddable":true,"href":"https:\/\/kosmeetika24.eu\/ru\/wp-json\/wp\/v2\/product_cat?post=1760"},{"taxonomy":"product_tag","embeddable":true,"href":"https:\/\/kosmeetika24.eu\/ru\/wp-json\/wp\/v2\/product_tag?post=1760"}],"curies":[{"name":"wp","href":"https:\/\/api.w.org\/{rel}","templated":true}]}}