{"id":1721,"date":"2019-11-07T10:50:45","date_gmt":"2019-11-07T10:50:45","guid":{"rendered":"https:\/\/kosmeetika24.eu\/?post_type=product&#038;p=1721"},"modified":"2025-09-16T10:18:58","modified_gmt":"2025-09-16T07:18:58","slug":"bruno-vassari-skin-comfort-refreshing-toner-2","status":"publish","type":"product","link":"https:\/\/kosmeetika24.eu\/ru\/product\/bruno-vassari-skin-comfort-refreshing-toner-2\/","title":{"rendered":"BRUNO VASSARI Skin Comfort \u043e\u0441\u0432\u0435\u0436\u0430\u044e\u0449\u0438\u0439 \u0442\u043e\u043d\u0438\u043a \u0431\u0435\u0437 \u0441\u043f\u0438\u0440\u0442\u0430"},"content":{"rendered":"<p>\u0411\u0435\u0437\u0430\u043b\u043a\u043e\u0433\u043e\u043b\u044c\u043d\u044b\u0439 \u043e\u0441\u0432\u0435\u0436\u0430\u044e\u0449\u0438\u0439 \u0442\u043e\u043d\u0438\u043a <em>Refreshing Toner<\/em> on \u00f5rnatoimeline, v\u00e4rskendav ja rahustav n\u00e4ovesi.<\/p>\n<p>See on spetsiaalselt valmistatud ilma l\u00f5hnaainete ja alkoholita, et v\u00e4rskendada, rahustada ja tasakaalustada nahka, kaitstes samas h\u00fcdrolipiidkihti.<\/p>\n<p>\u041f\u043e\u0434\u0445\u043e\u0434\u0438\u0442 \u0434\u043b\u044f \u0432\u0441\u0435\u0445 \u0442\u0438\u043f\u043e\u0432 \u043a\u043e\u0436\u0438, \u043e\u0441\u043e\u0431\u0435\u043d\u043d\u043e \u0434\u043b\u044f \u0447\u0443\u0432\u0441\u0442\u0432\u0438\u0442\u0435\u043b\u044c\u043d\u043e\u0439 \u0438 \u0441\u0443\u0445\u043e\u0439.<\/p>\n<p><strong>\u0410\u041a\u0422\u0418\u0412\u041d\u042b\u0415 \u0412\u0415\u0429\u0415\u0421\u0422\u0412\u0410<\/strong><\/p>\n<ul>\n<li>\u041a\u043e\u043c\u043f\u043b\u0435\u043a\u0441 \u044d\u043a\u0441\u0442\u0440\u0430\u043a\u0442\u043e\u0432 \u0440\u0430\u0441\u0442\u0435\u043d\u0438\u0439: \u043b\u0430\u0432\u0430\u043d\u0434\u044b, \u043b\u0438\u043f\u044b, \u043a\u0430\u043b\u0435\u043d\u0434\u0443\u043b\u044b \u0438 \u0440\u043e\u043c\u0430\u0448\u043a\u0438.<\/li>\n<li>\u0423\u0432\u043b\u0430\u0436\u043d\u044f\u044e\u0449\u0438\u0439 \u043a\u043e\u043c\u043f\u043b\u0435\u043a\u0441.<\/li>\n<\/ul>\n<p><strong>\u0414\u0415\u0419\u0421\u0422\u0412\u0418\u0415<\/strong><\/p>\n<ul>\n<li>\u0423\u0432\u043b\u0430\u0436\u043d\u044f\u044e\u0449\u0438\u0439 \u043a\u043e\u043c\u043f\u043b\u0435\u043a\u0441 \u0441 \u0433\u043b\u0438\u0446\u0435\u0440\u0438\u043d\u043e\u043c \u0438 \u0433\u043b\u0438\u043a\u043e\u043b\u0435\u043c \u0432\u043e\u0441\u0441\u0442\u0430\u043d\u0430\u0432\u043b\u0438\u0432\u0430\u0435\u0442 \u0432\u043e\u0434\u043d\u044b\u0439 \u0431\u0430\u043b\u0430\u043d\u0441 \u043a\u043e\u0436\u0438.<\/li>\n<li>\u041e\u0441\u043d\u043e\u0432\u043d\u043e\u0435 \u043d\u0430\u0437\u043d\u0430\u0447\u0435\u043d\u0438\u0435 \u043a\u043e\u043c\u043f\u043b\u0435\u043a\u0441\u0430 \u0440\u0430\u0441\u0442\u0438\u0442\u0435\u043b\u044c\u043d\u044b\u0445 \u044d\u043a\u0441\u0442\u0440\u0430\u043a\u0442\u043e\u0432 - \u043f\u0440\u0438\u0434\u0430\u0442\u044c \u0432\u043e\u0434\u0435 \u0434\u043b\u044f \u043b\u0438\u0446\u0430 \u0443\u0441\u043f\u043e\u043a\u0430\u0438\u0432\u0430\u044e\u0449\u0438\u0435 \u0438 \u043f\u0440\u043e\u0442\u0438\u0432\u043e\u0432\u043e\u0441\u043f\u0430\u043b\u0438\u0442\u0435\u043b\u044c\u043d\u044b\u0435 \u0441\u0432\u043e\u0439\u0441\u0442\u0432\u0430.<\/li>\n<\/ul>\n<p><strong>\u0421\u041e\u0421\u0422\u0410\u0412<\/strong><\/p>\n<p>AQUA ( WATER), BUTYLENE GLYCOL, GLYCERIN, HYPERICUM PERFORATIUM EXTRACT, CHAMOMILLA RECUTITA (MATRICARIA) FLOWER EXTRACT, CALENDULA OFFICINALIS FLOWER EXTRACT, ANTHEMIS NOBILIS FLOWER EXTRACT, TILIA CORDATA FLOWER EXTRACT, CENTAUREA CYANUS FLOWER EXTRACT PHENOXYETHANOL, CHLORPHENESIN, BENZOPHENONE-4,\u00a0 DISODIUM EDTA, PROPYLENE GLYCOL, SODIUM HYDROXIDE, METHYLPROPANEDIOL, C.I. 42090 (FD&amp;C BLUE NO.1), C-I- 19140 (FD&amp;C YELLOW NO.5)<\/p>","protected":false},"excerpt":{"rendered":"<p>\u0411\u0435\u0437\u0430\u043b\u043a\u043e\u0433\u043e\u043b\u044c\u043d\u0430\u044f, \u043d\u0435\u0436\u043d\u0430\u044f, \u043e\u0441\u0432\u0435\u0436\u0430\u044e\u0449\u0430\u044f \u0438 \u0443\u0441\u043f\u043e\u043a\u0430\u0438\u0432\u0430\u044e\u0449\u0430\u044f \u0432\u043e\u0434\u0430 \u0434\u043b\u044f \u043b\u0438\u0446\u0430 \u0434\u043b\u044f \u043d\u0435\u0436\u043d\u043e\u0439 \u043a\u043e\u0436\u0438 \u0434\u043b\u044f \u043f\u0440\u043e\u0444\u0435\u0441\u0441\u0438\u043e\u043d\u0430\u043b\u044c\u043d\u043e\u0433\u043e \u0438\u0441\u043f\u043e\u043b\u044c\u0437\u043e\u0432\u0430\u043d\u0438\u044f.<\/p>\n<p>&nbsp;<\/p>\n<p>500 \u043c\u043b<\/p>","protected":false},"featured_media":2419,"template":"","meta":{"om_disable_all_campaigns":false,"_monsterinsights_skip_tracking":false,"_monsterinsights_sitenote_active":false,"_monsterinsights_sitenote_note":"","_monsterinsights_sitenote_category":0,"_uf_show_specific_survey":0,"_uf_disable_surveys":false,"site-sidebar-layout":"default","site-content-layout":"","ast-site-content-layout":"default","site-content-style":"default","site-sidebar-style":"default","ast-global-header-display":"","ast-banner-title-visibility":"","ast-main-header-display":"","ast-hfb-above-header-display":"","ast-hfb-below-header-display":"","ast-hfb-mobile-header-display":"","site-post-title":"","ast-breadcrumbs-content":"","ast-featured-img":"","footer-sml-layout":"","theme-transparent-header-meta":"default","adv-header-id-meta":"","stick-header-meta":"","header-above-stick-meta":"","header-main-stick-meta":"","header-below-stick-meta":"","astra-migrate-meta-layouts":"set","ast-page-background-enabled":"default","ast-page-background-meta":{"desktop":{"background-color":"var(--ast-global-color-4)","background-image":"","background-repeat":"repeat","background-position":"center center","background-size":"auto","background-attachment":"scroll","background-type":"","background-media":"","overlay-type":"","overlay-color":"","overlay-opacity":"","overlay-gradient":""},"tablet":{"background-color":"","background-image":"","background-repeat":"repeat","background-position":"center center","background-size":"auto","background-attachment":"scroll","background-type":"","background-media":"","overlay-type":"","overlay-color":"","overlay-opacity":"","overlay-gradient":""},"mobile":{"background-color":"","background-image":"","background-repeat":"repeat","background-position":"center center","background-size":"auto","background-attachment":"scroll","background-type":"","background-media":"","overlay-type":"","overlay-color":"","overlay-opacity":"","overlay-gradient":""}},"ast-content-background-meta":{"desktop":{"background-color":"var(--ast-global-color-5)","background-image":"","background-repeat":"repeat","background-position":"center center","background-size":"auto","background-attachment":"scroll","background-type":"","background-media":"","overlay-type":"","overlay-color":"","overlay-opacity":"","overlay-gradient":""},"tablet":{"background-color":"var(--ast-global-color-5)","background-image":"","background-repeat":"repeat","background-position":"center center","background-size":"auto","background-attachment":"scroll","background-type":"","background-media":"","overlay-type":"","overlay-color":"","overlay-opacity":"","overlay-gradient":""},"mobile":{"background-color":"var(--ast-global-color-5)","background-image":"","background-repeat":"repeat","background-position":"center center","background-size":"auto","background-attachment":"scroll","background-type":"","background-media":"","overlay-type":"","overlay-color":"","overlay-opacity":"","overlay-gradient":""}}},"product_brand":[],"product_cat":[108,113],"product_tag":[],"class_list":{"0":"post-1721","1":"product","2":"type-product","3":"status-publish","4":"has-post-thumbnail","6":"product_cat-profitooted","7":"product_cat-toonikud-profitooted","8":"desktop-align-center","9":"tablet-align-left","10":"mobile-align-left","12":"first","13":"instock","14":"taxable","15":"shipping-taxable","16":"product-type-simple","17":"add-to-wishlist-before_image"},"aioseo_notices":[],"_links":{"self":[{"href":"https:\/\/kosmeetika24.eu\/ru\/wp-json\/wp\/v2\/product\/1721","targetHints":{"allow":["GET"]}}],"collection":[{"href":"https:\/\/kosmeetika24.eu\/ru\/wp-json\/wp\/v2\/product"}],"about":[{"href":"https:\/\/kosmeetika24.eu\/ru\/wp-json\/wp\/v2\/types\/product"}],"version-history":[{"count":4,"href":"https:\/\/kosmeetika24.eu\/ru\/wp-json\/wp\/v2\/product\/1721\/revisions"}],"predecessor-version":[{"id":10430,"href":"https:\/\/kosmeetika24.eu\/ru\/wp-json\/wp\/v2\/product\/1721\/revisions\/10430"}],"wp:featuredmedia":[{"embeddable":true,"href":"https:\/\/kosmeetika24.eu\/ru\/wp-json\/wp\/v2\/media\/2419"}],"wp:attachment":[{"href":"https:\/\/kosmeetika24.eu\/ru\/wp-json\/wp\/v2\/media?parent=1721"}],"wp:term":[{"taxonomy":"product_brand","embeddable":true,"href":"https:\/\/kosmeetika24.eu\/ru\/wp-json\/wp\/v2\/product_brand?post=1721"},{"taxonomy":"product_cat","embeddable":true,"href":"https:\/\/kosmeetika24.eu\/ru\/wp-json\/wp\/v2\/product_cat?post=1721"},{"taxonomy":"product_tag","embeddable":true,"href":"https:\/\/kosmeetika24.eu\/ru\/wp-json\/wp\/v2\/product_tag?post=1721"}],"curies":[{"name":"wp","href":"https:\/\/api.w.org\/{rel}","templated":true}]}}