{"id":1707,"date":"2019-11-07T12:33:56","date_gmt":"2019-11-07T12:33:56","guid":{"rendered":"https:\/\/kosmeetika24.eu\/?post_type=product&#038;p=1707"},"modified":"2026-04-01T14:20:00","modified_gmt":"2026-04-01T11:20:00","slug":"bruno-vassari-skin-comfort-eye-contour-gel-cream","status":"publish","type":"product","link":"https:\/\/kosmeetika24.eu\/ru\/product\/bruno-vassari-skin-comfort-eye-contour-gel-cream\/","title":{"rendered":"BRUNO VASSARI Skin Comfort \u041a\u0440\u0435\u043c \u0434\u043b\u044f \u0443\u0445\u043e\u0434\u0430 \u0437\u0430 \u043a\u043e\u0436\u0435\u0439 \u0432\u043e\u043a\u0440\u0443\u0433 \u0433\u043b\u0430\u0437, \u0434\u043b\u044f \u0447\u0443\u0432\u0441\u0442\u0432\u0438\u0442\u0435\u043b\u044c\u043d\u043e\u0439 \u043a\u043e\u0436\u0438"},"content":{"rendered":"<p>\u041a\u0440\u0435\u043c \u0434\u043b\u044f \u0433\u043b\u0430\u0437 <em>Eye Contour Gel-Cream<\/em> sobib \u00f5hukese naha intensiivseks taastamiseks ning tasakaalustamiseks.<\/p>\n<p>Taimeekstraktid ja aktiivsed aminohapped aitavad k\u00f5rvaldada silmade \u00fcmbruse turset ja tumedate ringide m\u00f5ju.<\/p>\n<p>\u041f\u043e\u0434\u0445\u043e\u0434\u0438\u0442 \u0434\u043b\u044f \u0447\u0443\u0432\u0441\u0442\u0432\u0438\u0442\u0435\u043b\u044c\u043d\u043e\u0439 \u043a\u043e\u0436\u0438.<\/p>\n<p><strong>\u0421\u041e\u0421\u0422\u0410\u0412<\/strong><\/p>\n<ul>\n<li>H\u00fcdroks\u00fcprolisilaan<\/li>\n<li>\u0410\u0446\u0435\u0442\u0430\u0442 \u0432\u0438\u0442\u0430\u043c\u0438\u043d\u0430 \u0415<\/li>\n<li>\u201eSoft Focus\u201c<\/li>\n<li>\u042d\u043a\u0441\u0442\u0440\u0430\u043a\u0442 \u0437\u0435\u043b\u0435\u043d\u043e\u0433\u043e \u0447\u0430\u044f<\/li>\n<\/ul>\n<p><strong>\u0414\u0415\u0419\u0421\u0422\u0412\u0418\u0415<\/strong><\/p>\n<ul>\n<li>\u0413\u0438\u0434\u0440\u043e\u043a\u0441\u0438\u043f\u0440\u043e\u043b\u0438\u0441\u0438\u043b\u0430\u043d \u0443\u0441\u043a\u043e\u0440\u044f\u0435\u0442 \u043e\u0431\u043d\u043e\u0432\u043b\u0435\u043d\u0438\u0435 \u043a\u043b\u0435\u0442\u043e\u043a \u0438 \u043f\u043e\u0434\u0442\u044f\u0433\u0438\u0432\u0430\u0435\u0442 \u043a\u043e\u0436\u0443.<\/li>\n<li>\u0410\u0446\u0435\u0442\u0430\u0442 \u0432\u0438\u0442\u0430\u043c\u0438\u043d\u0430 \u0415 \u0437\u0430\u0449\u0438\u0449\u0430\u0435\u0442 \u043e\u0442 \u043f\u043e\u0432\u0440\u0435\u0436\u0434\u0435\u043d\u0438\u0439, \u0432\u044b\u0437\u0432\u0430\u043d\u043d\u044b\u0445 \u0423\u0424-\u0438\u0437\u043b\u0443\u0447\u0435\u043d\u0438\u0435\u043c, \u0442\u0430\u043a\u0438\u0445 \u043a\u0430\u043a \u044d\u0440\u0438\u0442\u0435\u043c\u0430, \u043c\u043e\u0440\u0449\u0438\u043d\u044b, \u0443\u0432\u0435\u043b\u0438\u0447\u0435\u043d\u0438\u0435 \u0442\u043e\u043b\u0449\u0438\u043d\u044b \u043a\u043e\u0436\u0438 \u0438 \u043e\u0431\u0449\u0435\u0435 \u0444\u043e\u0442\u043e\u0441\u0442\u0430\u0440\u0435\u043d\u0438\u0435.<\/li>\n<li>\u201eSoft focus\u201c - \u044d\u0442\u043e \u043c\u0438\u043a\u0440\u043e\u0447\u0430\u0441\u0442\u0438\u0446\u044b, \u0440\u0430\u0441\u0441\u0435\u0438\u0432\u0430\u044e\u0449\u0438\u0435 \u043e\u043f\u0442\u0438\u0447\u0435\u0441\u043a\u0438\u0439 \u0441\u0432\u0435\u0442 \u0432 \u043c\u043e\u0440\u0449\u0438\u043d\u0430\u0445. \u041e\u043d\u0438 \u0438\u0437\u043c\u0435\u043d\u044f\u044e\u0442 \u043f\u043e\u043a\u0430\u0437\u0430\u0442\u0435\u043b\u044c \u043e\u0442\u0440\u0430\u0436\u0435\u043d\u0438\u044f \u0441\u0432\u0435\u0442\u0430, \u0441\u043e\u0437\u0434\u0430\u0432\u0430\u044f \u043e\u043f\u0442\u0438\u0447\u0435\u0441\u043a\u0438\u0439 \u044d\u0444\u0444\u0435\u043a\u0442, \u0441\u0432\u043e\u0434\u044f\u0449\u0438\u0439 \u043a \u043c\u0438\u043d\u0438\u043c\u0443\u043c\u0443 \u043f\u043e\u044f\u0432\u043b\u0435\u043d\u0438\u0435 \u0442\u043e\u043d\u043a\u0438\u0445 \u043b\u0438\u043d\u0438\u0439.<\/li>\n<li>\u042d\u043a\u0441\u0442\u0440\u0430\u043a\u0442 \u0437\u0435\u043b\u0435\u043d\u043e\u0433\u043e \u0447\u0430\u044f \u044f\u0432\u043b\u044f\u0435\u0442\u0441\u044f \u043e\u0447\u0435\u043d\u044c \u0445\u043e\u0440\u043e\u0448\u0438\u043c \u043f\u0440\u0438\u0440\u043e\u0434\u043d\u044b\u043c \u0430\u043d\u0442\u0438\u043e\u043a\u0441\u0438\u0434\u0430\u043d\u0442\u043e\u043c, \u0441\u043e\u0434\u0435\u0440\u0436\u0438\u0442 \u043f\u043e\u043b\u0438\u0444\u0435\u043d\u043e\u043b\u044b \u0441 \u043f\u0440\u043e\u0442\u0438\u0432\u043e\u0432\u043e\u0441\u043f\u0430\u043b\u0438\u0442\u0435\u043b\u044c\u043d\u044b\u043c \u0434\u0435\u0439\u0441\u0442\u0432\u0438\u0435\u043c, \u043e\u043d\u0438 \u0437\u0430\u0449\u0438\u0449\u0430\u044e\u0442 \u043e\u0442 \u043f\u043e\u0432\u0440\u0435\u0436\u0434\u0435\u043d\u0438\u0439, \u0432\u044b\u0437\u0432\u0430\u043d\u043d\u044b\u0445 \u0423\u0424-\u0438\u0437\u043b\u0443\u0447\u0435\u043d\u0438\u0435\u043c.<\/li>\n<\/ul>\n<p><strong>\u0418\u0421\u041f\u041e\u041b\u042c\u0417\u041e\u0412\u0410\u041d\u0418\u0415<\/strong><\/p>\n<ul>\n<li>\u041a\u0440\u0435\u043c \u0434\u043b\u044f \u0443\u0445\u043e\u0434\u0430 \u0437\u0430 \u0433\u043b\u0430\u0437\u0430\u043c\u0438 \u043d\u0430\u043d\u0435\u0441\u0442\u0438 \u043d\u0430 \u043e\u0447\u0438\u0449\u0435\u043d\u043d\u0443\u044e \u043a\u043e\u0436\u0443 \u0432\u043e\u043a\u0440\u0443\u0433 \u0433\u043b\u0430\u0437 \u043b\u0435\u0433\u043a\u0438\u043c\u0438 \u043c\u0430\u0441\u0441\u0438\u0440\u0443\u044e\u0449\u0438\u043c\u0438 \u0434\u0432\u0438\u0436\u0435\u043d\u0438\u044f\u043c\u0438. \u041f\u043e\u0434\u0445\u043e\u0434\u0438\u0442 \u043a\u0430\u043a \u0434\u043b\u044f \u0443\u0442\u0440\u0435\u043d\u043d\u0435\u0433\u043e, \u0442\u0430\u043a \u0438 \u0434\u043b\u044f \u0432\u0435\u0447\u0435\u0440\u043d\u0435\u0433\u043e \u0438\u0441\u043f\u043e\u043b\u044c\u0437\u043e\u0432\u0430\u043d\u0438\u044f.<\/li>\n<\/ul>\n<p><strong>\u0421\u041e\u0421\u0422\u0410\u0412<\/strong><\/p>\n<p><span style=\"font-size: 14px;\">AQUA (WATER), GLYCERIN, ETHYLENE\/ACRYLIC ACID COPOLYMER, METHYLSILANOL HYDROXYPROLINE ASPARTATE, HYDROGENATED POLYISOBUTENE, SALICYTIC ACID, CAMELLIA SINENSIS LEAF EXTRACT, LACTIC ACID, TOCOPHERYL ACETATE, LECITHIN, HYDROGENATED LECITHIN, POLYMETHYL METHACRYLATE, TRIETHANOLAMINE, STEARYL HEPTANOATE, CARBOMER, PHENOXYETHANOL, PARAFFINUM LIQUIDUM (MINERAL OIL), PROPYLENE GLYCOL, CHLORPHENESIN, GLYCERYL ACRYLATE\/ACRYLIC ACID COPOLYMER, METHYLPARABEN, PROPYLPARABEN, POTASSIUM SORBATE, EDTA, SODIUM METHYLPARABEN, TOCOPHEROL, SODIUM BENZOATE, SODIUM METABISULFITE.<\/span><\/p>","protected":false},"excerpt":{"rendered":"<p>\u041b\u0435\u0433\u043a\u0438\u0439 \u0430\u043d\u0442\u0438\u0432\u043e\u0437\u0440\u0430\u0441\u0442\u043d\u043e\u0439 \u043a\u0440\u0435\u043c-\u0433\u0435\u043b\u044c \u0434\u043b\u044f \u0447\u0443\u0432\u0441\u0442\u0432\u0438\u0442\u0435\u043b\u044c\u043d\u043e\u0439 \u043a\u043e\u0436\u0438 \u0434\u043b\u044f \u0443\u0445\u043e\u0434\u0430 \u0437\u0430 \u0433\u043b\u0430\u0437\u0430\u043c\u0438.<\/p>\n<p>\u0423\u043c\u0435\u043d\u044c\u0448\u0430\u0435\u0442 \u043f\u0440\u0438\u0437\u043d\u0430\u043a\u0438 \u0443\u0441\u0442\u0430\u043b\u043e\u0441\u0442\u0438, \u043c\u043e\u0440\u0449\u0438\u043d\u044b \u0438 \u0442\u0435\u043c\u043d\u044b\u0435 \u043a\u0440\u0443\u0433\u0438 \u043f\u043e\u0434 \u0433\u043b\u0430\u0437\u0430\u043c\u0438.<\/p>\n<p>\u0423\u043b\u0443\u0447\u0448\u0430\u0435\u0442 \u043a\u0440\u043e\u0432\u043e\u043e\u0431\u0440\u0430\u0449\u0435\u043d\u0438\u0435 \u0438 \u043b\u0438\u043c\u0444\u043e\u043e\u0431\u0440\u0430\u0449\u0435\u043d\u0438\u0435.<\/p>\n<p>15 \u043c\u043b<\/p>","protected":false},"featured_media":6549,"template":"","meta":{"om_disable_all_campaigns":false,"_monsterinsights_skip_tracking":false,"_monsterinsights_sitenote_active":false,"_monsterinsights_sitenote_note":"","_monsterinsights_sitenote_category":0,"_uf_show_specific_survey":0,"_uf_disable_surveys":false,"site-sidebar-layout":"default","site-content-layout":"","ast-site-content-layout":"default","site-content-style":"default","site-sidebar-style":"default","ast-global-header-display":"","ast-banner-title-visibility":"","ast-main-header-display":"","ast-hfb-above-header-display":"","ast-hfb-below-header-display":"","ast-hfb-mobile-header-display":"","site-post-title":"","ast-breadcrumbs-content":"","ast-featured-img":"","footer-sml-layout":"","theme-transparent-header-meta":"default","adv-header-id-meta":"","stick-header-meta":"","header-above-stick-meta":"","header-main-stick-meta":"","header-below-stick-meta":"","astra-migrate-meta-layouts":"set","ast-page-background-enabled":"default","ast-page-background-meta":{"desktop":{"background-color":"var(--ast-global-color-4)","background-image":"","background-repeat":"repeat","background-position":"center center","background-size":"auto","background-attachment":"scroll","background-type":"","background-media":"","overlay-type":"","overlay-color":"","overlay-opacity":"","overlay-gradient":""},"tablet":{"background-color":"","background-image":"","background-repeat":"repeat","background-position":"center center","background-size":"auto","background-attachment":"scroll","background-type":"","background-media":"","overlay-type":"","overlay-color":"","overlay-opacity":"","overlay-gradient":""},"mobile":{"background-color":"","background-image":"","background-repeat":"repeat","background-position":"center center","background-size":"auto","background-attachment":"scroll","background-type":"","background-media":"","overlay-type":"","overlay-color":"","overlay-opacity":"","overlay-gradient":""}},"ast-content-background-meta":{"desktop":{"background-color":"var(--ast-global-color-5)","background-image":"","background-repeat":"repeat","background-position":"center center","background-size":"auto","background-attachment":"scroll","background-type":"","background-media":"","overlay-type":"","overlay-color":"","overlay-opacity":"","overlay-gradient":""},"tablet":{"background-color":"var(--ast-global-color-5)","background-image":"","background-repeat":"repeat","background-position":"center center","background-size":"auto","background-attachment":"scroll","background-type":"","background-media":"","overlay-type":"","overlay-color":"","overlay-opacity":"","overlay-gradient":""},"mobile":{"background-color":"var(--ast-global-color-5)","background-image":"","background-repeat":"repeat","background-position":"center center","background-size":"auto","background-attachment":"scroll","background-type":"","background-media":"","overlay-type":"","overlay-color":"","overlay-opacity":"","overlay-gradient":""}}},"product_brand":[],"product_cat":[50,15,81],"product_tag":[],"class_list":{"0":"post-1707","1":"product","2":"type-product","3":"status-publish","4":"has-post-thumbnail","6":"product_cat-kampaaniad","7":"product_cat-naole","8":"product_cat-silmahooldus","9":"desktop-align-center","10":"tablet-align-left","11":"mobile-align-left","13":"first","14":"instock","15":"sale","16":"taxable","17":"shipping-taxable","18":"purchasable","19":"product-type-simple","20":"add-to-wishlist-before_image"},"aioseo_notices":[],"_links":{"self":[{"href":"https:\/\/kosmeetika24.eu\/ru\/wp-json\/wp\/v2\/product\/1707","targetHints":{"allow":["GET"]}}],"collection":[{"href":"https:\/\/kosmeetika24.eu\/ru\/wp-json\/wp\/v2\/product"}],"about":[{"href":"https:\/\/kosmeetika24.eu\/ru\/wp-json\/wp\/v2\/types\/product"}],"version-history":[{"count":2,"href":"https:\/\/kosmeetika24.eu\/ru\/wp-json\/wp\/v2\/product\/1707\/revisions"}],"predecessor-version":[{"id":6550,"href":"https:\/\/kosmeetika24.eu\/ru\/wp-json\/wp\/v2\/product\/1707\/revisions\/6550"}],"wp:featuredmedia":[{"embeddable":true,"href":"https:\/\/kosmeetika24.eu\/ru\/wp-json\/wp\/v2\/media\/6549"}],"wp:attachment":[{"href":"https:\/\/kosmeetika24.eu\/ru\/wp-json\/wp\/v2\/media?parent=1707"}],"wp:term":[{"taxonomy":"product_brand","embeddable":true,"href":"https:\/\/kosmeetika24.eu\/ru\/wp-json\/wp\/v2\/product_brand?post=1707"},{"taxonomy":"product_cat","embeddable":true,"href":"https:\/\/kosmeetika24.eu\/ru\/wp-json\/wp\/v2\/product_cat?post=1707"},{"taxonomy":"product_tag","embeddable":true,"href":"https:\/\/kosmeetika24.eu\/ru\/wp-json\/wp\/v2\/product_tag?post=1707"}],"curies":[{"name":"wp","href":"https:\/\/api.w.org\/{rel}","templated":true}]}}