{"id":10714,"date":"2025-12-22T15:44:23","date_gmt":"2025-12-22T12:44:23","guid":{"rendered":"https:\/\/kosmeetika24.eu\/?post_type=product&#038;p=10714"},"modified":"2026-03-02T12:37:45","modified_gmt":"2026-03-02T09:37:45","slug":"dalton-high-concentrates-retinol-serum-15ml","status":"publish","type":"product","link":"https:\/\/kosmeetika24.eu\/ru\/product\/dalton-high-concentrates-retinol-serum-15ml\/","title":{"rendered":"Dalton \u2013 High Concentrates \u2013 \u0421\u044b\u0432\u043e\u0440\u043e\u0442\u043a\u0430 \u0441 \u0440\u0435\u0442\u0438\u043d\u043e\u043b\u043e\u043c 10 \u043c\u043b"},"content":{"rendered":"<p><strong>\u0418\u0441\u043f\u043e\u043b\u044c\u0437\u043e\u0432\u0430\u043d\u0438\u0435:<\/strong><br \/>\n\u041d\u0430\u043d\u043e\u0441\u0438\u0442\u0435 \u043d\u0430 \u043e\u0447\u0438\u0449\u0435\u043d\u043d\u0443\u044e \u043a\u043e\u0436\u0443 \u0432\u0435\u0447\u0435\u0440\u043e\u043c 3\u20134 \u0440\u0430\u0437\u0430 \u0432 \u043d\u0435\u0434\u0435\u043b\u044e, \u0437\u0430\u0442\u0435\u043c \u0438\u0441\u043f\u043e\u043b\u044c\u0437\u0443\u0439\u0442\u0435 \u0441\u0432\u043e\u0439 \u0443\u0432\u043b\u0430\u0436\u043d\u044f\u044e\u0449\u0438\u0439 \u043a\u0440\u0435\u043c. \u0412 \u043a\u0430\u0447\u0435\u0441\u0442\u0432\u0435 \u0430\u043b\u044c\u0442\u0435\u0440\u043d\u0430\u0442\u0438\u0432\u044b \u043c\u043e\u0436\u043d\u043e \u0441\u043c\u0435\u0448\u0430\u0442\u044c 2\u20133 \u043a\u0430\u043f\u043b\u0438 \u043d\u0435\u043f\u043e\u0441\u0440\u0435\u0434\u0441\u0442\u0432\u0435\u043d\u043d\u043e \u0441 \u043a\u0440\u0435\u043c\u043e\u043c.<\/p>\n<p>\u041a\u043e\u043c\u0431\u0438\u043d\u0430\u0446\u0438\u044f \u0440\u0435\u0442\u0438\u043d\u043e\u043b\u0430, \u0440\u0435\u0442\u0438\u043d\u0430\u043b\u044f \u0438 \u043c\u043e\u0440\u0441\u043a\u043e\u0433\u043e \u044d\u043a\u0432\u0438\u0432\u0430\u043b\u0435\u043d\u0442\u0430 \u0432\u0438\u0442\u0430\u043c\u0438\u043d\u0430 A (\u044d\u043a\u0441\u0442\u0440\u0430\u043a\u0442 \u043c\u043e\u0440\u0441\u043a\u043e\u0439 \u0432\u043e\u0434\u043e\u0440\u043e\u0441\u043b\u0438) \u043e\u0431\u0435\u0441\u043f\u0435\u0447\u0438\u0432\u0430\u0435\u0442 \u043a\u043e\u0436\u0435 \u044d\u0444\u0444\u0435\u043a\u0442\u0438\u0432\u043d\u043e\u0435 \u0441\u0438\u043d\u0435\u0440\u0433\u0435\u0442\u0438\u0447\u0435\u0441\u043a\u043e\u0435 \u0434\u0435\u0439\u0441\u0442\u0432\u0438\u0435. \u042d\u0442\u043e \u043f\u043e\u0442\u043e\u043c\u0443, \u0447\u0442\u043e \u043c\u044b \u0443\u0434\u0435\u043b\u044f\u0435\u043c \u043e\u0434\u0438\u043d\u0430\u043a\u043e\u0432\u043e\u0435 \u0432\u043d\u0438\u043c\u0430\u043d\u0438\u0435 \u043a\u0430\u043a \u043c\u044f\u0433\u043a\u043e\u0441\u0442\u0438, \u0442\u0430\u043a \u0438 \u043c\u0430\u043a\u0441\u0438\u043c\u0430\u043b\u044c\u043d\u043e\u0439 \u044d\u0444\u0444\u0435\u043a\u0442\u0438\u0432\u043d\u043e\u0441\u0442\u0438. \u042d\u0442\u0430 \u0430\u043d\u0442\u0438\u0432\u043e\u0437\u0440\u0430\u0441\u0442\u043d\u0430\u044f \u0441\u044b\u0432\u043e\u0440\u043e\u0442\u043a\u0430 \u2014 \u043b\u0443\u0447\u0448\u0435\u0435 \u0434\u043e\u043a\u0430\u0437\u0430\u0442\u0435\u043b\u044c\u0441\u0442\u0432\u043e \u0442\u043e\u0433\u043e, \u0447\u0442\u043e \u0432\u0430\u0436\u0435\u043d \u043d\u0435 \u0442\u043e\u043b\u044c\u043a\u043e \u0432\u044b\u0441\u043e\u043a\u0438\u0439 \u0443\u0440\u043e\u0432\u0435\u043d\u044c \u043e\u0434\u043d\u043e\u0433\u043e \u0430\u043a\u0442\u0438\u0432\u043d\u043e\u0433\u043e \u0438\u043d\u0433\u0440\u0435\u0434\u0438\u0435\u043d\u0442\u0430 \u2014 \u0440\u0435\u0442\u0438\u043d\u043e\u043b\u0430. \u0418\u043d\u043d\u043e\u0432\u0430\u0446\u0438\u043e\u043d\u043d\u0430\u044f \u043a\u043e\u043c\u0431\u0438\u043d\u0430\u0446\u0438\u044f \u0442\u0440\u0451\u0445 \u0440\u0430\u0437\u043b\u0438\u0447\u043d\u044b\u0445 \u0430\u043a\u0442\u0438\u0432\u043d\u044b\u0445 \u043a\u043e\u043c\u043f\u043e\u043d\u0435\u043d\u0442\u043e\u0432 \u0434\u0435\u043b\u0430\u0435\u0442 \u043d\u0430\u0448 \u043f\u0440\u043e\u0434\u0443\u043a\u0442 \u043e\u0441\u043e\u0431\u0435\u043d\u043d\u044b\u043c \u043f\u043e \u0441\u0440\u0430\u0432\u043d\u0435\u043d\u0438\u044e \u0441 \u0434\u0440\u0443\u0433\u0438\u043c\u0438 \u0441\u044b\u0432\u043e\u0440\u043e\u0442\u043a\u0430\u043c\u0438 \u0441 \u0440\u0435\u0442\u0438\u043d\u043e\u043b\u043e\u043c.<\/p>\n<p>\u042d\u0442\u0438 \u0430\u043d\u0442\u0438\u0432\u043e\u0437\u0440\u0430\u0441\u0442\u043d\u044b\u0435 \u0438\u043d\u0433\u0440\u0435\u0434\u0438\u0435\u043d\u0442\u044b \u043f\u043e\u0434\u0434\u0435\u0440\u0436\u0438\u0432\u0430\u044e\u0442 \u043e\u0431\u043d\u043e\u0432\u043b\u0435\u043d\u0438\u0435 \u043a\u043b\u0435\u0442\u043e\u043a \u0438 \u0440\u0435\u0433\u0435\u043d\u0435\u0440\u0430\u0446\u0438\u044e \u043a\u043e\u0436\u0438, \u043e\u0434\u043d\u043e\u0432\u0440\u0435\u043c\u0435\u043d\u043d\u043e \u0443\u043c\u0435\u043d\u044c\u0448\u0430\u044f \u0433\u0438\u043f\u0435\u0440\u043f\u0438\u0433\u043c\u0435\u043d\u0442\u0430\u0446\u0438\u044e, \u043c\u0435\u043b\u043a\u0438\u0435 \u043b\u0438\u043d\u0438\u0438 \u0438 \u043c\u043e\u0440\u0449\u0438\u043d\u044b. \u041e\u043d\u0438 \u0441\u0442\u0438\u043c\u0443\u043b\u0438\u0440\u0443\u044e\u0442 \u0432\u044b\u0440\u0430\u0431\u043e\u0442\u043a\u0443 \u0433\u0438\u0430\u043b\u0443\u0440\u043e\u043d\u043e\u0432\u043e\u0439 \u043a\u0438\u0441\u043b\u043e\u0442\u044b, \u0447\u0442\u043e \u0443\u043b\u0443\u0447\u0448\u0430\u0435\u0442 \u0443\u043f\u0440\u0443\u0433\u043e\u0441\u0442\u044c \u043a\u043e\u0436\u0438. \u0412 \u0442\u043e \u0436\u0435 \u0432\u0440\u0435\u043c\u044f \u0441\u044b\u0432\u043e\u0440\u043e\u0442\u043a\u0430 \u0441 \u0440\u0435\u0442\u0438\u043d\u043e\u043b\u043e\u043c \u0443\u043b\u0443\u0447\u0448\u0430\u0435\u0442 \u0442\u043e\u043d \u043a\u043e\u0436\u0438, \u043c\u0438\u043d\u0438\u043c\u0438\u0437\u0438\u0440\u0443\u044f \u0432\u0438\u0434\u0438\u043c\u043e\u0441\u0442\u044c \u0442\u0451\u043c\u043d\u044b\u0445 \u043f\u044f\u0442\u0435\u043d, \u0441\u043b\u0435\u0434\u043e\u0432 \u043e\u0442 \u0430\u043a\u043d\u0435 \u0438 \u0434\u0440\u0443\u0433\u0438\u0445 \u043c\u0435\u043b\u043a\u0438\u0445 \u043d\u0435\u0440\u043e\u0432\u043d\u043e\u0441\u0442\u0435\u0439. \u041f\u043e\u043f\u0440\u043e\u0431\u0443\u0439\u0442\u0435 \u0441\u0430\u043c\u0438 \u2014 \u044d\u0442\u0430 \u043c\u043d\u043e\u0433\u043e\u0444\u0443\u043d\u043a\u0446\u0438\u043e\u043d\u0430\u043b\u044c\u043d\u0430\u044f \u0441\u044b\u0432\u043e\u0440\u043e\u0442\u043a\u0430 \u0441 \u0440\u0435\u0442\u0438\u043d\u043e\u043b\u043e\u043c \u0434\u0435\u0439\u0441\u0442\u0432\u0438\u0442\u0435\u043b\u044c\u043d\u043e \u043f\u0440\u0435\u0434\u043b\u0430\u0433\u0430\u0435\u0442 \u0432\u0441\u0451! \u041e\u0441\u043e\u0431\u0435\u043d\u043d\u043e \u043f\u043e\u0434\u0445\u043e\u0434\u0438\u0442 \u0434\u043b\u044f \u043d\u043e\u0440\u043c\u0430\u043b\u044c\u043d\u043e\u0439 \u0438 \u0436\u0438\u0440\u043d\u043e\u0439 \u043a\u043e\u0436\u0438.<\/p>\n<p><strong>\u0421\u043e\u0441\u0442\u0430\u0432:<br \/>\n<\/strong>Aqua\/Water, Caprylic Capric Triglyceride, Methylpropanediol, Xanthan Gum, Retinal, Retinol, Maris Aqua\/Sea Water, Crithmum Maritimum Extract, Glyceryl Oleate, Hydrogenated Vegetable Oil, Glyceryl Palmitate, Cellulose, Tocopherol, Glyceryl Stearate, Propanediol, Ethylhexylglycerin, Tetrasodium Glutamate Diacetate, Glyceryl Linoleate, Glyceryl Linolenate, Helianthus Annuus (Sunflower) Seed Oil, Cetyl Palmitate, Lactic Acid, Lauryl Glucoside, Sodium Hydroxide, Sorbitan Stearate, Hydrogenated Lecithin, Phenoxyethanol, Glycine Soja (Soybean) Oil, Citric Acid, Caprylyl Glycol, Sodium Lactate<\/p>","protected":false},"excerpt":{"rendered":"<p><span style=\"font-size: 16px;\">Kiiresti imenduv retinoolseerum<\/span><\/p>\n<div class=\"text-base my-auto mx-auto pb-10 [--thread-content-margin:--spacing(4)] @w-sm\/main:[--thread-content-margin:--spacing(6)] @w-lg\/main:[--thread-content-margin:--spacing(16)] px-(--thread-content-margin)\">\n<div class=\"[--thread-content-max-width:40rem] @w-lg\/main:[--thread-content-max-width:48rem] mx-auto max-w-(--thread-content-max-width) flex-1 group\/turn-messages focus-visible:outline-hidden relative flex w-full min-w-0 flex-col agent-turn\" tabindex=\"-1\">\n<div class=\"flex max-w-full flex-col grow\">\n<div class=\"min-h-8 text-message relative flex w-full flex-col items-end gap-2 text-start break-words whitespace-normal [.text-message+&amp;]:mt-1\" dir=\"auto\" data-message-author-role=\"assistant\" data-message-id=\"7ef26fcb-41d9-4505-b339-8eb192027386\" data-message-model-slug=\"gpt-5-mini\">\n<div class=\"flex w-full flex-col gap-1 empty:hidden first:pt-[1px]\">\n<div class=\"markdown prose dark:prose-invert w-full break-words light markdown-new-styling\">\n<p data-start=\"0\" data-end=\"349\" data-is-last-node=\"\" data-is-only-node=\"\">Kiirendab rakkude uuenemist ja taastumist<br data-start=\"75\" data-end=\"78\" \/>Siledad kortsud<br data-start=\"93\" data-end=\"96\" \/>Parandab naha tooni ja tekstuuri<br data-start=\"128\" data-end=\"131\" \/>V\u00e4hendab tumedaid plekke ja aknej\u00e4lgi<br data-start=\"168\" data-end=\"171\" \/>Sisaldab retinooli ja merep\u00f5hist A-vitamiini ekvivalenti<br data-start=\"227\" data-end=\"230\" \/>95% looduslikke koostisosi<br data-start=\"256\" data-end=\"259\" \/>L\u00f5hnatu, ilma v\u00e4rvainete, mikroplastiku, silikoonide, PEG-i, mineraal\u00f5li v\u00f5i parabeenideta<\/p>\n<\/div>\n<\/div>\n<\/div>\n<\/div>\n<\/div>\n<\/div>\n","protected":false},"featured_media":10717,"template":"","meta":{"om_disable_all_campaigns":false,"_monsterinsights_skip_tracking":false,"_monsterinsights_sitenote_active":false,"_monsterinsights_sitenote_note":"","_monsterinsights_sitenote_category":0,"_uf_show_specific_survey":0,"_uf_disable_surveys":false,"site-sidebar-layout":"default","site-content-layout":"","ast-site-content-layout":"default","site-content-style":"default","site-sidebar-style":"default","ast-global-header-display":"","ast-banner-title-visibility":"","ast-main-header-display":"","ast-hfb-above-header-display":"","ast-hfb-below-header-display":"","ast-hfb-mobile-header-display":"","site-post-title":"","ast-breadcrumbs-content":"","ast-featured-img":"","footer-sml-layout":"","theme-transparent-header-meta":"default","adv-header-id-meta":"","stick-header-meta":"","header-above-stick-meta":"","header-main-stick-meta":"","header-below-stick-meta":"","astra-migrate-meta-layouts":"set","ast-page-background-enabled":"default","ast-page-background-meta":{"desktop":{"background-color":"var(--ast-global-color-4)","background-image":"","background-repeat":"repeat","background-position":"center center","background-size":"auto","background-attachment":"scroll","background-type":"","background-media":"","overlay-type":"","overlay-color":"","overlay-opacity":"","overlay-gradient":""},"tablet":{"background-color":"","background-image":"","background-repeat":"repeat","background-position":"center center","background-size":"auto","background-attachment":"scroll","background-type":"","background-media":"","overlay-type":"","overlay-color":"","overlay-opacity":"","overlay-gradient":""},"mobile":{"background-color":"","background-image":"","background-repeat":"repeat","background-position":"center center","background-size":"auto","background-attachment":"scroll","background-type":"","background-media":"","overlay-type":"","overlay-color":"","overlay-opacity":"","overlay-gradient":""}},"ast-content-background-meta":{"desktop":{"background-color":"var(--ast-global-color-5)","background-image":"","background-repeat":"repeat","background-position":"center center","background-size":"auto","background-attachment":"scroll","background-type":"","background-media":"","overlay-type":"","overlay-color":"","overlay-opacity":"","overlay-gradient":""},"tablet":{"background-color":"var(--ast-global-color-5)","background-image":"","background-repeat":"repeat","background-position":"center center","background-size":"auto","background-attachment":"scroll","background-type":"","background-media":"","overlay-type":"","overlay-color":"","overlay-opacity":"","overlay-gradient":""},"mobile":{"background-color":"var(--ast-global-color-5)","background-image":"","background-repeat":"repeat","background-position":"center center","background-size":"auto","background-attachment":"scroll","background-type":"","background-media":"","overlay-type":"","overlay-color":"","overlay-opacity":"","overlay-gradient":""}}},"product_brand":[],"product_cat":[424],"product_tag":[425],"class_list":{"0":"post-10714","1":"product","2":"type-product","3":"status-publish","4":"has-post-thumbnail","6":"product_cat-mini","7":"product_tag-mini","8":"desktop-align-center","9":"tablet-align-left","10":"mobile-align-left","12":"first","13":"instock","14":"taxable","15":"shipping-taxable","16":"purchasable","17":"product-type-simple","18":"add-to-wishlist-before_image"},"aioseo_notices":[],"_links":{"self":[{"href":"https:\/\/kosmeetika24.eu\/ru\/wp-json\/wp\/v2\/product\/10714","targetHints":{"allow":["GET"]}}],"collection":[{"href":"https:\/\/kosmeetika24.eu\/ru\/wp-json\/wp\/v2\/product"}],"about":[{"href":"https:\/\/kosmeetika24.eu\/ru\/wp-json\/wp\/v2\/types\/product"}],"version-history":[{"count":4,"href":"https:\/\/kosmeetika24.eu\/ru\/wp-json\/wp\/v2\/product\/10714\/revisions"}],"predecessor-version":[{"id":10734,"href":"https:\/\/kosmeetika24.eu\/ru\/wp-json\/wp\/v2\/product\/10714\/revisions\/10734"}],"wp:featuredmedia":[{"embeddable":true,"href":"https:\/\/kosmeetika24.eu\/ru\/wp-json\/wp\/v2\/media\/10717"}],"wp:attachment":[{"href":"https:\/\/kosmeetika24.eu\/ru\/wp-json\/wp\/v2\/media?parent=10714"}],"wp:term":[{"taxonomy":"product_brand","embeddable":true,"href":"https:\/\/kosmeetika24.eu\/ru\/wp-json\/wp\/v2\/product_brand?post=10714"},{"taxonomy":"product_cat","embeddable":true,"href":"https:\/\/kosmeetika24.eu\/ru\/wp-json\/wp\/v2\/product_cat?post=10714"},{"taxonomy":"product_tag","embeddable":true,"href":"https:\/\/kosmeetika24.eu\/ru\/wp-json\/wp\/v2\/product_tag?post=10714"}],"curies":[{"name":"wp","href":"https:\/\/api.w.org\/{rel}","templated":true}]}}