{"id":10592,"date":"2025-11-05T13:23:31","date_gmt":"2025-11-05T10:23:31","guid":{"rendered":"https:\/\/kosmeetika24.eu\/?post_type=product&#038;p=10592"},"modified":"2025-11-05T13:28:06","modified_gmt":"2025-11-05T10:28:06","slug":"dalton-redness-control-anti-redness-cream-light","status":"publish","type":"product","link":"https:\/\/kosmeetika24.eu\/ru\/product\/dalton-redness-control-anti-redness-cream-light\/","title":{"rendered":"Dalton &#8211; Redness Control &#8211; Anti-Redness Cream Light"},"content":{"rendered":"<p><strong>\u0418\u0441\u043f\u043e\u043b\u044c\u0437\u043e\u0432\u0430\u043d\u0438\u0435<\/strong><\/p>\n<p><span style=\"font-weight: 400;\"><span style=\"font-weight: 400\">\u041d\u0430\u043d\u043e\u0441\u0438\u0442\u0435 \u0443\u0442\u0440\u043e\u043c \u0438 \u0432\u0435\u0447\u0435\u0440\u043e\u043c \u043d\u0430 \u043e\u0447\u0438\u0449\u0435\u043d\u043d\u043e\u0435 \u043b\u0438\u0446\u043e, \u0448\u0435\u044e \u0438 \u0437\u043e\u043d\u0443 \u0434\u0435\u043a\u043e\u043b\u044c\u0442\u0435 \u0438 \u043c\u044f\u0433\u043a\u043e \u043c\u0430\u0441\u0441\u0438\u0440\u0443\u0439\u0442\u0435 \u0432 \u043a\u043e\u0436\u0443.<\/span><\/span><\/p>\n<p><strong><span style=\"font-weight: 400\"><strong>\u041e\u043f\u0438\u0441\u0430\u043d\u0438\u0435 \u043f\u0440\u043e\u0434\u0443\u043a\u0442\u0430:<\/strong><\/span><\/strong><\/p>\n<p>Punetust v\u00e4hendaval niisutajal on v\u00e4ga kerge ja kiiresti imenduv koostis, mis sobib eriti h\u00e4sti rasusele ja kombineeritud nahale, millel on kalduvus punetusele ja niitveenidele n\u00e4ol. See niisutab nahka, minimeerides samal ajal laienenud veresoonte ja \u00e4mblikveenide n\u00e4htavust. T\u00e4nu meie 5-\u00fcrdi valemi (hobukastan, lihuniku harjas, lagritsajuur, saialill, Aasia pennip\u00f5\u00f5sas) kokkut\u00f5mbavale toimele tugevdab l\u00f5hnavaba kreem kapillaaride seinu ja sidekude, mis v\u00e4hendab n\u00e4ol purunenud kapillaare 21% ja n\u00e4o punetust 35%* \u2013 rahuliku ja tasakaalustatud jume saavutamiseks. Allantoiin rahustab nahka ja karbamiid aitab nahal niiskust s\u00e4ilitada.<\/p>\n<p>M\u00f5nel juhul v\u00f5ib kuperoosa muutuda rosaatseaks, nahahaiguseks, mis p\u00f5hjustab kroonilist p\u00f5letikku ja tugevat punetust n\u00e4ol. Kaitse oma nahka eelnevalt ja kasuta rahustavaid tooteid, mis tugevdavad kapillaare.<\/p>\n<p><i><span style=\"font-weight: 400;\">Testi tingimused: n\u00e4htava kuperoosaga katsealused; emulsioonpreparaadi ja platseebo (poolel n\u00e4ol uuring) pealekandmine 14 p\u00e4eva jooksul. Uuring viidi l\u00e4bi in vivo.<\/span><\/i><\/p>\n<p><span style=\"font-weight: 400;\"><strong>\u0421\u041e\u0421\u0422\u0410\u0412:<br \/>\n<\/strong> Aqua\/Water, Glyceryl Stearate Citrate, Caprylic\/Capric Triglyceride, Butylene Glycol, Cyclopentasiloxane, Sorbitol, Panthenol, Cyclohexasiloxane, Myristyl Alcohol, Simmondsia Chinensis (Jojoba) Seed Oil, Maris Aqua\/Sea Water, Centella Asiatica Leaf Extract, Calendula Officinalis Flower Extract, Ruscus Aculeatus Root Extract, Ammonium Glycyrrhizate, Escin, Hydrolyzed Yeast Protein, Allantoin, Butyrospermum Parkii (Shea) Butter, Bisabolol, Tocopherol, Serine, Urea, TEA-Lactate, Sodium Benzoate, Sodium Lactate, Lactic Acid, Citric Acid, Phenoxyethanol, Xanthan Gum, Ethylhexylglycerin, Cetearyl Alcohol, Sodium Sulfate, Sodium Citrate, Glycerin, Sodium Hydroxide, Sodium Chloride, Tetrasodium Glutamate Diacetate, Caprylyl Glycol, Hydrogenated Palm Glycerides Citrate, Blue 1 (CI 42090)<\/span><\/p>\n<p><span style=\"font-size: xx-small;\">698.-\u20ac\/l<\/span><\/p>","protected":false},"excerpt":{"rendered":"<p>Kerge n\u00e4okreem punetusele, kuperoosale ja rosaatseale kalduvale nahale<br \/>\n\u041f\u0440\u0435\u0438\u043c\u0443\u0449\u0435\u0441\u0442\u0432\u0430 \u043f\u0440\u043e\u0434\u0443\u043a\u0442\u0430:<\/p>\n<p>N\u00e4o punetuse v\u00e4hendamine kuni 35%*<br \/>\nKerge kreemi tekstuur<br \/>\nStabiliseerib ja rahustab nahka<br \/>\nN\u00e4htavate punaste veresoonte v\u00e4henemine 21%*<br \/>\nAllantoiini, uurea ja p\u00e4rmiekstraktiga<br \/>\nL\u00f5hnaainete, mikroplasti, PEG-ide, mineraal\u00f5li ja parabeenide vaba<br \/>\nKuperoosale kalduvale nahale<br \/>\n95% looduslikke koostisosi<\/p>","protected":false},"featured_media":10593,"template":"","meta":{"om_disable_all_campaigns":false,"_monsterinsights_skip_tracking":false,"_monsterinsights_sitenote_active":false,"_monsterinsights_sitenote_note":"","_monsterinsights_sitenote_category":0,"_uf_show_specific_survey":0,"_uf_disable_surveys":false,"site-sidebar-layout":"default","site-content-layout":"","ast-site-content-layout":"default","site-content-style":"default","site-sidebar-style":"default","ast-global-header-display":"","ast-banner-title-visibility":"","ast-main-header-display":"","ast-hfb-above-header-display":"","ast-hfb-below-header-display":"","ast-hfb-mobile-header-display":"","site-post-title":"","ast-breadcrumbs-content":"","ast-featured-img":"","footer-sml-layout":"","theme-transparent-header-meta":"default","adv-header-id-meta":"","stick-header-meta":"","header-above-stick-meta":"","header-main-stick-meta":"","header-below-stick-meta":"","astra-migrate-meta-layouts":"set","ast-page-background-enabled":"default","ast-page-background-meta":{"desktop":{"background-color":"var(--ast-global-color-4)","background-image":"","background-repeat":"repeat","background-position":"center center","background-size":"auto","background-attachment":"scroll","background-type":"","background-media":"","overlay-type":"","overlay-color":"","overlay-opacity":"","overlay-gradient":""},"tablet":{"background-color":"","background-image":"","background-repeat":"repeat","background-position":"center center","background-size":"auto","background-attachment":"scroll","background-type":"","background-media":"","overlay-type":"","overlay-color":"","overlay-opacity":"","overlay-gradient":""},"mobile":{"background-color":"","background-image":"","background-repeat":"repeat","background-position":"center center","background-size":"auto","background-attachment":"scroll","background-type":"","background-media":"","overlay-type":"","overlay-color":"","overlay-opacity":"","overlay-gradient":""}},"ast-content-background-meta":{"desktop":{"background-color":"var(--ast-global-color-5)","background-image":"","background-repeat":"repeat","background-position":"center center","background-size":"auto","background-attachment":"scroll","background-type":"","background-media":"","overlay-type":"","overlay-color":"","overlay-opacity":"","overlay-gradient":""},"tablet":{"background-color":"var(--ast-global-color-5)","background-image":"","background-repeat":"repeat","background-position":"center center","background-size":"auto","background-attachment":"scroll","background-type":"","background-media":"","overlay-type":"","overlay-color":"","overlay-opacity":"","overlay-gradient":""},"mobile":{"background-color":"var(--ast-global-color-5)","background-image":"","background-repeat":"repeat","background-position":"center center","background-size":"auto","background-attachment":"scroll","background-type":"","background-media":"","overlay-type":"","overlay-color":"","overlay-opacity":"","overlay-gradient":""}}},"product_brand":[],"product_cat":[75,15,426],"product_tag":[],"class_list":{"0":"post-10592","1":"product","2":"type-product","3":"status-publish","4":"has-post-thumbnail","6":"product_cat-kreemid-naole","7":"product_cat-naole","8":"product_cat-uued-tooted","9":"desktop-align-center","10":"tablet-align-left","11":"mobile-align-left","13":"first","14":"instock","15":"taxable","16":"shipping-taxable","17":"purchasable","18":"product-type-simple","19":"add-to-wishlist-before_image"},"aioseo_notices":[],"_links":{"self":[{"href":"https:\/\/kosmeetika24.eu\/ru\/wp-json\/wp\/v2\/product\/10592","targetHints":{"allow":["GET"]}}],"collection":[{"href":"https:\/\/kosmeetika24.eu\/ru\/wp-json\/wp\/v2\/product"}],"about":[{"href":"https:\/\/kosmeetika24.eu\/ru\/wp-json\/wp\/v2\/types\/product"}],"version-history":[{"count":1,"href":"https:\/\/kosmeetika24.eu\/ru\/wp-json\/wp\/v2\/product\/10592\/revisions"}],"predecessor-version":[{"id":10595,"href":"https:\/\/kosmeetika24.eu\/ru\/wp-json\/wp\/v2\/product\/10592\/revisions\/10595"}],"wp:featuredmedia":[{"embeddable":true,"href":"https:\/\/kosmeetika24.eu\/ru\/wp-json\/wp\/v2\/media\/10593"}],"wp:attachment":[{"href":"https:\/\/kosmeetika24.eu\/ru\/wp-json\/wp\/v2\/media?parent=10592"}],"wp:term":[{"taxonomy":"product_brand","embeddable":true,"href":"https:\/\/kosmeetika24.eu\/ru\/wp-json\/wp\/v2\/product_brand?post=10592"},{"taxonomy":"product_cat","embeddable":true,"href":"https:\/\/kosmeetika24.eu\/ru\/wp-json\/wp\/v2\/product_cat?post=10592"},{"taxonomy":"product_tag","embeddable":true,"href":"https:\/\/kosmeetika24.eu\/ru\/wp-json\/wp\/v2\/product_tag?post=10592"}],"curies":[{"name":"wp","href":"https:\/\/api.w.org\/{rel}","templated":true}]}}