{"id":10523,"date":"2025-10-08T12:17:56","date_gmt":"2025-10-08T09:17:56","guid":{"rendered":"https:\/\/kosmeetika24.eu\/?post_type=product&#038;p=10523"},"modified":"2025-10-09T12:40:10","modified_gmt":"2025-10-09T09:40:10","slug":"laserepilatsioon-proovi-protseduur","status":"publish","type":"product","link":"https:\/\/kosmeetika24.eu\/ru\/product\/laserepilatsioon-proovi-protseduur\/","title":{"rendered":"Laserepilatsioon \u2013 proovi protseduur"},"content":{"rendered":"<p data-start=\"357\" data-end=\"380\"><strong data-start=\"357\" data-end=\"378\">Protseduuri info:<\/strong><\/p>\n<ul data-start=\"381\" data-end=\"536\">\n<li data-start=\"381\" data-end=\"419\">\n<p data-start=\"383\" data-end=\"419\">Tegemist on <em data-start=\"395\" data-end=\"417\">proovi protseduuriga<\/em><\/p>\n<\/li>\n<li data-start=\"420\" data-end=\"469\">\n<p data-start=\"422\" data-end=\"469\">Kestus: 10\u201330 minutit (s\u00f5ltuvalt piirkonnast)<\/p>\n<\/li>\n<li data-start=\"470\" data-end=\"536\">\n<p data-start=\"472\" data-end=\"536\">Enne protseduuri peab t\u00f6\u00f6deldav ala olema eelnevalt raseeritud<\/p>\n<\/li>\n<\/ul>\n<p data-start=\"538\" data-end=\"659\">Laserepilatsioon v\u00e4hendab karvakasvu p\u00fcsivalt, sobib erinevatele nahat\u00fc\u00fcpidele ning muudab igap\u00e4evahoolduse lihtsamaks.<\/p>\n<p data-start=\"538\" data-end=\"659\">Lisa informatsiooni saale lugeda <a href=\"https:\/\/royalgrace.ee\/services\/laserepilatsioon\/\">SIIT.<\/a><\/p>","protected":false},"excerpt":{"rendered":"<p data-start=\"58\" data-end=\"313\">Protseduuride tavahinnad alates 61 \u20ac.<br data-start=\"159\" data-end=\"162\" \/>Naudi kuni <strong data-start=\"173\" data-end=\"207\">-50% soodustust ESTO Dealsiga!<\/strong><\/p>\n<p data-start=\"58\" data-end=\"313\">Tutvu laserepilatsiooni t\u00f5hususega turvalises ja mugavas keskkonnas. Protseduuri k\u00e4igus saad kogeda, kuidas laser t\u00f6\u00f6tab, milline on tulemus ning kas see sobib sinu nahale ja karvat\u00fc\u00fcbile.<br data-start=\"246\" data-end=\"249\" \/>Protseduur viiakse l\u00e4bi <strong data-start=\"273\" data-end=\"310\">Tallinna Royal Grace Ilukliinikus<\/strong>.<\/p>","protected":false},"featured_media":10531,"template":"","meta":{"om_disable_all_campaigns":false,"_monsterinsights_skip_tracking":false,"_monsterinsights_sitenote_active":false,"_monsterinsights_sitenote_note":"","_monsterinsights_sitenote_category":0,"_uf_show_specific_survey":0,"_uf_disable_surveys":false,"site-sidebar-layout":"default","site-content-layout":"","ast-site-content-layout":"default","site-content-style":"default","site-sidebar-style":"default","ast-global-header-display":"","ast-banner-title-visibility":"","ast-main-header-display":"","ast-hfb-above-header-display":"","ast-hfb-below-header-display":"","ast-hfb-mobile-header-display":"","site-post-title":"","ast-breadcrumbs-content":"","ast-featured-img":"","footer-sml-layout":"","theme-transparent-header-meta":"default","adv-header-id-meta":"","stick-header-meta":"","header-above-stick-meta":"","header-main-stick-meta":"","header-below-stick-meta":"","astra-migrate-meta-layouts":"set","ast-page-background-enabled":"default","ast-page-background-meta":{"desktop":{"background-color":"var(--ast-global-color-4)","background-image":"","background-repeat":"repeat","background-position":"center center","background-size":"auto","background-attachment":"scroll","background-type":"","background-media":"","overlay-type":"","overlay-color":"","overlay-opacity":"","overlay-gradient":""},"tablet":{"background-color":"","background-image":"","background-repeat":"repeat","background-position":"center center","background-size":"auto","background-attachment":"scroll","background-type":"","background-media":"","overlay-type":"","overlay-color":"","overlay-opacity":"","overlay-gradient":""},"mobile":{"background-color":"","background-image":"","background-repeat":"repeat","background-position":"center center","background-size":"auto","background-attachment":"scroll","background-type":"","background-media":"","overlay-type":"","overlay-color":"","overlay-opacity":"","overlay-gradient":""}},"ast-content-background-meta":{"desktop":{"background-color":"var(--ast-global-color-5)","background-image":"","background-repeat":"repeat","background-position":"center center","background-size":"auto","background-attachment":"scroll","background-type":"","background-media":"","overlay-type":"","overlay-color":"","overlay-opacity":"","overlay-gradient":""},"tablet":{"background-color":"var(--ast-global-color-5)","background-image":"","background-repeat":"repeat","background-position":"center center","background-size":"auto","background-attachment":"scroll","background-type":"","background-media":"","overlay-type":"","overlay-color":"","overlay-opacity":"","overlay-gradient":""},"mobile":{"background-color":"var(--ast-global-color-5)","background-image":"","background-repeat":"repeat","background-position":"center center","background-size":"auto","background-attachment":"scroll","background-type":"","background-media":"","overlay-type":"","overlay-color":"","overlay-opacity":"","overlay-gradient":""}}},"product_brand":[],"product_cat":[127],"product_tag":[],"class_list":{"0":"post-10523","1":"product","2":"type-product","3":"status-publish","4":"has-post-thumbnail","6":"product_cat-kehale-profitooted","7":"desktop-align-center","8":"tablet-align-left","9":"mobile-align-left","11":"first","12":"instock","13":"taxable","14":"shipping-taxable","15":"purchasable","16":"product-type-variable","17":"add-to-wishlist-before_image"},"aioseo_notices":[],"_links":{"self":[{"href":"https:\/\/kosmeetika24.eu\/ru\/wp-json\/wp\/v2\/product\/10523","targetHints":{"allow":["GET"]}}],"collection":[{"href":"https:\/\/kosmeetika24.eu\/ru\/wp-json\/wp\/v2\/product"}],"about":[{"href":"https:\/\/kosmeetika24.eu\/ru\/wp-json\/wp\/v2\/types\/product"}],"version-history":[{"count":10,"href":"https:\/\/kosmeetika24.eu\/ru\/wp-json\/wp\/v2\/product\/10523\/revisions"}],"predecessor-version":[{"id":10546,"href":"https:\/\/kosmeetika24.eu\/ru\/wp-json\/wp\/v2\/product\/10523\/revisions\/10546"}],"wp:featuredmedia":[{"embeddable":true,"href":"https:\/\/kosmeetika24.eu\/ru\/wp-json\/wp\/v2\/media\/10531"}],"wp:attachment":[{"href":"https:\/\/kosmeetika24.eu\/ru\/wp-json\/wp\/v2\/media?parent=10523"}],"wp:term":[{"taxonomy":"product_brand","embeddable":true,"href":"https:\/\/kosmeetika24.eu\/ru\/wp-json\/wp\/v2\/product_brand?post=10523"},{"taxonomy":"product_cat","embeddable":true,"href":"https:\/\/kosmeetika24.eu\/ru\/wp-json\/wp\/v2\/product_cat?post=10523"},{"taxonomy":"product_tag","embeddable":true,"href":"https:\/\/kosmeetika24.eu\/ru\/wp-json\/wp\/v2\/product_tag?post=10523"}],"curies":[{"name":"wp","href":"https:\/\/api.w.org\/{rel}","templated":true}]}}