{"id":10286,"date":"2025-06-10T10:27:38","date_gmt":"2025-06-10T07:27:38","guid":{"rendered":"https:\/\/kosmeetika24.eu\/?post_type=product&#038;p=10286"},"modified":"2025-06-10T10:43:30","modified_gmt":"2025-06-10T07:43:30","slug":"hualuroonhappe-mask","status":"publish","type":"product","link":"https:\/\/kosmeetika24.eu\/ru\/product\/hualuroonhappe-mask\/","title":{"rendered":"Dalton Hydro Lift  Express Sheet Mask"},"content":{"rendered":"<p data-start=\"359\" data-end=\"375\"><strong data-start=\"359\" data-end=\"373\">\u0418\u0441\u043f\u043e\u043b\u044c\u0437\u043e\u0432\u0430\u043d\u0438\u0435<\/strong><\/p>\n<ol>\n<li style=\"list-style-type: none;\">\n<ol data-start=\"376\" data-end=\"768\" data-is-last-node=\"\" data-is-only-node=\"\">\n<li data-start=\"376\" data-end=\"407\">\n<p data-start=\"379\" data-end=\"407\">Puhasta ja kuivata n\u00e4onahk<\/p>\n<\/li>\n<li data-start=\"408\" data-end=\"527\">\n<p data-start=\"411\" data-end=\"527\">Voldi h\u00fcaluroonhappe mask lahti, eemalda \u00fchelt poolt kaitsev v\u00f5rk ja aseta see pool n\u00e4ole, seej\u00e4rel eemalda v\u00f5rk ka teiselt poolt<\/p>\n<\/li>\n<li data-start=\"528\" data-end=\"619\">\n<p data-start=\"531\" data-end=\"619\">Hoia maski n\u00e4ol 15\u201320 minutit. Eemalda mask ning patsuta \u00fclej\u00e4\u00e4nud seerum \u00f5rnalt nahka<\/p>\n<\/li>\n<li data-start=\"620\" data-end=\"768\" data-is-last-node=\"\">\n<p data-start=\"623\" data-end=\"768\" data-is-last-node=\"\">Kasuta oma tavap\u00e4raseid nahahooldustooteid vastavalt oma nahat\u00fc\u00fcbile. Parima tulemuse saavutamiseks kasuta niisutavat n\u00e4omaski 1\u20132 korda n\u00e4dalas<\/p>\n<\/li>\n<\/ol>\n<\/li>\n<\/ol>\n<p data-start=\"0\" data-end=\"333\">Daltoni\u00a0 nahka pinguldav ja turgutav h\u00fcaluroonhappe smask \u00fchendab endas intensiivse niisutuse ja kohese vananemisvastase toime. Mask sisaldab ainulaadset Celumer mereekstrakti ja planktoniekstrakti, mis v\u00e4hendab kortsude s\u00fcgavust kuni 16% juba 15 minutiga. L\u00fchikese ja pika ahelaga h\u00fcaluroonhapped niisutavad kuiva nahka s\u00fcgavuti ja pikaajaliselt.<\/p>\n<p data-start=\"335\" data-end=\"670\">H\u00fcaluroonhappe mask on valmistatud j\u00e4tkusuutlikust materjalist, mis on saadud kookospiimast ja -kiududest. See j\u00e4rgib n\u00e4o kontuure nagu teine nahakiht, v\u00f5imaldades toimeainetel paremini imenduda. Mask muudab naha siledamaks ja pringimaks, pehmendab peeneid jooni ja kortsukesi ning annab nahale t\u00e4idlasema ja siidise tunde.<\/p>\n<p data-start=\"672\" data-end=\"742\">Niisutavat h\u00fcaluroonhappe maski v\u00f5ib kombineerida k\u00f5igi DALTONi nahahooldustoodetega.<\/p>\n<p data-start=\"744\" data-end=\"890\" data-is-last-node=\"\" data-is-only-node=\"\">*Testimistingimused: testis osalesid 50\u201365-aastased isikud, kes kasutasid maski \u00fchekordselt 15 minutit n\u00e4ol. Efektiivsusuuring viidi l\u00e4bi in vivo.<\/p>\n<p data-start=\"623\" data-end=\"768\" data-is-last-node=\"\"><strong style=\"font-size: 16px;\">\u0421\u043e\u0441\u0442\u0430\u0432:<br \/>\n<\/strong>Aqua\/Water, Glycerin, Propylene Glycol, Sorbitol, Pentylene Glycol, Maris Aqua\/Sea Water, Spirulina Maxima Extract, Algae Extract\/Alaria Esculenta Extract, Maris Limus Extract\/Sea Silt Extract, Saccharide Isomerate, Ostrea Shell Extract\/Oyster Shell Extract, Caviar Extract, Alteromonas Ferment Extract, Sodium Hyaluronate, Biotin, Scleroglucan\/Sclerotium Gum, Phenoxyethanol, Tetrasodium Glutamate Diacetate, Sodium Hydroxide, Ethylhexylglycerin, Potassium Sorbate, Acrylates\/C10-30 Alkyl Acrylate Crosspolymer, Caprylic\/Capric Triglyceride<strong style=\"font-size: 16px;\"><br \/>\n<\/strong><\/p>","protected":false},"excerpt":{"rendered":"<p>Niisutav ja t\u00e4idlust andev h\u00fcaluroonhappe mask<\/p>\n<p><strong data-start=\"0\" data-end=\"17\">Toote eelised<br \/>\n<\/strong><span style=\"font-size: 16px;\">V\u00e4hendab kortsude s\u00fcgavust kuni 16%* juba 15 minutiga<br \/>\n<\/span>Nahka pinguldav ja kortsudevastane mask<br \/>\nPakub intensiivset niisutust<br \/>\nKerge tekstuuriga h\u00fcaluroonhappe kangasmask, valmistatud j\u00e4tkusuutlikust bio-tselluloosist<br \/>\nSisaldab planktonit ja h\u00fcaluroonhapet<br \/>\nL\u00f5hnavaba<\/p>\n<p data-start=\"290\" data-end=\"357\">","protected":false},"featured_media":10290,"template":"","meta":{"om_disable_all_campaigns":false,"_monsterinsights_skip_tracking":false,"_monsterinsights_sitenote_active":false,"_monsterinsights_sitenote_note":"","_monsterinsights_sitenote_category":0,"_uf_show_specific_survey":0,"_uf_disable_surveys":false,"site-sidebar-layout":"default","site-content-layout":"","ast-site-content-layout":"default","site-content-style":"default","site-sidebar-style":"default","ast-global-header-display":"","ast-banner-title-visibility":"","ast-main-header-display":"","ast-hfb-above-header-display":"","ast-hfb-below-header-display":"","ast-hfb-mobile-header-display":"","site-post-title":"","ast-breadcrumbs-content":"","ast-featured-img":"","footer-sml-layout":"","theme-transparent-header-meta":"default","adv-header-id-meta":"","stick-header-meta":"","header-above-stick-meta":"","header-main-stick-meta":"","header-below-stick-meta":"","astra-migrate-meta-layouts":"set","ast-page-background-enabled":"default","ast-page-background-meta":{"desktop":{"background-color":"var(--ast-global-color-4)","background-image":"","background-repeat":"repeat","background-position":"center center","background-size":"auto","background-attachment":"scroll","background-type":"","background-media":"","overlay-type":"","overlay-color":"","overlay-opacity":"","overlay-gradient":""},"tablet":{"background-color":"","background-image":"","background-repeat":"repeat","background-position":"center center","background-size":"auto","background-attachment":"scroll","background-type":"","background-media":"","overlay-type":"","overlay-color":"","overlay-opacity":"","overlay-gradient":""},"mobile":{"background-color":"","background-image":"","background-repeat":"repeat","background-position":"center center","background-size":"auto","background-attachment":"scroll","background-type":"","background-media":"","overlay-type":"","overlay-color":"","overlay-opacity":"","overlay-gradient":""}},"ast-content-background-meta":{"desktop":{"background-color":"var(--ast-global-color-5)","background-image":"","background-repeat":"repeat","background-position":"center center","background-size":"auto","background-attachment":"scroll","background-type":"","background-media":"","overlay-type":"","overlay-color":"","overlay-opacity":"","overlay-gradient":""},"tablet":{"background-color":"var(--ast-global-color-5)","background-image":"","background-repeat":"repeat","background-position":"center center","background-size":"auto","background-attachment":"scroll","background-type":"","background-media":"","overlay-type":"","overlay-color":"","overlay-opacity":"","overlay-gradient":""},"mobile":{"background-color":"var(--ast-global-color-5)","background-image":"","background-repeat":"repeat","background-position":"center center","background-size":"auto","background-attachment":"scroll","background-type":"","background-media":"","overlay-type":"","overlay-color":"","overlay-opacity":"","overlay-gradient":""}}},"product_brand":[],"product_cat":[338,426],"product_tag":[],"class_list":{"0":"post-10286","1":"product","2":"type-product","3":"status-publish","4":"has-post-thumbnail","6":"product_cat-maskid-parchid","7":"product_cat-uued-tooted","8":"desktop-align-center","9":"tablet-align-left","10":"mobile-align-left","12":"first","13":"instock","14":"taxable","15":"shipping-taxable","16":"purchasable","17":"product-type-simple","18":"add-to-wishlist-before_image"},"aioseo_notices":[],"_links":{"self":[{"href":"https:\/\/kosmeetika24.eu\/ru\/wp-json\/wp\/v2\/product\/10286","targetHints":{"allow":["GET"]}}],"collection":[{"href":"https:\/\/kosmeetika24.eu\/ru\/wp-json\/wp\/v2\/product"}],"about":[{"href":"https:\/\/kosmeetika24.eu\/ru\/wp-json\/wp\/v2\/types\/product"}],"version-history":[{"count":5,"href":"https:\/\/kosmeetika24.eu\/ru\/wp-json\/wp\/v2\/product\/10286\/revisions"}],"predecessor-version":[{"id":10295,"href":"https:\/\/kosmeetika24.eu\/ru\/wp-json\/wp\/v2\/product\/10286\/revisions\/10295"}],"wp:featuredmedia":[{"embeddable":true,"href":"https:\/\/kosmeetika24.eu\/ru\/wp-json\/wp\/v2\/media\/10290"}],"wp:attachment":[{"href":"https:\/\/kosmeetika24.eu\/ru\/wp-json\/wp\/v2\/media?parent=10286"}],"wp:term":[{"taxonomy":"product_brand","embeddable":true,"href":"https:\/\/kosmeetika24.eu\/ru\/wp-json\/wp\/v2\/product_brand?post=10286"},{"taxonomy":"product_cat","embeddable":true,"href":"https:\/\/kosmeetika24.eu\/ru\/wp-json\/wp\/v2\/product_cat?post=10286"},{"taxonomy":"product_tag","embeddable":true,"href":"https:\/\/kosmeetika24.eu\/ru\/wp-json\/wp\/v2\/product_tag?post=10286"}],"curies":[{"name":"wp","href":"https:\/\/api.w.org\/{rel}","templated":true}]}}