{"id":7565,"date":"2024-04-30T06:14:24","date_gmt":"2024-04-30T06:14:24","guid":{"rendered":"https:\/\/kosmeetika24.eu\/registration\/"},"modified":"2024-04-30T13:17:53","modified_gmt":"2024-04-30T13:17:53","slug":"registration","status":"publish","type":"page","link":"https:\/\/kosmeetika24.eu\/ru\/registration\/","title":{"rendered":"Registration"},"content":{"rendered":"\t\t<div data-elementor-type=\"wp-page\" data-elementor-id=\"7565\" class=\"elementor elementor-7565\">\n\t\t\t\t<div class=\"elementor-element elementor-element-14debfb e-flex e-con-boxed e-con e-parent\" data-id=\"14debfb\" data-element_type=\"container\" data-e-type=\"container\">\n\t\t\t\t\t<div class=\"e-con-inner\">\n\t\t\t\t<div class=\"elementor-element elementor-element-60e1def elementor-widget elementor-widget-PieRegister\" data-id=\"60e1def\" data-element_type=\"widget\" data-e-type=\"widget\" data-widget_type=\"PieRegister.default\">\n\t\t\t\t<div class=\"elementor-widget-container\">\n\t\t\t\t\t<div class=\"piereg_container pieregWrapper\"><div class=\"pieregformWrapper pieregWrapper\"><div id=\"show_pie_register_error_js\" class=\"piereg_entry-content\"><\/div><div id=\"pie_register_reg_form\"><form enctype=\"multipart\/form-data\" class=\"pie_register_reg_form\" id=\"pie_regiser_form\" method=\"post\" action=\"\/ru\/wp-json\/wp\/v2\/pages\/7565\" data-form=\"1\"><input type=\"hidden\" id=\"piereg_registration_form_nonce\" name=\"piereg_registration_form_nonce\" value=\"01d791c54c\" \/><input type=\"hidden\" name=\"_wp_http_referer\" value=\"\/ru\/wp-json\/wp\/v2\/pages\/7565\" \/><div class=\"fieldset \"><h2 id=\"piereg_pie_form_heading\">Registreeri p\u00fcsi- v\u00f5i profikliendiks<\/h2><p id=\"piereg_pie_form_desc\">Palun t\u00e4itke allpool olev vorm registreerumiseks.<\/p><\/div><ul id=\"pie_register\"><input type=\"hidden\" value=\"1\" name=\"form_id\" \/><li class=\"fields   pageFields_1 piereg_li_0\"><div class=\"fieldset\"><label class=\"\" for=\"username_0\">Kasutajanimi&nbsp;<span class=\"piereg_field_required_label\">*<\/span><\/label><input id=\"username\" name=\"username\" data-field_id=\"piereg_field_0\" class=\"input_fields  piereg_validate[required,username] piereg_username_input_field\" placeholder=\"Kasutajanimi\" type=\"text\" value=\"\" data-errormessage-value-missing=\"\" \/><\/div><\/li><li class=\"fields   pageFields_1 piereg_li_3\"><div class=\"fieldset\"><label class=\"\" for=\"number_3\">Telefoninumber&nbsp;<span class=\"piereg_field_required_label\">*<\/span><\/label><input id=\"number_3\" name=\"number_3\" data-field_id=\"piereg_field_3\" class=\"input_fields  piereg_validate[required,custom[number]]\" placeholder=\"Telefoninumber\" type=\"number\" value=\"\" \/><\/div><\/li><li class=\"fields   pageFields_1 piereg_li_1\"><div class=\"fieldset\"><label class=\"\" for=\"email_1\">Email&nbsp;<span class=\"piereg_field_required_label\">*<\/span><\/label><input id=\"email_1\" name=\"e_mail\" data-field_id=\"piereg_field_1\" class=\"input_fields  piereg_validate[required,custom[email]]\" data-errormessage-custom-error=\"\" placeholder=\"E-mail\" type=\"text\" value=\"\" \/><\/div><\/li><li class=\"fields   pageFields_1 piereg_li_2\"><div class=\"fieldset\"><label class=\"\" for=\"password_2\">Parool&nbsp;<span class=\"piereg_field_required_label\">*<\/span><\/label><input id=\"password_2\" name=\"password\" data-field_id=\"piereg_field_2\" class=\"input_fields  piereg_validate[minSize[8],required] prPass1\" placeholder=\"Parool\" type=\"password\" data-errormessage-value-missing=\"\" data-errormessage-range-underflow=\"\" data-errormessage-range-overflow=\"\" autocomplete=\"off\"><span class=\"show-hide-password-innerbtn pass-eye-reg pass-eye-reg_left_label_no_desc  eye\"><\/span><\/div><div class=\"fieldset\"><label>Kinnita parooli&nbsp;<span class=\"piereg_field_required_label\">*<\/span><\/label><input id=\"confirm_password_password_2\" type=\"password\" data-errormessage-value-missing=\"\" data-errormessage-range-underflow=\"\" data-errormessage-range-overflow=\"\" class=\"input_fields  piereg_validate[minSize[8],required,equals[password_2]]  prPass2\" placeholder=\"Kinnita parooli\" autocomplete=\"off\" \/><span class=\"show-hide-password-innerbtn confirm-pass-eye-reg_left_label_no_desc eye\"><\/span><input class=\"prMinimumPasswordStrengthlength\" type=\"hidden\" id=\"password_strength_meter_1\" data-id=\"1\" value=\"1\" \/><span class=\"prMinimumPasswordStrengthMessage\" id=\"password_strength_message_1\" style=\"display:none\">\u0421\u043b\u0430\u0431\u044b\u0439 \u043f\u0430\u0440\u043e\u043b\u044c<\/span><\/li><li class=\"fields parent_Privaatsuspoliitika  pageFields_1 piereg_li_5\"><div class=\"fieldset piereg-wrap-terms\"><label for=\"terms_terms_5\"><input id=\"terms_terms_5\" name=\"terms_5\" class=\"input_fields Privaatsuspoliitika piereg_validate[required]\" data-field_id=\"piereg_field_5\" type=\"checkbox\" value=\"1\" data-map-field-by-class=\"terms_5\" data-errormessage-value-missing=\"Privaatsuspoliitika\" \/>Isikuandmeid t\u00f6\u00f6deldakse veebilehe kasutamise kogemuse toetamiseks, konto ligip\u00e4\u00e4su haldamiseks ja muul viisil, mis on kirjeldatud meie privaatsuspoliitika. \u041d\u0430\u0436\u043c\u0438\u0442\u0435 <a target=\"_blank\" href=\"https:\/\/kosmeetika24.eu\/ru\/privaatsuspoliitika\/\">\u0437\u0434\u0435\u0441\u044c<\/a> \u0434\u043b\u044f \u043f\u0440\u043e\u0441\u043c\u043e\u0442\u0440\u0430.<\/label><\/div><\/li><li class=\"fields   pageFields_1 piereg_li_22\"><div class=\"fieldset\"><label class=\"\" for=\"math_captcha_22\">Vastus&nbsp;<span class=\"piereg_field_required_label\">*<\/span><\/label><div data-cookiename=\"registration\" class=\"wrapmathcaptcha prMathCaptcha\"><div id=\"pieregister_math_captcha_22\" class=\"piereg_math_captcha\"><\/div><input id=\"math_captcha_22\" type=\"text\" data-errormessage-value-missing=\"\" data-errormessage-range-underflow=\"\" data-errormessage-range-overflow=\"\" class=\"input_fields  piereg_validate[required]\" placeholder=\"\" style=\"width:50%;margin-top:9px\" name=\"piereg_math_captcha\" \/><\/div><\/div><\/li><li class=\"fields   pageFields_1 piereg_li_11\"><div class=\"fieldset\"><div class=\"piereg-html-field-content\"><hr \/>\r\n<h3>Palun t\u00e4itke allpool olev vorm ja p\u00e4rast kontrolli saate juurdep\u00e4\u00e4su professionaalsele profiilile.<\/h3>\r\n<\/div><\/div><\/li><li class=\"fields   pageFields_1 piereg_li_20\"><div class=\"fieldset\"><label>Nimi<\/label><input value=\"\" placeholder=\"Nimi\" data-field_id=\"piereg_field_20\" id=\"name_20_firstname\" name=\"first_name\" class=\"input_fields  piereg_validate[custom[alphabetic]] input_fields piereg_name_input_field\" type=\"text\" \/><\/div><div class=\"fieldset\"><label>Perekonnanimi<\/label><input value=\"\" placeholder=\"Perekonnanimi\" id=\"name_20_lastname\" name=\"last_name\" class=\"input_fields  piereg_validate[custom[alphabetic]] input_fields piereg_name_input_field\" type=\"text\" \/><\/div><\/li><li class=\"fields   pageFields_1 piereg_li_12\"><div class=\"fieldset\"><label class=\"\" for=\"checkbox_12\">FIE v\u00f5i O\u00dc<\/label><div class=\"radio_wrap\"><div class=\"radio_container\"><input value=\"FIE\" data-field_id=\"piereg_field_12\" type=\"checkbox\" name=\"checkbox_12[]\" class=\"input_fields  radio_fields\" data-map-field-by-class=\"checkbox_12\"><label>FIE<\/label><\/div><div class=\"radio_container\"><input value=\"O\u00dc\" data-field_id=\"piereg_field_12\" type=\"checkbox\" name=\"checkbox_12[]\" class=\"input_fields  radio_fields\" data-map-field-by-class=\"checkbox_12\"><label>O\u00dc<\/label><\/div><\/div><\/div><\/li><li class=\"fields   pageFields_1 piereg_li_14\"><div class=\"fieldset\"><label class=\"\" for=\"text_14\">Registrikood<\/label><input id=\"text_14\" name=\"text_14\" data-field_id=\"piereg_field_14\" class=\"input_fields \" placeholder=\"Registrikood\" type=\"text\" value=\"\" \/><\/div><\/li><li class=\"fields   pageFields_1 piereg_li_16\"><div class=\"fieldset\"><label class=\"\" for=\"text_16\">Salongi nimetus<\/label><input id=\"text_16\" name=\"text_16\" data-field_id=\"piereg_field_16\" class=\"input_fields \" placeholder=\"Salongi nimetus\" type=\"text\" value=\"\" \/><\/div><\/li><li class=\"fields   pageFields_1 piereg_li_21\"><div class=\"fieldset\"><label class=\"\" for=\"text_21\">Asukoha aadress<\/label><input id=\"text_21\" name=\"text_21\" data-field_id=\"piereg_field_21\" class=\"input_fields \" placeholder=\"Asukoha aadress\" type=\"text\" value=\"\" \/><\/div><\/li><li class=\"fields   pageFields_1 piereg_li_19\"><div class=\"fieldset\"><label class=\"\" for=\"url\">Kodulehek\u00fclg<\/label><input id=\"default_19\" name=\"url\" data-field_id=\"piereg_field_19\" class=\"input_fields  piereg_validate[custom[url]]\" placeholder=\"\" type=\"text\" value=\"\" \/><\/div><\/li><li class=\"fields   pageFields_1 piereg_li_\"><div class=\"fieldset\"><div class=\"pie_wrap_buttons\"><input name=\"pie_submit\" class=\"pie_submit\" type=\"submit\" value=\"Saada\" \/><\/div><\/div><\/li><\/ul><\/form><\/div><\/div><\/div>\t\t\t\t<\/div>\n\t\t\t\t<\/div>\n\t\t\t\t\t<\/div>\n\t\t\t\t<\/div>\n\t\t\t\t<\/div>\n\t\t","protected":false},"excerpt":{"rendered":"","protected":false},"author":3,"featured_media":0,"parent":0,"menu_order":0,"comment_status":"closed","ping_status":"closed","template":"","meta":{"om_disable_all_campaigns":false,"_monsterinsights_skip_tracking":false,"_monsterinsights_sitenote_active":false,"_monsterinsights_sitenote_note":"","_monsterinsights_sitenote_category":0,"_uf_show_specific_survey":0,"_uf_disable_surveys":false,"site-sidebar-layout":"default","site-content-layout":"","ast-site-content-layout":"default","site-content-style":"default","site-sidebar-style":"default","ast-global-header-display":"","ast-banner-title-visibility":"","ast-main-header-display":"","ast-hfb-above-header-display":"","ast-hfb-below-header-display":"","ast-hfb-mobile-header-display":"","site-post-title":"disabled","ast-breadcrumbs-content":"","ast-featured-img":"","footer-sml-layout":"","theme-transparent-header-meta":"default","adv-header-id-meta":"","stick-header-meta":"","header-above-stick-meta":"","header-main-stick-meta":"","header-below-stick-meta":"","astra-migrate-meta-layouts":"set","ast-page-background-enabled":"default","ast-page-background-meta":{"desktop":{"background-color":"var(--ast-global-color-4)","background-image":"","background-repeat":"repeat","background-position":"center center","background-size":"auto","background-attachment":"scroll","background-type":"","background-media":"","overlay-type":"","overlay-color":"","overlay-opacity":"","overlay-gradient":""},"tablet":{"background-color":"","background-image":"","background-repeat":"repeat","background-position":"center center","background-size":"auto","background-attachment":"scroll","background-type":"","background-media":"","overlay-type":"","overlay-color":"","overlay-opacity":"","overlay-gradient":""},"mobile":{"background-color":"","background-image":"","background-repeat":"repeat","background-position":"center center","background-size":"auto","background-attachment":"scroll","background-type":"","background-media":"","overlay-type":"","overlay-color":"","overlay-opacity":"","overlay-gradient":""}},"ast-content-background-meta":{"desktop":{"background-color":"var(--ast-global-color-5)","background-image":"","background-repeat":"repeat","background-position":"center center","background-size":"auto","background-attachment":"scroll","background-type":"","background-media":"","overlay-type":"","overlay-color":"","overlay-opacity":"","overlay-gradient":""},"tablet":{"background-color":"var(--ast-global-color-5)","background-image":"","background-repeat":"repeat","background-position":"center center","background-size":"auto","background-attachment":"scroll","background-type":"","background-media":"","overlay-type":"","overlay-color":"","overlay-opacity":"","overlay-gradient":""},"mobile":{"background-color":"var(--ast-global-color-5)","background-image":"","background-repeat":"repeat","background-position":"center center","background-size":"auto","background-attachment":"scroll","background-type":"","background-media":"","overlay-type":"","overlay-color":"","overlay-opacity":"","overlay-gradient":""}},"footnotes":""},"class_list":["post-7565","page","type-page","status-publish","hentry"],"aioseo_notices":[],"_links":{"self":[{"href":"https:\/\/kosmeetika24.eu\/ru\/wp-json\/wp\/v2\/pages\/7565","targetHints":{"allow":["GET"]}}],"collection":[{"href":"https:\/\/kosmeetika24.eu\/ru\/wp-json\/wp\/v2\/pages"}],"about":[{"href":"https:\/\/kosmeetika24.eu\/ru\/wp-json\/wp\/v2\/types\/page"}],"author":[{"embeddable":true,"href":"https:\/\/kosmeetika24.eu\/ru\/wp-json\/wp\/v2\/users\/3"}],"replies":[{"embeddable":true,"href":"https:\/\/kosmeetika24.eu\/ru\/wp-json\/wp\/v2\/comments?post=7565"}],"version-history":[{"count":10,"href":"https:\/\/kosmeetika24.eu\/ru\/wp-json\/wp\/v2\/pages\/7565\/revisions"}],"predecessor-version":[{"id":7610,"href":"https:\/\/kosmeetika24.eu\/ru\/wp-json\/wp\/v2\/pages\/7565\/revisions\/7610"}],"wp:attachment":[{"href":"https:\/\/kosmeetika24.eu\/ru\/wp-json\/wp\/v2\/media?parent=7565"}],"curies":[{"name":"wp","href":"https:\/\/api.w.org\/{rel}","templated":true}]}}