{"id":1659,"date":"2019-07-29T17:41:50","date_gmt":"2019-07-29T17:41:50","guid":{"rendered":"https:\/\/kosmeetika24.eu\/?page_id=1659"},"modified":"2021-06-30T06:43:20","modified_gmt":"2021-06-30T06:43:20","slug":"kuidas-e-post-osta","status":"publish","type":"page","link":"https:\/\/kosmeetika24.eu\/ru\/kuidas-e-post-osta\/","title":{"rendered":"\u041a\u0430\u043a \u043a\u0443\u043f\u0438\u0442\u044c \u0447\u0435\u0440\u0435\u0437 \u044d-\u043c\u0430\u0433\u0430\u0437\u0438\u043d?"},"content":{"rendered":"Allerbeste O\u00dc e-poodi on loodud kasutusmugavust ning kiirust silmas pidades!\r\n<ul>\r\n \t<li><strong>Avage<\/strong> Allerbeste O\u00dc <strong>e-pood<\/strong><\/li>\r\n \t<li><strong>Valige<\/strong>\u00a0endale\u00a0<strong>sobiv toode<\/strong>\u00a0ning m\u00e4\u00e4rake kogus<\/li>\r\n \t<li>Seej\u00e4rel asetage tooge ostukorvi vajutades nupule\u00a0<strong>\u201cTelli\u201d<\/strong><\/li>\r\n \t<li>J\u00e4rgmise sammuna on teil v\u00f5imalik j\u00e4tkata ostlemist v\u00f5i vaadata enda ostukorvi sisu<\/li>\r\n \t<li><strong>Ostukorvi vaatamiseks<\/strong>\u00a0<strong>vajutage<\/strong>\u00a0lehe \u00fclemal paremal nurgas olevale\u00a0<strong>\u201cOstukorvi m\u00e4rgile\u201d<\/strong><\/li>\r\n \t<li>Ostukorv v\u00f5imaldab teil tooteid lisada, kustutada ning muuta toodete koguseid<\/li>\r\n \t<li>Toodete tellimiseks vajutage nupule\u00a0<strong>\u201cKinnitan ostukorvi\u201d<\/strong><\/li>\r\n \t<li>J\u00e4rgnevalt on teil v\u00f5imalik soovitud toode\/tooted osta registreerimata kasutajana, logida sisse enda kasutajanime ning salas\u00f5naga v\u00f5i registreerida ennast kosmeetika24.eu kasutajaks.<\/li>\r\n \t<li>Registreerimata kasutaja peab j\u00e4rgnevalt <strong>sisestama enda arveldusandmed<\/strong>\u00a0ning\u00a0<strong>valima sobiva kohaletoimetamiseviisi<\/strong>.<\/li>\r\n \t<li><strong>NB! Peale \u00fclekande sooritamst<\/strong>\u00a0\u00e4rge unustage vajutada nupule\u00a0<strong>\u201cTagasi kaupmehe juurde\u201d<\/strong><\/li>\r\n \t<li>Tegeleme teie tellimuse t\u00e4itmisega peale makse laekumist<\/li>\r\n<\/ul>\r\n<!-- \/wp:post-content -->","protected":false},"excerpt":{"rendered":"<p>Allerbeste O\u00dc e-poodi on loodud kasutusmugavust ning kiirust silmas pidades! Avage Allerbeste O\u00dc e-pood Valige\u00a0endale\u00a0sobiv toode\u00a0ning m\u00e4\u00e4rake kogus Seej\u00e4rel asetage [&hellip;]<\/p>\n","protected":false},"author":3,"featured_media":0,"parent":0,"menu_order":0,"comment_status":"closed","ping_status":"closed","template":"","meta":{"om_disable_all_campaigns":false,"_monsterinsights_skip_tracking":false,"_monsterinsights_sitenote_active":false,"_monsterinsights_sitenote_note":"","_monsterinsights_sitenote_category":0,"_uf_show_specific_survey":0,"_uf_disable_surveys":false,"site-sidebar-layout":"default","site-content-layout":"","ast-site-content-layout":"","site-content-style":"default","site-sidebar-style":"default","ast-global-header-display":"","ast-banner-title-visibility":"","ast-main-header-display":"","ast-hfb-above-header-display":"","ast-hfb-below-header-display":"","ast-hfb-mobile-header-display":"","site-post-title":"","ast-breadcrumbs-content":"","ast-featured-img":"","footer-sml-layout":"","theme-transparent-header-meta":"","adv-header-id-meta":"","stick-header-meta":"","header-above-stick-meta":"","header-main-stick-meta":"","header-below-stick-meta":"","astra-migrate-meta-layouts":"default","ast-page-background-enabled":"default","ast-page-background-meta":{"desktop":{"background-color":"var(--ast-global-color-4)","background-image":"","background-repeat":"repeat","background-position":"center center","background-size":"auto","background-attachment":"scroll","background-type":"","background-media":"","overlay-type":"","overlay-color":"","overlay-opacity":"","overlay-gradient":""},"tablet":{"background-color":"","background-image":"","background-repeat":"repeat","background-position":"center center","background-size":"auto","background-attachment":"scroll","background-type":"","background-media":"","overlay-type":"","overlay-color":"","overlay-opacity":"","overlay-gradient":""},"mobile":{"background-color":"","background-image":"","background-repeat":"repeat","background-position":"center center","background-size":"auto","background-attachment":"scroll","background-type":"","background-media":"","overlay-type":"","overlay-color":"","overlay-opacity":"","overlay-gradient":""}},"ast-content-background-meta":{"desktop":{"background-color":"var(--ast-global-color-5)","background-image":"","background-repeat":"repeat","background-position":"center center","background-size":"auto","background-attachment":"scroll","background-type":"","background-media":"","overlay-type":"","overlay-color":"","overlay-opacity":"","overlay-gradient":""},"tablet":{"background-color":"var(--ast-global-color-5)","background-image":"","background-repeat":"repeat","background-position":"center center","background-size":"auto","background-attachment":"scroll","background-type":"","background-media":"","overlay-type":"","overlay-color":"","overlay-opacity":"","overlay-gradient":""},"mobile":{"background-color":"var(--ast-global-color-5)","background-image":"","background-repeat":"repeat","background-position":"center center","background-size":"auto","background-attachment":"scroll","background-type":"","background-media":"","overlay-type":"","overlay-color":"","overlay-opacity":"","overlay-gradient":""}},"footnotes":""},"class_list":["post-1659","page","type-page","status-publish","hentry"],"aioseo_notices":[],"_links":{"self":[{"href":"https:\/\/kosmeetika24.eu\/ru\/wp-json\/wp\/v2\/pages\/1659","targetHints":{"allow":["GET"]}}],"collection":[{"href":"https:\/\/kosmeetika24.eu\/ru\/wp-json\/wp\/v2\/pages"}],"about":[{"href":"https:\/\/kosmeetika24.eu\/ru\/wp-json\/wp\/v2\/types\/page"}],"author":[{"embeddable":true,"href":"https:\/\/kosmeetika24.eu\/ru\/wp-json\/wp\/v2\/users\/3"}],"replies":[{"embeddable":true,"href":"https:\/\/kosmeetika24.eu\/ru\/wp-json\/wp\/v2\/comments?post=1659"}],"version-history":[{"count":3,"href":"https:\/\/kosmeetika24.eu\/ru\/wp-json\/wp\/v2\/pages\/1659\/revisions"}],"predecessor-version":[{"id":4721,"href":"https:\/\/kosmeetika24.eu\/ru\/wp-json\/wp\/v2\/pages\/1659\/revisions\/4721"}],"wp:attachment":[{"href":"https:\/\/kosmeetika24.eu\/ru\/wp-json\/wp\/v2\/media?parent=1659"}],"curies":[{"name":"wp","href":"https:\/\/api.w.org\/{rel}","templated":true}]}}