{"id":1589,"date":"2019-07-29T11:28:01","date_gmt":"2019-07-29T11:28:01","guid":{"rendered":"https:\/\/kosmeetika24.eu\/?page_id=1589"},"modified":"2019-12-06T10:27:32","modified_gmt":"2019-12-06T10:27:32","slug":"tagastustingimused","status":"publish","type":"page","link":"https:\/\/kosmeetika24.eu\/ru\/tagastustingimused\/","title":{"rendered":"\u0423\u0441\u043b\u043e\u0432\u0438\u044f \u0432\u043e\u0437\u0432\u0440\u0430\u0442\u0430"},"content":{"rendered":"Ostes kosmeetika24.eu veebipoest, kehtivad kaubale Eesti Vabariigi seadustes etten\u00e4htud garantii ja tagastamise kord. Ostetud kaubale kehtib alates kauba k\u00e4ttesaamisest 14-p\u00e4evane kauba tagastamis\u00f5igus, vastavalt V\u00f5la\u00f5igusseaduse \u00a7 56-le.\r\n<ul>\r\n \t<li>Tagastamis\u00f5iguse kasutamiseks peab tarbija esitama avalduse kosmeetika24.eu e-poe aadressil info@kosmeetika24.eu, kuid mitte hiljem kui 14 p\u00e4eva jooksul p\u00e4rast kauba k\u00e4ttesaamist<\/li>\r\n \t<li>Tagastatav kaup peab olema kasutamata, kahjustamata ja orginaalpakendis. Eemaldatud ei tohi olla \u00fcmbriskile.<\/li>\r\n \t<li>NB! K\u00f5ik tagastatavad tooted on kliendi vastutusel senikaua, kui need on j\u00f5udnud Allerbeste O\u00dc lattu. Veenduge, et k\u00f5ik oleks korrektselt pakendatud ja oht, et toode v\u00f5iks transpordil viga saada on t\u00e4ielikult v\u00e4listatud.<\/li>\r\n \t<li>Kauba tagastamiskulud kannab klient, v\u00e4lja arvatud juhul kui tagastamise p\u00f5hjuseks on mittevastavus tellitule v\u00f5i praakkaup.<\/li>\r\n \t<li>Allerbeste O\u00dc tagastab raha hiljemalt 14 kalendrip\u00e4eva jooksul taganemisteate saamisest arvates.<\/li>\r\n \t<li>NB! Tagastamisele ei kuulu tooted mille kasutamist (v\u00f5i mittekasutamist) ei ole v\u00f5imalik kontrollida. N\u00e4iteks ripsmetu\u0161id.<\/li>\r\n \t<li>V\u00f5imalike pretensioonide korral, palume saata e-mail aadressile info@kosmeetika24.eu. Saadetud kirjas palume kirjeldada v\u00f5imalikult t\u00e4pselt pretensiooni sisu ning kindlasti palume lisada kontaktandmed- nimi, e-maili aadress ning telefoninumber. Pretensiooni korral v\u00f5tame teiega \u00fchendust 3- t\u00f6\u00f6p\u00e4eva jooksul.<\/li>\r\n \t<li>Allerbeste O\u00dc tagastab Tarbijale saatmise kulud t\u00e4ies ulatuses juhul kui taganemise p\u00f5hjuseks on puudustega, vale, vigastada saanud toode v\u00f5i see ei vasta k\u00e4ttesaamisel oma kirjeldusele. Tootel puuduse olemasolu korral asendatakse Toode sama tootega, v\u00e4lja arvatud juhul kui vastavat Toodet ei ole enam m\u00fc\u00fcgil. Kui vastavat Toodet enam ei ole m\u00fc\u00fcgil, siis Tellija valikul Toode asendatakse v\u00f5i m\u00fc\u00fcgileping l\u00f5petatakse ja tagastatakse Tellijale Toote maksumus. Tellijal on \u00f5igus Toote lepingutingimustele mittevastavuse korral tugineda seaduses s\u00e4testatud \u00f5iguskaitsevahenditele.<\/li>\r\n \t<li>Lepingust taganemiseks loetakse ka juhud, kus klient ei tule 14 p\u00e4eva jooksul kaubale j\u00e4rele v\u00f5i ei v\u00f5ta kaupa v\u00e4lja postiautomaadist 7 kalendrip\u00e4eva jooksul.\u00a0 Tagastame sellistel juhtudel ostusumma koos postikuluga viivitamata, kuid mitte hiljem kui 14 kalendrip\u00e4eva jooksul samale arvelduskontole, millelt ostu eest tasuti.<\/li>\r\n<\/ul>\r\n<!-- \/wp:post-content -->","protected":false},"excerpt":{"rendered":"<p>Ostes kosmeetika24.eu veebipoest, kehtivad kaubale Eesti Vabariigi seadustes etten\u00e4htud garantii ja tagastamise kord. Ostetud kaubale kehtib alates kauba k\u00e4ttesaamisest 14-p\u00e4evane [&hellip;]<\/p>\n","protected":false},"author":3,"featured_media":0,"parent":0,"menu_order":0,"comment_status":"closed","ping_status":"closed","template":"","meta":{"om_disable_all_campaigns":false,"_monsterinsights_skip_tracking":false,"_monsterinsights_sitenote_active":false,"_monsterinsights_sitenote_note":"","_monsterinsights_sitenote_category":0,"_uf_show_specific_survey":0,"_uf_disable_surveys":false,"site-sidebar-layout":"default","site-content-layout":"","ast-site-content-layout":"","site-content-style":"default","site-sidebar-style":"default","ast-global-header-display":"","ast-banner-title-visibility":"","ast-main-header-display":"","ast-hfb-above-header-display":"","ast-hfb-below-header-display":"","ast-hfb-mobile-header-display":"","site-post-title":"","ast-breadcrumbs-content":"","ast-featured-img":"","footer-sml-layout":"","theme-transparent-header-meta":"","adv-header-id-meta":"","stick-header-meta":"","header-above-stick-meta":"","header-main-stick-meta":"","header-below-stick-meta":"","astra-migrate-meta-layouts":"default","ast-page-background-enabled":"default","ast-page-background-meta":{"desktop":{"background-color":"var(--ast-global-color-4)","background-image":"","background-repeat":"repeat","background-position":"center center","background-size":"auto","background-attachment":"scroll","background-type":"","background-media":"","overlay-type":"","overlay-color":"","overlay-opacity":"","overlay-gradient":""},"tablet":{"background-color":"","background-image":"","background-repeat":"repeat","background-position":"center center","background-size":"auto","background-attachment":"scroll","background-type":"","background-media":"","overlay-type":"","overlay-color":"","overlay-opacity":"","overlay-gradient":""},"mobile":{"background-color":"","background-image":"","background-repeat":"repeat","background-position":"center center","background-size":"auto","background-attachment":"scroll","background-type":"","background-media":"","overlay-type":"","overlay-color":"","overlay-opacity":"","overlay-gradient":""}},"ast-content-background-meta":{"desktop":{"background-color":"var(--ast-global-color-5)","background-image":"","background-repeat":"repeat","background-position":"center center","background-size":"auto","background-attachment":"scroll","background-type":"","background-media":"","overlay-type":"","overlay-color":"","overlay-opacity":"","overlay-gradient":""},"tablet":{"background-color":"var(--ast-global-color-5)","background-image":"","background-repeat":"repeat","background-position":"center center","background-size":"auto","background-attachment":"scroll","background-type":"","background-media":"","overlay-type":"","overlay-color":"","overlay-opacity":"","overlay-gradient":""},"mobile":{"background-color":"var(--ast-global-color-5)","background-image":"","background-repeat":"repeat","background-position":"center center","background-size":"auto","background-attachment":"scroll","background-type":"","background-media":"","overlay-type":"","overlay-color":"","overlay-opacity":"","overlay-gradient":""}},"footnotes":""},"class_list":["post-1589","page","type-page","status-publish","hentry"],"aioseo_notices":[],"_links":{"self":[{"href":"https:\/\/kosmeetika24.eu\/ru\/wp-json\/wp\/v2\/pages\/1589","targetHints":{"allow":["GET"]}}],"collection":[{"href":"https:\/\/kosmeetika24.eu\/ru\/wp-json\/wp\/v2\/pages"}],"about":[{"href":"https:\/\/kosmeetika24.eu\/ru\/wp-json\/wp\/v2\/types\/page"}],"author":[{"embeddable":true,"href":"https:\/\/kosmeetika24.eu\/ru\/wp-json\/wp\/v2\/users\/3"}],"replies":[{"embeddable":true,"href":"https:\/\/kosmeetika24.eu\/ru\/wp-json\/wp\/v2\/comments?post=1589"}],"version-history":[{"count":7,"href":"https:\/\/kosmeetika24.eu\/ru\/wp-json\/wp\/v2\/pages\/1589\/revisions"}],"predecessor-version":[{"id":2696,"href":"https:\/\/kosmeetika24.eu\/ru\/wp-json\/wp\/v2\/pages\/1589\/revisions\/2696"}],"wp:attachment":[{"href":"https:\/\/kosmeetika24.eu\/ru\/wp-json\/wp\/v2\/media?parent=1589"}],"curies":[{"name":"wp","href":"https:\/\/api.w.org\/{rel}","templated":true}]}}