{"id":1585,"date":"2019-07-29T11:27:00","date_gmt":"2019-07-29T11:27:00","guid":{"rendered":"https:\/\/kosmeetika24.eu\/?page_id=1585"},"modified":"2021-09-23T09:34:20","modified_gmt":"2021-09-23T09:34:20","slug":"tarnetingimused","status":"publish","type":"page","link":"https:\/\/kosmeetika24.eu\/ru\/tarnetingimused\/","title":{"rendered":"\u0423\u0441\u043b\u043e\u0432\u0438\u044f \u0434\u043e\u0441\u0442\u0430\u0432\u043a\u0438"},"content":{"rendered":"<ul>\r\n<li>Tegeleme teie tellimuse t\u00e4itmisega peale makse laekumist.<\/li>\r\n<li>Kaupa saab tellida SmartPOST ja Omniva pakiautomaati.\u00a0<\/li>\r\n<li>Kaubale on v\u00f5imalik ise j\u00e4rgi tulla aadressil Hobujaama 4, II korrus Tallinn v\u00f5i Kuperjanovi 70 Tartu E-R kell 10:00-17:00. Peale \u00fclekande laekumist saadame kliendile kinnituse e-mailile, milles on m\u00e4rgitud kuup\u00e4ev ja kellaaeg, millal pakk on pealekorjeks valmis.<\/li>\r\n<li>Kullerteenuste hinnakirja on v\u00f5imalik n\u00e4ha \u201cOstukorvis\u201d ning tellimuse vormistamisel.<\/li>\r\n<li>Allerbeste O\u00dc komplekteerib Kliendi poolt ostetud ja laos olevad tooted 1-3 t\u00f6\u00f6p\u00e4eva jooksul.<\/li>\r\n<li>Kui kauba tellimisel oli kauba juures m\u00e4rge &#8220;j\u00e4reltellimiseks&#8221;, v\u00f5ib komplekteerimine v\u00f5tta kuni 21 t\u00f6\u00f6p\u00e4eva.<\/li>\r\n<li>Kauba kohaletoimetamine varieerub vastavalt valitud transpordiviisile ning kaup j\u00f5uab teieni peale komplekteerimist maksimaalselt 2 t\u00f6\u00f6p\u00e4eva jooksul.<\/li>\r\n<li>Allerbeste O\u00dc ei vastuta kauba kohaletoimetamise viibimise eest juhul, kui kaup on antud logistikapartneritele \u00fcle \u00f5igeaegselt, kuid kohaletoimetamise viibimine on tingitud asjaoludest, mida Allerbeste O\u00dc ei saanud ette n\u00e4ha v\u00f5i m\u00f5jutada.<\/li>\r\n<li>Juhul, kui klient ei tule kaubale j\u00e4rele 14 kalendrip\u00e4eva jooksul (kauba pakiautomaati saabumise teate k\u00e4ttesaamisest), loeb m\u00fc\u00fcja, et klient on tellimusest loobunud ning m\u00fc\u00fcja tagastab kliendile ostusumma viivitamata, kuid mitte hiljem kui 14- kalendrip\u00e4eva jooksul samale arvelduskontole, millelt ostu eest tasuti.<\/li>\r\n<\/ul>","protected":false},"excerpt":{"rendered":"<p>Tegeleme teie tellimuse t\u00e4itmisega peale makse laekumist. Kaupa saab tellida SmartPOST ja Omniva pakiautomaati.\u00a0 Kaubale on v\u00f5imalik ise j\u00e4rgi tulla [&hellip;]<\/p>\n","protected":false},"author":3,"featured_media":0,"parent":0,"menu_order":0,"comment_status":"closed","ping_status":"closed","template":"","meta":{"om_disable_all_campaigns":false,"_monsterinsights_skip_tracking":false,"_monsterinsights_sitenote_active":false,"_monsterinsights_sitenote_note":"","_monsterinsights_sitenote_category":0,"_uf_show_specific_survey":0,"_uf_disable_surveys":false,"site-sidebar-layout":"default","site-content-layout":"","ast-site-content-layout":"","site-content-style":"default","site-sidebar-style":"default","ast-global-header-display":"","ast-banner-title-visibility":"","ast-main-header-display":"","ast-hfb-above-header-display":"","ast-hfb-below-header-display":"","ast-hfb-mobile-header-display":"","site-post-title":"","ast-breadcrumbs-content":"","ast-featured-img":"","footer-sml-layout":"","theme-transparent-header-meta":"","adv-header-id-meta":"","stick-header-meta":"","header-above-stick-meta":"","header-main-stick-meta":"","header-below-stick-meta":"","astra-migrate-meta-layouts":"default","ast-page-background-enabled":"default","ast-page-background-meta":{"desktop":{"background-color":"var(--ast-global-color-4)","background-image":"","background-repeat":"repeat","background-position":"center center","background-size":"auto","background-attachment":"scroll","background-type":"","background-media":"","overlay-type":"","overlay-color":"","overlay-opacity":"","overlay-gradient":""},"tablet":{"background-color":"","background-image":"","background-repeat":"repeat","background-position":"center center","background-size":"auto","background-attachment":"scroll","background-type":"","background-media":"","overlay-type":"","overlay-color":"","overlay-opacity":"","overlay-gradient":""},"mobile":{"background-color":"","background-image":"","background-repeat":"repeat","background-position":"center center","background-size":"auto","background-attachment":"scroll","background-type":"","background-media":"","overlay-type":"","overlay-color":"","overlay-opacity":"","overlay-gradient":""}},"ast-content-background-meta":{"desktop":{"background-color":"var(--ast-global-color-5)","background-image":"","background-repeat":"repeat","background-position":"center center","background-size":"auto","background-attachment":"scroll","background-type":"","background-media":"","overlay-type":"","overlay-color":"","overlay-opacity":"","overlay-gradient":""},"tablet":{"background-color":"var(--ast-global-color-5)","background-image":"","background-repeat":"repeat","background-position":"center center","background-size":"auto","background-attachment":"scroll","background-type":"","background-media":"","overlay-type":"","overlay-color":"","overlay-opacity":"","overlay-gradient":""},"mobile":{"background-color":"var(--ast-global-color-5)","background-image":"","background-repeat":"repeat","background-position":"center center","background-size":"auto","background-attachment":"scroll","background-type":"","background-media":"","overlay-type":"","overlay-color":"","overlay-opacity":"","overlay-gradient":""}},"footnotes":""},"class_list":["post-1585","page","type-page","status-publish","hentry"],"aioseo_notices":[],"_links":{"self":[{"href":"https:\/\/kosmeetika24.eu\/ru\/wp-json\/wp\/v2\/pages\/1585","targetHints":{"allow":["GET"]}}],"collection":[{"href":"https:\/\/kosmeetika24.eu\/ru\/wp-json\/wp\/v2\/pages"}],"about":[{"href":"https:\/\/kosmeetika24.eu\/ru\/wp-json\/wp\/v2\/types\/page"}],"author":[{"embeddable":true,"href":"https:\/\/kosmeetika24.eu\/ru\/wp-json\/wp\/v2\/users\/3"}],"replies":[{"embeddable":true,"href":"https:\/\/kosmeetika24.eu\/ru\/wp-json\/wp\/v2\/comments?post=1585"}],"version-history":[{"count":7,"href":"https:\/\/kosmeetika24.eu\/ru\/wp-json\/wp\/v2\/pages\/1585\/revisions"}],"predecessor-version":[{"id":4931,"href":"https:\/\/kosmeetika24.eu\/ru\/wp-json\/wp\/v2\/pages\/1585\/revisions\/4931"}],"wp:attachment":[{"href":"https:\/\/kosmeetika24.eu\/ru\/wp-json\/wp\/v2\/media?parent=1585"}],"curies":[{"name":"wp","href":"https:\/\/api.w.org\/{rel}","templated":true}]}}