{"id":1583,"date":"2019-07-29T11:26:24","date_gmt":"2019-07-29T11:26:24","guid":{"rendered":"https:\/\/kosmeetika24.eu\/?page_id=1583"},"modified":"2019-12-06T10:22:48","modified_gmt":"2019-12-06T10:22:48","slug":"maksetingimused","status":"publish","type":"page","link":"https:\/\/kosmeetika24.eu\/ru\/maksetingimused\/","title":{"rendered":"\u0423\u0441\u043b\u043e\u0432\u0438\u044f \u043f\u043b\u0430\u0442\u0435\u0436\u0430"},"content":{"rendered":"<p>Kui olete oma kaubad v\u00e4lja valinud ja ostukorvi lisanud, kontrollige kogu ostukorvi sisu \u00fcle ja valige endale sobiv makseviis.\u00a0<strong>Allerbeste O\u00dc<\/strong>\u00a0e-poe tellimuste eest on v\u00f5imalik tasuda pangalingi kaudu ja krediitkaardiga.<\/p>\n<p>L\u00e4bi Makskeskuse saavad meie kliendid kasutada pangalinki j\u00e4rgmistes pankades:<\/p>\n<ul>\n<li><strong>Eesti:<\/strong>\u00a0Swedbank, SEB, Luminor, LHV, Coop, Pocopay ja Liisi ID<\/li>\n<li><strong>L\u00e4ti:<\/strong>\u00a0SEB, Citadele ja Luminor<\/li>\n<li><strong>Leedu:<\/strong>\u00a0Swedbank, SEB ja Luminor<\/li>\n<li><strong>Soome:<\/strong>\u00a0Aktia, \u00c5landsbanken, Danske, Handelsbanken, Nordea, Oma S\u00e4\u00e4stopankki, Pohjola, POP Pankki, S-Pankki, S\u00e4\u00e4stopankki<\/li>\n<\/ul>\n<p><strong>Pangalinkidega<\/strong><\/p>\n<p>Peale e-poes tellimuse vormistamist suunatakse Teid valitud internetipanka, kus n\u00e4ete eelt\u00e4idetud maksekorraldust. Peale maksekorralduse kinnitamist lahkuge internetipangast vajutades nuppu \u201cTagasi kaupmehe juurde\u201d.Panga ja ostja vaheline side on kaitstud SSL-turvaprotokolliga, mis tagab selle, et vahetatavat informatsiooni ei saa k\u00f5rvalised isikud pealt kuulata ega muuta. Panga ja kosmeetika24.eu internetipoe vahel liikuv informatsioon on varustatud digitaalsete allkirjadega. Me ei saa teada Teie pangakonto infot, vaid ainult seda kas makse sooritati v\u00f5i mitte.<\/p>\n<p><strong>Krediitkaardiga\u00a0<\/strong><\/p>\n<p>Me aktsepteerime VISA ja MASTERCARD krediitkaarte. Tellimuse vormistamise l\u00f5ppfaasis suunatakse Teid makset sooritama usaldusv\u00e4\u00e4rsesse sertifitseeritud krediitkaardimaksete vastuv\u00f5tus\u00fcsteemi (SLL, MasterCard SecureCode, Verified by Visa), kus kasutatakse turvalisi pealtkuulamiskindlaid andmesidevahendeid ning Teie poolt sisestatud kaardi andmed ei saa sattuda valedesse k\u00e4tesse. Ka meie ei saa teie krediitkaardi andmeid teada.<\/p>\n<p>Kaup v\u00e4ljastatakse alles p\u00e4rast kogu tellimuse summa laekumist.<\/p>\n<p>K\u00f5ik\u00a0<strong>Allerbeste O\u00dc<\/strong>\u00a0e-poes kuvatavad hinnad on eurodes ja sisaldavad Eesti Vabariigi k\u00e4ibemaksu.<\/p>\n<p>Isikuandmete vastutav t\u00f6\u00f6tleja on <strong>Allerbeste O\u00dc<\/strong>. Maksete teostamiseks vajalikud isikuandmed edastatakse volitatud t\u00f6\u00f6tleja Maksekeskus AS-le.<\/p>","protected":false},"excerpt":{"rendered":"<p>Kui olete oma kaubad v\u00e4lja valinud ja ostukorvi lisanud, kontrollige kogu ostukorvi sisu \u00fcle ja valige endale sobiv makseviis.\u00a0Allerbeste O\u00dc\u00a0e-poe [&hellip;]<\/p>\n","protected":false},"author":3,"featured_media":0,"parent":0,"menu_order":0,"comment_status":"closed","ping_status":"closed","template":"","meta":{"om_disable_all_campaigns":false,"_monsterinsights_skip_tracking":false,"_monsterinsights_sitenote_active":false,"_monsterinsights_sitenote_note":"","_monsterinsights_sitenote_category":0,"_uf_show_specific_survey":0,"_uf_disable_surveys":false,"site-sidebar-layout":"default","site-content-layout":"","ast-site-content-layout":"","site-content-style":"default","site-sidebar-style":"default","ast-global-header-display":"","ast-banner-title-visibility":"","ast-main-header-display":"","ast-hfb-above-header-display":"","ast-hfb-below-header-display":"","ast-hfb-mobile-header-display":"","site-post-title":"","ast-breadcrumbs-content":"","ast-featured-img":"","footer-sml-layout":"","theme-transparent-header-meta":"","adv-header-id-meta":"","stick-header-meta":"","header-above-stick-meta":"","header-main-stick-meta":"","header-below-stick-meta":"","astra-migrate-meta-layouts":"default","ast-page-background-enabled":"default","ast-page-background-meta":{"desktop":{"background-color":"var(--ast-global-color-4)","background-image":"","background-repeat":"repeat","background-position":"center center","background-size":"auto","background-attachment":"scroll","background-type":"","background-media":"","overlay-type":"","overlay-color":"","overlay-opacity":"","overlay-gradient":""},"tablet":{"background-color":"","background-image":"","background-repeat":"repeat","background-position":"center center","background-size":"auto","background-attachment":"scroll","background-type":"","background-media":"","overlay-type":"","overlay-color":"","overlay-opacity":"","overlay-gradient":""},"mobile":{"background-color":"","background-image":"","background-repeat":"repeat","background-position":"center center","background-size":"auto","background-attachment":"scroll","background-type":"","background-media":"","overlay-type":"","overlay-color":"","overlay-opacity":"","overlay-gradient":""}},"ast-content-background-meta":{"desktop":{"background-color":"var(--ast-global-color-5)","background-image":"","background-repeat":"repeat","background-position":"center center","background-size":"auto","background-attachment":"scroll","background-type":"","background-media":"","overlay-type":"","overlay-color":"","overlay-opacity":"","overlay-gradient":""},"tablet":{"background-color":"var(--ast-global-color-5)","background-image":"","background-repeat":"repeat","background-position":"center center","background-size":"auto","background-attachment":"scroll","background-type":"","background-media":"","overlay-type":"","overlay-color":"","overlay-opacity":"","overlay-gradient":""},"mobile":{"background-color":"var(--ast-global-color-5)","background-image":"","background-repeat":"repeat","background-position":"center center","background-size":"auto","background-attachment":"scroll","background-type":"","background-media":"","overlay-type":"","overlay-color":"","overlay-opacity":"","overlay-gradient":""}},"footnotes":""},"class_list":["post-1583","page","type-page","status-publish","hentry"],"aioseo_notices":[],"_links":{"self":[{"href":"https:\/\/kosmeetika24.eu\/ru\/wp-json\/wp\/v2\/pages\/1583","targetHints":{"allow":["GET"]}}],"collection":[{"href":"https:\/\/kosmeetika24.eu\/ru\/wp-json\/wp\/v2\/pages"}],"about":[{"href":"https:\/\/kosmeetika24.eu\/ru\/wp-json\/wp\/v2\/types\/page"}],"author":[{"embeddable":true,"href":"https:\/\/kosmeetika24.eu\/ru\/wp-json\/wp\/v2\/users\/3"}],"replies":[{"embeddable":true,"href":"https:\/\/kosmeetika24.eu\/ru\/wp-json\/wp\/v2\/comments?post=1583"}],"version-history":[{"count":6,"href":"https:\/\/kosmeetika24.eu\/ru\/wp-json\/wp\/v2\/pages\/1583\/revisions"}],"predecessor-version":[{"id":2691,"href":"https:\/\/kosmeetika24.eu\/ru\/wp-json\/wp\/v2\/pages\/1583\/revisions\/2691"}],"wp:attachment":[{"href":"https:\/\/kosmeetika24.eu\/ru\/wp-json\/wp\/v2\/media?parent=1583"}],"curies":[{"name":"wp","href":"https:\/\/api.w.org\/{rel}","templated":true}]}}