{"id":1581,"date":"2019-07-29T11:25:59","date_gmt":"2019-07-29T11:25:59","guid":{"rendered":"https:\/\/kosmeetika24.eu\/?page_id=1581"},"modified":"2019-12-06T10:26:06","modified_gmt":"2019-12-06T10:26:06","slug":"muugitingimused","status":"publish","type":"page","link":"https:\/\/kosmeetika24.eu\/ru\/muugitingimused\/","title":{"rendered":"\u0423\u0441\u043b\u043e\u0432\u0438\u044f \u043f\u0440\u043e\u0434\u0430\u0436\u0438"},"content":{"rendered":"<p><strong>1. Tingimused<\/strong><\/p>\r\n<p>1.1 Tingimused kehtivad k\u00f5igi isikute ja <b>Allerbeste O\u00dc (Allerbeste)<\/b>\u00a0vahel, toodete ostmisel tekkivate \u00f5igussuhete kohta.<\/p>\r\n<p>1.2 Lisaks k\u00e4esolevatele tingimustele reguleerivad <strong>Allerbeste <\/strong>vahendusel toodete ostmisel tekkivaid \u00f5igussuhteid Eesti Vabariigis kehtivad \u00f5igusaktid.<\/p>\r\n<p><strong>2. Hind<\/strong><\/p>\r\n<p>2.1 Tootele kehtib kodulehel m\u00e4rgitud hind. <strong>Allerbeste<\/strong>\u00a0j\u00e4tab endale \u00f5iguse muuta hinda.<\/p>\r\n<p>2.2. K\u00f5ik hinnad sisaldavad k\u00e4ibemaksu 20%.<\/p>\r\n<p><strong>3. Ostukorv ja tellimuse vormistamine<\/strong><\/p>\r\n<p>3.1. Teie ostukorv luuakse hetkel, kui olete klikkinud lingile \u201eOsta\u201c.<\/p>\r\n<p>3.2. Ostukorvis olevate toodete arvu v\u00f5ite muuta lahtris \u201ekogus\u201c. Tellimuse vormistamiseks klikkige lingile \u201eVormista tellimus\u201d. Teid suunatakse tellimuse vormistamise lehek\u00fcljele.<\/p>\r\n<p>3.3. Tellimuse vormistamise lehel sisestage n\u00f5utavad andmed ning klikkige nupule \u201eOsta\u201d. Peale seda kuvatakse ekraanile Teie arve.<\/p>\r\n<p>3.4. Olge tellimuse vormistamise lehek\u00fcljel olevate lahtrite t\u00e4itmisel t\u00e4helepanelik, sest selle informatsiooni t\u00e4psusest ja \u00f5igsusest s\u00f5ltub Teie poolt ostetud toodete kiire ja h\u00e4ireteta kohaletoimetamine.<\/p>\r\n<p>3.5. Toodete m\u00fc\u00fcgileping loetakse s\u00f5lmituks (Lepingu j\u00f5ustumine) alates arve summa laekumisest <strong>Allerbeste<\/strong>\u00a0arvelduskontole.<\/p>\r\n<p><strong>4. Toodete eest tasumine<\/strong><\/p>\r\n<p>4.1. Makse sooritamiseks klikkige tellimuse vormistamise lehek\u00fcljel nupule \u201eOsta\u201d. Ekraanile kuvatakse Teie tellimuse kinnitus. Palume enne tellimuse eest tasumist kontrollida, et tellimuses sisalduvad andmed vastavad Teie soovile.<\/p>\r\n<p>4.2. Toodete eest saate tasuda:<\/p>\r\n<p>1) Internetipanga kaudu ja krediitkaardiga. K\u00f5ik <strong>Allerbeste<\/strong>\u00a0e-poes kuvatavad hinnad on eurodes ja sisaldavad Eesti Vabariigi k\u00e4ibemaksu.<\/p>\r\n<p>2) L\u00e4bi Makskeskuse saavad meie kliendid kasutada pangalinki j\u00e4rgmistes pankades:<\/p>\r\n<ul>\r\n<li><strong>Eesti:<\/strong>\u00a0Swedbank, SEB, Luminor, LHV, Coop, Pocopay ja Liisi ID<\/li>\r\n<li><strong>L\u00e4ti:<\/strong>\u00a0SEB, Citadele ja Luminor<\/li>\r\n<li><strong>Leedu:<\/strong>\u00a0Swedbank, SEB ja Luminor<\/li>\r\n<li><strong>Soome:<\/strong>\u00a0Aktia, \u00c5landsbanken, Danske, Handelsbanken, Nordea, Oma S\u00e4\u00e4stopankki, Pohjola, POP Pankki, S-Pankki, S\u00e4\u00e4stopankki<\/li>\r\n<\/ul>\r\n<p>4.3. M\u00fc\u00fcgiarve saadetakse Teile koos kaubaga peale tellimuse eest tasumist.<\/p>\r\n<p>4.4. Tellimus, mida ei tasuta 7 t\u00f6\u00f6p\u00e4eva jooksul, l\u00e4heb t\u00fchistamisele.<\/p>\r\n<p>4.5. Filtri tellimus \u2013 kui soovitakse tellida \u00fchte toodet rohkem kui 10 t\u00fckki, tuleb oodata tellimuse kinnitust, et tagada kindel toodete olemasolu.<\/p>\r\n<p><strong>5. Toodete kohaletoimetamine ja \u00fcleandmine<\/strong><\/p>\r\n<p>5.1.\u00a0M<span lang=\"ET\">inimaalne tarneaeg on 1 t\u00f6\u00f6p\u00e4ev\u00a0<\/span><span lang=\"ET\">ja maksimaalne kuni 10 t\u00f6\u00f6p\u00e4eva.\u00a0<\/span>T\u00f6\u00f6p\u00e4evadel enne 10:00 tasutud tellimused j\u00f5uavad teieni juba j\u00e4rgmisel p\u00e4eval (<strong>toode laos<\/strong>).<\/p>\r\n<p>5.2. <strong>Allerbeste <\/strong><strong>\u00a0transpordiviisid:<\/strong><\/p>\r\n<ol>\r\n<li>Omniva pakiautomaadid<\/li>\r\n<li>Itella SmartPost<\/li>\r\n<li>Tulen ise j\u00e4rgi<\/li>\r\n<\/ol>\r\n<p>5.3. Palun kontrollida vormistamisel esitatavate kontaktandmete \u00f5igsust v\u00e4ltimaks arusaamatusi toodete kohaletoimetamisel. <strong>Allerbeste<\/strong>\u00a0ei vastuta toodete kohaletoimetamise tekkinud arusaamatuste eest juhul, kui see on tingitud Teie poolt tellimuse vormistamisel esitatud andmete ebat\u00e4psusest v\u00f5i eba\u00f5igsusest.<\/p>\r\n<p><strong>6. Tellimuse t\u00fchistamine ja toote tagastamine<\/strong><\/p>\r\n<p>6.1. Peale toodete k\u00e4ttesaamist on Tarbijal V\u00d5S m\u00f5istes 14 p\u00e4eva aega toodetega tutvumiseks. Juhul, kui tooted Tarbijale ei sobi, on Tarbijal \u00f5igus 14 p\u00e4eva jooksul peale toodete \u00fcleandmist oma tellimusest taganeda ja ostetud tooted tagastada v\u00f5i vahetada, t\u00e4ites tagastuse leht.<\/p>\r\n<p>6.2. Tellimuse t\u00fchistamisel tagastatakse Teile ostu eest tasutud summa (koos transpordimaksumusega) Teie poolt n\u00e4idatud pangakontole hiljemalt 14 p\u00e4eva jooksul alates tellimuse t\u00fchistamisest.<\/p>\r\n<p>6.3. Kui tagastatav toode on halvenenud ja halvenemine on p\u00f5hjustatud asjaoludest, mis ei ole tingitud <strong>Allerbeste<\/strong>\u00a0ning toote mittesihip\u00e4rase kasutamise tulemusena, on <strong>Allerbeste<\/strong> \u00f5igus tasaarvestada toote v\u00e4\u00e4rtuse v\u00e4henemine Teie poolt toote eest tasutud ning Teile tagastamisele kuuluva summaga. Tasaarvestamiseks saadab <strong>Allerbeste <\/strong>Teile tasaarvestamise avalduse Teie poolt tellimuse vormistamisel teatatud e-posti aadressile. Juhul, kui Te ei ole n\u00f5us tasaarvestamise teates n\u00e4idatud v\u00e4\u00e4rtuse v\u00e4henemisega, on Teil \u00f5igus kaasata toote v\u00e4\u00e4rtuse v\u00e4henemise kindlakstegemiseks s\u00f5ltumatu ekspert. Ekspertiisiga seotud kulud jagatakse pooleks Teie ja <b>Allerbeste <\/b>vahel, v.a juhul, kui \u00fche poole seisukoht osutub ilmselt p\u00f5hjendamatuks. Sellisel juhul kannab ekspertiisiga seotud kulud pool, kelle seisukoht osutus ilmselt p\u00f5hjendamatuks.<\/p>\r\n<p><strong>7. Garantii ja n\u00f5uetele mittevastavate toodete tagastamine<\/strong><\/p>\r\n<p>7.1. <strong>Allerbeste<\/strong>\u00a0vastutab toodete n\u00f5uetele mittevastavuse ja puuduste eest, mis ilmnevad 2 aasta jooksul arvates toodete Teile \u00fcleandmisest.<\/p>\r\n<p>7.2. <strong>Allerbeste<\/strong>\u00a0ei vastuta:<\/p>\r\n<p>1) Teie s\u00fc\u00fcl toote halvenemise\/kahjustumise eest;<\/p>\r\n<p>2) puuduste eest, mis on tekkinud toote mittekorrap\u00e4rase kasutamise tagaj\u00e4rjel;<\/p>\r\n<p>3) toote normaalse f\u00fc\u00fcsilise kulumise eest tavalise kasutamise korral.<\/p>\r\n<p>7.3. Toote n\u00f5uetele mittevastavuse v\u00f5i puuduse korral on Teil \u00f5igus n\u00f5uda toote asendamist n\u00f5uetele vastava ja puudusteta toote vastu v\u00f5i taganeda tellimusest ja tagastada n\u00f5uetele mittevastav toode <strong>Allerbeste<\/strong>\u00a0kulul.<\/p>\r\n<p>7.4. N\u00f5uetele mittevastava toote tagastamise korral kantakse toote eest tasutud summa (koos transpordimaksumusega) Teie poolt n\u00e4idatud pangakontole hiljemalt 14 p\u00e4eva jooksul arvates tellimusest taganemise ja toote tagastamise soovi kohta teate saamisest.<\/p>\r\n<p>7.5. Lisaks garantiist tulenevatele \u00f5igustele on Teil ka muud seadusest tulenevad \u00f5igused.<\/p>\r\n<p><strong>8. Vastutus ja v\u00e4\u00e4ramatu j\u00f5ud<\/strong><\/p>\r\n<p>8.1. <b>Allerbeste <\/b>vastutab Teie ees ja Teie vastutate <strong>Allerbeste<\/strong>\u00a0ees teisele poolele k\u00e4esolevate tingimuste rikkumisega tekitatud kahju eest Eesti Vabariigis kehtivates \u00f5igusaktides s\u00e4testatud juhtudel ja ulatuses.<\/p>\r\n<p>8.2. <strong>Allerbeste<\/strong> ei vastuta Teile tekitatud kahjude eest v\u00f5i toote kohaletoimetamise viibimise eest juhul, kui kahju v\u00f5i toote kohaletoomise viibimine on tingitud asjaolust, mida <b>Allerbeste <\/b>ei saanud m\u00f5jutada ning mille saabumist <strong>Allerbeste<\/strong>\u00a0ei n\u00e4inud ette ega v\u00f5inud ette n\u00e4ha (v\u00e4\u00e4ramatu j\u00f5ud).<\/p>\r\n<p><strong>9. Muud tingimused<\/strong><\/p>\r\n<p>9.1. K\u00f5iki <b>Allerbeste <\/b>k\u00fclastamise ja ostude sooritamise k\u00e4igus teatavaks saanud kliendi isikuandmeid k\u00e4sitletakse kui konfidentsiaalset infot.<\/p>\r\n<p>9.2. K\u00e4esolevates tingimustes eraldi lahendamata k\u00fcsimustes l\u00e4htutakse Eesti Vabariigis kehtivatest \u00f5igusaktid<\/p>","protected":false},"excerpt":{"rendered":"<p>1. Tingimused 1.1 Tingimused kehtivad k\u00f5igi isikute ja Allerbeste O\u00dc (Allerbeste)\u00a0vahel, toodete ostmisel tekkivate \u00f5igussuhete kohta. 1.2 Lisaks k\u00e4esolevatele tingimustele [&hellip;]<\/p>\n","protected":false},"author":3,"featured_media":0,"parent":0,"menu_order":0,"comment_status":"closed","ping_status":"closed","template":"","meta":{"om_disable_all_campaigns":false,"_monsterinsights_skip_tracking":false,"_monsterinsights_sitenote_active":false,"_monsterinsights_sitenote_note":"","_monsterinsights_sitenote_category":0,"_uf_show_specific_survey":0,"_uf_disable_surveys":false,"site-sidebar-layout":"default","site-content-layout":"","ast-site-content-layout":"","site-content-style":"default","site-sidebar-style":"default","ast-global-header-display":"","ast-banner-title-visibility":"","ast-main-header-display":"","ast-hfb-above-header-display":"","ast-hfb-below-header-display":"","ast-hfb-mobile-header-display":"","site-post-title":"","ast-breadcrumbs-content":"","ast-featured-img":"","footer-sml-layout":"","theme-transparent-header-meta":"","adv-header-id-meta":"","stick-header-meta":"","header-above-stick-meta":"","header-main-stick-meta":"","header-below-stick-meta":"","astra-migrate-meta-layouts":"default","ast-page-background-enabled":"default","ast-page-background-meta":{"desktop":{"background-color":"var(--ast-global-color-4)","background-image":"","background-repeat":"repeat","background-position":"center center","background-size":"auto","background-attachment":"scroll","background-type":"","background-media":"","overlay-type":"","overlay-color":"","overlay-opacity":"","overlay-gradient":""},"tablet":{"background-color":"","background-image":"","background-repeat":"repeat","background-position":"center center","background-size":"auto","background-attachment":"scroll","background-type":"","background-media":"","overlay-type":"","overlay-color":"","overlay-opacity":"","overlay-gradient":""},"mobile":{"background-color":"","background-image":"","background-repeat":"repeat","background-position":"center center","background-size":"auto","background-attachment":"scroll","background-type":"","background-media":"","overlay-type":"","overlay-color":"","overlay-opacity":"","overlay-gradient":""}},"ast-content-background-meta":{"desktop":{"background-color":"var(--ast-global-color-5)","background-image":"","background-repeat":"repeat","background-position":"center center","background-size":"auto","background-attachment":"scroll","background-type":"","background-media":"","overlay-type":"","overlay-color":"","overlay-opacity":"","overlay-gradient":""},"tablet":{"background-color":"var(--ast-global-color-5)","background-image":"","background-repeat":"repeat","background-position":"center center","background-size":"auto","background-attachment":"scroll","background-type":"","background-media":"","overlay-type":"","overlay-color":"","overlay-opacity":"","overlay-gradient":""},"mobile":{"background-color":"var(--ast-global-color-5)","background-image":"","background-repeat":"repeat","background-position":"center center","background-size":"auto","background-attachment":"scroll","background-type":"","background-media":"","overlay-type":"","overlay-color":"","overlay-opacity":"","overlay-gradient":""}},"footnotes":""},"class_list":["post-1581","page","type-page","status-publish","hentry"],"aioseo_notices":[],"_links":{"self":[{"href":"https:\/\/kosmeetika24.eu\/ru\/wp-json\/wp\/v2\/pages\/1581","targetHints":{"allow":["GET"]}}],"collection":[{"href":"https:\/\/kosmeetika24.eu\/ru\/wp-json\/wp\/v2\/pages"}],"about":[{"href":"https:\/\/kosmeetika24.eu\/ru\/wp-json\/wp\/v2\/types\/page"}],"author":[{"embeddable":true,"href":"https:\/\/kosmeetika24.eu\/ru\/wp-json\/wp\/v2\/users\/3"}],"replies":[{"embeddable":true,"href":"https:\/\/kosmeetika24.eu\/ru\/wp-json\/wp\/v2\/comments?post=1581"}],"version-history":[{"count":5,"href":"https:\/\/kosmeetika24.eu\/ru\/wp-json\/wp\/v2\/pages\/1581\/revisions"}],"predecessor-version":[{"id":2694,"href":"https:\/\/kosmeetika24.eu\/ru\/wp-json\/wp\/v2\/pages\/1581\/revisions\/2694"}],"wp:attachment":[{"href":"https:\/\/kosmeetika24.eu\/ru\/wp-json\/wp\/v2\/media?parent=1581"}],"curies":[{"name":"wp","href":"https:\/\/api.w.org\/{rel}","templated":true}]}}