{"id":9954,"date":"2025-02-26T16:04:56","date_gmt":"2025-02-26T13:04:56","guid":{"rendered":"https:\/\/kosmeetika24.eu\/?post_type=product&#038;p=9954"},"modified":"2025-03-14T17:40:59","modified_gmt":"2025-03-14T14:40:59","slug":"dalton-q10-cream-mask-15ml-mini","status":"publish","type":"product","link":"https:\/\/kosmeetika24.eu\/et\/toode\/dalton-q10-cream-mask-15ml-mini\/","title":{"rendered":"Dalton &#8211; Q10 &#8211; Cream Mask 15ml Mini"},"content":{"rendered":"<p><strong>Kasutamine:<\/strong><br \/>\nKasuta 1\u20132 korda n\u00e4dalas p\u00e4rast n\u00e4o puhastamist. Kanna peale n\u00e4ole, kaelale ja dekolteele ning masseeri Q10 p\u00e4rlid korralikult sisse. Eemalda mask p\u00e4rast 15 minutit niiske kompressi v\u00f5i kosmeetikaseebiga.<\/p>\n<p><strong>N\u00e4pun\u00e4ide:<\/strong><br \/>\nV\u00f5i kasuta \u00f6\u00f6maskina \u2013 ideaalne v\u00e4ga kuivale nahale.<\/p>\n<p><strong>Energiseeriv ja v\u00e4rskendav n\u00e4omask<\/strong> annab tuhmile, v\u00e4sinud ja kuiva nahale kohese v\u00e4rskenduse, niisutuse ja toitva niiskuse. Mask sisaldab v\u00e4ikeseid Q10 p\u00e4rleid, mis suurendavad rakkude energiataset <strong>kuni 90%<\/strong> ja aitavad <strong>rakke uuendada<\/strong>. Q10 mask koos mandli\u00f5li ja skvalaaniga hellitab kuiva nahka toitvate lipiididega ning taastab naha niiskuse tasakaalu. Mask on lihtne kasutada ja ideaalne valik v\u00e4sinud naha elavdamiseks. Regulaarne kasutamine aitab naha uuenemist ja ennetab enneaegset vananemist \u2013 n\u00e4htavalt siledama naha ja v\u00e4rske roosa jumega.<\/p>\n<p><strong>Koostis:<br \/>\n<\/strong>Aqua\/Water, Prunus Amygdalus Dulcis (Sweet Almond) Oil, Decyl Oleate, Cetearyl Alcohol, Glycerin, Sorbitol, Glyceryl Stearate, PEG-100 Stearate, Pentylene Glycol, Squalane, Imperata Cyclindrica Root Extract, Maris Aqua\/Sea Water, Ubiquinone, Tocopheryl Acetate, Citric Acid, Simmondsia Chinensis (Jojoba) Seed Oil, Lecithin, Algin, Carnitine, Agar, Carbomer, Biotin, Sodium Carbomer, Tocopherol, Hydrogenated Palm Glycerides Citrate, Caprylyl Glycol, Lactic Acid, Ethylhexylglycerin, Sodium Citrate, Tetrasodium Glutamate Diacetate, Acrylates\/C10-30 Alkyl Acrylate Crosspolymer, Sodium Hydroxide, Menthyl Lactate, Dimethicone, Potassium Sorbate, Phenoxyethanol, Trisodium Edta, Red 30 (CI 73360), Parfum\/Fragrance, Benzyl Salicylate, Hexyl Cinnamal, Alpha-Isomethyl Ionone, Eugenol, Linalool, Limonene, Citronellol<\/p>\n","protected":false},"excerpt":{"rendered":"<p>Energiseeriv Q10 n\u00e4omask tuhmunud nahale<\/p>\n<p>Koens\u00fc\u00fcm Q10 suurendab rakkude energiataset 90% p\u00e4rast 2 tundi*<br \/>\nRasvane kooreline tekstuur<br \/>\nMandli\u00f5li ja skvalaan toidavad nahka<br \/>\nAnnab tuhmile ja kuivale nahale v\u00e4rskenduse<\/p>\n","protected":false},"featured_media":0,"template":"","meta":{"om_disable_all_campaigns":false,"_monsterinsights_skip_tracking":false,"_monsterinsights_sitenote_active":false,"_monsterinsights_sitenote_note":"","_monsterinsights_sitenote_category":0,"_uf_show_specific_survey":0,"_uf_disable_surveys":false,"site-sidebar-layout":"default","site-content-layout":"","ast-site-content-layout":"default","site-content-style":"default","site-sidebar-style":"default","ast-global-header-display":"","ast-banner-title-visibility":"","ast-main-header-display":"","ast-hfb-above-header-display":"","ast-hfb-below-header-display":"","ast-hfb-mobile-header-display":"","site-post-title":"","ast-breadcrumbs-content":"","ast-featured-img":"","footer-sml-layout":"","theme-transparent-header-meta":"default","adv-header-id-meta":"","stick-header-meta":"","header-above-stick-meta":"","header-main-stick-meta":"","header-below-stick-meta":"","astra-migrate-meta-layouts":"set","ast-page-background-enabled":"default","ast-page-background-meta":{"desktop":{"background-color":"var(--ast-global-color-4)","background-image":"","background-repeat":"repeat","background-position":"center center","background-size":"auto","background-attachment":"scroll","background-type":"","background-media":"","overlay-type":"","overlay-color":"","overlay-opacity":"","overlay-gradient":""},"tablet":{"background-color":"","background-image":"","background-repeat":"repeat","background-position":"center center","background-size":"auto","background-attachment":"scroll","background-type":"","background-media":"","overlay-type":"","overlay-color":"","overlay-opacity":"","overlay-gradient":""},"mobile":{"background-color":"","background-image":"","background-repeat":"repeat","background-position":"center center","background-size":"auto","background-attachment":"scroll","background-type":"","background-media":"","overlay-type":"","overlay-color":"","overlay-opacity":"","overlay-gradient":""}},"ast-content-background-meta":{"desktop":{"background-color":"var(--ast-global-color-5)","background-image":"","background-repeat":"repeat","background-position":"center center","background-size":"auto","background-attachment":"scroll","background-type":"","background-media":"","overlay-type":"","overlay-color":"","overlay-opacity":"","overlay-gradient":""},"tablet":{"background-color":"var(--ast-global-color-5)","background-image":"","background-repeat":"repeat","background-position":"center center","background-size":"auto","background-attachment":"scroll","background-type":"","background-media":"","overlay-type":"","overlay-color":"","overlay-opacity":"","overlay-gradient":""},"mobile":{"background-color":"var(--ast-global-color-5)","background-image":"","background-repeat":"repeat","background-position":"center center","background-size":"auto","background-attachment":"scroll","background-type":"","background-media":"","overlay-type":"","overlay-color":"","overlay-opacity":"","overlay-gradient":""}}},"product_brand":[],"product_cat":[424],"product_tag":[425],"class_list":{"0":"post-9954","1":"product","2":"type-product","3":"status-publish","5":"product_cat-mini","6":"product_tag-mini","7":"desktop-align-center","8":"tablet-align-left","9":"mobile-align-left","11":"first","12":"instock","13":"taxable","14":"shipping-taxable","15":"purchasable","16":"product-type-simple","17":"add-to-wishlist-before_image"},"aioseo_notices":[],"_links":{"self":[{"href":"https:\/\/kosmeetika24.eu\/et\/wp-json\/wp\/v2\/product\/9954","targetHints":{"allow":["GET"]}}],"collection":[{"href":"https:\/\/kosmeetika24.eu\/et\/wp-json\/wp\/v2\/product"}],"about":[{"href":"https:\/\/kosmeetika24.eu\/et\/wp-json\/wp\/v2\/types\/product"}],"version-history":[{"count":1,"href":"https:\/\/kosmeetika24.eu\/et\/wp-json\/wp\/v2\/product\/9954\/revisions"}],"predecessor-version":[{"id":9955,"href":"https:\/\/kosmeetika24.eu\/et\/wp-json\/wp\/v2\/product\/9954\/revisions\/9955"}],"wp:attachment":[{"href":"https:\/\/kosmeetika24.eu\/et\/wp-json\/wp\/v2\/media?parent=9954"}],"wp:term":[{"taxonomy":"product_brand","embeddable":true,"href":"https:\/\/kosmeetika24.eu\/et\/wp-json\/wp\/v2\/product_brand?post=9954"},{"taxonomy":"product_cat","embeddable":true,"href":"https:\/\/kosmeetika24.eu\/et\/wp-json\/wp\/v2\/product_cat?post=9954"},{"taxonomy":"product_tag","embeddable":true,"href":"https:\/\/kosmeetika24.eu\/et\/wp-json\/wp\/v2\/product_tag?post=9954"}],"curies":[{"name":"wp","href":"https:\/\/api.w.org\/{rel}","templated":true}]}}