{"id":9948,"date":"2025-02-26T15:01:50","date_gmt":"2025-02-26T12:01:50","guid":{"rendered":"https:\/\/kosmeetika24.eu\/?post_type=product&#038;p=9948"},"modified":"2026-03-02T12:38:19","modified_gmt":"2026-03-02T09:38:19","slug":"dalton-high-concentrates-azelaic-acid-serum-10ml-mini","status":"publish","type":"product","link":"https:\/\/kosmeetika24.eu\/et\/toode\/dalton-high-concentrates-azelaic-acid-serum-10ml-mini\/","title":{"rendered":"Dalton &#8211; High Concentrates &#8211; Azelaic Acid Serum 10ml Mini"},"content":{"rendered":"<p><strong>Kasutamine:<\/strong><br \/>\nKanna 2\u20133 korda n\u00e4dalas hommikul ja \u00f5htul puhtale nahale ning l\u00f5peta niisutajaga. Kasutamist v\u00f5ib suurendada vastavalt vajadusele. Liigne kasutamine v\u00f5ib p\u00f5hjustada \u00e4rritust. Kasuta p\u00e4evase p\u00e4ikesekaitse kreemi v\u00e4hemalt SPF 30. \u00c4rge kasutage tooteid, mis sisaldavad aselaiinhapet raseduse ja imetamise ajal.<\/p>\n<p><strong>High Concentrate<\/strong> on k\u00f5ik, mida vajad, kui kannatad aknele ja vistrikele kalduva naha v\u00f5i punetuse all. 10% aselaiinhape ja antioks\u00fcdantne rohevetikas annavad sinu ilurutiinile v\u00e4rskenduse, mis p\u00e4\u00e4stab s\u00f5na otseses m\u00f5ttes sinu naha. See k\u00f5rge kontsentratsiooniga aselaiinhappe seerum omab antibakteriaalset toimet ja rahustab p\u00f5letiku p\u00f5hjustatud punetust, mis teeb selle ideaalseks kuperoossele ja rosaatseale kalduva naha jaoks.<\/p>\n<p>Reguleerib rasu tootmist<br \/>\nOmab \u00f5rnu koorivaid omadusi ja avab poore<br \/>\nAitab ravida, v\u00e4hendada ja ennetada mustpeade ja teiste vistrike teket<br \/>\nPakub antioks\u00fcdantseid kasulikke omadusi \u2013 neutraliseerib vabu radikaale ja kaitseb nahka oks\u00fcdatiivse stressi ja p\u00f5letiku eest<br \/>\nAselaiinhape on tavaliselt h\u00e4sti talutav, kuid harvadel juhtudel v\u00f5ivad tekkida k\u00f5rvaltoimed nagu \u00e4rritus ja punetus. Tavaliselt taanduvad need s\u00fcmptomid 2-3 n\u00e4dala p\u00e4rast regulaarset kasutamist ja positiivne efekt hakkab ilmuma.<\/p>\n<p>Hoiatus: \u00c4rge kasutage seerumit koos k\u00f5rge kontsentratsiooniga retinooli, vitamiin C v\u00f5i niatsiinamiidi toodetega ja\/v\u00f5i keemiliste koorijatega samal p\u00e4eval.<\/p>\n<p><strong>Koostis:<br \/>\n<\/strong>Aqua\/Water, Azelaic Acid, Glycerin, Xanthan Gum, Hydrolyzed Ulva Lactuca Extract, Maris Aqua\/Sea Water, Sodium Benzoate, Potassium Sorbate, Phenoxyethanol, 1,2-Hexanediol, Ethylhexylglycerin<\/p>\n","protected":false},"excerpt":{"rendered":"<p>Aselaiinhape ja rohevetikas aknele kalduvale nahale ja punetusele<\/p>\n<p>Kiiresti imenduv aselaiinhappe kontsentraat<br \/>\nAntibakteriaalne ja p\u00f5letikuvastane<br \/>\nLeevendab punetust<br \/>\nP\u00fcsiv paranemine naha v\u00e4limuses<br \/>\n99% looduslikud koostisosad<br \/>\nEi sisalda l\u00f5hnaaineid, v\u00e4rvaineid, mikroplasti, silikoone, PEG-e, mineraal\u00f5lisid ega parabeene<\/p>\n","protected":false},"featured_media":10704,"template":"","meta":{"om_disable_all_campaigns":false,"_monsterinsights_skip_tracking":false,"_monsterinsights_sitenote_active":false,"_monsterinsights_sitenote_note":"","_monsterinsights_sitenote_category":0,"_uf_show_specific_survey":0,"_uf_disable_surveys":false,"site-sidebar-layout":"default","site-content-layout":"","ast-site-content-layout":"default","site-content-style":"default","site-sidebar-style":"default","ast-global-header-display":"","ast-banner-title-visibility":"","ast-main-header-display":"","ast-hfb-above-header-display":"","ast-hfb-below-header-display":"","ast-hfb-mobile-header-display":"","site-post-title":"","ast-breadcrumbs-content":"","ast-featured-img":"","footer-sml-layout":"","theme-transparent-header-meta":"default","adv-header-id-meta":"","stick-header-meta":"","header-above-stick-meta":"","header-main-stick-meta":"","header-below-stick-meta":"","astra-migrate-meta-layouts":"set","ast-page-background-enabled":"default","ast-page-background-meta":{"desktop":{"background-color":"var(--ast-global-color-4)","background-image":"","background-repeat":"repeat","background-position":"center center","background-size":"auto","background-attachment":"scroll","background-type":"","background-media":"","overlay-type":"","overlay-color":"","overlay-opacity":"","overlay-gradient":""},"tablet":{"background-color":"","background-image":"","background-repeat":"repeat","background-position":"center center","background-size":"auto","background-attachment":"scroll","background-type":"","background-media":"","overlay-type":"","overlay-color":"","overlay-opacity":"","overlay-gradient":""},"mobile":{"background-color":"","background-image":"","background-repeat":"repeat","background-position":"center center","background-size":"auto","background-attachment":"scroll","background-type":"","background-media":"","overlay-type":"","overlay-color":"","overlay-opacity":"","overlay-gradient":""}},"ast-content-background-meta":{"desktop":{"background-color":"var(--ast-global-color-5)","background-image":"","background-repeat":"repeat","background-position":"center center","background-size":"auto","background-attachment":"scroll","background-type":"","background-media":"","overlay-type":"","overlay-color":"","overlay-opacity":"","overlay-gradient":""},"tablet":{"background-color":"var(--ast-global-color-5)","background-image":"","background-repeat":"repeat","background-position":"center center","background-size":"auto","background-attachment":"scroll","background-type":"","background-media":"","overlay-type":"","overlay-color":"","overlay-opacity":"","overlay-gradient":""},"mobile":{"background-color":"var(--ast-global-color-5)","background-image":"","background-repeat":"repeat","background-position":"center center","background-size":"auto","background-attachment":"scroll","background-type":"","background-media":"","overlay-type":"","overlay-color":"","overlay-opacity":"","overlay-gradient":""}}},"product_brand":[],"product_cat":[424],"product_tag":[425],"class_list":{"0":"post-9948","1":"product","2":"type-product","3":"status-publish","4":"has-post-thumbnail","6":"product_cat-mini","7":"product_tag-mini","8":"desktop-align-center","9":"tablet-align-left","10":"mobile-align-left","12":"first","13":"instock","14":"taxable","15":"shipping-taxable","16":"purchasable","17":"product-type-simple","18":"add-to-wishlist-before_image"},"aioseo_notices":[],"_links":{"self":[{"href":"https:\/\/kosmeetika24.eu\/et\/wp-json\/wp\/v2\/product\/9948","targetHints":{"allow":["GET"]}}],"collection":[{"href":"https:\/\/kosmeetika24.eu\/et\/wp-json\/wp\/v2\/product"}],"about":[{"href":"https:\/\/kosmeetika24.eu\/et\/wp-json\/wp\/v2\/types\/product"}],"version-history":[{"count":3,"href":"https:\/\/kosmeetika24.eu\/et\/wp-json\/wp\/v2\/product\/9948\/revisions"}],"predecessor-version":[{"id":10480,"href":"https:\/\/kosmeetika24.eu\/et\/wp-json\/wp\/v2\/product\/9948\/revisions\/10480"}],"wp:featuredmedia":[{"embeddable":true,"href":"https:\/\/kosmeetika24.eu\/et\/wp-json\/wp\/v2\/media\/10704"}],"wp:attachment":[{"href":"https:\/\/kosmeetika24.eu\/et\/wp-json\/wp\/v2\/media?parent=9948"}],"wp:term":[{"taxonomy":"product_brand","embeddable":true,"href":"https:\/\/kosmeetika24.eu\/et\/wp-json\/wp\/v2\/product_brand?post=9948"},{"taxonomy":"product_cat","embeddable":true,"href":"https:\/\/kosmeetika24.eu\/et\/wp-json\/wp\/v2\/product_cat?post=9948"},{"taxonomy":"product_tag","embeddable":true,"href":"https:\/\/kosmeetika24.eu\/et\/wp-json\/wp\/v2\/product_tag?post=9948"}],"curies":[{"name":"wp","href":"https:\/\/api.w.org\/{rel}","templated":true}]}}