{"id":9946,"date":"2025-02-26T14:55:51","date_gmt":"2025-02-26T11:55:51","guid":{"rendered":"https:\/\/kosmeetika24.eu\/?post_type=product&#038;p=9946"},"modified":"2026-03-02T12:38:29","modified_gmt":"2026-03-02T09:38:29","slug":"dalton-high-concentrates-triple-ceramide-serum-np-ng-ap-10ml-mini","status":"publish","type":"product","link":"https:\/\/kosmeetika24.eu\/et\/toode\/dalton-high-concentrates-triple-ceramide-serum-np-ng-ap-10ml-mini\/","title":{"rendered":"Dalton &#8211; High Concentrates &#8211; Triple Ceramide Serum (NP, NG, AP) 10ml Mini"},"content":{"rendered":"<p><strong>Kasutamine<\/strong><br \/>\nKanna keramiidi seerum hommikul ja \u00f5htul puhtale nahale ning l\u00f5peta niisutajaga. Alternatiivina v\u00f5id panna oma p\u00e4evakreemi v\u00f5i \u00f6\u00f6kreemi peopessa ja seej\u00e4rel lisada Triple Ceramide seerumi. Sobib ka tundlikule nahale.<\/p>\n<p>Seerum sisaldab <strong>kolme erinevat keramiidi<\/strong>, on nahahoolduse t\u00e4iustamine, kui seda saab \u00fcldse nii \u00f6elda. See loob aluse kauni ja eelk\u00f5ige terve naha saavutamiseks. Ainult siis, kui naha kaitsebarj\u00e4\u00e4r on terve, saavad aktiivained t\u00e4ielikult imenduda ja oma toimet avaldada.<\/p>\n<p>See ei ole ainult tundlikule ja kuiva nahaga seotud probleem, et kaitsebarj\u00e4\u00e4r on kahjustatud. V\u00e4listingimused nagu UV kiirgus ja sisemised tegurid nagu hormonaalsed muutused v\u00f5ivad samuti n\u00f5rgendada naha kaitsebarj\u00e4\u00e4ri.<\/p>\n<p><strong>NP, NG ja AP keramiidide kombinatsioon on eriti oluline, et aidata nahal end kaitsta ja ennetada niiskuse kaotust.<\/strong><\/p>\n<p>Pantenool lukustab niiskuse, parandab naha elastsust, edendab paranemist ja aitab taastada kahjustatud nahka.<br \/>\nKuldvetikas on teine oluline koostisosa, mis tugevdab naha kaitsebarj\u00e4\u00e4ri. See kaitseb rakke UV kahjustuste eest ja v\u00e4hendab punetust.<br \/>\nSee teeb meie keramiidip\u00f5hise High Concentrate seerumi vananemisvastaseks, nahka taastavaks ja kasulike omadustega nahahooldustooteks k\u00f5ik \u00fches.<\/p>\n<p><strong>Koostis:<br \/>\n<\/strong>Aqua\/Water, C12-15 Alkyl Benzoate, Glyceryl Oleate Citrate, Caprylic\/Capric Trigylceride, Panthenol, Methylpropanediol, Coco-Caprylate, Glycerin, Undecane, Cetearyl Glucoside, Cetearyl Alcohol, Tridecane, Laminaria Ochroleuca Extract, Maris Aqua\/Sea Water, Ceramide NP, Ceramide NG, Ceramide AP, Helianthus Annuus Hybrid Oil\/Helianthus Annuus (Sunflower) Seed Oil, Tocopherol, Ethylhexylglycerin, Distarch Phosphate, Xanthan Gum, Sodium Lactate, Tetrasodium Glutamate Diacetate, Sclerotium Gum, Phenoxyethanol, Sodium Hydroxide, Lactic Acid, Citric Acid<\/p>\n","protected":false},"excerpt":{"rendered":"<p>Kaitsebarj\u00e4\u00e4ri tugevdav seerum 3 ceramiidi, pantenooli ja kuldvetikaga<\/p>\n<p>Kerge, kiiresti imenduv seerum<br \/>\nV\u00e4hendab punetust ja rahustab nahka<br \/>\nAitab parandada nahakahjustusi ja tugevdab naha kaitsebarj\u00e4\u00e4ri<br \/>\nV\u00e4hendab p\u00f5letikku<br \/>\nSisaldab 3 ceramiidi, pantenooli ja kuldvetikat<br \/>\n94% looduslikud koostisosad<br \/>\nEi sisalda l\u00f5hnaaineid, v\u00e4rvaineid, mikroplasti, silikoone, PEG-e, mineraal\u00f5lisid ega parabeene<\/p>\n","protected":false},"featured_media":10705,"template":"","meta":{"om_disable_all_campaigns":false,"_monsterinsights_skip_tracking":false,"_monsterinsights_sitenote_active":false,"_monsterinsights_sitenote_note":"","_monsterinsights_sitenote_category":0,"_uf_show_specific_survey":0,"_uf_disable_surveys":false,"site-sidebar-layout":"default","site-content-layout":"","ast-site-content-layout":"default","site-content-style":"default","site-sidebar-style":"default","ast-global-header-display":"","ast-banner-title-visibility":"","ast-main-header-display":"","ast-hfb-above-header-display":"","ast-hfb-below-header-display":"","ast-hfb-mobile-header-display":"","site-post-title":"","ast-breadcrumbs-content":"","ast-featured-img":"","footer-sml-layout":"","theme-transparent-header-meta":"default","adv-header-id-meta":"","stick-header-meta":"","header-above-stick-meta":"","header-main-stick-meta":"","header-below-stick-meta":"","astra-migrate-meta-layouts":"set","ast-page-background-enabled":"default","ast-page-background-meta":{"desktop":{"background-color":"var(--ast-global-color-4)","background-image":"","background-repeat":"repeat","background-position":"center center","background-size":"auto","background-attachment":"scroll","background-type":"","background-media":"","overlay-type":"","overlay-color":"","overlay-opacity":"","overlay-gradient":""},"tablet":{"background-color":"","background-image":"","background-repeat":"repeat","background-position":"center center","background-size":"auto","background-attachment":"scroll","background-type":"","background-media":"","overlay-type":"","overlay-color":"","overlay-opacity":"","overlay-gradient":""},"mobile":{"background-color":"","background-image":"","background-repeat":"repeat","background-position":"center center","background-size":"auto","background-attachment":"scroll","background-type":"","background-media":"","overlay-type":"","overlay-color":"","overlay-opacity":"","overlay-gradient":""}},"ast-content-background-meta":{"desktop":{"background-color":"var(--ast-global-color-5)","background-image":"","background-repeat":"repeat","background-position":"center center","background-size":"auto","background-attachment":"scroll","background-type":"","background-media":"","overlay-type":"","overlay-color":"","overlay-opacity":"","overlay-gradient":""},"tablet":{"background-color":"var(--ast-global-color-5)","background-image":"","background-repeat":"repeat","background-position":"center center","background-size":"auto","background-attachment":"scroll","background-type":"","background-media":"","overlay-type":"","overlay-color":"","overlay-opacity":"","overlay-gradient":""},"mobile":{"background-color":"var(--ast-global-color-5)","background-image":"","background-repeat":"repeat","background-position":"center center","background-size":"auto","background-attachment":"scroll","background-type":"","background-media":"","overlay-type":"","overlay-color":"","overlay-opacity":"","overlay-gradient":""}}},"product_brand":[],"product_cat":[424],"product_tag":[425],"class_list":{"0":"post-9946","1":"product","2":"type-product","3":"status-publish","4":"has-post-thumbnail","6":"product_cat-mini","7":"product_tag-mini","8":"desktop-align-center","9":"tablet-align-left","10":"mobile-align-left","12":"first","13":"instock","14":"taxable","15":"shipping-taxable","16":"purchasable","17":"product-type-simple","18":"add-to-wishlist-before_image"},"aioseo_notices":[],"_links":{"self":[{"href":"https:\/\/kosmeetika24.eu\/et\/wp-json\/wp\/v2\/product\/9946","targetHints":{"allow":["GET"]}}],"collection":[{"href":"https:\/\/kosmeetika24.eu\/et\/wp-json\/wp\/v2\/product"}],"about":[{"href":"https:\/\/kosmeetika24.eu\/et\/wp-json\/wp\/v2\/types\/product"}],"version-history":[{"count":2,"href":"https:\/\/kosmeetika24.eu\/et\/wp-json\/wp\/v2\/product\/9946\/revisions"}],"predecessor-version":[{"id":10481,"href":"https:\/\/kosmeetika24.eu\/et\/wp-json\/wp\/v2\/product\/9946\/revisions\/10481"}],"wp:featuredmedia":[{"embeddable":true,"href":"https:\/\/kosmeetika24.eu\/et\/wp-json\/wp\/v2\/media\/10705"}],"wp:attachment":[{"href":"https:\/\/kosmeetika24.eu\/et\/wp-json\/wp\/v2\/media?parent=9946"}],"wp:term":[{"taxonomy":"product_brand","embeddable":true,"href":"https:\/\/kosmeetika24.eu\/et\/wp-json\/wp\/v2\/product_brand?post=9946"},{"taxonomy":"product_cat","embeddable":true,"href":"https:\/\/kosmeetika24.eu\/et\/wp-json\/wp\/v2\/product_cat?post=9946"},{"taxonomy":"product_tag","embeddable":true,"href":"https:\/\/kosmeetika24.eu\/et\/wp-json\/wp\/v2\/product_tag?post=9946"}],"curies":[{"name":"wp","href":"https:\/\/api.w.org\/{rel}","templated":true}]}}